{"id":1959,"date":"2018-06-27T10:44:21","date_gmt":"2018-06-27T08:44:21","guid":{"rendered":"http:\/\/semmelweis.hu\/szajsebeszet\/?page_id=1959"},"modified":"2023-09-18T12:13:00","modified_gmt":"2023-09-18T10:13:00","slug":"adatvedelmi-szabalyzat","status":"publish","type":"page","link":"https:\/\/semmelweis.hu\/szajsebeszet\/rolunk\/adatvedelmi-szabalyzat\/","title":{"rendered":"Adatv\u00e9delmi t\u00e1j\u00e9koztat\u00f3"},"content":{"rendered":"<p><b>AZ ARC-\u00c1LLCSONT-SZ\u00c1JSEB\u00c9SZETI \u00c9S FOG\u00c1SZATI KLINIKA <\/b><strong>\u00c1LTAL V\u00c9GZETT SZEM\u00c9LYES ADATKEZEL\u00c9SSEL KAPCSOLATOS INFORM\u00c1CI\u00d3K AZ AL\u00c1BBI LINKEKEN \u00c9RHET\u0150 EL.<\/strong><\/p>\n<p><a href=\"https:\/\/semmelweis.hu\/szajsebeszet\/files\/2023\/09\/Adatkezelesi-tajekoztato-2023.pdf\">Arc-\u00c1llcsont-Sz\u00e1jseb\u00e9szeti \u00e9s Fog\u00e1szati Klinika adatkezel\u00e9si t\u00e1j\u00e9koztat\u00f3ja.<\/a><\/p>\n<p><a href=\"https:\/\/semmelweis.hu\/szajsebeszet\/files\/2023\/09\/Adatkezelesi-nyilvantartas-Arc-Allcsont-Szajsebeszeti-Klinika.xlsx\">Az adatkezel\u0151nek a j\u00e1r\u00f3beteg-, fekv\u0151beteg ell\u00e1t\u00e1si, munka\u00fcgyi, titk\u00e1rs\u00e1gi, eg\u00e9szs\u00e9g\u00fcgyi szolg\u00e1lati jogviszonyi, beszerz\u00e9si, tudom\u00e1nyos kutat\u00e1si feladataival \u00f6sszef\u00fcgg\u0151 adatkezel\u00e9sekkel kapcsolatos inform\u00e1ci\u00f3k el\u00e9rhet\u0151s\u00e9ge.<\/a><\/p>\n<p><strong><a href=\"https:\/\/semmelweis.hu\/jogigfoig\/dokumentumtar\/szabalyzattar\/adatvedelmi-szabalyzat\/\">A Semmelweis Egyetem adatv\u00e9delmi szab\u00e1lyzata \u2192<\/a><br \/>\n<\/strong><\/p>\n<p>&nbsp;<\/p>\n<p>&nbsp;<\/p>\n","protected":false},"excerpt":{"rendered":"<p>AZ ARC-\u00c1LLCSONT-SZ\u00c1JSEB\u00c9SZETI \u00c9S FOG\u00c1SZATI KLINIKA \u00c1LTAL V\u00c9GZETT SZEM\u00c9LYES ADATKEZEL\u00c9SSEL KAPCSOLATOS INFORM\u00c1CI\u00d3K AZ AL\u00c1BBI LINKEKEN \u00c9RHET\u0150 EL.<br \/>\n<a href=\"https:\/\/semmelweis.hu\/szajsebeszet\/files\/2023\/09\/Adatkezelesi-tajekoztato-2023.pdf\">Arc-\u00c1llcsont-Sz\u00e1jseb\u00e9szeti \u00e9s Fog\u00e1szati Klinika adatkezel\u00e9si t\u00e1j\u00e9koztat\u00f3ja.<\/a><br \/>\n<a href=\"https:\/\/semmelweis.hu\/szajsebeszet\/files\/2023\/09\/Adatkezelesi-nyilvantartas-Arc-Allcsont-Szajsebeszeti-Klinika.xlsx\">Az adatkezel\u0151nek a j\u00e1r\u00f3beteg-, fekv\u0151beteg ell\u00e1t\u00e1si, munka\u00fcgyi, titk\u00e1rs\u00e1gi, eg\u00e9szs\u00e9g\u00fcgyi szolg\u00e1lati jogviszonyi, beszerz\u00e9si, tudom\u00e1nyos kutat\u00e1si feladataival \u00f6sszef\u00fcgg\u0151 adatkezel\u00e9sekkel kapcsolatos inform\u00e1ci\u00f3k el\u00e9rhet\u0151s\u00e9ge.<\/a><br \/>\n<a href=\"https:\/\/semmelweis.hu\/jogigfoig\/dokumentumtar\/szabalyzattar\/adatvedelmi-szabalyzat\/\">A Semmelweis Egyetem adatv\u00e9delmi szab\u00e1lyzata \u2192<\/a><\/p>\n<p>&nbsp;<br \/>\n&nbsp;<\/p>\n","protected":false},"author":176,"featured_media":0,"parent":3375,"menu_order":3,"comment_status":"closed","ping_status":"closed","template":"","meta":{"_acf_changed":false,"footnotes":""},"categories":[],"tags":[],"class_list":["post-1959","page","type-page","status-publish","hentry"],"acf":[],"_links":{"self":[{"href":"https:\/\/semmelweis.hu\/szajsebeszet\/wp-json\/wp\/v2\/pages\/1959","targetHints":{"allow":["GET"]}}],"collection":[{"href":"https:\/\/semmelweis.hu\/szajsebeszet\/wp-json\/wp\/v2\/pages"}],"about":[{"href":"https:\/\/semmelweis.hu\/szajsebeszet\/wp-json\/wp\/v2\/types\/page"}],"author":[{"embeddable":true,"href":"https:\/\/semmelweis.hu\/szajsebeszet\/wp-json\/wp\/v2\/users\/176"}],"replies":[{"embeddable":true,"href":"https:\/\/semmelweis.hu\/szajsebeszet\/wp-json\/wp\/v2\/comments?post=1959"}],"version-history":[{"count":10,"href":"https:\/\/semmelweis.hu\/szajsebeszet\/wp-json\/wp\/v2\/pages\/1959\/revisions"}],"predecessor-version":[{"id":4190,"href":"https:\/\/semmelweis.hu\/szajsebeszet\/wp-json\/wp\/v2\/pages\/1959\/revisions\/4190"}],"up":[{"embeddable":true,"href":"https:\/\/semmelweis.hu\/szajsebeszet\/wp-json\/wp\/v2\/pages\/3375"}],"wp:attachment":[{"href":"https:\/\/semmelweis.hu\/szajsebeszet\/wp-json\/wp\/v2\/media?parent=1959"}],"wp:term":[{"taxonomy":"category","embeddable":true,"href":"https:\/\/semmelweis.hu\/szajsebeszet\/wp-json\/wp\/v2\/categories?post=1959"},{"taxonomy":"post_tag","embeddable":true,"href":"https:\/\/semmelweis.hu\/szajsebeszet\/wp-json\/wp\/v2\/tags?post=1959"}],"curies":[{"name":"wp","href":"https:\/\/api.w.org\/{rel}","templated":true}]}}