{"id":1524,"date":"2017-10-16T07:10:01","date_gmt":"2017-10-16T05:10:01","guid":{"rendered":"http:\/\/semmelweis.hu\/szajsebeszet\/?page_id=1524"},"modified":"2025-10-07T16:36:21","modified_gmt":"2025-10-07T14:36:21","slug":"implantologia-kovetelmenyek","status":"publish","type":"page","link":"https:\/\/semmelweis.hu\/szajsebeszet\/oktatas\/implantologia\/implantologia-kovetelmenyek\/","title":{"rendered":"Implantol\u00f3gia k\u00f6vetelm\u00e9nyek"},"content":{"rendered":"<p><a href=\"https:\/\/semmelweis.hu\/szajsebeszet\/files\/2025\/10\/Implantologia-kov.pdf\">Implantol\u00f3gia II tant\u00e1rgy le\u00edr\u00e1sa \u00e9s k\u00f6vetelm\u00e9nyei.<\/a><\/p>\n","protected":false},"excerpt":{"rendered":"<p><a href=\"https:\/\/semmelweis.hu\/szajsebeszet\/files\/2025\/10\/Implantologia-kov.pdf\">Implantol\u00f3gia II tant\u00e1rgy le\u00edr\u00e1sa \u00e9s k\u00f6vetelm\u00e9nyei.<\/a><\/p>\n","protected":false},"author":176,"featured_media":0,"parent":50,"menu_order":0,"comment_status":"closed","ping_status":"closed","template":"","meta":{"_acf_changed":false,"footnotes":""},"categories":[],"tags":[],"class_list":["post-1524","page","type-page","status-publish","hentry"],"acf":[],"_links":{"self":[{"href":"https:\/\/semmelweis.hu\/szajsebeszet\/wp-json\/wp\/v2\/pages\/1524","targetHints":{"allow":["GET"]}}],"collection":[{"href":"https:\/\/semmelweis.hu\/szajsebeszet\/wp-json\/wp\/v2\/pages"}],"about":[{"href":"https:\/\/semmelweis.hu\/szajsebeszet\/wp-json\/wp\/v2\/types\/page"}],"author":[{"embeddable":true,"href":"https:\/\/semmelweis.hu\/szajsebeszet\/wp-json\/wp\/v2\/users\/176"}],"replies":[{"embeddable":true,"href":"https:\/\/semmelweis.hu\/szajsebeszet\/wp-json\/wp\/v2\/comments?post=1524"}],"version-history":[{"count":10,"href":"https:\/\/semmelweis.hu\/szajsebeszet\/wp-json\/wp\/v2\/pages\/1524\/revisions"}],"predecessor-version":[{"id":4598,"href":"https:\/\/semmelweis.hu\/szajsebeszet\/wp-json\/wp\/v2\/pages\/1524\/revisions\/4598"}],"up":[{"embeddable":true,"href":"https:\/\/semmelweis.hu\/szajsebeszet\/wp-json\/wp\/v2\/pages\/50"}],"wp:attachment":[{"href":"https:\/\/semmelweis.hu\/szajsebeszet\/wp-json\/wp\/v2\/media?parent=1524"}],"wp:term":[{"taxonomy":"category","embeddable":true,"href":"https:\/\/semmelweis.hu\/szajsebeszet\/wp-json\/wp\/v2\/categories?post=1524"},{"taxonomy":"post_tag","embeddable":true,"href":"https:\/\/semmelweis.hu\/szajsebeszet\/wp-json\/wp\/v2\/tags?post=1524"}],"curies":[{"name":"wp","href":"https:\/\/api.w.org\/{rel}","templated":true}]}}