{"id":1390,"date":"2017-04-27T11:14:50","date_gmt":"2017-04-27T09:14:50","guid":{"rendered":"http:\/\/semmelweis.hu\/szajsebeszet\/?page_id=1390"},"modified":"2017-04-27T11:14:50","modified_gmt":"2017-04-27T09:14:50","slug":"implantologie-anforderungssystem","status":"publish","type":"page","link":"https:\/\/semmelweis.hu\/szajsebeszet\/implantologie-anforderungssystem\/","title":{"rendered":"Implantologie Anforderungssystem"},"content":{"rendered":"<p>&nbsp;<\/p>\n<p><strong>ANFORDERUNGSSYSTEM<\/strong><\/p>\n<p>&nbsp;<\/p>\n<table>\n<tbody>\n<tr>\n<td width=\"691\">\n<p><strong>Semmelweis Universit\u00e4t\u00a0\u00a0\u00a0\u00a0\u00a0\u00a0\u00a0\u00a0\u00a0\u00a0\u00a0\u00a0\u00a0\u00a0\u00a0\u00a0\u00a0\u00a0\u00a0\u00a0\u00a0\u00a0\u00a0\u00a0\u00a0\u00a0\u00a0\u00a0\u00a0\u00a0\u00a0\u00a0\u00a0\u00a0\u00a0\u00a0\u00a0\u00a0\u00a0\u00a0\u00a0\u00a0\u00a0\u00a0\u00a0\u00a0\u00a0\u00a0\u00a0\u00a0\u00a0\u00a0\u00a0\u00a0\u00a0\u00a0\u00a0\u00a0\u00a0\u00a0\u00a0 <\/strong>Name der Ausbildungsorganitorische Einheit: <strong>Fakult\u00e4t f\u00fcr Zahnmedizin: Klinik f\u00fcr Mund-Kiefer- und Gesichtschirurgie<\/strong><\/p>\n<\/td>\n<\/tr>\n<tr>\n<td width=\"691\">\n<p><strong>Name der Fach:<\/strong> Implantologie,<\/p>\n<p><strong>Fach\u00a0\u00a0\u00a0\u00a0\u00a0\u00a0\u00a0 Typ: <\/strong><u>verbindlich<\/u>\/verbindlich w\u00e4hlbar\/frei w\u00e4hlbar<\/p>\n<p><strong>\u00a0\u00a0\u00a0\u00a0\u00a0\u00a0\u00a0\u00a0\u00a0\u00a0\u00a0\u00a0\u00a0\u00a0\u00a0\u00a0 Kod: <\/strong>FOKOSZB076 _1M,\u00a0 FOKOSZB_2M<\/p>\n<p><strong>\u00a0\u00a0\u00a0\u00a0\u00a0\u00a0\u00a0\u00a0\u00a0\u00a0\u00a0\u00a0\u00a0\u00a0\u00a0\u00a0 Kreditanzahl: 1 <\/strong>(I.Semester), <strong>2 (<\/strong>II.Semester<strong>)<\/strong><\/p>\n<\/td>\n<\/tr>\n<tr>\n<td width=\"691\">\n<p><strong>Name der Vortraghalter: <\/strong>Dr. Jo\u00f3b Fancsaly \u00c1rp\u00e1d\u00a0 Universit\u00e4tsdozent<\/p>\n<\/td>\n<\/tr>\n<tr>\n<td width=\"691\">\n<p><strong>Jahrgang: <\/strong>2016\/2017.<\/p>\n<\/td>\n<\/tr>\n<tr>\n<td width=\"691\">\n<p><strong>Ziel der Fach im Ausbildungsprogram:<\/strong><\/p>\n<p>&nbsp;<\/p>\n<p>Erlernen von Grundkentnissen der oralen Implantologie und deren praktische Verwendung.\u00a0 Theoretische Grundlagen beschreiben, chirurgische und prothetische Aspekte der Implantologie schildern, Knochenersatzmethoden detailliert theoretisch vorstellen<\/p>\n<p><strong>\u00a0<\/strong><\/p>\n<\/td>\n<\/tr>\n<tr>\n<td width=\"691\">\n<p><strong>Thematik der Fach:<\/strong><\/p>\n<p><strong>\u00a0<\/strong><\/p>\n<p><em>Thematik der <\/em><em>I.Semester<\/em><em>:<\/em><\/p>\n<p><strong><u>\u00a0<\/u><\/strong><\/p>\n<p>&#8211; Einleitung, und Geschichte der oralen Implantologie<\/p>\n<p>&#8211; Die Aufteilung der oralen Implantaten, entsprechend zu der anatomische\u00a0 Lokalisation. Enossale\u00a0\u00a0\u00a0\u00a0\u00a0<\/p>\n<p>\u00a0 Implantate.<\/p>\n<p>&#8211; Indikationen, Kontraindikationen der Implantatversorgung.<\/p>\n<p>&#8211; Diagnostik und Behandlungsplanung.<\/p>\n<p>&#8211; Implantatchirurgie, allgemein.<\/p>\n<p>&#8211; Spezielle Implantatchirurgie. M\u00f6gliche Zeitpunkte der Implantation.<\/p>\n<p>&#8211; Grundvoraussetzungen f\u00fcr den Erfolg der Implantatversorgungen I.<\/p>\n<p>\u00a0 Biokompatibilit\u00e4t. Osseointegration.<\/p>\n<p>&nbsp;<\/p>\n<p>&nbsp;<\/p>\n<p>-Grundvoraussetzungen f\u00fcr den Erfolg der Implantatversorgungen II.<\/p>\n<p>\u00a0Gingivaler Verschluss. Progressive Osseointegration.<\/p>\n<p>-Grundvoraussetzungen f\u00fcr den Erfolg der Implantaversorgungen III.<\/p>\n<p>\u00a0Die beeinfl\u00fcssenden Faktoren der Kaukraft\u00fcbertragung mittels Implantaten.<\/p>\n<p>-Grundlagen der Biomechanik der enossalen Implantaten.<\/p>\n<p>&#8211; Grundlagen der Implantatprothetik\u00a0 I.- II.<\/p>\n<p>-Implantatpfosten, Abformungstechniken, Prothetische L\u00f6sungen auf Implantaten<\/p>\n<p>-Rolle der Chemie und Morphologie der Implantatoberfl\u00e4che\u00a0 bei der Osseointegration<\/p>\n<p>-Gastvortrag<\/p>\n<p>&nbsp;<\/p>\n<p><em>Thematik der II.Semester:<\/em><\/p>\n<p><strong><u>\u00a0<\/u><\/strong><\/p>\n<p>-Chirurgische Verfahren des Knochenersatzes I. Osteokonduktion. Osteoinduktion.\u00a0<\/p>\n<p>\u00a0Knochenersatzmaterialien. Gesteuerte Knochenregeneration \/GBR\/.<\/p>\n<p>\u00a0Ambulante Augmentationsverfahren<\/p>\n<p>-Chirurgische Verfahren des Knochenersatzes II. Die\u00a0 Kieferh\u00f6hlenbodenaugmentation \/sinuslift\/.\u00a0\u00a0<\/p>\n<p>Indikationen, Kontraindikationen. Chirurgische Techniquen<\/p>\n<p>-Chirurgische Verfahren des Knochenersatzes III. Osteogenesis, Knochentransplantation. Osteo-distraktion.<\/p>\n<p>&nbsp;<\/p>\n<p>&nbsp;<\/p>\n<p>&#8211; Die parodontologische Aspekte der Implantatversorgungen.<\/p>\n<p>&#8211; \u00c4sthetische Aspekte der Implantation, Weichgewebemangement.<\/p>\n<p>&#8211; Implantatprothetik I. Kronen auf Implantaten.<\/p>\n<p>&#8211; Implantatprothetik II. Br\u00fccken auf Implantaten.<\/p>\n<p>&#8211; Implantatprothetik III. Mesostrukturen, kombinierte prothetische Versorgungen.<\/p>\n<p>&#8211; ITI-Straumann Implantat-System.<\/p>\n<p>&#8211; Nobel-Biocare. Implantat-System<\/p>\n<p>-Ankylos Implantat-System<\/p>\n<p>&#8211; Misserfolge der Implantation. Biologische und mechanische Komplikationen.<\/p>\n<p>&#8211; Die Rolle der navigierte Implantologie (\u201cGuided surgery\u201d)\u00a0<\/p>\n<p>&#8211; Gastvortrag<\/p>\n<p>&#8211; Visiting lecturer<\/p>\n<p>&nbsp;<\/p>\n<p><strong>Die Implantologie Praktika <\/strong>erg\u00e4nzen und vertiefern das in den Vorlesungen erworbenen Wissen.<\/p>\n<p>&#8211;\u00a0\u00a0\u00a0\u00a0\u00a0\u00a0\u00a0\u00a0\u00a0 <strong>Diagnostik<\/strong> \u2013 R\u00f6ntgendiagnostik, CBCT Analyse,Vorstellung von\u00a0 r\u00f6ntgen und chirurgische Schablonen<\/p>\n<p>&#8211;\u00a0\u00a0\u00a0\u00a0\u00a0\u00a0\u00a0\u00a0\u00a0 Vorstellung der SIC System \u2013 Betonung der individuellen Eigenschaften des Systems ( Sic Matrix Oberfl\u00e4che, CAD\/CAM Base protetischer Kopf, Flex Star Aufbau, vielleicht Safe on Four Konzeption) <strong>\u00dcberblick der Implantationschirurgie durch einen System.<\/strong><\/p>\n<p>&#8211;\u00a0\u00a0\u00a0\u00a0\u00a0\u00a0\u00a0\u00a0\u00a0 Vorstellung der Straumann System \u2013 Betonung der individuellen Eigenschaften des Systems (Oberfl\u00e4che, Vergleich der 1- und 2-Phasen Implantation,\u00a0 Prothetik der Straumann System). <strong>Praktische \u00dcbungen der Implantatprothetik auf Phantom<\/strong><\/p>\n<p>&#8211;\u00a0\u00a0\u00a0\u00a0\u00a0\u00a0\u00a0\u00a0\u00a0 Vorstellung der Ankylos System \u2013 Betonung der individuellen Eigenschaften des Systems\u00a0\u00a0\u00a0\u00a0\u00a0\u00a0<\/p>\n<p>\u00a0\u00a0\u00a0\u00a0\u00a0\u00a0\u00a0\u00a0\u00a0\u00a0\u00a0 (Platform Switching, Balance Gingivaformer und prothetische K\u00f6pfe,Syncone System).\u00a0\u00a0\u00a0 Kennenlernen der Guided Surgery Methoden durch den ExpertEase System<\/p>\n<p>&#8211;\u00a0\u00a0\u00a0\u00a0\u00a0\u00a0\u00a0\u00a0\u00a0 Vorstellung der Nobel Biocare System \u2013 Betonung der individuellen Eigenschaften des Systems\u00a0\u00a0\u00a0\u00a0\u00a0\u00a0\u00a0\u00a0 (Oberfl\u00e4che, Replace und Nobel Implantate, Procera System Nobel\u00a0<\/p>\n<p>\u00a0\u00a0\u00a0\u00a0\u00a0\u00a0\u00a0\u00a0\u00a0\u00a0 Guide). <strong>Praktische Vorstellung der<\/strong> <strong>Nobel Active Implantate<\/strong><\/p>\n<p>&#8211;\u00a0\u00a0\u00a0\u00a0\u00a0\u00a0\u00a0\u00a0\u00a0 Vorstellung der Denti System \u2013 Betonung der individuellen Eigenschaften des Systems.<\/p>\n<p>&#8211;\u00a0\u00a0\u00a0\u00a0\u00a0\u00a0\u00a0\u00a0\u00a0 Konsultation vor der Pr\u00fcfung<\/p>\n<\/td>\n<\/tr>\n<tr>\n<td width=\"691\">\n<p><strong>Voraussetzungen der Teilnahmen in den Kursen und die M\u00f6glichkeit der Ersatz im Fall von Abwesenheit:<\/strong><\/p>\n<p><strong>\u00a0<\/strong><\/p>\n<p>Teilnahme an den Vorlesungen und Praktiken ist Pflicht.<\/p>\n<p>Abwesenheiten d\u00fcrfen auf keinen Fall 25% der Vorlesungen oder Praktiken \u00fcbersteigen.<\/p>\n<p>Bei gerechtfertigte Abwesenheit gibt es die M\u00f6glichkeit f\u00fcr einen Ersatz.<\/p>\n<p><strong>\u00a0<\/strong><\/p>\n<\/td>\n<\/tr>\n<tr>\n<td width=\"691\">\n<p><strong>Art der Nachweis im Fall von Abwesenheit von der Kurs oder die Pr\u00fcfung:<\/strong><\/p>\n<p><strong>\u00a0<\/strong><\/p>\n<p>Teilnahme an den Vorlesungen und Praktiken ist Pflicht.<\/p>\n<p>Abwesenheiten d\u00fcrfen auf keinen Fall 25% der Vorlesungen oder Praktiken \u00fcbersteigen.<\/p>\n<p>Im Fall einer Abwesenheit von der Pr\u00fcfung sind die Regulierungen der TVSZ zu folgen.<\/p>\n<p><strong>\u00a0<\/strong><\/p>\n<\/td>\n<\/tr>\n<tr>\n<td width=\"691\">\n<p><strong>Anzahl der Demonstrationen, Zeitpunkt und Verbesserungsm\u00f6glichkeiten:<\/strong><\/p>\n<p><strong>\u00a0<\/strong><\/p>\n<p>W\u00e4hrend der Semester finden 3 schriftliche Demonstrationen statt, welche ab 50% als erfolgreich z\u00e4hlen. Bei einer unerfolgreichen Demostration stehen 2 Verbesserungsm\u00f6glichkeiten zur Verf\u00fcgung. Zeipunkt und Thema der Demonstrationen wird Anfang der Semester den Studenten mitgeteilt.<\/p>\n<p>Wenn ein Student eine ungen\u00fcgende Beurteilung in beiden Demostrationen bekommt, wird eine Ersatzm\u00f6glichkeit in der letzten Woche bei einer Komitee der leitenden Lehrern gestellt.<\/p>\n<p><strong>\u00a0<\/strong><\/p>\n<\/td>\n<\/tr>\n<tr>\n<td width=\"691\">\n<p><strong>Voraussetzungen der Unterschrift der Semester:<\/strong><\/p>\n<p><strong>\u00a0<\/strong><\/p>\n<p>Die Note des Semesters wird von der Durchschnitt der Praktikumsdemos und der Arbeit und Aktivit\u00e4t w\u00e4hrend\u00a0 der Praktiken(II. Semester) zusammengestellt.<\/p>\n<\/td>\n<\/tr>\n<tr>\n<td width=\"691\">\n<p><strong>Art der Erstellung von den Noten:<\/strong><\/p>\n<p><strong>Kollokvium (I. Semester):<\/strong> Eine Essay Frage \u00fcber ein gr\u00f6\u00dferes Thema (Titel ziehen) m\u00fcndlich beantworten, danach 3 Blitzfragen (Titel ziehen) gleich beantworten<\/p>\n<p><strong>Rigorosum (II. Semester):<\/strong> Zwei Essay Fragen \u00fcber ein gr\u00f6\u00dferes Thema (Titel ziehen) m\u00fcndlich beantworten, danach 5 Blitzfragen (Titel ziehen) gleich beantworten<\/p>\n<p>Eine ungen\u00fcgende Beurteilung einer Teil der Pr\u00fcfung bedeutet eine nicht erfolgreiche Pr\u00fcfung.<\/p>\n<p><strong>\u00a0<\/strong><\/p>\n<\/td>\n<\/tr>\n<tr>\n<td width=\"691\">\n<p><strong>Typ der Pr\u00fcfung: <\/strong>Kollokvium: Stoff der ersten Semester. Rigorosum: Stoff der beiden Semestern<\/p>\n<\/td>\n<\/tr>\n<tr>\n<td width=\"691\">\n<p><strong>Pr\u00fcfungsvoraussetzungen:<\/strong><\/p>\n<p><strong>Kollokvium (I.Semester):<\/strong> M\u00fcndliche Pr\u00fcfung \u00fcber den Lehrstoff der Semester.<\/p>\n<p>&nbsp;<\/p>\n<p><strong>Rigorosum (II. Semester):<\/strong> Die Pr\u00fcfung ist die Abfrage der ganzen Lehrstoff der 2 Semestern.<\/p>\n<p>&#8211; Teilnahme an der Praktiken<\/p>\n<p>&nbsp;<\/p>\n<\/td>\n<\/tr>\n<tr>\n<td width=\"691\">\n<p><strong>Art der Pr\u00fcfungsanmeldung: <\/strong>durch den Neptun-System.<\/p>\n<\/td>\n<\/tr>\n<tr>\n<td width=\"691\">\n<p><strong>Ordnung der \u00c4nderungen in der Pr\u00fcfungsanmeldung:<\/strong><\/p>\n<p>Im Neptun-System laut die aktuellen Universtit\u00e4ts- und Fakult\u00e4tsvorschriften.<\/p>\n<p><strong>\u00a0<\/strong><\/p>\n<\/td>\n<\/tr>\n<tr>\n<td width=\"691\">\n<p><strong>Art der Nachweis im Fall einer Abwesenheit von der Pr\u00fcfung:<\/strong><\/p>\n<p>Im Fall einer Abwesenheit von der Pr\u00fcfung sind die Regulierungen der TVSZ zu folgen.<\/p>\n<p><strong>\u00a0<\/strong><\/p>\n<\/td>\n<\/tr>\n<tr>\n<td width=\"691\">\n<p><strong>Liste der Lehrb\u00fccher und Fachliteratur um erlernen des Materials:<\/strong><\/p>\n<p><strong><u>Lehrbuch :<\/u><\/strong> <strong><u>\u00a0<\/u><\/strong>Divinyi T. \/szerk.\/: Or\u00e1lis implantol\u00f3gia. Semmelweis Kiad\u00f3, Budapest, 2007<\/p>\n<p><strong><u>\u00a0<\/u><\/strong><\/p>\n<p><strong><u>Literatur:<\/u><\/strong><\/p>\n<p>1. Worthington Ph., Lang B. R., LaVelle W. E. \/edit\/:\u00a0 Osseointegration in der Zahmedizin. Eine Einf\u00fchrung<\/p>\n<p>Quintessenz,Berlin,1995.ISBN3-87652-558-6\u00a0\u00a0\u00a0\u00a0\u00a0\u00a0\u00a0\u00a0\u00a0\u00a0\u00a0\u00a0\u00a0\u00a0\u00a0\u00a0\u00a0\u00a0\u00a0\u00a0\u00a0\u00a0\u00a0\u00a0\u00a0\u00a0\u00a0\u00a0\u00a0\u00a0\u00a0\u00a0\u00a0\u00a0\u00a0\u00a0\u00a0\u00a0\u00a0\u00a0\u00a0\u00a0\u00a0\u00a0\u00a0\u00a0\u00a0\u00a0\u00a0\u00a0\u00a0\u00a0\u00a0\u00a0\u00a0\u00a0\u00a0\u00a0\u00a0\u00a0\u00a0\u00a0\u00a0\u00a0\u00a0\u00a0\u00a0\u00a0\u00a0\u00a0\u00a0\u00a0\u00a0\u00a0\u00a0\u00a0\u00a0\u00a0\u00a0\u00a0\u00a0\u00a0\u00a0\u00a0\u00a0\u00a0\u00a0\u00a0\u00a0\u00a0\u00a0\u00a0\u00a0\u00a0\u00a0\u00a0\u00a0\u00a0\u00a0\u00a0\u00a0\u00a0\u00a0\u00a0\u00a0\u00a0\u00a0\u00a0\u00a0\u00a0\u00a0\u00a0\u00a0\u00a0\u00a0\u00a0\u00a0\u00a0 2.Koeck B., Wagner W. \/edit\/: Implantologie. Elsevier, M\u00fcnchen, 2004. ISBN 3-437-05310-8<\/p>\n<p>3. Worthington Ph., Lang B.R., LaVelle W.E. \/edit\/: Osseointegration in Dentistry. An Introduction.\u00a0\u00a0\u00a0\u00a0\u00a0\u00a0\u00a0\u00a0\u00a0\u00a0\u00a0\u00a0\u00a0\u00a0\u00a0\u00a0\u00a0\u00a0\u00a0\u00a0\u00a0\u00a0\u00a0\u00a0\u00a0\u00a0\u00a0\u00a0<\/p>\n<p>Quintessence, Chicago, 1994 ISBN 0-86715-281-8\u00a0\u00a0<\/p>\n<p>4. Sethi A., Kaus Th.:\u00a0 Practical implant dentistry.\u00a0 Quintessence, London, 2005 ISBN 1-85097-061-0<\/p>\n<p>5.F. Carranza: Clinical Periodontology \u2013 Elsevier<\/p>\n<p>6.O. Jensen: The Sinus Bone Graft \u2013 Quintessence<\/p>\n<p>7.ITI Treatment Guide, Volume 2 and 4, Loading Protocols In Implant Dentistry\u00a0<\/p>\n<p>\u00a0\u00a0\u00a0 Quintessence<\/p>\n<p>8. D. Buser: 20 Years of Guided Bone Regeneration in Implant Dentistry &#8211; Quintessence<\/p>\n<p>Tov\u00e1bbi seg\u00e9danyagok: a Klinika honlapj\u00e1n: https:\/\/semmelweisegyetem.hu\/szajsebeszet\/oktatas\/implantologia\/<\/p>\n<p><strong>\u00a0<\/strong><\/p>\n<p><strong>\u00a0<\/strong><\/p>\n<\/td>\n<\/tr>\n<tr>\n<td width=\"691\">\n<p><strong>\u00a0<\/strong><\/p>\n<\/td>\n<\/tr>\n<\/tbody>\n<\/table>\n<p>&nbsp;<\/p>\n","protected":false},"excerpt":{"rendered":"<p>&nbsp; ANFORDERUNGSSYSTEM &nbsp; Semmelweis Universit\u00e4t\u00a0\u00a0\u00a0\u00a0\u00a0\u00a0\u00a0\u00a0\u00a0\u00a0\u00a0\u00a0\u00a0\u00a0\u00a0\u00a0\u00a0\u00a0\u00a0\u00a0\u00a0\u00a0\u00a0\u00a0\u00a0\u00a0\u00a0\u00a0\u00a0\u00a0\u00a0\u00a0\u00a0\u00a0\u00a0\u00a0\u00a0\u00a0\u00a0\u00a0\u00a0\u00a0\u00a0\u00a0\u00a0\u00a0\u00a0\u00a0\u00a0\u00a0\u00a0\u00a0\u00a0\u00a0\u00a0\u00a0\u00a0\u00a0\u00a0\u00a0\u00a0 Name der Ausbildungsorganitorische Einheit: Fakult\u00e4t f\u00fcr Zahnmedizin: Klinik f\u00fcr Mund-Kiefer- und Gesichtschirurgie Name der Fach: Implantologie, Fach\u00a0\u00a0\u00a0\u00a0\u00a0\u00a0\u00a0 Typ: verbindlich\/verbindlich w\u00e4hlbar\/frei w\u00e4hlbar \u00a0\u00a0\u00a0\u00a0\u00a0\u00a0\u00a0\u00a0\u00a0\u00a0\u00a0\u00a0\u00a0\u00a0\u00a0\u00a0 Kod: FOKOSZB076 _1M,\u00a0 FOKOSZB_2M \u00a0\u00a0\u00a0\u00a0\u00a0\u00a0\u00a0\u00a0\u00a0\u00a0\u00a0\u00a0\u00a0\u00a0\u00a0\u00a0 Kreditanzahl: 1 (I.Semester), 2 (II.Semester) Name der Vortraghalter: Dr. Jo\u00f3b Fancsaly \u00c1rp\u00e1d\u00a0 Universit\u00e4tsdozent Jahrgang: 2016\/2017. Ziel der Fach im Ausbildungsprogram: &nbsp; Erlernen von &hellip;<\/p>\n","protected":false},"author":176,"featured_media":0,"parent":0,"menu_order":0,"comment_status":"closed","ping_status":"closed","template":"","meta":{"_acf_changed":false,"footnotes":""},"categories":[],"tags":[],"class_list":["post-1390","page","type-page","status-publish","hentry"],"acf":[],"_links":{"self":[{"href":"https:\/\/semmelweis.hu\/szajsebeszet\/wp-json\/wp\/v2\/pages\/1390","targetHints":{"allow":["GET"]}}],"collection":[{"href":"https:\/\/semmelweis.hu\/szajsebeszet\/wp-json\/wp\/v2\/pages"}],"about":[{"href":"https:\/\/semmelweis.hu\/szajsebeszet\/wp-json\/wp\/v2\/types\/page"}],"author":[{"embeddable":true,"href":"https:\/\/semmelweis.hu\/szajsebeszet\/wp-json\/wp\/v2\/users\/176"}],"replies":[{"embeddable":true,"href":"https:\/\/semmelweis.hu\/szajsebeszet\/wp-json\/wp\/v2\/comments?post=1390"}],"version-history":[{"count":1,"href":"https:\/\/semmelweis.hu\/szajsebeszet\/wp-json\/wp\/v2\/pages\/1390\/revisions"}],"predecessor-version":[{"id":1391,"href":"https:\/\/semmelweis.hu\/szajsebeszet\/wp-json\/wp\/v2\/pages\/1390\/revisions\/1391"}],"wp:attachment":[{"href":"https:\/\/semmelweis.hu\/szajsebeszet\/wp-json\/wp\/v2\/media?parent=1390"}],"wp:term":[{"taxonomy":"category","embeddable":true,"href":"https:\/\/semmelweis.hu\/szajsebeszet\/wp-json\/wp\/v2\/categories?post=1390"},{"taxonomy":"post_tag","embeddable":true,"href":"https:\/\/semmelweis.hu\/szajsebeszet\/wp-json\/wp\/v2\/tags?post=1390"}],"curies":[{"name":"wp","href":"https:\/\/api.w.org\/{rel}","templated":true}]}}