{"id":1385,"date":"2017-04-27T11:11:13","date_gmt":"2017-04-27T09:11:13","guid":{"rendered":"http:\/\/semmelweis.hu\/szajsebeszet\/?page_id=1385"},"modified":"2017-04-27T11:11:13","modified_gmt":"2017-04-27T09:11:13","slug":"implantologia-tantargy-kovetelmenyei","status":"publish","type":"page","link":"https:\/\/semmelweis.hu\/szajsebeszet\/implantologia-tantargy-kovetelmenyei\/","title":{"rendered":"Implantol\u00f3gia tant\u00e1rgy k\u00f6vetelm\u00e9nyei"},"content":{"rendered":"<p>&nbsp;<\/p>\n<p><strong>K\u00d6VETELM\u00c9NYRENDSZER<\/strong><\/p>\n<p>&nbsp;<\/p>\n<table width=\"691\">\n<tbody>\n<tr>\n<td width=\"691\">\n<p><strong>Semmelweis Egyetem\u00a0\u00a0\u00a0\u00a0\u00a0\u00a0\u00a0\u00a0\u00a0\u00a0\u00a0\u00a0\u00a0\u00a0\u00a0\u00a0\u00a0\u00a0\u00a0\u00a0\u00a0\u00a0\u00a0\u00a0\u00a0\u00a0\u00a0\u00a0\u00a0\u00a0\u00a0\u00a0\u00a0\u00a0\u00a0\u00a0\u00a0\u00a0\u00a0\u00a0\u00a0\u00a0\u00a0\u00a0\u00a0\u00a0\u00a0\u00a0\u00a0\u00a0\u00a0\u00a0\u00a0\u00a0\u00a0\u00a0\u00a0\u00a0\u00a0\u00a0\u00a0\u00a0 <\/strong>Oktat\u00e1si szervezeti egys\u00e9g megnevez\u00e9se:<strong>Forvostudom\u00e1nyi Kar :Arc,-\u00c1llcsont,-Sz\u00e1jseb\u00e9szeti \u00e9s Fog\u00e1szati Klinika<\/strong><\/p>\n<\/td>\n<\/tr>\n<tr>\n<td width=\"691\">\n<p><strong>Tant\u00e1rgy neve:<\/strong> Implantol\u00f3gia,<\/p>\n<p><strong>Tant\u00e1rgy t\u00edpusa: <\/strong><u>k\u00f6telez\u0151<\/u>\/k\u00f6telez\u0151en v\u00e1laszthat\u00f3\/szabadon v\u00e1laszthat\u00f3 (a megfelel\u0151 al\u00e1h\u00fazand\u00f3)<\/p>\n<p><strong>\u00a0\u00a0\u00a0\u00a0\u00a0\u00a0\u00a0\u00a0\u00a0\u00a0\u00a0\u00a0\u00a0\u00a0\u00a0\u00a0 k\u00f3dja: <\/strong>FOKOSZB076 _1M,\u00a0 FOKOSZB_2M<\/p>\n<p><strong>\u00a0\u00a0\u00a0\u00a0\u00a0\u00a0\u00a0\u00a0\u00a0\u00a0\u00a0\u00a0\u00a0\u00a0\u00a0\u00a0 kredit\u00e9rt\u00e9ke: 1 <\/strong>(I.f\u00e9l\u00e9v), <strong>2 (<\/strong>II.f\u00e9l\u00e9v<strong>)<\/strong><\/p>\n<\/td>\n<\/tr>\n<tr>\n<td width=\"691\">\n<p><strong>Tant\u00e1rgy el\u0151ad\u00f3j\u00e1nak neve: <\/strong>Dr. Jo\u00f3b Fancsaly \u00c1rp\u00e1d \u00a0egyetemi docens<\/p>\n<\/td>\n<\/tr>\n<tr>\n<td width=\"691\">\n<p><strong>Tan\u00e9v: <\/strong>2016\/2017.<\/p>\n<\/td>\n<\/tr>\n<tr>\n<td width=\"691\">\n<p><strong>A tant\u00e1rgy feladata a k\u00e9pz\u00e9s c\u00e9lj\u00e1nak megval\u00f3s\u00edt\u00e1s\u00e1ban:<\/strong><\/p>\n<p>&nbsp;<\/p>\n<p>A fog\u00e1szati implantol\u00f3gia alapismereteinek megismer\u00e9se \u00e9s gyakorlati alkalmaz\u00e1sa. Elm\u00e9leti alapok lefektet\u00e9se, seb\u00e9szeti \u00e9s fogp\u00f3tl\u00e1stani ismeretek implantol\u00f3gia vonatkoz\u00e1s\u00e1nak ismertet\u00e9se, csontp\u00f3tl\u00f3 beavatkoz\u00e1sok r\u00e9szletes elm\u00e9leti bemutat\u00e1sa<\/p>\n<p><strong>\u00a0<\/strong><\/p>\n<\/td>\n<\/tr>\n<tr>\n<td width=\"691\">\n<p><strong>A t\u00e1rgy tematik\u00e1ja (lehet\u0151leg heti bont\u00e1sban, sorsz\u00e1mozva):<\/strong><\/p>\n<p><strong>\u00a0<\/strong><\/p>\n<p><em>I.f\u00e9l\u00e9v tematik\u00e1ja\u00a0:<\/em><\/p>\n<p><strong><u>Magyar<\/u><\/strong><\/p>\n<p>-Bevezet\u00e9s az or\u00e1lis implantol\u00f3gi\u00e1ban, t\u00f6rt\u00e9neti \u00e1ttekint\u00e9s.\u00a0<\/p>\n<p>-Az implant\u00e1tumok, implant\u00e1ci\u00f3s rendszerek fejl\u0151d\u00e9se, feloszt\u00e1sa, Enossalis implant\u00e1tumok.<\/p>\n<p>-Az implant\u00e1ci\u00f3s fogp\u00f3tl\u00e1sok indik\u00e1ci\u00f3i, kontraindik\u00e1ci\u00f3i.<\/p>\n<p>-Az implant\u00e1ci\u00f3t el\u0151k\u00e9sz\u00edt\u0151 diagnosztikai vizsg\u00e1latok.<\/p>\n<p>-Or\u00e1lis implant\u00e1tumok \u00e1ltal\u00e1nos m\u0171t\u00e9ti vonatkoz\u00e1sai.\u00a0 Film bemutat\u00f3: Implant\u00e1ci\u00f3s fogp\u00f3tl\u00e1s fogatlan \u00e1llcsontokon.<\/p>\n<p>-Or\u00e1lis implant\u00e1tumok r\u00e9szletes m\u0171t\u00e9ti vonatkoz\u00e1sai. Az implant\u00e1ci\u00f3\u00a0 lehets\u00e9ges id\u0151pontjai.<\/p>\n<p>&#8211; Az implant\u00e1ci\u00f3s fogp\u00f3tl\u00e1sok sikeress\u00e9g\u00e9nek alapvet\u0151 felt\u00e9telei I.\u00a0 Biokompatibilit\u00e1s, csontintegr\u00e1ci\u00f3.<\/p>\n<p>-Az implant\u00e1ci\u00f3s fogp\u00f3tl\u00e1sok sikeress\u00e9g\u00e9nek alapvet\u0151 felt\u00e9telei II. Gingiv\u00e1lis z\u00e1r\u00e1s. Progressz\u00edv csontintegr\u00e1ci\u00f3.<\/p>\n<p>-Az implant\u00e1ci\u00f3s fogp\u00f3tl\u00e1sok sikeress\u00e9g\u00e9nek alapvet\u0151 felt\u00e9telei III. Az implant\u00e1tumok terhelhet\u0151s\u00e9g\u00e9t befoly\u00e1sol\u00f3 t\u00e9nyez\u0151k.<\/p>\n<p>-Az implant\u00e1ci\u00f3s fogp\u00f3tl\u00e1sok biomechanik\u00e1j\u00e1nak alapjai.<\/p>\n<p>-Az implant\u00e1ci\u00f3s fogp\u00f3tl\u00e1sok alapvet\u0151 protetikai ismeretei I.<\/p>\n<p>-Implant\u00e1tum fejek \/m\u0171csonkok\/ lenyomatv\u00e9teli technik\u00e1k.<\/p>\n<p>-Az implant\u00e1ci\u00f3s fogp\u00f3tl\u00e1sok alapvet\u0151 protetikai ismeretei II. Implant\u00e1ci\u00f3s fogp\u00f3tl\u00e1sok fajt\u00e1i<\/p>\n<p>-Az implant\u00e1tumok fel\u00fclet\u00e9nek szerepe a csontintegr\u00e1ci\u00f3ban .<\/p>\n<p>&#8211; Vend\u00e9gel\u0151ad\u00e1s<\/p>\n<p>&nbsp;<\/p>\n<p>&nbsp;<\/p>\n<p><em>II. f\u00e9l\u00e9v tematik\u00e1ja:<\/em><\/p>\n<p>&nbsp;<\/p>\n<p><strong><u>Magyar:<\/u><\/strong><\/p>\n<p>-Csontp\u00f3tl\u00f3 elj\u00e1r\u00e1sok I. Oszteokondukci\u00f3, oszteoindukci\u00f3. Ir\u00e1ny\u00edtott csontgy\u00f3gyul\u00e1s \/GBR\/. Ambul\u00e1ns<\/p>\n<p>\u00a0 sz\u00e1jseb\u00e9szeti gyakorlatban v\u00e9gezhet\u0151 m\u0171t\u00e9ti elj\u00e1r\u00e1sok.<\/p>\n<p>&#8211; Csontp\u00f3tl\u00f3 elj\u00e1r\u00e1sok II. A sinus-lift m\u0171t\u00e9te. Indukci\u00f3k, kontarindik\u00e1ci\u00f3k, m\u0171t\u00e9ti technik\u00e1k.<\/p>\n<p>&#8211; Csontp\u00f3tl\u00f3 elj\u00e1r\u00e1sok III. Oszteogenezis, csont\u00e1t\u00fcltet\u00e9s. Disztrakci\u00f3s oszteogenezis.<\/p>\n<p>&#8211; Az implant\u00e1ci\u00f3s fogp\u00f3tl\u00e1sok parodontol\u00f3giai vonatkoz\u00e1sai.<\/p>\n<p>&#8211; Implant\u00e1ci\u00f3s fogp\u00f3tl\u00e1sok seb\u00e9szi, eszt\u00e9tikai szempontjai.<\/p>\n<p>&#8211; Nobel-Biocare implant\u00e1ci\u00f3s rendszer<\/p>\n<p>&#8211; Ankylos implant\u00e1ci\u00f3s rendszer\u00a0<\/p>\n<p>&#8211; ITI-Straumann implant\u00e1ci\u00f3s rendszer.<\/p>\n<p>&#8211; Az implant\u00e1ci\u00f3s fogp\u00f3tl\u00e1sok sikertelens\u00e9geinek okai, kezel\u00e9s\u00fck.<\/p>\n<p>&#8211; Korona p\u00f3tl\u00e1sok k\u00e9sz\u00edt\u00e9se implant\u00e1tumokra.<\/p>\n<p>&#8211; H\u00eddp\u00f3tl\u00e1sok k\u00e9sz\u00edt\u00e9se implant\u00e1tumokra.<\/p>\n<p>&#8211;\u00a0 Mezostrukt\u00far\u00e1k, kombin\u00e1lt fogp\u00f3tl\u00e1sok.<\/p>\n<p>&#8211;\u00a0 Ir\u00e1nyitott seb\u00e9szet (guided surgery) szerepe \u00e9s helye az implantol\u00f3gi\u00e1ban<\/p>\n<p>&#8211; Vend\u00e9gel\u0151ad\u00e1s<\/p>\n<p>&nbsp;<\/p>\n<p>&nbsp;<\/p>\n<p><strong>Implantol\u00f3giai gyakorlatokon <\/strong>az elm\u00e9letben megszerzett tud\u00e1st eg\u00e9sz\u00edtik ki \u00e9s m\u00e9ly\u00edtik el.<\/p>\n<p>&#8211;\u00a0\u00a0\u00a0\u00a0\u00a0\u00a0\u00a0\u00a0\u00a0 <strong>Diagnosztika<\/strong> \u2013 r\u00f6ntgendiagnosztika, CBCT anal\u00edzis, r\u00f6ntgen \u00e9s seb\u00e9szi sablon bemutat\u00e1sa<\/p>\n<p>&#8211;\u00a0\u00a0\u00a0\u00a0\u00a0\u00a0\u00a0\u00a0\u00a0 SIC rendszer bemutat\u00e1sa \u2013 a rendszer egyedi tulajdons\u00e1gainak a kihangs\u00falyoz\u00e1sa ( Sic Matrix fel\u00fclet, cad-cam base protetikai fej, flex star fel\u00e9p\u00edtm\u00e9ny, esetleg safe on four koncepci\u00f3) <strong>Implant\u00e1ci\u00f3s seb\u00e9szet \u00e1ttekint\u00e9se a rendszeren kereszt\u00fcl.<\/strong><\/p>\n<p>&#8211;\u00a0\u00a0\u00a0\u00a0\u00a0\u00a0\u00a0\u00a0\u00a0 Straumann rendszer bemutat\u00e1sa \u2013 a rendszer egyedi tulajdons\u00e1gainak a\u00a0\u00a0<\/p>\n<p>\u00a0\u00a0\u00a0\u00a0 \u00a0\u00a0\u00a0\u00a0\u00a0\u00a0\u00a0kihangs\u00falyoz\u00e1sa (felsz\u00edn, egyf\u00e1zis\u00fa-k\u00e9tf\u00e1zis\u00fa m\u0171t\u00e9ti technika \u00f6sszehasonl\u00edt\u00e1sa,\u00a0<\/p>\n<p>\u00a0\u00a0\u00a0\u00a0\u00a0\u00a0\u00a0\u00a0\u00a0\u00a0\u00a0 Straumann rendszer protetik\u00e1ja c\u00edmszavakban). <strong>Implant\u00e1ci\u00f3s protetika\u00a0 <\/strong><\/p>\n<p><strong>\u00a0\u00a0\u00a0\u00a0\u00a0\u00a0\u00a0\u00a0\u00a0\u00a0\u00a0 l\u00e9p\u00e9seinek gyakorl\u00e1sa fantomon <\/strong><\/p>\n<p>&#8211;\u00a0\u00a0\u00a0\u00a0\u00a0\u00a0\u00a0\u00a0\u00a0 Ankylos rendszer bemutat\u00e1sa \u2013 a rendszer egyedi tulajdons\u00e1gainak a kihangs\u00falyoz\u00e1sa\u00a0\u00a0\u00a0\u00a0\u00a0\u00a0<\/p>\n<p>\u00a0\u00a0\u00a0\u00a0\u00a0\u00a0\u00a0\u00a0\u00a0\u00a0\u00a0 (platform switching, Balance inyform\u00e1l\u00f3k \u00e9s fejek, syncone rendszer). <strong>Ismerked\u00e9s az\u00a0\u00a0\u00a0 <\/strong><\/p>\n<p><strong>\u00a0\u00a0\u00a0\u00a0\u00a0\u00a0\u00a0\u00a0\u00a0\u00a0\u00a0 ir\u00e1ny\u00edtott seb\u00e9szettel, az ExpertEase rendszeren kereszt\u00fcl <\/strong><\/p>\n<p>&#8211;\u00a0\u00a0\u00a0\u00a0\u00a0\u00a0\u00a0\u00a0\u00a0 Nobel Biocare rendszer bemutat\u00e1sa \u2013 a rendszer egyedi tulajdons\u00e1gainak<\/p>\n<p>\u00a0\u00a0\u00a0\u00a0\u00a0\u00a0\u00a0\u00a0\u00a0\u00a0\u00a0 kihangs\u00falyoz\u00e1sa (fel\u00fclet, Replace \u00e9s Nobel implant\u00e1tumok, Procera rendszer, Nobel\u00a0<\/p>\n<p>\u00a0\u00a0\u00a0\u00a0\u00a0\u00a0\u00a0\u00a0\u00a0\u00a0 Guide). <strong>Nobel Active implant\u00e1tum gyakorlati bemutat\u00e1sa <\/strong><\/p>\n<p>&#8211;\u00a0\u00a0\u00a0\u00a0\u00a0\u00a0\u00a0\u00a0\u00a0 Denti rendszer bemutat\u00e1sa \u2013 a rendszer egyedi tulajdons\u00e1gainak kihangs\u00falyoz\u00e1sa.<\/p>\n<p>&#8211;\u00a0\u00a0\u00a0\u00a0\u00a0\u00a0\u00a0\u00a0\u00a0 Szigorlat el\u0151tti konzult\u00e1ci\u00f3<\/p>\n<\/td>\n<\/tr>\n<tr>\n<td width=\"691\">\n<p><strong>A foglalkoz\u00e1sokon val\u00f3 r\u00e9szv\u00e9tel k\u00f6vetelm\u00e9nyei \u00e9s a t\u00e1volmarad\u00e1s p\u00f3tl\u00e1s\u00e1nak lehet\u0151s\u00e9ge:<\/strong><\/p>\n<p><strong>\u00a0<\/strong><\/p>\n<p>Az el\u0151ad\u00e1sokon \u00e9s a gyakorlatokon val\u00f3 r\u00e9szv\u00e9tel k\u00f6telez\u0151.<\/p>\n<p>A hi\u00e1nyz\u00e1s semmilyen c\u00edmen nem haladhatja meg sem az el\u0151ad\u00e1sok, sem a gyakorlatok 25%-\u00e1t.<\/p>\n<p>Igazolt hi\u00e1nyz\u00e1s eset\u00e9n p\u00f3tl\u00e1sra van lehet\u0151s\u00e9g.<\/p>\n<p><strong>\u00a0<\/strong><\/p>\n<\/td>\n<\/tr>\n<tr>\n<td width=\"691\">\n<p><strong>Az igazol\u00e1s m\u00f3dja a foglalkoz\u00e1sokon \u00e9s a vizsg\u00e1n val\u00f3 t\u00e1voll\u00e9t eset\u00e9n:<\/strong><\/p>\n<p><strong>\u00a0<\/strong><\/p>\n<p>Az el\u0151ad\u00e1sokr\u00f3l \u00e9s a gyakorlatokr\u00f3l val\u00f3 hi\u00e1nyz\u00e1s semmilyen c\u00edmen nem haladhatja meg sem az el\u0151ad\u00e1sok, sem a gyakorlatok 25%-\u00e1t.<\/p>\n<p>Vizsg\u00e1r\u00f3l val\u00f3 t\u00e1volmarad\u00e1s eset\u00e9n a TVSZ rendelkez\u00e9sei ir\u00e1nymutat\u00f3k.<\/p>\n<p><strong>\u00a0<\/strong><\/p>\n<\/td>\n<\/tr>\n<tr>\n<td width=\"691\">\n<p><strong>A f\u00e9l\u00e9vk\u00f6zi ellen\u0151rz\u00e9sek (besz\u00e1mol\u00f3k, z\u00e1rthelyi dolgozatok) sz\u00e1ma, t\u00e9mak\u00f6re \u00e9s id\u0151pontja, p\u00f3tl\u00e1suk \u00e9s jav\u00edt\u00e1suk lehet\u0151s\u00e9ge:<\/strong><\/p>\n<p>\u00c9vk\u00f6zi sz\u00e1monk\u00e9r\u00e9s sor\u00e1n 3 meg\u00edrand\u00f3 dolgozat van, melyek 50%-os teljes\u00edtm\u00e9nyt\u0151l sz\u00e1m\u00edtanak sikeresnek. Sikertelen dolgozat eset\u00e9ben k\u00e9t jav\u00edt\u00e1si lehet\u0151s\u00e9g van. A demonstr\u00e1ci\u00f3k id\u0151pontj\u00e1t \u00e9s t\u00e9m\u00e1j\u00e1t a tan\u00e9v kezdetekor ismertetj\u00fck hallgat\u00f3inkkal.<\/p>\n<p>A demonstr\u00e1ci\u00f3k egyik\u00e9t sem teljes\u00edt\u0151 hallgat\u00f3k sz\u00e1m\u00e1ra az utols\u00f3 oktat\u00e1si h\u00e9ten biztos\u00edtunk p\u00f3tl\u00e1si lehet\u0151s\u00e9get egy vezet\u0151 oktat\u00f3kb\u00f3l \u00e1ll\u00f3 bizotts\u00e1g el\u0151tt.<\/p>\n<p><strong>\u00a0<\/strong><\/p>\n<\/td>\n<\/tr>\n<tr>\n<td width=\"691\">\n<p><strong>A f\u00e9l\u00e9v v\u00e9gi al\u00e1\u00edr\u00e1s k\u00f6vetelm\u00e9nyei (ide\u00e9rtve a hallgat\u00f3 egy\u00e9ni munk\u00e1val megoldand\u00f3 feladatainak sz\u00e1m\u00e1t \u00e9s t\u00edpus\u00e1t is):<\/strong><\/p>\n<p><strong>\u00a0<\/strong><\/p>\n<p>A f\u00e9l\u00e9v v\u00e9gi \u00e9rdemjegy meghat\u00e1roz\u00e1sa a dolgozatok eredm\u00e9nyeinek \u00e1tlag\u00e1b\u00f3l \u00e9s a gyakorlatokon mutatott (II. f\u00e9l\u00e9vben) gyakorlati k\u00e9szs\u00e9gek eredm\u00e9nyeinek figyelembe v\u00e9tel\u00e9vel t\u00f6rt\u00e9nik<\/p>\n<\/td>\n<\/tr>\n<tr>\n<td width=\"691\">\n<p><strong>Az oszt\u00e1lyzat kialak\u00edt\u00e1s\u00e1nak m\u00f3dja:<\/strong><\/p>\n<p><strong>Kollokvium (I. f\u00e9l\u00e9v):<\/strong> Egy nagyobb t\u00e9m\u00e1t fel\u00f6lel\u0151, essz\u00e9 k\u00e9rd\u00e9s (t\u00e9telh\u00faz\u00e1ssal) sz\u00f3beli megv\u00e1laszol\u00e1sa ut\u00e1n, 3 vill\u00e1mk\u00e9rd\u00e9s (t\u00e9telh\u00faz\u00e1ssal) azonnali megv\u00e1laszol\u00e1sa<\/p>\n<p><strong>Szigorlat (IV. f\u00e9l\u00e9v):<\/strong> ): K\u00e9t nagyobb t\u00e9m\u00e1t fel\u00f6lel\u0151, essz\u00e9 k\u00e9rd\u00e9s (t\u00e9telh\u00faz\u00e1ssal) sz\u00f3beli megv\u00e1laszol\u00e1sa ut\u00e1n, 5 vill\u00e1mk\u00e9rd\u00e9s (t\u00e9telh\u00faz\u00e1ssal) azonnali megv\u00e1laszol\u00e1sa<\/p>\n<p>B\u00e1rmelyik vizsgar\u00e9sz el\u00e9gtelenre teljes\u00edt\u00e9se el\u00e9gtelen vizsgajegyet jelent.<\/p>\n<p><strong>\u00a0<\/strong><\/p>\n<\/td>\n<\/tr>\n<tr>\n<td width=\"691\">\n<p><strong>A vizsga t\u00edpusa: <\/strong>Kollokvium: els\u0151 f\u00e9l\u00e9v anyaga. Szigorlat: k\u00e9t f\u00e9l\u00e9v anyaga<\/p>\n<\/td>\n<\/tr>\n<tr>\n<td width=\"691\">\n<p><strong>Vizsgak\u00f6vetelm\u00e9nyek:<\/strong><\/p>\n<p><strong>Kollokvium (I.f\u00e9l\u00e9v):<\/strong> A vizsga a f\u00e9l\u00e9v tananyag\u00e1nak sz\u00e1monk\u00e9r\u00e9se sz\u00f3ban<\/p>\n<p>&nbsp;<\/p>\n<p><strong>Szigorlat (IV. f\u00e9l\u00e9v):<\/strong> A vizsga a 2 f\u00e9l\u00e9v teljes tananyag\u00e1nak sz\u00e1monk\u00e9r\u00e9se.<\/p>\n<p>&#8211; Gyakorlatokon val\u00f3 r\u00e9szv\u00e9tel<\/p>\n<p>&nbsp;<\/p>\n<\/td>\n<\/tr>\n<tr>\n<td width=\"691\">\n<p><strong>A vizsgajelentkez\u00e9s m\u00f3dja: <\/strong>Neptun-rendszerben.<\/p>\n<\/td>\n<\/tr>\n<tr>\n<td width=\"691\">\n<p><strong>A vizsgajelentkez\u00e9s m\u00f3dos\u00edt\u00e1s\u00e1nak rendje:<\/strong><\/p>\n<p>A Neptun-rendszerben az aktu\u00e1lis egyetemi \u00e9s kari el\u0151\u00edr\u00e1sok szerint.<\/p>\n<p><strong>\u00a0<\/strong><\/p>\n<\/td>\n<\/tr>\n<tr>\n<td width=\"691\">\n<p><strong>A vizsg\u00e1r\u00f3l val\u00f3 t\u00e1volmarad\u00e1s igazol\u00e1s\u00e1nak m\u00f3dja:<\/strong><\/p>\n<p>Vizsg\u00e1r\u00f3l val\u00f3 t\u00e1volmarad\u00e1s eset\u00e9n a TVSZ rendelkez\u00e9se ir\u00e1nymutat\u00f3.<\/p>\n<p><strong>\u00a0<\/strong><\/p>\n<\/td>\n<\/tr>\n<tr>\n<td width=\"691\">\n<p><strong>A tananyag elsaj\u00e1t\u00edt\u00e1s\u00e1hoz felhaszn\u00e1lhat\u00f3 jegyzetek, tank\u00f6nyvek, seg\u00e9dletek \u00e9s szakirodalom list\u00e1ja:<\/strong><\/p>\n<p><strong><u>Tank\u00f6nyvek :<\/u><\/strong> <strong><u>\u00a0<\/u><\/strong>Divinyi T. \/szerk.\/: Or\u00e1lis implantol\u00f3gia. Semmelweis Kiad\u00f3, Budapest, 2007<\/p>\n<p><strong><u>\u00a0<\/u><\/strong><\/p>\n<p><strong><u>Aj\u00e1nlott irodalom:<\/u><\/strong><\/p>\n<p>1. Worthington Ph., Lang B. R., LaVelle W. E. \/edit\/:\u00a0 Osseointegration in der Zahmedizin. Eine Einf\u00fchrung<\/p>\n<p>Quintessenz,Berlin,1995.ISBN3-87652-558-6\u00a0\u00a0\u00a0\u00a0\u00a0\u00a0\u00a0\u00a0\u00a0\u00a0\u00a0\u00a0\u00a0\u00a0\u00a0\u00a0\u00a0\u00a0\u00a0\u00a0\u00a0\u00a0\u00a0\u00a0\u00a0\u00a0\u00a0\u00a0\u00a0\u00a0\u00a0\u00a0\u00a0\u00a0\u00a0\u00a0\u00a0\u00a0\u00a0\u00a0\u00a0\u00a0\u00a0\u00a0\u00a0\u00a0\u00a0\u00a0\u00a0\u00a0\u00a0\u00a0\u00a0\u00a0\u00a0\u00a0\u00a0\u00a0\u00a0\u00a0\u00a0\u00a0\u00a0\u00a0\u00a0\u00a0\u00a0\u00a0\u00a0\u00a0\u00a0\u00a0\u00a0\u00a0\u00a0\u00a0\u00a0\u00a0\u00a0\u00a0\u00a0\u00a0\u00a0\u00a0\u00a0\u00a0\u00a0\u00a0\u00a0\u00a0\u00a0\u00a0\u00a0\u00a0\u00a0\u00a0\u00a0\u00a0\u00a0\u00a0\u00a0\u00a0 \u00a0\u00a0\u00a0\u00a0\u00a0\u00a0\u00a0\u00a0\u00a0\u00a0\u00a0\u00a0\u00a0\u00a0\u00a0\u00a02.Koeck B., Wagner W. \/edit\/: Implantologie. Elsevier, M\u00fcnchen, 2004. ISBN 3-437-05310-8<\/p>\n<p>3. Worthington Ph., Lang B.R., LaVelle W.E. \/edit\/: Osseointegration in Dentistry. An Introduction.\u00a0\u00a0\u00a0\u00a0\u00a0\u00a0\u00a0\u00a0\u00a0\u00a0\u00a0\u00a0\u00a0\u00a0\u00a0\u00a0\u00a0\u00a0\u00a0\u00a0\u00a0\u00a0\u00a0\u00a0\u00a0\u00a0\u00a0\u00a0<\/p>\n<p>Quintessence, Chicago, 1994 ISBN 0-86715-281-8\u00a0\u00a0<\/p>\n<p>4. Sethi A., Kaus Th.:\u00a0 Practical implant dentistry.\u00a0 Quintessence, London, 2005 ISBN 1-85097-061-0<\/p>\n<p>5.F. Carranza: Clinical Periodontology \u2013 Elsevier<\/p>\n<p>6.O. Jensen: The Sinus Bone Graft \u2013 Quintessence<\/p>\n<p>7.ITI Treatment Guide, Volume 2 and 4, Loading Protocols In Implant Dentistry\u00a0<\/p>\n<p>\u00a0\u00a0\u00a0 Quintessence<\/p>\n<p>8. D. Buser: 20 Years of Guided Bone Regeneration in Implant Dentistry &#8211; Quintessence<\/p>\n<p>Tov\u00e1bbi seg\u00e9danyagok: a Klinika honlapj\u00e1n: https:\/\/semmelweisegyetem.hu\/szajsebeszet\/oktatas\/implantologia\/<\/p>\n<p><strong>\u00a0<\/strong><\/p>\n<p><strong>\u00a0<\/strong><\/p>\n<\/td>\n<\/tr>\n<tr>\n<td width=\"691\">\n<p><strong>\u00a0<\/strong><\/p>\n<\/td>\n<\/tr>\n<\/tbody>\n<\/table>\n<p>&nbsp;<\/p>\n","protected":false},"excerpt":{"rendered":"<p>&nbsp; K\u00d6VETELM\u00c9NYRENDSZER &nbsp; Semmelweis Egyetem\u00a0\u00a0\u00a0\u00a0\u00a0\u00a0\u00a0\u00a0\u00a0\u00a0\u00a0\u00a0\u00a0\u00a0\u00a0\u00a0\u00a0\u00a0\u00a0\u00a0\u00a0\u00a0\u00a0\u00a0\u00a0\u00a0\u00a0\u00a0\u00a0\u00a0\u00a0\u00a0\u00a0\u00a0\u00a0\u00a0\u00a0\u00a0\u00a0\u00a0\u00a0\u00a0\u00a0\u00a0\u00a0\u00a0\u00a0\u00a0\u00a0\u00a0\u00a0\u00a0\u00a0\u00a0\u00a0\u00a0\u00a0\u00a0\u00a0\u00a0\u00a0\u00a0 Oktat\u00e1si szervezeti egys\u00e9g megnevez\u00e9se:Forvostudom\u00e1nyi Kar :Arc,-\u00c1llcsont,-Sz\u00e1jseb\u00e9szeti \u00e9s Fog\u00e1szati Klinika Tant\u00e1rgy neve: Implantol\u00f3gia, Tant\u00e1rgy t\u00edpusa: k\u00f6telez\u0151\/k\u00f6telez\u0151en v\u00e1laszthat\u00f3\/szabadon v\u00e1laszthat\u00f3 (a megfelel\u0151 al\u00e1h\u00fazand\u00f3) \u00a0\u00a0\u00a0\u00a0\u00a0\u00a0\u00a0\u00a0\u00a0\u00a0\u00a0\u00a0\u00a0\u00a0\u00a0\u00a0 k\u00f3dja: FOKOSZB076 _1M,\u00a0 FOKOSZB_2M \u00a0\u00a0\u00a0\u00a0\u00a0\u00a0\u00a0\u00a0\u00a0\u00a0\u00a0\u00a0\u00a0\u00a0\u00a0\u00a0 kredit\u00e9rt\u00e9ke: 1 (I.f\u00e9l\u00e9v), 2 (II.f\u00e9l\u00e9v) Tant\u00e1rgy el\u0151ad\u00f3j\u00e1nak neve: Dr. Jo\u00f3b Fancsaly \u00c1rp\u00e1d \u00a0egyetemi docens Tan\u00e9v: 2016\/2017. A tant\u00e1rgy feladata a k\u00e9pz\u00e9s c\u00e9lj\u00e1nak megval\u00f3s\u00edt\u00e1s\u00e1ban: &nbsp; &hellip;<\/p>\n","protected":false},"author":176,"featured_media":0,"parent":0,"menu_order":0,"comment_status":"closed","ping_status":"closed","template":"","meta":{"_acf_changed":false,"footnotes":""},"categories":[],"tags":[],"class_list":["post-1385","page","type-page","status-publish","hentry"],"acf":[],"_links":{"self":[{"href":"https:\/\/semmelweis.hu\/szajsebeszet\/wp-json\/wp\/v2\/pages\/1385","targetHints":{"allow":["GET"]}}],"collection":[{"href":"https:\/\/semmelweis.hu\/szajsebeszet\/wp-json\/wp\/v2\/pages"}],"about":[{"href":"https:\/\/semmelweis.hu\/szajsebeszet\/wp-json\/wp\/v2\/types\/page"}],"author":[{"embeddable":true,"href":"https:\/\/semmelweis.hu\/szajsebeszet\/wp-json\/wp\/v2\/users\/176"}],"replies":[{"embeddable":true,"href":"https:\/\/semmelweis.hu\/szajsebeszet\/wp-json\/wp\/v2\/comments?post=1385"}],"version-history":[{"count":1,"href":"https:\/\/semmelweis.hu\/szajsebeszet\/wp-json\/wp\/v2\/pages\/1385\/revisions"}],"predecessor-version":[{"id":1386,"href":"https:\/\/semmelweis.hu\/szajsebeszet\/wp-json\/wp\/v2\/pages\/1385\/revisions\/1386"}],"wp:attachment":[{"href":"https:\/\/semmelweis.hu\/szajsebeszet\/wp-json\/wp\/v2\/media?parent=1385"}],"wp:term":[{"taxonomy":"category","embeddable":true,"href":"https:\/\/semmelweis.hu\/szajsebeszet\/wp-json\/wp\/v2\/categories?post=1385"},{"taxonomy":"post_tag","embeddable":true,"href":"https:\/\/semmelweis.hu\/szajsebeszet\/wp-json\/wp\/v2\/tags?post=1385"}],"curies":[{"name":"wp","href":"https:\/\/api.w.org\/{rel}","templated":true}]}}