{"id":1235,"date":"2017-03-14T06:17:49","date_gmt":"2017-03-14T05:17:49","guid":{"rendered":"http:\/\/semmelweis.hu\/szajsebeszet\/?page_id=1235"},"modified":"2021-02-08T15:22:37","modified_gmt":"2021-02-08T14:22:37","slug":"tdk-themen","status":"publish","type":"page","link":"https:\/\/semmelweis.hu\/szajsebeszet\/de\/tdk-themen\/","title":{"rendered":"TDK Themen"},"content":{"rendered":"<p>&nbsp;<\/p>\n<table style=\"width: 100%;\">\n<tbody>\n<tr>\n<td style=\"width: 681px;\">\n<p>Die Untersuchung der modernen Knochenersatzmateriellen in Oralchirurgie<\/p>\n<\/td>\n<td style=\"width: 288px;\">\n<p>Dr. S\u00e1ndor Bogd\u00e1n<\/p>\n<\/td>\n<\/tr>\n<tr>\n<td style=\"width: 681px;\">\n<p>Navigationsystemm\u00f6glichkeiten in der Implantologie<\/p>\n<\/td>\n<td style=\"width: 288px;\">\n<p>Dr. Iv\u00e1n Decker<\/p>\n<\/td>\n<\/tr>\n<tr>\n<td style=\"width: 681px;\">\n<p>Die Untersuchung moderner bilgebenden Diagnostiksoftwers bei dem Knochenersatz<\/p>\n<\/td>\n<td style=\"width: 288px;\">\n<p>Dr. Tam\u00e1s Husz\u00e1r<\/p>\n<\/td>\n<\/tr>\n<tr>\n<td style=\"width: 681px;\">\n<p>Die Rolle des Rauchens im Knochenersatz und Implantationerfolg<\/p>\n<\/td>\n<td style=\"width: 288px;\">\n<p>Dr. Tam\u00e1s Husz\u00e1r<\/p>\n<\/td>\n<\/tr>\n<tr>\n<td style=\"width: 681px;\">\n<p>Die Vergleichuntersuchung der verschiedenen Knochenersatzmateriellen in der Behandlung von Atrophien und Kieferdefekten.<\/p>\n<\/td>\n<td style=\"width: 288px;\">\n<p>Dr. Husz\u00e1r Tam\u00e1s<\/p>\n<\/td>\n<\/tr>\n<tr>\n<td style=\"width: 681px;\">\n<p>Die Wirkung der Oberfl\u00e1chebehandlung auf die Osseointegration<\/p>\n<\/td>\n<td style=\"width: 288px;\">\n<p>Dr. \u00c1rp\u00e1d Jo\u00f3b- Fancsaly<\/p>\n<\/td>\n<\/tr>\n<tr>\n<td style=\"width: 681px;\">\n<p>Die Wundheilung nach der Zahnextraktion und ihre beinflussenden Faktoren<\/p>\n<\/td>\n<td style=\"width: 288px;\">\n<p>Dr. \u00c1rp\u00e1d Jo\u00f3b-Fancsaly<\/p>\n<\/td>\n<\/tr>\n<tr>\n<td style=\"width: 681px;\">\n<p>Die oralchirurgische Beziehungen der Bisphosphonaten<\/p>\n<\/td>\n<td style=\"width: 288px;\">\n<p>Dr. Ferenc Kopp\u00e1ny<\/p>\n<\/td>\n<\/tr>\n<tr>\n<td style=\"width: 681px;\">\n<p>\u00a0Die Untesuchung der Materiellen, die in der endodontischen Chirurgie benutzt werden<\/p>\n<\/td>\n<td style=\"width: 288px;\">\n<p>Dr. Kinga K\u00f6rm\u00f6czi<\/p>\n<\/td>\n<\/tr>\n<tr>\n<td style=\"width: 681px;\">\n<p>Die klinische und patologische Untersuchung der Jugendlichen, die Tumoren haben. Die Reihenuntersuchung der Mundh\u00f6hlenlesionen, premallignischen Zust\u00e1nden mit Hilfe moderner bildgebende Methoden\u00a0<\/p>\n<\/td>\n<td style=\"width: 288px;\">\n<p>Dr. Zsolt N\u00e9meth<\/p>\n<\/td>\n<\/tr>\n<tr>\n<td style=\"width: 681px;\">\n<p>Die Verletzungen der Kieferh\u00f6hle durch zahn\u00e1rtzliche Eingriffe<\/p>\n<\/td>\n<td style=\"width: 288px;\">\n<p>Dr. Attila Sz\u0171cs<\/p>\n<\/td>\n<\/tr>\n<tr>\n<td style=\"width: 681px;\">\n<p>Die Computerunterst\u00fctzung der implantologischen Eingriffe<\/p>\n<\/td>\n<td style=\"width: 288px;\">\n<p>Dr. Attila Sz\u0171cs<\/p>\n<\/td>\n<\/tr>\n<tr>\n<td style=\"width: 681px;\">\n<p>Der Zusammenhang zwischen Inzulinresistenz und Mundh\u00f6hlentumoren<\/p>\n<\/td>\n<td style=\"width: 288px;\">\n<p>Dr. M\u00e1rta Ujp\u00e1l<\/p>\n<\/td>\n<\/tr>\n<tr>\n<td style=\"width: 681px;\">\n<p>Die TMI Krankheiten<\/p>\n<\/td>\n<td style=\"width: 288px;\">\n<p>Dr. Mih\u00e1ly Vaszilk\u00f3<\/p>\n<\/td>\n<\/tr>\n<tr>\n<td style=\"width: 681px;\">\n<p>\u00a0Osteonecrosis durch Bisphosphonat<\/p>\n<\/td>\n<td style=\"width: 288px;\">\n<p>Dr. Mih\u00e1ly Vaszilk\u00f3<\/p>\n<\/td>\n<\/tr>\n<\/tbody>\n<\/table>\n","protected":false},"excerpt":{"rendered":"<p>&nbsp; Die Untersuchung der modernen Knochenersatzmateriellen in Oralchirurgie Dr. S\u00e1ndor Bogd\u00e1n Navigationsystemm\u00f6glichkeiten in der Implantologie Dr. Iv\u00e1n Decker Die Untersuchung moderner bilgebenden Diagnostiksoftwers bei dem Knochenersatz Dr. Tam\u00e1s Husz\u00e1r Die Rolle des Rauchens im Knochenersatz und Implantationerfolg Dr. Tam\u00e1s Husz\u00e1r Die Vergleichuntersuchung der verschiedenen Knochenersatzmateriellen in der Behandlung von Atrophien und Kieferdefekten. Dr. Husz\u00e1r Tam\u00e1s &hellip;<\/p>\n","protected":false},"author":176,"featured_media":0,"parent":0,"menu_order":5,"comment_status":"closed","ping_status":"closed","template":"template-fullwidth.php","meta":{"_acf_changed":false,"footnotes":""},"categories":[],"tags":[],"class_list":["post-1235","page","type-page","status-publish","hentry"],"acf":[],"_links":{"self":[{"href":"https:\/\/semmelweis.hu\/szajsebeszet\/wp-json\/wp\/v2\/pages\/1235","targetHints":{"allow":["GET"]}}],"collection":[{"href":"https:\/\/semmelweis.hu\/szajsebeszet\/wp-json\/wp\/v2\/pages"}],"about":[{"href":"https:\/\/semmelweis.hu\/szajsebeszet\/wp-json\/wp\/v2\/types\/page"}],"author":[{"embeddable":true,"href":"https:\/\/semmelweis.hu\/szajsebeszet\/wp-json\/wp\/v2\/users\/176"}],"replies":[{"embeddable":true,"href":"https:\/\/semmelweis.hu\/szajsebeszet\/wp-json\/wp\/v2\/comments?post=1235"}],"version-history":[{"count":4,"href":"https:\/\/semmelweis.hu\/szajsebeszet\/wp-json\/wp\/v2\/pages\/1235\/revisions"}],"predecessor-version":[{"id":2974,"href":"https:\/\/semmelweis.hu\/szajsebeszet\/wp-json\/wp\/v2\/pages\/1235\/revisions\/2974"}],"wp:attachment":[{"href":"https:\/\/semmelweis.hu\/szajsebeszet\/wp-json\/wp\/v2\/media?parent=1235"}],"wp:term":[{"taxonomy":"category","embeddable":true,"href":"https:\/\/semmelweis.hu\/szajsebeszet\/wp-json\/wp\/v2\/categories?post=1235"},{"taxonomy":"post_tag","embeddable":true,"href":"https:\/\/semmelweis.hu\/szajsebeszet\/wp-json\/wp\/v2\/tags?post=1235"}],"curies":[{"name":"wp","href":"https:\/\/api.w.org\/{rel}","templated":true}]}}