{"id":1183,"date":"2017-03-14T04:51:58","date_gmt":"2017-03-14T03:51:58","guid":{"rendered":"http:\/\/semmelweis.hu\/szajsebeszet\/?page_id=1183"},"modified":"2023-09-19T13:57:09","modified_gmt":"2023-09-19T11:57:09","slug":"spezielle-zahnarztlich-behandlung-fur-behinderten","status":"publish","type":"page","link":"https:\/\/semmelweis.hu\/szajsebeszet\/de\/patientsbehandlung\/spezielle-zahnarztlich-behandlung-fur-behinderten\/","title":{"rendered":"Zentrum f\u00fcr Patienten die eine spezielle Behandlung ben\u00f6tigen"},"content":{"rendered":"<p>Die zahn\u00e4rztliche Behandlung von Patienten die eine spezielle Behandlung ben\u00f6tigen erfordert besondere Umst\u00e4nde, da \u00a0die zahnkonservierende Interventionen und andere Ma\u00dfnahmen fast ausschlie\u00dflich nur unter Narkose durchgef\u00fchrt werden k\u00f6nnen, aber in einen herk\u00f6mmlichen Zahnarztpraxis gibt es keine M\u00f6glichkeiten f\u00fcr eine Allgemeinan\u00e4sthesie. Oft wird sogar eine einfache Zahnsteinentfernung in Narkose durchgef\u00fchrt, da die Mehrheit der Patienten in einer klinischen Umgebung nicht gut kooperiert. Daraus ergibt sich die Notwendigkeit f\u00fcr komplexe Zentren, die sowohl f\u00fcr die Narkose, sowie f\u00fcr die zahn\u00e4rztliche Behandlungen eine notwendige Infrastruktur zur Verf\u00fcgung stellen k\u00f6nnen.<\/p>\n<p><strong>Voraussetzungen der Behandlung unter besonderen Umst\u00e4nden an unser Klinik:<\/strong><\/p>\n<ul style=\"list-style-type: square\">\n<li><strong>regionale Einteilung<\/strong>: alle Bezirke von Budapest und alle Siedlungen von Ungarn mit einer Postleitzahl zwischen 2000-8157<\/li>\n<li>Alter: Wir erwarten Patienten ab 18 Jahren<\/li>\n<li>Anmeldung l\u00e4uft telefonisch: 06-1-266-0457 \/ 55856<\/li>\n<\/ul>\n<p>Bei Erstuntersuchung bitte mitbringen:<\/p>\n<ul style=\"list-style-type: square\">\n<li>g\u00fcltiges Personalausweis<\/li>\n<li>g\u00fcltige Sozialversicherungskarte<\/li>\n<li>g\u00fcltige Adressenkarte<\/li>\n<li>Nachweisdokument f\u00fcr die Notwendigkeit der Behandlung unter\u00a0 speziellen Umst\u00e4nden (Entlassungsbrief)<\/li>\n<li>im Fall der Vormundschaft, Nachweis der Vormundschaft und Einwilligung, wenn n\u00f6tig<\/li>\n<li>Vorherige Schlussberichte, eine Liste der Medikamente, Allergie\u00a0 \u00a0 \u00a0 Dokumentation<\/li>\n<\/ul>\n<p>&nbsp;<\/p>\n","protected":false},"excerpt":{"rendered":"<p>Die zahn\u00e4rztliche Behandlung von Patienten die eine spezielle Behandlung ben\u00f6tigen erfordert besondere Umst\u00e4nde, da \u00a0die zahnkonservierende Interventionen und andere Ma\u00dfnahmen fast ausschlie\u00dflich nur unter Narkose durchgef\u00fchrt werden k\u00f6nnen, aber in einen herk\u00f6mmlichen Zahnarztpraxis gibt es keine M\u00f6glichkeiten f\u00fcr eine Allgemeinan\u00e4sthesie. Oft wird sogar eine einfache Zahnsteinentfernung in Narkose durchgef\u00fchrt, da die Mehrheit der Patienten in &hellip;<\/p>\n","protected":false},"author":176,"featured_media":0,"parent":1176,"menu_order":3,"comment_status":"closed","ping_status":"closed","template":"","meta":{"_acf_changed":false,"footnotes":""},"categories":[],"tags":[],"class_list":["post-1183","page","type-page","status-publish","hentry"],"acf":[],"_links":{"self":[{"href":"https:\/\/semmelweis.hu\/szajsebeszet\/wp-json\/wp\/v2\/pages\/1183","targetHints":{"allow":["GET"]}}],"collection":[{"href":"https:\/\/semmelweis.hu\/szajsebeszet\/wp-json\/wp\/v2\/pages"}],"about":[{"href":"https:\/\/semmelweis.hu\/szajsebeszet\/wp-json\/wp\/v2\/types\/page"}],"author":[{"embeddable":true,"href":"https:\/\/semmelweis.hu\/szajsebeszet\/wp-json\/wp\/v2\/users\/176"}],"replies":[{"embeddable":true,"href":"https:\/\/semmelweis.hu\/szajsebeszet\/wp-json\/wp\/v2\/comments?post=1183"}],"version-history":[{"count":8,"href":"https:\/\/semmelweis.hu\/szajsebeszet\/wp-json\/wp\/v2\/pages\/1183\/revisions"}],"predecessor-version":[{"id":4274,"href":"https:\/\/semmelweis.hu\/szajsebeszet\/wp-json\/wp\/v2\/pages\/1183\/revisions\/4274"}],"up":[{"embeddable":true,"href":"https:\/\/semmelweis.hu\/szajsebeszet\/wp-json\/wp\/v2\/pages\/1176"}],"wp:attachment":[{"href":"https:\/\/semmelweis.hu\/szajsebeszet\/wp-json\/wp\/v2\/media?parent=1183"}],"wp:term":[{"taxonomy":"category","embeddable":true,"href":"https:\/\/semmelweis.hu\/szajsebeszet\/wp-json\/wp\/v2\/categories?post=1183"},{"taxonomy":"post_tag","embeddable":true,"href":"https:\/\/semmelweis.hu\/szajsebeszet\/wp-json\/wp\/v2\/tags?post=1183"}],"curies":[{"name":"wp","href":"https:\/\/api.w.org\/{rel}","templated":true}]}}