{"id":1180,"date":"2017-03-14T04:49:06","date_gmt":"2017-03-14T03:49:06","guid":{"rendered":"http:\/\/semmelweis.hu\/szajsebeszet\/?page_id=1180"},"modified":"2021-02-08T15:11:02","modified_gmt":"2021-02-08T14:11:02","slug":"krankenversorgung","status":"publish","type":"page","link":"https:\/\/semmelweis.hu\/szajsebeszet\/de\/patientsbehandlung\/krankenversorgung\/","title":{"rendered":"Station\u00e4re Aufnahme"},"content":{"rendered":"<p>Die eingewiesene Patienten werden erst in der Ambulanz untersucht, falls erforderlich, wird eine Absprache mit den Partnerkliniken oder unserer Krankenstation erfolgen. Laut der erstellten Diagnose und Behandlungsplan, laut der Art der Krankheit wird der Patient ambulant oder station\u00e4r behandelt.<\/p>\n<p>An der Station, die sich im dritten Stock befindet, werden Patienten mit den folgenden Krankheiten behandelt: Retinierte\/impaktierte Weisheitsz\u00e4hne, Kieferzysten, Entz\u00fcndungen, Kiefer-Gesicht Fehlbildungen, gut- und b\u00f6sartige Tumoren der Mundh\u00f6hle. Akute kieferchirurgische Behandlungen, wie Blutungen, Entz\u00fcndungen,\u00a0<span style=\"font-size: 1rem;\">Verletzungen der <\/span><span style=\"font-size: 1rem;\">Weichgewebe und Kieferknochen\u00a0 l\u00e4uft im Dienstzeit auch an der Station. Zahn\u00e4rztliche Notdienst ist an der Klinik nicht erreichbar.<\/span><\/p>\n<p>W\u00e4hrend Dienstzeiten bitten wir um Geduld, da die Versorgung von Patienten mit akuten Problemen ambulant und station\u00e4r in einem Bereich, nicht notwendigerweise in der Reihenfolge der Ankunft, durchgef\u00fchrt wird. Da an unserer Klinik neben den Patientenversorgung auch Ausbildung stattfindet, k\u00f6nnen bei den Untersuchungen und die Behandlungen auch Medizin- und Zahnmedizinstudenten teilnehmen.<\/p>\n<p>Die Patienten k\u00f6nnen unter der Woche von 16.00 bis 18.00 Uhr und an Wochenenden von 10.00 bis 18.00 Uhr besucht werden.<\/p>\n<p>Telefonwahl der Station: 55878<\/p>\n","protected":false},"excerpt":{"rendered":"<p>Die eingewiesene Patienten werden erst in der Ambulanz untersucht, falls erforderlich, wird eine Absprache mit den Partnerkliniken oder unserer Krankenstation erfolgen. Laut der erstellten Diagnose und Behandlungsplan, laut der Art der Krankheit wird der Patient ambulant oder station\u00e4r behandelt. An der Station, die sich im dritten Stock befindet, werden Patienten mit den folgenden Krankheiten behandelt: &hellip;<\/p>\n","protected":false},"author":176,"featured_media":0,"parent":1176,"menu_order":2,"comment_status":"closed","ping_status":"closed","template":"","meta":{"_acf_changed":false,"footnotes":""},"categories":[],"tags":[],"class_list":["post-1180","page","type-page","status-publish","hentry"],"acf":[],"_links":{"self":[{"href":"https:\/\/semmelweis.hu\/szajsebeszet\/wp-json\/wp\/v2\/pages\/1180","targetHints":{"allow":["GET"]}}],"collection":[{"href":"https:\/\/semmelweis.hu\/szajsebeszet\/wp-json\/wp\/v2\/pages"}],"about":[{"href":"https:\/\/semmelweis.hu\/szajsebeszet\/wp-json\/wp\/v2\/types\/page"}],"author":[{"embeddable":true,"href":"https:\/\/semmelweis.hu\/szajsebeszet\/wp-json\/wp\/v2\/users\/176"}],"replies":[{"embeddable":true,"href":"https:\/\/semmelweis.hu\/szajsebeszet\/wp-json\/wp\/v2\/comments?post=1180"}],"version-history":[{"count":5,"href":"https:\/\/semmelweis.hu\/szajsebeszet\/wp-json\/wp\/v2\/pages\/1180\/revisions"}],"predecessor-version":[{"id":2968,"href":"https:\/\/semmelweis.hu\/szajsebeszet\/wp-json\/wp\/v2\/pages\/1180\/revisions\/2968"}],"up":[{"embeddable":true,"href":"https:\/\/semmelweis.hu\/szajsebeszet\/wp-json\/wp\/v2\/pages\/1176"}],"wp:attachment":[{"href":"https:\/\/semmelweis.hu\/szajsebeszet\/wp-json\/wp\/v2\/media?parent=1180"}],"wp:term":[{"taxonomy":"category","embeddable":true,"href":"https:\/\/semmelweis.hu\/szajsebeszet\/wp-json\/wp\/v2\/categories?post=1180"},{"taxonomy":"post_tag","embeddable":true,"href":"https:\/\/semmelweis.hu\/szajsebeszet\/wp-json\/wp\/v2\/tags?post=1180"}],"curies":[{"name":"wp","href":"https:\/\/api.w.org\/{rel}","templated":true}]}}