{"id":1178,"date":"2017-03-14T04:47:56","date_gmt":"2017-03-14T03:47:56","guid":{"rendered":"http:\/\/semmelweis.hu\/szajsebeszet\/?page_id=1178"},"modified":"2023-10-10T12:56:45","modified_gmt":"2023-10-10T10:56:45","slug":"ambulante-versorgung","status":"publish","type":"page","link":"https:\/\/semmelweis.hu\/szajsebeszet\/de\/patientsbehandlung\/ambulante-versorgung\/","title":{"rendered":"Ambulante Behandlung"},"content":{"rendered":"<p>Die Patientenbehandlung in unserer Abteilung l\u00e4uft nach regionaler Einteilung. Nach der ersten Untersuchung besprechen wir einen Behandlungstermin. D<span style=\"font-size: 1rem\">ie oralchirurgische Ausbildung der Zahnmedizinstudenten <\/span><span style=\"font-size: 1rem\">\u00a0l\u00e4uft a<\/span><span style=\"font-size: 1rem\">n unser Klinik<\/span><span style=\"font-size: 1rem\">, so ist <\/span><span style=\"font-size: 1rem\">es<\/span><span style=\"font-size: 1rem\"> m\u00f6glich, dass die Behandlungen im Rahmen der Praktika durchgef\u00fchrt werden.\u00a0<\/span><\/p>\n<p>Unser Profil: Zahnwurzelentfernung, Entfernung von retinierten\/impaktierten Z\u00e4hnen (Weisheitsz\u00e4hne, Eckz\u00e4hne), chirurgische Entfernung von Zysten, die chirurgische Behandlung von Speichelsteinen, Wurzelspitzen-Resektion, MAV-Verschluss, zahn\u00e4rztliche Implantation, verschiedene <span style=\"font-size: 1rem\">\u00a0<\/span><span style=\"font-size: 1rem\">Knochena<\/span><span style=\"font-size: 1rem\">ugmentationsverfahren, Sinuselevation, Weichteiloperationen.<\/span><\/p>\n<p>Unser Abteilung befindet sich im Erdgeschoss. Telefonnummer: 06-1-266-0457 \/ 55867, 55888<\/p>\n<p>Die Patientenversorgung verl\u00e4uft nicht in der Reihenfolge der Ankunft.<\/p>\n<p>Wir bitten alle Neupatienten sich an Werktagen von 8:00-13:00 anmelden.<\/p>\n<p><strong>Bei Erstaufnahme bitte mitbringen:<\/strong><\/p>\n<ul style=\"list-style-type: square\">\n<li>Einweisungsschein<\/li>\n<li>g\u00fcltige Sozialversicherungskarte (TAJ)<\/li>\n<li>Personalausweis<\/li>\n<li>Adressenkarte<\/li>\n<\/ul>\n<p>Wenn Sie schon fr\u00fcher bei uns waren, ist es genug eine Sozialversicherungskarte.<\/p>\n<p>Die Anmeldung l\u00e4uft in der sich in der Hochparterre befindende Patientenanmeldungsb\u00fcro.<\/p>\n","protected":false},"excerpt":{"rendered":"<p>Die Patientenbehandlung in unserer Abteilung l\u00e4uft nach regionaler Einteilung. Nach der ersten Untersuchung besprechen wir einen Behandlungstermin. Die oralchirurgische Ausbildung der Zahnmedizinstudenten \u00a0l\u00e4uft an unser Klinik, so ist es m\u00f6glich, dass die Behandlungen im Rahmen der Praktika durchgef\u00fchrt werden.\u00a0 Unser Profil: Zahnwurzelentfernung, Entfernung von retinierten\/impaktierten Z\u00e4hnen (Weisheitsz\u00e4hne, Eckz\u00e4hne), chirurgische Entfernung von Zysten, die chirurgische Behandlung &hellip;<\/p>\n","protected":false},"author":176,"featured_media":0,"parent":1176,"menu_order":1,"comment_status":"closed","ping_status":"closed","template":"","meta":{"_acf_changed":false,"footnotes":""},"categories":[],"tags":[],"class_list":["post-1178","page","type-page","status-publish","hentry"],"acf":[],"_links":{"self":[{"href":"https:\/\/semmelweis.hu\/szajsebeszet\/wp-json\/wp\/v2\/pages\/1178","targetHints":{"allow":["GET"]}}],"collection":[{"href":"https:\/\/semmelweis.hu\/szajsebeszet\/wp-json\/wp\/v2\/pages"}],"about":[{"href":"https:\/\/semmelweis.hu\/szajsebeszet\/wp-json\/wp\/v2\/types\/page"}],"author":[{"embeddable":true,"href":"https:\/\/semmelweis.hu\/szajsebeszet\/wp-json\/wp\/v2\/users\/176"}],"replies":[{"embeddable":true,"href":"https:\/\/semmelweis.hu\/szajsebeszet\/wp-json\/wp\/v2\/comments?post=1178"}],"version-history":[{"count":8,"href":"https:\/\/semmelweis.hu\/szajsebeszet\/wp-json\/wp\/v2\/pages\/1178\/revisions"}],"predecessor-version":[{"id":4279,"href":"https:\/\/semmelweis.hu\/szajsebeszet\/wp-json\/wp\/v2\/pages\/1178\/revisions\/4279"}],"up":[{"embeddable":true,"href":"https:\/\/semmelweis.hu\/szajsebeszet\/wp-json\/wp\/v2\/pages\/1176"}],"wp:attachment":[{"href":"https:\/\/semmelweis.hu\/szajsebeszet\/wp-json\/wp\/v2\/media?parent=1178"}],"wp:term":[{"taxonomy":"category","embeddable":true,"href":"https:\/\/semmelweis.hu\/szajsebeszet\/wp-json\/wp\/v2\/categories?post=1178"},{"taxonomy":"post_tag","embeddable":true,"href":"https:\/\/semmelweis.hu\/szajsebeszet\/wp-json\/wp\/v2\/tags?post=1178"}],"curies":[{"name":"wp","href":"https:\/\/api.w.org\/{rel}","templated":true}]}}