{"id":1165,"date":"2017-03-14T04:05:01","date_gmt":"2017-03-14T03:05:01","guid":{"rendered":"http:\/\/semmelweis.hu\/szajsebeszet\/?page_id=1165"},"modified":"2022-02-17T22:17:15","modified_gmt":"2022-02-17T21:17:15","slug":"die-geschichte-der-klinik","status":"publish","type":"page","link":"https:\/\/semmelweis.hu\/szajsebeszet\/de\/ueber-uns\/die-geschichte-der-klinik\/","title":{"rendered":"Die Geschichte der Klinik"},"content":{"rendered":"<p style=\"text-align: justify\"><img loading=\"lazy\" decoding=\"async\" class=\"alignright\" src=\"https:\/\/semmelweis.hu\/szajsebeszet\/files\/2016\/09\/Arkovy_Jozsef_portre.jpg\" alt=\"\" width=\"158\" height=\"214\" \/>Die ungarische Mund-Kiefer-Gesichtschirurgie hat sich \u00a0aus der Allgemein- und vor allem aus der Kriegsmedizin entwickelt. W\u00e4hrend des Unabh\u00e4ngigkeitskrieges von 1848\/49 sammelte J\u00e1nos Balassa enorme Erfahrung in der ersten oralchirurgischen Eingriffen, die er auch notiert hatte. Sp\u00e4ter arbeitete er an der Behandlung von Gaumenspalten und der Entwicklung chirurgischer Techniken in diesem Gebiet. Das Zahnmedizinische Institut der Universit\u00e4t wurde 1890 unter der Leitung von J\u00f3zsef \u00c1rk\u00f6vy er\u00f6ffnet, dessen Arbeit und Anerkennung weit \u00fcber die Landesgrenzen hinausging. \u00c1rk\u00f6vy arbeitete als Chirurg in Ungarn und ging dann nach London, um Zahnmedizin zu studieren. Nach seinen Heimkehr gr\u00fcndete er die private und dann die universit\u00e4ts zahnmedizinische Schule, die Anfang des 20. Jahrhunderts offiziell in den medizinischen Lehrplan aufgenommen wurde (damals gab es keine unabh\u00e4ngige Zahnarztausbildung). Im Jahr 1900 wurde das Institut mit einen Dentallabor erweitert und gleichzeitig sind die M\u00f6glichkeiten zur Fertigstellung erstanden.<\/p>\n<p><img loading=\"lazy\" decoding=\"async\" class=\"aligncenter\" src=\"https:\/\/semmelweis.hu\/szajsebeszet\/files\/2016\/09\/RS43029_\u00c1rk\u00f6vy-klinik\u00e1ja-scr.jpg\" alt=\"\" width=\"796\" height=\"547\" \/><\/p>\n<p style=\"text-align: justify\">Die Gr\u00fcndung der Mund-Kiefer-Gesichtschirurgie und Stomatologie erfolgte im Jahr 1909, wann auf dem Grundst\u00fcck in der M\u00e1ria- und P\u00e1l-Stra\u00dfe eine der am besten ausgestatteten Zahnkliniken Europas, die Stomatologieklinik, er\u00f6ffnet wurde. Die Struktur und die Gesamtausstattung wurden unter Ber\u00fccksichtigung der Aspekte von Ausbildung und Facharztausbildung erstellt. Die Stomatologieklinik war eine der ersten Einrichtungen in Europa, die Station hatte.<\/p>\n<p><img decoding=\"async\" class=\"aligncenter\" src=\"https:\/\/semmelweis.hu\/szajsebeszet\/files\/2016\/09\/RS43017_103.-Stomatol\u00f3giai-Klinika-kezel\u0151-scr.jpg\" alt=\"\" \/><\/p>\n<p style=\"text-align: justify\">W\u00e4hrend des Ersten Weltkrieges begannen gro\u00dfe Fortschritte, da es f\u00fcr wichtig gehalten wurde, bei den vielen Gesichts- und Kieferverletzungen eine angemessene Versorgung zu gew\u00e4hrleisten. Die Stomatologieklinik war voll, und auch andere Behandlungsr\u00e4ume mussten zu Krankensaale und Operationsr\u00e4umen umgebaut werden. J\u00f3zsef \u00c1rk\u00f6vy zog sich 1920 zur\u00fcck und starb in 1922. Sein Nachfolger wurde J\u00f3zsef Szab\u00f3. W\u00e4hrend seiner Direktorzeit, sowohl im Bereich der Facharztausbildung als auch im Bereich des wissenschaftlichen Lebens, gab es eine deutliche Verbesserung: er renovierte die innere Struktur der Klinik und erweiterte die Ausbildung der Kiefer- und Gesichtschirurgie. Er erweiterte die Klinik mit den Standards seiner Alter, z.B. wurde eine R\u00f6ntgenabteilung eingerichtet und neue Disziplinen eingef\u00fchrt.<\/p>\n<p>&nbsp;<\/p>\n\r\n        [slb_exclude]\r\n        <div class=\"row galeria-wrapper mx-0 h-auto\">\r\n            <div class=\"col-9 pl-0 pr-2\">\r\n            <span class=\"gallery-item frame\">\r\n\t\t\t\t<div class=\"galeria-left-img\"><a href=\"https:\/\/semmelweis.hu\/szajsebeszet\/files\/2016\/09\/RS43021_107.-Stomatol\u00f3giai-Klinika-el\u0151ad\u00f3terem-scr.jpg\"><img src=https:\/\/semmelweis.hu\/szajsebeszet\/files\/2016\/09\/RS43021_107.-Stomatol\u00f3giai-Klinika-el\u0151ad\u00f3terem-scr.jpg  \r\n                            alt=\"Stomatol\u00f3giai Klinika el\u0151ad\u00f3terme 1909-ben \" \r\n                            class=\"attachment-sote-gallery-big size-sote-gallery-big\" \r\n                            srcset=\"https:\/\/semmelweis.hu\/szajsebeszet\/files\/2016\/09\/RS43021_107.-Stomatol\u00f3giai-Klinika-el\u0151ad\u00f3terem-scr-300x178.jpg 300w, https:\/\/semmelweis.hu\/szajsebeszet\/files\/2016\/09\/RS43021_107.-Stomatol\u00f3giai-Klinika-el\u0151ad\u00f3terem-scr-768x455.jpg 768w, https:\/\/semmelweis.hu\/szajsebeszet\/files\/2016\/09\/RS43021_107.-Stomatol\u00f3giai-Klinika-el\u0151ad\u00f3terem-scr-506x300.jpg 506w, https:\/\/semmelweis.hu\/szajsebeszet\/files\/2016\/09\/RS43021_107.-Stomatol\u00f3giai-Klinika-el\u0151ad\u00f3terem-scr.jpg 950w\" ><\/a><\/div>\r\n            <\/span>\r\n\r\n            <\/div>\r\n\r\n\t\t\t<div class=\"col-3 pl-0 pr-0\">\r\n\t\t\t\t<div class=\"galeria-right-img d-flex justify-content-between flex-column h-100 w-100 px-0 mx-0 \">\r\n                <div class=\"galeria-box\">\r\n\t\t\t\t\t<h3 class=\"galeria-title\">Gal\u00e9ria<\/h3>\r\n\t\t\t\t\t<div class=\"galeria-subtitle\">\r\n\r\n\t\t\t\t\t\t<div class=\"galeria-page-counter\"><span>6<\/span>k\u00e9p<\/div>\r\n                    <\/div> <\/div>\r\n                    <span class=\"gallery-item frame d-none d-md-flex\">\r\n\t\t\t\t\t<div class=\"galeria-small-img mt-0\"><a href=\"https:\/\/semmelweis.hu\/szajsebeszet\/files\/2016\/09\/RS43016_Stomatol\u00f3gia-3.-scr.jpg\"><img src=https:\/\/semmelweis.hu\/szajsebeszet\/files\/2016\/09\/RS43016_Stomatol\u00f3gia-3.-scr.jpg \r\n                                alt=\"Stomatol\u00f3giai Klinika - kezel\u0151 1909-ben\"  \r\n                                class=\"attachment-sote-gallery-small size-sote-gallery-small\" \r\n                                srcset=\"https:\/\/semmelweis.hu\/szajsebeszet\/files\/2016\/09\/RS43016_Stomatol\u00f3gia-3.-scr-300x203.jpg 300w, https:\/\/semmelweis.hu\/szajsebeszet\/files\/2016\/09\/RS43016_Stomatol\u00f3gia-3.-scr-768x521.jpg 768w, https:\/\/semmelweis.hu\/szajsebeszet\/files\/2016\/09\/RS43016_Stomatol\u00f3gia-3.-scr-443x300.jpg 443w, https:\/\/semmelweis.hu\/szajsebeszet\/files\/2016\/09\/RS43016_Stomatol\u00f3gia-3.-scr.jpg 950w\" ><\/a><\/div>\r\n                    <\/span>\r\n                    <span class=\"gallery-item frame d-none d-md-flex\">\r\n\t\t\t\t\t<div class=\"galeria-small-img mt-0\"><a href=\"https:\/\/semmelweis.hu\/szajsebeszet\/files\/2016\/09\/RS43018_104.-Stomatol\u00f3giai-Klinika-kezel\u0151-scr.jpg\"><img src=https:\/\/semmelweis.hu\/szajsebeszet\/files\/2016\/09\/RS43018_104.-Stomatol\u00f3giai-Klinika-kezel\u0151-scr.jpg \r\n                                alt=\"Stomatol\u00f3giai Klinika - kezel\u0151 1909-ben\" \r\n                                class=\"attachment-sote-gallery-small size-sote-gallery-small\" \r\n                                srcset=\"https:\/\/semmelweis.hu\/szajsebeszet\/files\/2016\/09\/RS43018_104.-Stomatol\u00f3giai-Klinika-kezel\u0151-scr-300x185.jpg 300w, https:\/\/semmelweis.hu\/szajsebeszet\/files\/2016\/09\/RS43018_104.-Stomatol\u00f3giai-Klinika-kezel\u0151-scr-768x474.jpg 768w, https:\/\/semmelweis.hu\/szajsebeszet\/files\/2016\/09\/RS43018_104.-Stomatol\u00f3giai-Klinika-kezel\u0151-scr-486x300.jpg 486w, https:\/\/semmelweis.hu\/szajsebeszet\/files\/2016\/09\/RS43018_104.-Stomatol\u00f3giai-Klinika-kezel\u0151-scr.jpg 950w\" ><\/a><\/div>\r\n                    <\/span>\r\n\r\n                <\/div>\r\n\r\n            <\/div>\r\n\r\n            <span class=\"gallery-item\"><div class=\"hidden\"><a href=\"https:\/\/semmelweis.hu\/szajsebeszet\/files\/2016\/09\/RS43019_105.-Stomatol\u00f3giai-Klinika-kezel\u0151-scr.jpg\">\r\n        <img src=https:\/\/semmelweis.hu\/szajsebeszet\/files\/2016\/09\/RS43019_105.-Stomatol\u00f3giai-Klinika-kezel\u0151-scr.jpg alt=\"Stomatol\u00f3giai Klinika - kezel\u0151 1909-ben \" class=\"attachment-sote-gallery-big size-sote-gallery-big\" srcset=\"https:\/\/semmelweis.hu\/szajsebeszet\/files\/2016\/09\/RS43019_105.-Stomatol\u00f3giai-Klinika-kezel\u0151-scr-300x182.jpg 300w, https:\/\/semmelweis.hu\/szajsebeszet\/files\/2016\/09\/RS43019_105.-Stomatol\u00f3giai-Klinika-kezel\u0151-scr-768x466.jpg 768w, https:\/\/semmelweis.hu\/szajsebeszet\/files\/2016\/09\/RS43019_105.-Stomatol\u00f3giai-Klinika-kezel\u0151-scr-494x300.jpg 494w, https:\/\/semmelweis.hu\/szajsebeszet\/files\/2016\/09\/RS43019_105.-Stomatol\u00f3giai-Klinika-kezel\u0151-scr.jpg 950w\" >\r\n        <\/a><\/div><\/span><span class=\"gallery-item\"><div class=\"hidden\"><a href=\"https:\/\/semmelweis.hu\/szajsebeszet\/files\/2016\/09\/RS43014_100.-Stomatol\u00f3giai-Klinika-fogtechnikai-laborat\u00f3rium-scr.jpg\">\r\n        <img src=https:\/\/semmelweis.hu\/szajsebeszet\/files\/2016\/09\/RS43014_100.-Stomatol\u00f3giai-Klinika-fogtechnikai-laborat\u00f3rium-scr.jpg alt=\"Stomatol\u00f3giai Klinika fogtechnikai laborat\u00f3riuma 1909-ben \" class=\"attachment-sote-gallery-big size-sote-gallery-big\" srcset=\"https:\/\/semmelweis.hu\/szajsebeszet\/files\/2016\/09\/RS43014_100.-Stomatol\u00f3giai-Klinika-fogtechnikai-laborat\u00f3rium-scr-300x186.jpg 300w, https:\/\/semmelweis.hu\/szajsebeszet\/files\/2016\/09\/RS43014_100.-Stomatol\u00f3giai-Klinika-fogtechnikai-laborat\u00f3rium-scr-768x476.jpg 768w, https:\/\/semmelweis.hu\/szajsebeszet\/files\/2016\/09\/RS43014_100.-Stomatol\u00f3giai-Klinika-fogtechnikai-laborat\u00f3rium-scr-484x300.jpg 484w, https:\/\/semmelweis.hu\/szajsebeszet\/files\/2016\/09\/RS43014_100.-Stomatol\u00f3giai-Klinika-fogtechnikai-laborat\u00f3rium-scr.jpg 950w\" >\r\n        <\/a><\/div><\/span><span class=\"gallery-item\"><div class=\"hidden\"><a href=\"https:\/\/semmelweis.hu\/szajsebeszet\/files\/2016\/09\/RS43015_101.-Stomatol\u00f3giai-Klinika-sz\u00f6vettani-\u00e9s-bakteriol\u00f3giai-labor-scr.jpg\">\r\n        <img src=https:\/\/semmelweis.hu\/szajsebeszet\/files\/2016\/09\/RS43015_101.-Stomatol\u00f3giai-Klinika-sz\u00f6vettani-\u00e9s-bakteriol\u00f3giai-labor-scr.jpg alt=\"Stomatol\u00f3giai Klinika - sz\u00f6vettani \u00e9s bakteriol\u00f3giai labor 1909-ben \" class=\"attachment-sote-gallery-big size-sote-gallery-big\" srcset=\"https:\/\/semmelweis.hu\/szajsebeszet\/files\/2016\/09\/RS43015_101.-Stomatol\u00f3giai-Klinika-sz\u00f6vettani-\u00e9s-bakteriol\u00f3giai-labor-scr-300x182.jpg 300w, https:\/\/semmelweis.hu\/szajsebeszet\/files\/2016\/09\/RS43015_101.-Stomatol\u00f3giai-Klinika-sz\u00f6vettani-\u00e9s-bakteriol\u00f3giai-labor-scr-768x466.jpg 768w, https:\/\/semmelweis.hu\/szajsebeszet\/files\/2016\/09\/RS43015_101.-Stomatol\u00f3giai-Klinika-sz\u00f6vettani-\u00e9s-bakteriol\u00f3giai-labor-scr-495x300.jpg 495w, https:\/\/semmelweis.hu\/szajsebeszet\/files\/2016\/09\/RS43015_101.-Stomatol\u00f3giai-Klinika-sz\u00f6vettani-\u00e9s-bakteriol\u00f3giai-labor-scr.jpg 950w\" >\r\n        <\/a><\/div><\/span>\r\n            <\/div>\r\n\r\n            [\/slb_exclude]\r\n\t\n<p style=\"text-align: justify\">Nach dem Tod von Szab\u00f3 war D\u00e9nes M\u00e1th\u00e9 aus einer bekannten Zahnarzt-Dynastie der neue Direktor der Klinik, gefolgt von Balogh K\u00e1roly in 1944. Laut seiner Initiative wurde die Zahnmedizin ab 1947 als Pflichtfach in der medizinischen Ausbildung eingef\u00fchrt, und 1955 gr\u00fcndete er die unabh\u00e4ngige Fakult\u00e4t f\u00fcr Zahnmedizin. Die Vortraghalter der zahn\u00e4rztliche F\u00e4cher waren Angestellte der Klinik, die in wenigen Jahren einen Universit\u00e4tsdozent- oder Universit\u00e4tsprofessor Titel erworben haben. K\u00e1roly Balogh war der Dekan der Fakult\u00e4t f\u00fcr Medizin im akademischen Jahr 1946\/1947 und dann von 1955 bis 1964 auch von der Fakult\u00e4t f\u00fcr Zahnmedizin. Als Dekan der Fakult\u00e4t f\u00fcr Zahnmedizin organisierte er 1959 die vier zahnmedizinischen Abteilungen. Seit 1971 ist es m\u00f6glich eine Facharztpr\u00fcfung von Oralchirurgie zu absolvieren.<\/p>\n<p>1997 wurde die Abteilung f\u00fcr Oralchirurgie umgebaut und die Ausstattung der Kliniken erneuert sowie der Operationssaal modernisiert. 2001 wurde die neue station\u00e4re Abteilung \u00fcbergeben.<\/p>\n","protected":false},"excerpt":{"rendered":"<p>Die ungarische Mund-Kiefer-Gesichtschirurgie hat sich \u00a0aus der Allgemein- und vor allem aus der Kriegsmedizin entwickelt. W\u00e4hrend des Unabh\u00e4ngigkeitskrieges von 1848\/49 sammelte J\u00e1nos Balassa enorme Erfahrung in der ersten oralchirurgischen Eingriffen, die er auch notiert hatte. Sp\u00e4ter arbeitete er an der Behandlung von Gaumenspalten und der Entwicklung chirurgischer Techniken in diesem Gebiet. Das Zahnmedizinische Institut der &hellip;<\/p>\n","protected":false},"author":176,"featured_media":0,"parent":3595,"menu_order":1,"comment_status":"closed","ping_status":"closed","template":"","meta":{"_acf_changed":false,"footnotes":""},"categories":[],"tags":[],"class_list":["post-1165","page","type-page","status-publish","hentry"],"acf":[],"_links":{"self":[{"href":"https:\/\/semmelweis.hu\/szajsebeszet\/wp-json\/wp\/v2\/pages\/1165","targetHints":{"allow":["GET"]}}],"collection":[{"href":"https:\/\/semmelweis.hu\/szajsebeszet\/wp-json\/wp\/v2\/pages"}],"about":[{"href":"https:\/\/semmelweis.hu\/szajsebeszet\/wp-json\/wp\/v2\/types\/page"}],"author":[{"embeddable":true,"href":"https:\/\/semmelweis.hu\/szajsebeszet\/wp-json\/wp\/v2\/users\/176"}],"replies":[{"embeddable":true,"href":"https:\/\/semmelweis.hu\/szajsebeszet\/wp-json\/wp\/v2\/comments?post=1165"}],"version-history":[{"count":8,"href":"https:\/\/semmelweis.hu\/szajsebeszet\/wp-json\/wp\/v2\/pages\/1165\/revisions"}],"predecessor-version":[{"id":3605,"href":"https:\/\/semmelweis.hu\/szajsebeszet\/wp-json\/wp\/v2\/pages\/1165\/revisions\/3605"}],"up":[{"embeddable":true,"href":"https:\/\/semmelweis.hu\/szajsebeszet\/wp-json\/wp\/v2\/pages\/3595"}],"wp:attachment":[{"href":"https:\/\/semmelweis.hu\/szajsebeszet\/wp-json\/wp\/v2\/media?parent=1165"}],"wp:term":[{"taxonomy":"category","embeddable":true,"href":"https:\/\/semmelweis.hu\/szajsebeszet\/wp-json\/wp\/v2\/categories?post=1165"},{"taxonomy":"post_tag","embeddable":true,"href":"https:\/\/semmelweis.hu\/szajsebeszet\/wp-json\/wp\/v2\/tags?post=1165"}],"curies":[{"name":"wp","href":"https:\/\/api.w.org\/{rel}","templated":true}]}}