{"id":1163,"date":"2017-03-14T04:01:25","date_gmt":"2017-03-14T03:01:25","guid":{"rendered":"http:\/\/semmelweis.hu\/szajsebeszet\/?page_id=1163"},"modified":"2022-02-17T10:41:33","modified_gmt":"2022-02-17T09:41:33","slug":"uber-uns","status":"publish","type":"page","link":"https:\/\/semmelweis.hu\/szajsebeszet\/de\/ueber-uns\/uber-uns\/","title":{"rendered":"\u00dcber die Klinik"},"content":{"rendered":"<p><img loading=\"lazy\" decoding=\"async\" class=\"alignright\" src=\"https:\/\/semmelweis.hu\/szajsebeszet\/files\/2012\/01\/RS13485_KA-20120917-IMG_5247-scr.jpg\" alt=\"\" width=\"202\" height=\"303\" \/><\/p>\n<p style=\"text-align: justify\">In der Klinik f\u00fcr Kiefer-, Gesichtschirurgie und Stomatologie der Fakult\u00e4t f\u00fcr Zahnheilkunde werden j\u00e4hrlich mehr als 44.000 Patienten behandelt und 1.400 gr\u00f6\u00dfere, Kiefer- und Gesichtschirurgische Operationen durchgef\u00fchrt. Die Klinik unterrichtet Zahnmedizinstudenten in Oralchirurgie, Propedeutik, Orale Implantologie und Praxisorganisation sowie Praktika f\u00fcr Medizinstudenten in Stomatologie.<\/p>\n<p style=\"text-align: justify\">Die Klinik wurde in 1908 von J\u00f3zsef \u00c1rk\u00f6vy gegr\u00fcndet, dessen Arbeit und Anerkennung weltweit ber\u00fchmt ist. Es war die erste Zahnklinik in Europa mit einer station\u00e4ren Abteilung.<\/p>\n<p style=\"text-align: justify\">Die Klinik verf\u00fcgt \u00fcber eine Abteilung f\u00fcr Mund-Kiefer-Gesichtschirurgie, eine Abteilung f\u00fcr dentoalveol\u00e4re Chirurgie sowie eine R\u00f6ntgenabteilung. Die Aktivit\u00e4ten der dentoalveol\u00e4ren Chirurgie umfassen Implantologie, pr\u00e4prothetische Operationen, Knochenersatzverfahren, Entfernung von verlagerten und retinierten Z\u00e4hne und chirurgische Zahnentfernungen. Die Mund-Kiefer-Gesichtschirurgie umfasst die chirurgische Behandlung von gutartigen und b\u00f6sartigen Tumoren im Kopf- und Halsbereich, plastische und rekonstruktive Operationen, Mikrochirurgie, Gesichtsschmerzen, Behandlung von Fehlbildungen, Traumatologie usw.<\/p>\n<p style=\"text-align: justify\">Seit 2014 verf\u00fcgt die Klinik \u00fcber eine Abteilung\u00a0 die speziell f\u00fcr Kindern und Erwachsenen mit besonderen Bed\u00fcrfnissen verf\u00fcgbar ist. Der speziell ausgestattete Pflegeort verf\u00fcgt \u00fcber ein Team von Fachleuten mit einzigartigem Fachwissen. Es gibt insgesamt sechs solcher Zentren im Land, mit etwa 500 Interventionen pro Jahr an der Semmelweis-Universit\u00e4t.<\/p>\n<p><img loading=\"lazy\" decoding=\"async\" class=\"alignleft\" src=\"https:\/\/semmelweis.hu\/szajsebeszet\/files\/2012\/01\/RS13472_KA-20120917-IMG_5199-scr.jpg\" alt=\"\" width=\"329\" height=\"219\" \/><\/p>\n<p style=\"text-align: justify\">Die Klinik unterrichtet Zahnmedizinstudenten im 3., 4. und 5. Studienjahr in Oralchirurgie, Propedeutik, Orale Implantologie und Praxisorganisation sowie f\u00fcr <span style=\"font-size: 1rem\">in ungarische, deutsche und englishe <\/span><span style=\"font-size: 1rem\">Allgemeinmedizinstudenten\u00a0 (Praktikum) Stomatologie. Eine gro\u00dfe Anzahl von Studenten bereitet Dissertationen und Dissertationen des TDK und des Rektors in der Klinik vor. Hochwertige Bachelor- und Postgraduiertenausbildung wird auch von ausl\u00e4ndischen Partneruniversit\u00e4ten anerkannt. Die Klinik bildet j\u00e4hrlich 10-12 Kieferchirurgen aus und untersucht sie. Die Ausbilder der Klinik halten regelm\u00e4\u00dfig Vorlesungen zu verschiedenen Kursen zur Pr\u00fcfungsvorbereitung sowie regelm\u00e4\u00dfig Weiterbildungen und Vorlesungen f\u00fcr Kieferchirurgen, Zahn\u00e4rzte, Chirurgen, Augen\u00e4rzte und HNO-\u00c4rzte sowie Fachkandidaten.<\/span><\/p>\n<p><img loading=\"lazy\" decoding=\"async\" class=\"alignright\" src=\"https:\/\/semmelweis.hu\/szajsebeszet\/files\/2012\/01\/RS39599_KA-20151127-IMG_4881-scr.jpg\" alt=\"\" width=\"330\" height=\"220\" \/><\/p>\n<p style=\"text-align: justify\">Die wichtigsten Forschungsbereiche der Klinik umfassen die Optimierung und Erforschung der Form, Materialzusammensetzung und Oberfl\u00e4cheneigenschaften von Implantaten und medizinischen Instrumenten, die in der Kiefer- und Gesichtschirurgie eingesetzt werden. Klinische Anwendung verschiedener Knochenersatzprodukte, Verfahren zur Knochenregeneration; Entwicklung neuer chemotherapeutischer Protokolle zur Behandlung von Kopf-Hals-Tumoren; und klinische und pathologische Untersuchung von malignen Erkrankungen der Mundh\u00f6hle bei Jugendlichen, Prevention und Behandlung der Osteonekrose.\u00a0<\/p>\n<p style=\"text-align: justify\">Die Klinik beherbergt das Sekretariat der Ungarischen Gesellschaft f\u00fcr Mund-Kiefer- und Gesichtschirurgie, Ungarische Gesellschaft f\u00fcr Zahn\u00e4rztliche Implantologie sowie eine Stiftung, die die Aus- und Weiterbildung von Medizinstudenten und jungen Oralchirurgen f\u00f6rdern sollen.<\/p>\n","protected":false},"excerpt":{"rendered":"<p>In der Klinik f\u00fcr Kiefer-, Gesichtschirurgie und Stomatologie der Fakult\u00e4t f\u00fcr Zahnheilkunde werden j\u00e4hrlich mehr als 44.000 Patienten behandelt und 1.400 gr\u00f6\u00dfere, Kiefer- und Gesichtschirurgische Operationen durchgef\u00fchrt. Die Klinik unterrichtet Zahnmedizinstudenten in Oralchirurgie, Propedeutik, Orale Implantologie und Praxisorganisation sowie Praktika f\u00fcr Medizinstudenten in Stomatologie. Die Klinik wurde in 1908 von J\u00f3zsef \u00c1rk\u00f6vy gegr\u00fcndet, dessen Arbeit &hellip;<\/p>\n","protected":false},"author":176,"featured_media":2176,"parent":3595,"menu_order":0,"comment_status":"closed","ping_status":"closed","template":"","meta":{"_acf_changed":false,"footnotes":""},"categories":[],"tags":[],"class_list":["post-1163","page","type-page","status-publish","has-post-thumbnail","hentry"],"acf":[],"_links":{"self":[{"href":"https:\/\/semmelweis.hu\/szajsebeszet\/wp-json\/wp\/v2\/pages\/1163","targetHints":{"allow":["GET"]}}],"collection":[{"href":"https:\/\/semmelweis.hu\/szajsebeszet\/wp-json\/wp\/v2\/pages"}],"about":[{"href":"https:\/\/semmelweis.hu\/szajsebeszet\/wp-json\/wp\/v2\/types\/page"}],"author":[{"embeddable":true,"href":"https:\/\/semmelweis.hu\/szajsebeszet\/wp-json\/wp\/v2\/users\/176"}],"replies":[{"embeddable":true,"href":"https:\/\/semmelweis.hu\/szajsebeszet\/wp-json\/wp\/v2\/comments?post=1163"}],"version-history":[{"count":10,"href":"https:\/\/semmelweis.hu\/szajsebeszet\/wp-json\/wp\/v2\/pages\/1163\/revisions"}],"predecessor-version":[{"id":3594,"href":"https:\/\/semmelweis.hu\/szajsebeszet\/wp-json\/wp\/v2\/pages\/1163\/revisions\/3594"}],"up":[{"embeddable":true,"href":"https:\/\/semmelweis.hu\/szajsebeszet\/wp-json\/wp\/v2\/pages\/3595"}],"wp:featuredmedia":[{"embeddable":true,"href":"https:\/\/semmelweis.hu\/szajsebeszet\/wp-json\/wp\/v2\/media\/2176"}],"wp:attachment":[{"href":"https:\/\/semmelweis.hu\/szajsebeszet\/wp-json\/wp\/v2\/media?parent=1163"}],"wp:term":[{"taxonomy":"category","embeddable":true,"href":"https:\/\/semmelweis.hu\/szajsebeszet\/wp-json\/wp\/v2\/categories?post=1163"},{"taxonomy":"post_tag","embeddable":true,"href":"https:\/\/semmelweis.hu\/szajsebeszet\/wp-json\/wp\/v2\/tags?post=1163"}],"curies":[{"name":"wp","href":"https:\/\/api.w.org\/{rel}","templated":true}]}}