{"id":1026,"date":"2017-03-13T05:17:38","date_gmt":"2017-03-13T04:17:38","guid":{"rendered":"http:\/\/semmelweis.hu\/szajsebeszet\/?page_id=1026"},"modified":"2022-02-17T10:52:16","modified_gmt":"2022-02-17T09:52:16","slug":"history","status":"publish","type":"page","link":"https:\/\/semmelweis.hu\/szajsebeszet\/en\/about-us\/history\/","title":{"rendered":"History of the Clinic"},"content":{"rendered":"<p>&nbsp;<\/p>\n<figure style=\"width: 167px\" class=\"wp-caption alignright\"><img loading=\"lazy\" decoding=\"async\" src=\"https:\/\/semmelweis.hu\/szajsebeszet\/files\/2016\/09\/Arkovy_Jozsef_portre.jpg\" alt=\"\" width=\"167\" height=\"216\" \/><figcaption class=\"wp-caption-text\">J\u00f3zsef \u00c1rk\u00f6vy<\/figcaption><\/figure>\n<p>The Hungarian oral and maxillofacial surgery has primarily grown from\u00a0 \u00a0warfare medicine. During the 1848-49 War of Independence, J\u00e1nos Balassa gained tremendous experience in the first oral surgeon-type surgery that he also wrote down and later on he worked on\u00a0 \u00a0treating cleft palate and developing surgical techniques in that field. The University Dental Institute was opened in 1890, headed by J\u00f3zsef \u00c1rk\u00f6vy, whose work and recognition was far beyond the borders of the country. \u00c1rk\u00f6vy worked as a surgeon\u00a0 in Hungary, then he went to London to study dentistry. From there, he founded the private and then the university dental school, which was officially admitted to the medical curriculum in the early 1900s (at that time there was no independent dentist training). In 1900, the institute was expanded with a dental laboratory and at the same time the possibilities for completing it were opened.<\/p>\n<figure style=\"width: 736px\" class=\"wp-caption alignnone\"><img loading=\"lazy\" decoding=\"async\" src=\"https:\/\/semmelweis.hu\/szajsebeszet\/files\/2016\/09\/RS43029_%C3%81rk%C3%B6vy-klinik%C3%A1ja-scr.jpg\" alt=\"\" width=\"736\" height=\"506\" \/><figcaption class=\"wp-caption-text\">Department of the Dental Institute around 1896<\/figcaption><\/figure>\n<p>The establishment of the\u00a0recent Department of Oro-Maxillofacial Surgery and Stomatology\u00a0 took place in 1909, when one of the best-equipped dental clinics in Europe, so called Stomatology Clinic was built and opened on the plot bounded by M\u00e1ria and P\u00e1l Street. Its structure and overall furnishings were made with the utmost consideration of the aspects of education and specialist training. The Clinic of Dentistry was one of the first institutions in Europe to have in-patient care.<\/p>\n<figure style=\"width: 950px\" class=\"wp-caption alignnone\"><img loading=\"lazy\" decoding=\"async\" src=\"https:\/\/semmelweis.hu\/szajsebeszet\/files\/2016\/09\/RS43017_103.-Stomatol%C3%B3giai-Klinika-kezel%C5%91-scr.jpg\" alt=\"\" width=\"950\" height=\"584\" \/><figcaption class=\"wp-caption-text\">Stomatology Clinic &#8211; treatment room in 1909<\/figcaption><\/figure>\n<p>During World War I, great progress began, as it was considered important to provide adequate care for many facial and jaw injuries. The Dental Clinic was full, and even other treatment rooms had to be converted into hospital rooms and operating rooms. J\u00f3zsef \u00c1rk\u00f6vy retired in 1920 and died in 1922. His successor was J\u00f3zsef Szab\u00f3. During his period of directorship, both in the field of specialist training and in the field of scientific life there was a significant improvement: he renovated the internal structure of the Clinic and expanded the training of maxillofacial surgery. He expanded the clinic to the professional standard of the age, eg. X-ray department have been established and new disciplines have been introduced.<\/p>\n\r\n        [slb_exclude]\r\n        <div class=\"row galeria-wrapper mx-0 h-auto\">\r\n            <div class=\"col-9 pl-0 pr-2\">\r\n            <span class=\"gallery-item frame\">\r\n\t\t\t\t<div class=\"galeria-left-img\"><a href=\"https:\/\/semmelweis.hu\/szajsebeszet\/files\/2016\/09\/RS43021_107.-Stomatol\u00f3giai-Klinika-el\u0151ad\u00f3terem-scr.jpg\"><img src=https:\/\/semmelweis.hu\/szajsebeszet\/files\/2016\/09\/RS43021_107.-Stomatol\u00f3giai-Klinika-el\u0151ad\u00f3terem-scr.jpg  \r\n                            alt=\"Stomatol\u00f3giai Klinika el\u0151ad\u00f3terme 1909-ben \" \r\n                            class=\"attachment-sote-gallery-big size-sote-gallery-big\" \r\n                            srcset=\"https:\/\/semmelweis.hu\/szajsebeszet\/files\/2016\/09\/RS43021_107.-Stomatol\u00f3giai-Klinika-el\u0151ad\u00f3terem-scr-300x178.jpg 300w, https:\/\/semmelweis.hu\/szajsebeszet\/files\/2016\/09\/RS43021_107.-Stomatol\u00f3giai-Klinika-el\u0151ad\u00f3terem-scr-768x455.jpg 768w, https:\/\/semmelweis.hu\/szajsebeszet\/files\/2016\/09\/RS43021_107.-Stomatol\u00f3giai-Klinika-el\u0151ad\u00f3terem-scr-506x300.jpg 506w, https:\/\/semmelweis.hu\/szajsebeszet\/files\/2016\/09\/RS43021_107.-Stomatol\u00f3giai-Klinika-el\u0151ad\u00f3terem-scr.jpg 950w\" ><\/a><\/div>\r\n            <\/span>\r\n\r\n            <\/div>\r\n\r\n\t\t\t<div class=\"col-3 pl-0 pr-0\">\r\n\t\t\t\t<div class=\"galeria-right-img d-flex justify-content-between flex-column h-100 w-100 px-0 mx-0 \">\r\n                <div class=\"galeria-box\">\r\n\t\t\t\t\t<h3 class=\"galeria-title\">Gal\u00e9ria<\/h3>\r\n\t\t\t\t\t<div class=\"galeria-subtitle\">\r\n\r\n\t\t\t\t\t\t<div class=\"galeria-page-counter\"><span>6<\/span>k\u00e9p<\/div>\r\n                    <\/div> <\/div>\r\n                    <span class=\"gallery-item frame d-none d-md-flex\">\r\n\t\t\t\t\t<div class=\"galeria-small-img mt-0\"><a href=\"https:\/\/semmelweis.hu\/szajsebeszet\/files\/2016\/09\/RS43016_Stomatol\u00f3gia-3.-scr.jpg\"><img src=https:\/\/semmelweis.hu\/szajsebeszet\/files\/2016\/09\/RS43016_Stomatol\u00f3gia-3.-scr.jpg \r\n                                alt=\"Stomatol\u00f3giai Klinika - kezel\u0151 1909-ben\"  \r\n                                class=\"attachment-sote-gallery-small size-sote-gallery-small\" \r\n                                srcset=\"https:\/\/semmelweis.hu\/szajsebeszet\/files\/2016\/09\/RS43016_Stomatol\u00f3gia-3.-scr-300x203.jpg 300w, https:\/\/semmelweis.hu\/szajsebeszet\/files\/2016\/09\/RS43016_Stomatol\u00f3gia-3.-scr-768x521.jpg 768w, https:\/\/semmelweis.hu\/szajsebeszet\/files\/2016\/09\/RS43016_Stomatol\u00f3gia-3.-scr-443x300.jpg 443w, https:\/\/semmelweis.hu\/szajsebeszet\/files\/2016\/09\/RS43016_Stomatol\u00f3gia-3.-scr.jpg 950w\" ><\/a><\/div>\r\n                    <\/span>\r\n                    <span class=\"gallery-item frame d-none d-md-flex\">\r\n\t\t\t\t\t<div class=\"galeria-small-img mt-0\"><a href=\"https:\/\/semmelweis.hu\/szajsebeszet\/files\/2016\/09\/RS43018_104.-Stomatol\u00f3giai-Klinika-kezel\u0151-scr.jpg\"><img src=https:\/\/semmelweis.hu\/szajsebeszet\/files\/2016\/09\/RS43018_104.-Stomatol\u00f3giai-Klinika-kezel\u0151-scr.jpg \r\n                                alt=\"Stomatol\u00f3giai Klinika - kezel\u0151 1909-ben\" \r\n                                class=\"attachment-sote-gallery-small size-sote-gallery-small\" \r\n                                srcset=\"https:\/\/semmelweis.hu\/szajsebeszet\/files\/2016\/09\/RS43018_104.-Stomatol\u00f3giai-Klinika-kezel\u0151-scr-300x185.jpg 300w, https:\/\/semmelweis.hu\/szajsebeszet\/files\/2016\/09\/RS43018_104.-Stomatol\u00f3giai-Klinika-kezel\u0151-scr-768x474.jpg 768w, https:\/\/semmelweis.hu\/szajsebeszet\/files\/2016\/09\/RS43018_104.-Stomatol\u00f3giai-Klinika-kezel\u0151-scr-486x300.jpg 486w, https:\/\/semmelweis.hu\/szajsebeszet\/files\/2016\/09\/RS43018_104.-Stomatol\u00f3giai-Klinika-kezel\u0151-scr.jpg 950w\" ><\/a><\/div>\r\n                    <\/span>\r\n\r\n                <\/div>\r\n\r\n            <\/div>\r\n\r\n            <span class=\"gallery-item\"><div class=\"hidden\"><a href=\"https:\/\/semmelweis.hu\/szajsebeszet\/files\/2016\/09\/RS43019_105.-Stomatol\u00f3giai-Klinika-kezel\u0151-scr.jpg\">\r\n        <img src=https:\/\/semmelweis.hu\/szajsebeszet\/files\/2016\/09\/RS43019_105.-Stomatol\u00f3giai-Klinika-kezel\u0151-scr.jpg alt=\"Stomatol\u00f3giai Klinika - kezel\u0151 1909-ben \" class=\"attachment-sote-gallery-big size-sote-gallery-big\" srcset=\"https:\/\/semmelweis.hu\/szajsebeszet\/files\/2016\/09\/RS43019_105.-Stomatol\u00f3giai-Klinika-kezel\u0151-scr-300x182.jpg 300w, https:\/\/semmelweis.hu\/szajsebeszet\/files\/2016\/09\/RS43019_105.-Stomatol\u00f3giai-Klinika-kezel\u0151-scr-768x466.jpg 768w, https:\/\/semmelweis.hu\/szajsebeszet\/files\/2016\/09\/RS43019_105.-Stomatol\u00f3giai-Klinika-kezel\u0151-scr-494x300.jpg 494w, https:\/\/semmelweis.hu\/szajsebeszet\/files\/2016\/09\/RS43019_105.-Stomatol\u00f3giai-Klinika-kezel\u0151-scr.jpg 950w\" >\r\n        <\/a><\/div><\/span><span class=\"gallery-item\"><div class=\"hidden\"><a href=\"https:\/\/semmelweis.hu\/szajsebeszet\/files\/2016\/09\/RS43014_100.-Stomatol\u00f3giai-Klinika-fogtechnikai-laborat\u00f3rium-scr.jpg\">\r\n        <img src=https:\/\/semmelweis.hu\/szajsebeszet\/files\/2016\/09\/RS43014_100.-Stomatol\u00f3giai-Klinika-fogtechnikai-laborat\u00f3rium-scr.jpg alt=\"Stomatol\u00f3giai Klinika fogtechnikai laborat\u00f3riuma 1909-ben \" class=\"attachment-sote-gallery-big size-sote-gallery-big\" srcset=\"https:\/\/semmelweis.hu\/szajsebeszet\/files\/2016\/09\/RS43014_100.-Stomatol\u00f3giai-Klinika-fogtechnikai-laborat\u00f3rium-scr-300x186.jpg 300w, https:\/\/semmelweis.hu\/szajsebeszet\/files\/2016\/09\/RS43014_100.-Stomatol\u00f3giai-Klinika-fogtechnikai-laborat\u00f3rium-scr-768x476.jpg 768w, https:\/\/semmelweis.hu\/szajsebeszet\/files\/2016\/09\/RS43014_100.-Stomatol\u00f3giai-Klinika-fogtechnikai-laborat\u00f3rium-scr-484x300.jpg 484w, https:\/\/semmelweis.hu\/szajsebeszet\/files\/2016\/09\/RS43014_100.-Stomatol\u00f3giai-Klinika-fogtechnikai-laborat\u00f3rium-scr.jpg 950w\" >\r\n        <\/a><\/div><\/span><span class=\"gallery-item\"><div class=\"hidden\"><a href=\"https:\/\/semmelweis.hu\/szajsebeszet\/files\/2016\/09\/RS43015_101.-Stomatol\u00f3giai-Klinika-sz\u00f6vettani-\u00e9s-bakteriol\u00f3giai-labor-scr.jpg\">\r\n        <img src=https:\/\/semmelweis.hu\/szajsebeszet\/files\/2016\/09\/RS43015_101.-Stomatol\u00f3giai-Klinika-sz\u00f6vettani-\u00e9s-bakteriol\u00f3giai-labor-scr.jpg alt=\"Stomatol\u00f3giai Klinika - sz\u00f6vettani \u00e9s bakteriol\u00f3giai labor 1909-ben \" class=\"attachment-sote-gallery-big size-sote-gallery-big\" srcset=\"https:\/\/semmelweis.hu\/szajsebeszet\/files\/2016\/09\/RS43015_101.-Stomatol\u00f3giai-Klinika-sz\u00f6vettani-\u00e9s-bakteriol\u00f3giai-labor-scr-300x182.jpg 300w, https:\/\/semmelweis.hu\/szajsebeszet\/files\/2016\/09\/RS43015_101.-Stomatol\u00f3giai-Klinika-sz\u00f6vettani-\u00e9s-bakteriol\u00f3giai-labor-scr-768x466.jpg 768w, https:\/\/semmelweis.hu\/szajsebeszet\/files\/2016\/09\/RS43015_101.-Stomatol\u00f3giai-Klinika-sz\u00f6vettani-\u00e9s-bakteriol\u00f3giai-labor-scr-495x300.jpg 495w, https:\/\/semmelweis.hu\/szajsebeszet\/files\/2016\/09\/RS43015_101.-Stomatol\u00f3giai-Klinika-sz\u00f6vettani-\u00e9s-bakteriol\u00f3giai-labor-scr.jpg 950w\" >\r\n        <\/a><\/div><\/span>\r\n            <\/div>\r\n\r\n            [\/slb_exclude]\r\n\t\n<p>After the death of Szab\u00f3 the new director of the Clinic was D\u00e9nes M\u00e1th\u00e9 from a well known dentist dynasty, followed by Balogh K\u00e1roly in 1944. At his initiative, dentistry became a compulsory subject in medical education from 1947, and in 1955 he founded the independent Faculty of Dentistry. The lecturers of dental subjects were members of the Clinic who received a university degree or a university degree in a few years. K\u00e1roly Balogh graduated from the Faculty of Medicine in the academic year of 1946\/1947 and from 1955 to 1964 he was the dean of the Faculty of Dentistry. As the Dean of the Faculty of Dentistry, he organized the four dental departments in 1959. Since 1971, it has been possible to take a specialization examination in oral surgery.<\/p>\n<p>In 1997, the Department of Oral Surgery was reconstructed and the equipment of the clinics was renewed and the operating room was modernized. In 2001, the new in-patient department was handed over.<\/p>\n","protected":false},"excerpt":{"rendered":"<p>&nbsp; The Hungarian oral and maxillofacial surgery has primarily grown from\u00a0 \u00a0warfare medicine. During the 1848-49 War of Independence, J\u00e1nos Balassa gained tremendous experience in the first oral surgeon-type surgery that he also wrote down and later on he worked on\u00a0 \u00a0treating cleft palate and developing surgical techniques in that field. The University Dental Institute &hellip;<\/p>\n","protected":false},"author":176,"featured_media":0,"parent":3598,"menu_order":1,"comment_status":"closed","ping_status":"closed","template":"","meta":{"_acf_changed":false,"footnotes":""},"categories":[],"tags":[],"class_list":["post-1026","page","type-page","status-publish","hentry"],"acf":[],"_links":{"self":[{"href":"https:\/\/semmelweis.hu\/szajsebeszet\/wp-json\/wp\/v2\/pages\/1026","targetHints":{"allow":["GET"]}}],"collection":[{"href":"https:\/\/semmelweis.hu\/szajsebeszet\/wp-json\/wp\/v2\/pages"}],"about":[{"href":"https:\/\/semmelweis.hu\/szajsebeszet\/wp-json\/wp\/v2\/types\/page"}],"author":[{"embeddable":true,"href":"https:\/\/semmelweis.hu\/szajsebeszet\/wp-json\/wp\/v2\/users\/176"}],"replies":[{"embeddable":true,"href":"https:\/\/semmelweis.hu\/szajsebeszet\/wp-json\/wp\/v2\/comments?post=1026"}],"version-history":[{"count":10,"href":"https:\/\/semmelweis.hu\/szajsebeszet\/wp-json\/wp\/v2\/pages\/1026\/revisions"}],"predecessor-version":[{"id":2957,"href":"https:\/\/semmelweis.hu\/szajsebeszet\/wp-json\/wp\/v2\/pages\/1026\/revisions\/2957"}],"up":[{"embeddable":true,"href":"https:\/\/semmelweis.hu\/szajsebeszet\/wp-json\/wp\/v2\/pages\/3598"}],"wp:attachment":[{"href":"https:\/\/semmelweis.hu\/szajsebeszet\/wp-json\/wp\/v2\/media?parent=1026"}],"wp:term":[{"taxonomy":"category","embeddable":true,"href":"https:\/\/semmelweis.hu\/szajsebeszet\/wp-json\/wp\/v2\/categories?post=1026"},{"taxonomy":"post_tag","embeddable":true,"href":"https:\/\/semmelweis.hu\/szajsebeszet\/wp-json\/wp\/v2\/tags?post=1026"}],"curies":[{"name":"wp","href":"https:\/\/api.w.org\/{rel}","templated":true}]}}