{"id":10,"date":"2012-01-25T14:12:04","date_gmt":"2012-01-25T14:12:04","guid":{"rendered":"http:\/\/semmelweis-egyetem.hu\/szajsebeszet\/?page_id=10"},"modified":"2025-10-05T23:00:48","modified_gmt":"2025-10-05T21:00:48","slug":"meghirdetett-tdk-temak","status":"publish","type":"page","link":"https:\/\/semmelweis.hu\/szajsebeszet\/meghirdetett-tdk-temak\/","title":{"rendered":"Meghirdetett TDK-t\u00e9m\u00e1k"},"content":{"rendered":"<table style=\"width: 121.682961%\" border=\"0\" width=\"1425\" cellspacing=\"0\" cellpadding=\"0\">\n<colgroup>\n<col width=\"1072\" \/>\n<col width=\"353\" \/><\/colgroup>\n<tbody>\n<tr>\n<td class=\"xl66\" style=\"width: 38.698536%\" width=\"1072\" height=\"31\">TDK t\u00e9ma\u00a0<\/td>\n<td class=\"xl66\" style=\"width: 61.231091%\" width=\"353\">T\u00e9mavezet\u0151 neve<\/td>\n<\/tr>\n<tr>\n<td class=\"xl69\" style=\"width: 38.698536%\" height=\"31\">A b\u0151r mikrokering\u00e9s\u00e9nek vizsg\u00e1lata a fej-nyak r\u00e9gi\u00f3ban<\/td>\n<td class=\"xl69\" style=\"width: 61.231091%\">Dr.Vaszilk\u00f3 Mih\u00e1ly- Dr. Debreczeni B\u00e9la<\/td>\n<\/tr>\n<tr>\n<td class=\"xl67\" style=\"width: 38.698536%\" height=\"31\">A keskeny implant\u00e1tumok\u00a0l\u00e9tjogosults\u00e1ga a mol\u00e1ris r\u00e9gi\u00f3ban\u00a0<\/td>\n<td class=\"xl65\" style=\"width: 61.231091%\">Prof. Dr. Jo\u00f3b-Fancsaly \u00c1rp\u00e1d<\/td>\n<\/tr>\n<tr>\n<td class=\"xl68\" style=\"width: 38.698536%\" height=\"31\">B\u00f6lcsess\u00e9gfogak germect\u00f3mi\u00e1ja<\/td>\n<td class=\"xl65\" style=\"width: 61.231091%\">Dr. Kaposv\u00e1ri Istv\u00e1n<\/td>\n<\/tr>\n<tr>\n<td class=\"xl65\" style=\"width: 38.698536%\" height=\"33\">Osteosynthesis eszk\u00f6z\u00f6k vizsg\u00e1lata dysgnathi\u00e1k \u00e9s \u00e1llcsontt\u00f6r\u00f6tt betegek k\u00f6r\u00e9ben<\/td>\n<td class=\"xl65\" style=\"width: 61.231091%\">Prof. Dr. N\u00e9meth Zsolt &#8211; Dr. Szentp\u00e9teri Sz\u00f3fia<\/td>\n<\/tr>\n<tr>\n<td class=\"xl65\" style=\"width: 38.698536%\" height=\"31\">\u00c9letmin\u0151s\u00e9g vizsg\u00e1latok az arc-\u00e1llcsont-sz\u00e1jseb\u00e9szeti beavatkoz\u00e1son \u00e1tesett betegek k\u00f6r\u00e9ben<\/td>\n<td class=\"xl65\" style=\"width: 61.231091%\">Dr. Barab\u00e1s P\u00e9ter &#8211; Husz\u00e1r Tam\u00e1s<\/td>\n<\/tr>\n<tr>\n<td class=\"xl65\" style=\"width: 38.698536%\" height=\"31\">Biszfoszfon\u00e1t okozta \u00e1llcsontnekr\u00f3zis<\/td>\n<td class=\"xl65\" style=\"width: 61.231091%\">Dr. Vaszilk\u00f3 Mih\u00e1ly<\/td>\n<\/tr>\n<tr>\n<td class=\"xl65\" style=\"width: 38.698536%\" height=\"31\">Navig\u00e1ci\u00f3s rendszerek alkalmaz\u00e1s\u00e1nak lehet\u0151s\u00e9gei a modern implantol\u00f3gi\u00e1ban<\/td>\n<td class=\"xl65\" style=\"width: 61.231091%\">Dr. Husz\u00e1r Tam\u00e1s<\/td>\n<\/tr>\n<tr>\n<td class=\"xl65\" style=\"width: 38.698536%\" height=\"31\">\u00c9letmin\u0151s\u00e9g vizsg\u00e1lat az arc-\u00e1llcsontseb\u00e9szetben<\/td>\n<td class=\"xl65\" style=\"width: 61.231091%\">Dr. Husz\u00e1r Tam\u00e1s<\/td>\n<\/tr>\n<tr>\n<td class=\"xl65\" style=\"width: 38.698536%\" height=\"31\">\u00c9letmin\u0151s\u00e9g vizsg\u00e1lat az arc-\u00e1llcsontseb\u00e9szetben<\/td>\n<td class=\"xl65\" style=\"width: 61.231091%\">Dr. Husz\u00e1r Tam\u00e1s &#8211; Dr. Tasi Laura (Fogp\u00f3tl\u00e1stani Klinika)<\/td>\n<\/tr>\n<tr>\n<td class=\"xl65\" style=\"width: 38.698536%\" height=\"31\">\u00c9letmin\u0151s\u00e9g vizsg\u00e1lat az arc-\u00e1llcsontseb\u00e9szetben<\/td>\n<td class=\"xl65\" style=\"width: 61.231091%\">Dr. Husz\u00e1r Tam\u00e1s &#8211; Dr. Tasi Laura (Fogp\u00f3tl\u00e1stani Klinika)<\/td>\n<\/tr>\n<tr>\n<td class=\"xl65\" style=\"width: 38.698536%\" height=\"31\">A kineziol\u00f3giai tape hat\u00e1sa az als\u00f3 b\u00f6lcsess\u00e9gfog m\u0171t\u00e9tet k\u00f6vet\u0151 \u00e1llapotra\u00a0<\/td>\n<td class=\"xl65\" style=\"width: 61.231091%\">Prof. Dr. Jo\u00f3b-Fancsaly \u00c1rp\u00e1d &#8211; Dr. Hardi Eszter<\/td>\n<\/tr>\n<\/tbody>\n<\/table>\n","protected":false},"excerpt":{"rendered":"<p>TDK t\u00e9ma\u00a0 T\u00e9mavezet\u0151 neve A b\u0151r mikrokering\u00e9s\u00e9nek vizsg\u00e1lata a fej-nyak r\u00e9gi\u00f3ban Dr.Vaszilk\u00f3 Mih\u00e1ly- Dr. Debreczeni B\u00e9la A keskeny implant\u00e1tumok\u00a0l\u00e9tjogosults\u00e1ga a mol\u00e1ris r\u00e9gi\u00f3ban\u00a0 Prof. Dr. Jo\u00f3b-Fancsaly \u00c1rp\u00e1d B\u00f6lcsess\u00e9gfogak germect\u00f3mi\u00e1ja Dr. Kaposv\u00e1ri Istv\u00e1n Osteosynthesis eszk\u00f6z\u00f6k vizsg\u00e1lata dysgnathi\u00e1k \u00e9s \u00e1llcsontt\u00f6r\u00f6tt betegek k\u00f6r\u00e9ben Prof. Dr. N\u00e9meth Zsolt &#8211; Dr. Szentp\u00e9teri Sz\u00f3fia \u00c9letmin\u0151s\u00e9g vizsg\u00e1latok az arc-\u00e1llcsont-sz\u00e1jseb\u00e9szeti beavatkoz\u00e1son \u00e1tesett betegek k\u00f6r\u00e9ben &hellip;<\/p>\n","protected":false},"author":176,"featured_media":0,"parent":0,"menu_order":4,"comment_status":"open","ping_status":"open","template":"","meta":{"_acf_changed":false,"footnotes":""},"categories":[],"tags":[],"class_list":["post-10","page","type-page","status-publish","hentry"],"acf":[],"_links":{"self":[{"href":"https:\/\/semmelweis.hu\/szajsebeszet\/wp-json\/wp\/v2\/pages\/10","targetHints":{"allow":["GET"]}}],"collection":[{"href":"https:\/\/semmelweis.hu\/szajsebeszet\/wp-json\/wp\/v2\/pages"}],"about":[{"href":"https:\/\/semmelweis.hu\/szajsebeszet\/wp-json\/wp\/v2\/types\/page"}],"author":[{"embeddable":true,"href":"https:\/\/semmelweis.hu\/szajsebeszet\/wp-json\/wp\/v2\/users\/176"}],"replies":[{"embeddable":true,"href":"https:\/\/semmelweis.hu\/szajsebeszet\/wp-json\/wp\/v2\/comments?post=10"}],"version-history":[{"count":10,"href":"https:\/\/semmelweis.hu\/szajsebeszet\/wp-json\/wp\/v2\/pages\/10\/revisions"}],"predecessor-version":[{"id":4546,"href":"https:\/\/semmelweis.hu\/szajsebeszet\/wp-json\/wp\/v2\/pages\/10\/revisions\/4546"}],"wp:attachment":[{"href":"https:\/\/semmelweis.hu\/szajsebeszet\/wp-json\/wp\/v2\/media?parent=10"}],"wp:term":[{"taxonomy":"category","embeddable":true,"href":"https:\/\/semmelweis.hu\/szajsebeszet\/wp-json\/wp\/v2\/categories?post=10"},{"taxonomy":"post_tag","embeddable":true,"href":"https:\/\/semmelweis.hu\/szajsebeszet\/wp-json\/wp\/v2\/tags?post=10"}],"curies":[{"name":"wp","href":"https:\/\/api.w.org\/{rel}","templated":true}]}}