{"id":936,"date":"2015-11-05T00:00:00","date_gmt":"2015-11-04T23:00:00","guid":{"rendered":"http:\/\/semmelweis.hu\/symposium\/organizers\/"},"modified":"2015-11-05T14:21:06","modified_gmt":"2015-11-05T13:21:06","slug":"organizers","status":"publish","type":"page","link":"https:\/\/semmelweis.hu\/symposium\/szimpozium-archiv\/symposium2014\/organizers\/","title":{"rendered":"Organizers"},"content":{"rendered":"<br \/>\n<h4>The 23rd Semmelweis Symposium is organised by the Department of Pulmonology, Semmelweis University, Budapest<\/h4>\n<\/p>\n<h3>Conference Chair<\/h3>\n<p>\t\t\t  Gy\u00f6rgy Losonczy \t\t\t  <\/p>\n<h3>General Secretaries<br \/> \t\t\t  <\/h3>\n<p>G\u00e1bor Horv\u00e1th<br \/> \t\t\t  Veronika M\u00fcller<\/p>\n<h3> \t\t\t  Secretary<br \/> \t\t\t  <\/h3>\n<p>Zsolt I. Koml\u00f3si \t\t\t  <\/p>\n<h3>Scientific and Organizing Committee<br \/> \t\t\t  <\/h3>\n<p>Bal\u00e1zs Antus<br \/> \t\t\t  Bal\u00e1zs D\u00f6me<br \/> \t\t\t  Gabriella G\u00e1lffy<br \/> \t\t\t  Ildik\u00f3 Horv\u00e1th<br \/> \t\t\t  G\u00e1bor Horv\u00e1th<br \/> \t\t\t  Krist\u00f3f Karl\u00f3cai<br \/> \t\t\t  Zsolt I. Koml\u00f3si<br \/> \t\t\t  L\u00e1szl\u00f3 Kunos<br \/> \t\t\t  Gy\u00f6rgy Lang<br \/> \t\t\t  Andr\u00e1s Lorx<br \/> \t\t\t  Gy\u00f6rgy Losonczy<br \/> \t\t\t  J\u00f3zsef Luk\u00e1csovits<br \/> \t\t\t  Judit Moldvay<br \/> \t\t\t  Veronika M\u00fcller<br \/> \t\t\t  J\u00e1nos Rig\u00f3<br \/> \t\t\t  Attila Somfay<br \/> \t\t    Lilla Tam\u00e1si<\/p>\n<\/p><\/p>\n","protected":false},"excerpt":{"rendered":"<p>The 23rd Semmelweis Symposium is organised by the Department of Pulmonology, Semmelweis University, Budapest Conference Chair Gy\u00f6rgy Losonczy General Secretaries G\u00e1bor Horv\u00e1th Veronika M\u00fcller Secretary Zsolt I. Koml\u00f3si Scientific and Organizing Committee Bal\u00e1zs Antus Bal\u00e1zs D\u00f6me Gabriella G\u00e1lffy Ildik\u00f3 Horv\u00e1th G\u00e1bor Horv\u00e1th Krist\u00f3f Karl\u00f3cai Zsolt I. Koml\u00f3si L\u00e1szl\u00f3 Kunos Gy\u00f6rgy Lang Andr\u00e1s Lorx Gy\u00f6rgy Losonczy &hellip;<\/p>\n","protected":false},"author":101029,"featured_media":0,"parent":929,"menu_order":0,"comment_status":"closed","ping_status":"closed","template":"","meta":{"_acf_changed":false,"footnotes":""},"categories":[],"tags":[],"class_list":["post-936","page","type-page","status-publish","hentry"],"acf":[],"_links":{"self":[{"href":"https:\/\/semmelweis.hu\/symposium\/wp-json\/wp\/v2\/pages\/936","targetHints":{"allow":["GET"]}}],"collection":[{"href":"https:\/\/semmelweis.hu\/symposium\/wp-json\/wp\/v2\/pages"}],"about":[{"href":"https:\/\/semmelweis.hu\/symposium\/wp-json\/wp\/v2\/types\/page"}],"author":[{"embeddable":true,"href":"https:\/\/semmelweis.hu\/symposium\/wp-json\/wp\/v2\/users\/101029"}],"replies":[{"embeddable":true,"href":"https:\/\/semmelweis.hu\/symposium\/wp-json\/wp\/v2\/comments?post=936"}],"version-history":[{"count":1,"href":"https:\/\/semmelweis.hu\/symposium\/wp-json\/wp\/v2\/pages\/936\/revisions"}],"predecessor-version":[{"id":946,"href":"https:\/\/semmelweis.hu\/symposium\/wp-json\/wp\/v2\/pages\/936\/revisions\/946"}],"up":[{"embeddable":true,"href":"https:\/\/semmelweis.hu\/symposium\/wp-json\/wp\/v2\/pages\/929"}],"wp:attachment":[{"href":"https:\/\/semmelweis.hu\/symposium\/wp-json\/wp\/v2\/media?parent=936"}],"wp:term":[{"taxonomy":"category","embeddable":true,"href":"https:\/\/semmelweis.hu\/symposium\/wp-json\/wp\/v2\/categories?post=936"},{"taxonomy":"post_tag","embeddable":true,"href":"https:\/\/semmelweis.hu\/symposium\/wp-json\/wp\/v2\/tags?post=936"}],"curies":[{"name":"wp","href":"https:\/\/api.w.org\/{rel}","templated":true}]}}