{"id":931,"date":"2015-11-05T00:00:00","date_gmt":"2015-11-04T23:00:00","guid":{"rendered":"http:\/\/semmelweis.hu\/symposium\/program\/"},"modified":"2015-11-05T14:21:06","modified_gmt":"2015-11-05T13:21:06","slug":"program","status":"publish","type":"page","link":"https:\/\/semmelweis.hu\/symposium\/szimpozium-archiv\/symposium2014\/program\/","title":{"rendered":"Program"},"content":{"rendered":"\n<p>Download &#8211; <a href=\"images\/Semmelweis_Symp_Preliminary_Program.pdf\">Pdf<\/a><\/p>\n<h4>\n<h1> <strong>November<\/strong><strong> <\/strong><strong>6<\/strong><strong> <\/strong><strong>(Thursday) <\/strong><\/h1>\n<h2><strong>Opening<\/strong><\/h2>\n<p>\u00c1goston Sz\u00e9l, Rector of Semmelweis University<br \/>         Laszl\u00f3 Hunyady, Dean of Medical School<br \/>       Gy\u00f6rgy Losonczy, Conference Chair<\/p>\n<p>             <\/p>\n<p> 8:30 \tOpening address<\/p>\n<blockquote>\n<p> <em>Agoston<\/em><em> <\/em><em>Szel,<\/em><em> <\/em><em>Rector<\/em><em> <\/em><em>of<\/em><em> <\/em><em>Semmefvveis<\/em><em> <\/em><em>University<\/em><\/p>\n<p>                 <\/p>\n<\/blockquote>\n<blockquote>\n<h3> <strong>\tI.<\/strong><strong> <\/strong><strong>Update<\/strong><strong> <\/strong><strong>on<\/strong><strong> <\/strong><strong>bronchial <\/strong><strong> <\/strong><strong>asthma<\/strong><strong> <\/strong><strong>and<\/strong><strong> <\/strong><strong>chronic<\/strong><strong> <\/strong><strong>obstructive<\/strong><strong> <\/strong><strong>pulmonary <\/strong><strong>disease<\/strong><strong> <\/strong><strong>(COPD)<\/strong><\/h3>\n<p> <em>Chair:<\/em><em> <\/em><em>lldik\u00f3<\/em><em> <\/em><em>Horvath<\/em><\/p>\n<\/blockquote>\n<p> 9:00 <em>Peter<\/em><em> <\/em><em>J.<\/em><em> <\/em><em>Bames,<\/em><em> <\/em><em>Imperial<\/em><em> <\/em><em>College,<\/em><em> <\/em><em>London,<\/em><em> <\/em><em>UK<\/em><\/p>\n<blockquote>\n<p> New targets and treatments for COPD<\/p>\n<\/blockquote>\n<p> 9:25 <em>lldik\u00f3<\/em><em> <\/em><em>Horvath,<\/em><em> <\/em><em>Semmefvveis<\/em><em> <\/em><em>University<\/em><em> <\/em><em>and<\/em><em> <\/em><em>N<\/em><em>a<\/em><em>tio<\/em><em>n<\/em><em>a<\/em><em>l<\/em><em> <\/em><em>Koranyi<\/em><em> <\/em><em>Institute,<\/em><em> <\/em><em>Budapest, <\/em><em>Hun<\/em><em>g<\/em><em>ary<\/em><\/p>\n<blockquote>\n<p> Big data in asthma phenotyping<\/p>\n<\/blockquote>\n<p> 9:45 <em>Andr\u00e1s Bikov<\/em><em><\/em><\/p>\n<blockquote>\n<p> Innovative  approaches in exhaled biomarker measurements<\/p>\n<\/blockquote>\n<p> 10:10 <em>Balazs<\/em><em> <\/em><em>Antus,<\/em><em> <\/em><em>N<\/em><em>a<\/em><em>tio<\/em><em>n<\/em><em>a<\/em><em>l <\/em><em> <\/em><em>Koranyi<\/em><em> <\/em><em>Institute,<\/em><em> <\/em><em>Budapest,<\/em><em> <\/em><em>Hungary<\/em><\/p>\n<blockquote>\n<p> Airway biomarkers in COPD<\/p>\n<\/blockquote>\n<p class=\"style1\"> 10:30 \tDiscussion<\/p>\n<p><strong>10:40 \tBreak<\/strong><\/p>\n<p>             <\/p>\n<blockquote>\n<h3> <strong>II.<\/strong><strong> <\/strong><strong>New<\/strong><strong> <\/strong><strong>therapeutic<\/strong><strong> <\/strong><strong>concepts<\/strong><strong> <\/strong><strong>in<\/strong><strong> <\/strong><strong>obstructive<\/strong><strong> <\/strong><strong>lung<\/strong><strong> <\/strong><strong>diseases<\/strong><\/h3>\n<p> <em>Chair:<\/em><em> <\/em><em>Gabor<\/em><em> <\/em><em>Hor<\/em><em>v<\/em><em>a<\/em><em>t<\/em><em>h<\/em><\/p>\n<\/blockquote>\n<p> 11:00 <em>Adam<\/em><em> <\/em><em>Wanner,<\/em><em> <\/em><em>University<\/em><em> <\/em><em>of<\/em><em> <\/em><em>Miami,<\/em><em> <\/em><em>USA<\/em><\/p>\n<blockquote>\n<p> Alpha-1  antitrypsin  deficiency-related COPD<\/p>\n<\/blockquote>\n<p> 11:25 <em>Andreas<\/em><em> <\/em><em>Schmid,<\/em><em> <\/em><em>University<\/em><em> <\/em><em>of<\/em><em> <\/em><em>Miami,<\/em><em> <\/em><em>USA<\/em><\/p>\n<blockquote>\n<p> Bronchiectasis: challenges in diagnosis  and treatment<\/p>\n<\/blockquote>\n<p> 11:50 <em>Matthias<\/em><em> <\/em><em>S<\/em><em>a<\/em><em>lathe,<\/em><em> <\/em><em>University<\/em><em> <\/em><em>of<\/em><em> <\/em><em>Miami,<\/em><em> <\/em><em>USA<\/em><\/p>\n<blockquote>\n<p> Novel approaches to correct  cystic  fibrosis  related airway disease: relevance to COPD?<\/p>\n<\/blockquote>\n<p> 12:15 <em>Gabor<\/em><em> <\/em><em>Horvath,<\/em><em> <\/em><em>Semmefvveis<\/em><em> <\/em><em>University,<\/em><em> <\/em><em>Budapest,<\/em><em> <\/em><em>Hungary<\/em><\/p>\n<blockquote>\n<p> Inhaled bronchodilators: mechanisms of drugs absorption in the airway             <\/p>\n<\/blockquote>\n<p> <strong>12:35<\/strong><strong> <\/strong><strong> <\/strong><strong>Discussion<\/strong><\/p>\n<p> <strong>12:45<\/strong><strong> <\/strong><strong> <\/strong><strong>Lunch<\/strong><\/p>\n<p>             <\/p>\n<blockquote>\n<h3> <strong>lll.<\/strong><strong> <\/strong><strong>Non-invasive<\/strong><strong> <\/strong><strong>ventilation<\/strong><\/h3>\n<p> <em>Chair:<\/em><em> <\/em><em>Andras<\/em><em> <\/em><em>Lorx<\/em><\/p>\n<\/blockquote>\n<p> 14:00 <em>Wolfram<\/em><em> <\/em><em>Windisch,<\/em><em> <\/em><em>Merheim<\/em><em> <\/em><em>Lungenklinik,<\/em><em> <\/em><em>Cologne,<\/em><em> <\/em><em>Germany<\/em><\/p>\n<blockquote>\n<p> Home non-invasive ventilation in COPD: what is the best approach?<\/p>\n<\/blockquote>\n<p> 14:25 \tJozsef <em>Lukacsovits,<\/em><em> <\/em><em>Semmelweis<\/em><em> <\/em><em>University,<\/em><em> <\/em><em>Budapest,<\/em><em> <\/em><em>Hungary<\/em><\/p>\n<blockquote>\n<p> Physiological changes during low- and high-intensity non-invasive ventilation<\/p>\n<\/blockquote>\n<p> 14:45 <em>Piero<\/em><em> <\/em><em>Ceriana,<\/em><em> <\/em><em>Pavia,<\/em><em> <\/em><em>Italy<\/em><\/p>\n<blockquote>\n<p> The difficult  -to- wean patient: role of rehabilitation and non-invasive ventilation<\/p>\n<\/blockquote>\n<p> 15:10 <em>Andras<\/em><em> <\/em><em>Lorx,<\/em><em> <\/em><em>Semmelweis<\/em><em> <\/em><em>University,<\/em><em> <\/em><em>Budapest,<\/em><em> <\/em><em>Hungary<\/em><\/p>\n<blockquote>\n<p> The grey zone: indications and limitations of non-invasive ventilation in acute settings<\/p>\n<\/blockquote>\n<p> 15:30 <em>Olli<\/em><em> <\/em><em>Polo,<\/em><em> <\/em><em>University<\/em><em> <\/em><em>of<\/em><em> <\/em><em>Turku,<\/em><em> <\/em><em>Finland<\/em><\/p>\n<blockquote>\n<p> Sleep apnea and the autonomic nervous system<\/p>\n<\/blockquote>\n<p> <strong>15:55<\/strong><strong> <\/strong><strong> <\/strong><strong>Discussion<\/strong>       <\/p>\n<p> <strong>16:05<\/strong><strong> <\/strong><strong> <\/strong><strong>Break<\/strong><\/p>\n<p>             <\/p>\n<blockquote>\n<h3> <strong>IV.<\/strong><strong> <\/strong><strong>Pulmonary<\/strong><strong> <\/strong><strong>hypertension<\/strong><\/h3>\n<p> <em>Chair:<\/em><em> <\/em><em>Kristof<\/em><em> <\/em><em>Karlocai<\/em><\/p>\n<\/blockquote>\n<p> 16:20 <em>Anna<\/em><em> <\/em>Csiszar, <em>University<\/em><em> <\/em><em>of<\/em><em> <\/em><em>Oklahoma,<\/em><em> <\/em><em>Oklahoma<\/em><em> <\/em><em>City,<\/em><em> <\/em><em>USA<\/em><\/p>\n<blockquote>\n<p> Ageing induced  functional and phenotypic alterations  in vascular  cells<\/p>\n<\/blockquote>\n<p> 16:45 <em>Gabor<\/em><em> <\/em><em>Kovacs<\/em><em> <\/em><em>Jr.,<\/em><em> <\/em><em>Medical<\/em><em> <\/em><em>University<\/em><em> <\/em><em>of<\/em><em> <\/em><em>Graz,<\/em><em> <\/em><em>Austria<\/em><\/p>\n<blockquote>\n<p> Right heart catheter at rest and exercise             <\/p>\n<\/blockquote>\n<p> 17:05 <em>Horst<\/em><em> <\/em><em>Olschewski,<\/em><em> <\/em><em>Medical<\/em><em> <\/em><em>University<\/em><em> <\/em><em>of<\/em><em> <\/em><em>Graz,<\/em><em> <\/em><em>Austria<\/em><\/p>\n<blockquote>\n<p> New therapies for pulmonary hypertension<\/p>\n<\/blockquote>\n<p> 17:25 <em>Kristof<\/em><em> <\/em><em>Karlocai,<\/em><em> <\/em><em>Semmelweis<\/em><em> <\/em><em>University,<\/em><em> <\/em><em>Budapest,<\/em><em> <\/em><em>Hungary<\/em><\/p>\n<blockquote>\n<p> Pregnancy  and pulmonary  hypertension<\/p>\n<\/blockquote>\n<p> <strong>17:45<\/strong><strong> <\/strong><strong> <\/strong><strong>Discussion<\/strong>       <\/p>\n<p>             <\/p>\n<h1> <strong>November<\/strong><strong> <\/strong><strong>7<\/strong><strong> <\/strong><strong>(Friday)<\/strong><\/h1>\n<p>             <\/p>\n<blockquote>\n<h3> <strong>V.<\/strong><strong> <\/strong><strong>Rehabilitation<\/strong><strong> <\/strong><strong>&#8211;<\/strong><strong> <\/strong><strong>Exercise<\/strong><strong> <\/strong><strong>physiology<\/strong><\/h3>\n<p> <em>Chair:<\/em><em> <\/em><em>Attila<\/em><em> <\/em><em>Somfay<\/em><\/p>\n<\/blockquote>\n<p> 8:30 <em>Richard<\/em><em> <\/em><em>H.<\/em><em> <\/em><em>Casaburi,<\/em><em> <\/em><em>University<\/em><em> <\/em><em>of<\/em><em> <\/em><em>Califomia, <\/em>Los <em>Angeles,<\/em><em> <\/em><em>USA<\/em><\/p>\n<blockquote>\n<p> Pulmonary rehabilitation: a new focus on physical  activity<\/p>\n<\/blockquote>\n<p> 8:55 <em>Attila<\/em><em> <\/em><em>Somfay,<\/em><em> <\/em><em>University<\/em><em> <\/em><em>of<\/em><em> <\/em><em>Szeged,<\/em><em> <\/em><em>Szeged,<\/em><em> <\/em><em>Hungary<\/em><\/p>\n<blockquote>\n<p> Pharmacological and non-pharmacological interventions to reduce dynamic hyperinflation in patients with COPD<\/p>\n<\/blockquote>\n<p>9:15 <em>Peter<\/em><em> <\/em><em>Apor;<\/em><em> <\/em>Semmelweis <em>University,<\/em><em> <\/em><em>Budapest<\/em><\/p>\n<blockquote>\n<p> Sarcopenia  in pulmonology, cardiology and geriatrics<\/p>\n<\/blockquote>\n<p> 9:35 <em>Mikl\u00f3s<\/em><em> <\/em><em>T\u00f3th,<\/em><em> <\/em><em>Serrmelweis <\/em><em> <\/em><em>University,<\/em><em> <\/em><em>Budapest,<\/em><em> <\/em><em>Hungary<\/em><\/p>\n<blockquote>\n<p> Exercise testing  and mass-spectrometry<\/p>\n<\/blockquote>\n<p><strong>9:55<\/strong><strong> <\/strong><strong> <\/strong><strong>Discussion<\/strong><\/p>\n<p> <strong>10:05<\/strong><strong> <\/strong><strong> <\/strong><strong>Break<\/strong><\/p>\n<p>             <\/p>\n<blockquote>\n<h3> <strong>VI.<\/strong><strong> <\/strong><strong>Lung<\/strong><strong> <\/strong><strong>cancer<\/strong><strong> <\/strong><strong>1<\/strong><\/h3>\n<p> <em>Chairs: Judit<\/em><em> <\/em><em>Moldvay<\/em><\/p>\n<\/blockquote>\n<p> 10:25 <em>Paolo<\/em><em> <\/em><em>Boffetta,<\/em><em> <\/em><em>Tisch<\/em><em> <\/em><em>Ca<\/em><em>n<\/em><em>c<\/em><em>er<\/em><em> <\/em><em>Institute,<\/em><em> <\/em><em>New<\/em><em> <\/em><em>York,<\/em><em> <\/em><em>USA<\/em><\/p>\n<blockquote>\n<p> Screening of lung cancer<\/p>\n<\/blockquote>\n<p> 11:50 <em>Judit<\/em><em> <\/em><em>Moldvay,<\/em><em> <\/em><em>Semmelweis <\/em><em> <\/em><em>University,<\/em><em> <\/em><em>Budapest,<\/em><em> <\/em><em>Hungary<\/em><\/p>\n<blockquote>\n<p> Tight junction proteins  in lung cancer<\/p>\n<\/blockquote>\n<p> 12:10 <em>Helmuth<\/em><em> <\/em><em>Popper;<\/em><em> <\/em><em>University<\/em><em> <\/em><em>of<\/em><em> <\/em><em>Graz,<\/em><em> <\/em><em>Austria<\/em><\/p>\n<blockquote>\n<p> Molecular pathology of non-small cell lung cancer<\/p>\n<\/blockquote>\n<p> 12:35 <em><\/em><em>Mir Ali Reza Hoda,  Medical University of Vienna, Austria<\/em><\/p>\n<blockquote>\n<p> Recent developments and new therapeutic strategies in malignant pleural mesothelioma             <\/p>\n<\/blockquote>\n<p> <strong>12.55<\/strong><strong> <\/strong><strong> <\/strong><strong>Discussion<\/strong><\/p>\n<p> <strong>13:05<\/strong><strong> <\/strong><strong> <\/strong><strong>Lunch<\/strong><\/p>\n<p>             <\/p>\n<blockquote>\n<h3> <strong>VII.<\/strong><strong> <\/strong><strong>Asthma<\/strong><strong> <\/strong><strong>in<\/strong><strong> <\/strong><strong>pregnancy<\/strong><\/h3>\n<p> <em>Chairs:<\/em><em> <\/em><em>Lilla<\/em><em> <\/em><em>Tamasi<\/em><\/p>\n<\/blockquote>\n<p> 14:15 <em>Christopher<\/em><em> <\/em><em>VII.<\/em><em> <\/em>G. <em>Redman,<\/em><em> <\/em><em>John<\/em><em> <\/em><em>Redcliffe,<\/em><em> <\/em><em>Oxford,<\/em><em> <\/em><em>UK<\/em><\/p>\n<blockquote>\n<p> Immunology of placentation<\/p>\n<\/blockquote>\n<p> 14:45 <em>Lilla<\/em><em> <\/em><em>Tamasi,<\/em><em> <\/em><em>Semmelweis<\/em><em> <\/em><em>University,<\/em><em> <\/em><em>Budapest,<\/em><em> <\/em><em>Hungary<\/em><\/p>\n<blockquote>\n<p> Asthma in pregnancy: immune changes and monitoring<\/p>\n<\/blockquote>\n<p> 15:00 <em>Michael<\/em><em> <\/em><em>Schatz,<\/em><em> <\/em><em>Kaiser<\/em><em> <\/em><em>Permanente,<\/em><em> <\/em><em>San<\/em><em> <\/em><em>Diego,<\/em><em> <\/em><em>USA<\/em><\/p>\n<blockquote>\n<p> Asthma in pregnancy: diagnosis and treatment<\/p>\n<\/blockquote>\n<p> 15:25 \tJ\u00e1nos <em>Rig<\/em><em>\u00f3<\/em><em>,<\/em><em> <\/em><em>Semmelweis<\/em><em> <\/em><em>University,<\/em><em> <\/em><em>Budapest, <\/em><em> <\/em><em>Hungary<\/em><\/p>\n<blockquote>\n<p> Medical disorders and preeclampsia<\/p>\n<\/blockquote>\n<p><strong>15:45<\/strong><strong> <\/strong><strong> <\/strong><strong>Discussion<\/strong>       <\/p>\n<p> <strong>15:55<\/strong><strong> <\/strong><strong> <\/strong><strong>Break<\/strong><\/p>\n<\/p>\n<blockquote>\n<h3> <strong>VIII.<\/strong><strong> <\/strong><strong>Innate<\/strong><strong> <\/strong><strong>lymphoid<\/strong><strong> <\/strong><strong>cells<\/strong><strong> <\/strong><strong>and<\/strong><strong> <\/strong><strong>bronchial<\/strong><strong> <\/strong><strong>asthma<\/strong><\/h3>\n<p> <em>Chair:<\/em><em> <\/em><em>Zsolt<\/em><em> <\/em><em>Koml\u00f3si<\/em><\/p>\n<\/blockquote>\n<p> 16:15 <em>Mubeccel<\/em><em> <\/em><em>Akdis,<\/em><em> <\/em>Swiss <em>Institute<\/em><em> <\/em><em>of<\/em><em> <\/em><em>Allergy<\/em><em> <\/em><em>and<\/em><em> <\/em><em>Asthma<\/em><em> <\/em><em>Research,<\/em><em> <\/em><em>Davos, <\/em><em>Switzerland<\/em><\/p>\n<blockquote>\n<p> Mechanisms of peripheral tolerance to allergens       <\/p>\n<\/blockquote>\n<p>16:40 <em>Zsolt<\/em><em> <\/em><em> <\/em><em>Koml\u00f3si,<\/em><em> <\/em><em>Semmelweis<\/em><em> <\/em><em>University,<\/em><em> <\/em><em>Budapest,<\/em><em> <\/em><em>Hungary<\/em><\/p>\n<blockquote>\n<p> lmmunoregulatory role for ,type 3&quot; innate lymphoid cells<\/p>\n<\/blockquote>\n<p> 17:00 <em>Burkhard<\/em><em> <\/em><em>Ludewig,<\/em><em> <\/em><em>St.<\/em><em> <\/em><em>Gallen,<\/em><em> <\/em><em>Switzerland<\/em><\/p>\n<blockquote>\n<p> Stromal  cells regulate lymphoid organ development and immune responsiveness<\/p>\n<\/blockquote>\n<p> <strong>17:25<\/strong><strong> <\/strong><strong> <\/strong><strong>Discussion<\/strong><\/p>\n<p> <strong>17:35<\/strong><strong> <\/strong><strong> <\/strong><strong>Break<\/strong><\/p>\n<p>             <\/p>\n<h3> <strong>IX.<\/strong><strong> <\/strong><strong>Lung<\/strong><strong> <\/strong><strong>cancer<\/strong><strong> <\/strong><strong>2<\/strong><\/h3>\n<blockquote>\n<p> <em>Chair:<\/em><em> <\/em><em>Gy\u00f6rgy<\/em><em> <\/em><em>Losonczy<\/em><\/p>\n<\/blockquote>\n<p> 17:45 <em>Jean-Paul<\/em><em> <\/em><em>Sculier;<\/em><em> <\/em><em>Free<\/em><em> <\/em><em>University<\/em><em> <\/em><em>of<\/em><em> <\/em>Brussels, <em>Belgium<\/em><\/p>\n<blockquote>\n<p> Targeted treatment  of advanced  stage non-small cell lung cancer<\/p>\n<\/blockquote>\n<p> 18:10 <em>Gy\u00f6rgy<\/em><em> <\/em><em>Losonczy,<\/em><em> <\/em><em>Semmelweis<\/em><em> <\/em><em>University,<\/em><em> <\/em><em>Budapest,<\/em><em> <\/em><em>Hungary<\/em><\/p>\n<blockquote>\n<p> Risk and prevention  of cisplatin  nephrotoxicity<\/p>\n<\/blockquote>\n<p> 18:25 <em>Chris<\/em><em> <\/em><em>Baylis,<\/em><em> <\/em><em>University<\/em><em> <\/em><em>of<\/em><em> <\/em><em>Gainesville,<\/em><em> <\/em><em>Florida,<\/em><em> <\/em><em>USA<\/em><\/p>\n<blockquote>\n<p> Physiology of toxic acute renal failure<\/p>\n<\/blockquote>\n<p> <strong>18:50<\/strong><strong> <\/strong><strong> <\/strong><strong>Discussion<\/strong>       <\/p>\n<p> <strong>20:00<\/strong><strong> <\/strong><strong> Gala<\/strong><strong> <\/strong><strong>Dinner<\/strong><strong> <\/strong><strong>(Marble <\/strong><strong> <\/strong><strong>Hall<\/strong><strong> <\/strong><strong>of<\/strong><strong> <\/strong><strong>the<\/strong><strong> <\/strong><strong>Museum <\/strong><strong> <\/strong><strong>of<\/strong><strong> <\/strong><strong>Military  History,<\/strong><strong> <\/strong><strong>Buda<\/strong><strong> <\/strong><strong>Castle) <\/strong><strong>November<\/strong><strong> <\/strong><strong>8,<\/strong><strong> <\/strong><strong>Saturday<\/strong><\/p>\n<\/p>\n<h3> <strong>X.<\/strong><strong> <\/strong><strong>Pulmonary<\/strong><strong> <\/strong><strong>complications<\/strong><strong> <\/strong><strong>in<\/strong><strong> <\/strong><strong>solid<\/strong><strong> <\/strong><strong>organ<\/strong><strong> <\/strong><strong>transplantation<\/strong><\/h3>\n<blockquote>\n<p> <em>Chair:<\/em><em> <\/em><em>Veronika<\/em><em> <\/em><em>M\u00fcller<\/em><\/p>\n<\/blockquote>\n<p> 8:30 <em>Uwe<\/em><em> <\/em><em>Heemann,<\/em><em> <\/em><em>Technical<\/em><em> <\/em><em>University<\/em><em> <\/em><em>Munich<\/em><\/p>\n<blockquote>\n<p> Optimizing  immunosuppressive therapies to prevent pulmonary  complications<\/p>\n<\/blockquote>\n<p> 8:55 <em>Veronika<\/em><em> <\/em><em>M\u00fcller;<\/em><em> <\/em><em>Semmelweis<\/em><em> <\/em><em>University,<\/em><em> <\/em><em>Budapest,<\/em><em> <\/em><em>Hungary <\/em>Pleuropulmonary changes in immunocompromized patients:  infection  or underlying  disease?<\/p>\n<p> 9:15 <em>Gy\u00f6rgy<\/em><em> <\/em><em>Lang,<\/em><em> <\/em><em>Semmelweis<\/em><em> <\/em><em>University,<\/em><em> <\/em><em>Budapest<\/em><em> <\/em><em>and<\/em><em> <\/em><em>Medical<\/em><em> <\/em><em>University<\/em><em> <\/em><em>of<\/em> <em>Vienna,<\/em><em> <\/em><em>Austria<\/em><\/p>\n<blockquote>\n<p> Bridge therapies  from end-stage lung disease to lung transplantation<\/p>\n<\/blockquote>\n<p> 9:35 <em>Nandor<\/em><em> <\/em><em>Marczin,<\/em><em> <\/em><em><\/em><em>Imperial College London, London, UK<\/em><\/p>\n<blockquote>\n<p> Optimizing  donor lungs and perioperative recipient  care in lung transplantation<\/p>\n<\/blockquote>\n<p> <strong>10:00<\/strong><strong> <\/strong><strong> <\/strong><strong>Discussion<\/strong><\/p>\n<p> <strong>10:10<\/strong><strong> <\/strong><strong> <\/strong><strong>Break<\/strong><\/p>\n<p> <strong>10:25<\/strong><strong> <\/strong><strong> <\/strong><strong>Semmelweis<\/strong><strong> <\/strong><strong>Budapest <\/strong><strong> <\/strong><strong>Award<\/strong><strong> <\/strong><strong>Ceremony<\/strong><\/p>\n<blockquote>\n<p>Award Winner: Gy\u00f6rgy Klein, Nobel Laureate<br \/>         Award is presented by \u00c1goston Sz\u00e9l, Rector of Semmelweis University<\/p>\n<\/blockquote>\n<p> <strong>11.00<\/strong><strong> <\/strong><strong> Closing<\/strong><strong> <\/strong><strong>remarks<\/strong><\/p>\n<blockquote>\n<p> <em>Gy\u00f6rgy<\/em><em> <\/em><em>Losonczy<\/em><\/p>\n<\/blockquote>\n<p>             <\/p>\n<p>             <\/p>\n","protected":false},"excerpt":{"rendered":"<p>Download &#8211; <a href=\"images\/Semmelweis_Symp_Preliminary_Program.pdf\">Pdf<\/a> November 6 (Thursday) Opening \u00c1goston Sz\u00e9l, Rector of Semmelweis University Laszl\u00f3 Hunyady, Dean of Medical School Gy\u00f6rgy Losonczy, Conference Chair 8:30 Opening address Agoston Szel, Rector of Semmefvveis University I. Update on bronchial asthma and chronic obstructive pulmonary disease (COPD) Chair: lldik\u00f3 Horvath 9:00 Peter J. Bames, Imperial College, London, UK New targets &hellip;<\/p>\n","protected":false},"author":101029,"featured_media":0,"parent":929,"menu_order":0,"comment_status":"closed","ping_status":"closed","template":"","meta":{"_acf_changed":false,"footnotes":""},"categories":[],"tags":[],"class_list":["post-931","page","type-page","status-publish","hentry"],"acf":[],"_links":{"self":[{"href":"https:\/\/semmelweis.hu\/symposium\/wp-json\/wp\/v2\/pages\/931","targetHints":{"allow":["GET"]}}],"collection":[{"href":"https:\/\/semmelweis.hu\/symposium\/wp-json\/wp\/v2\/pages"}],"about":[{"href":"https:\/\/semmelweis.hu\/symposium\/wp-json\/wp\/v2\/types\/page"}],"author":[{"embeddable":true,"href":"https:\/\/semmelweis.hu\/symposium\/wp-json\/wp\/v2\/users\/101029"}],"replies":[{"embeddable":true,"href":"https:\/\/semmelweis.hu\/symposium\/wp-json\/wp\/v2\/comments?post=931"}],"version-history":[{"count":1,"href":"https:\/\/semmelweis.hu\/symposium\/wp-json\/wp\/v2\/pages\/931\/revisions"}],"predecessor-version":[{"id":947,"href":"https:\/\/semmelweis.hu\/symposium\/wp-json\/wp\/v2\/pages\/931\/revisions\/947"}],"up":[{"embeddable":true,"href":"https:\/\/semmelweis.hu\/symposium\/wp-json\/wp\/v2\/pages\/929"}],"wp:attachment":[{"href":"https:\/\/semmelweis.hu\/symposium\/wp-json\/wp\/v2\/media?parent=931"}],"wp:term":[{"taxonomy":"category","embeddable":true,"href":"https:\/\/semmelweis.hu\/symposium\/wp-json\/wp\/v2\/categories?post=931"},{"taxonomy":"post_tag","embeddable":true,"href":"https:\/\/semmelweis.hu\/symposium\/wp-json\/wp\/v2\/tags?post=931"}],"curies":[{"name":"wp","href":"https:\/\/api.w.org\/{rel}","templated":true}]}}