{"id":754,"date":"2015-11-04T00:00:00","date_gmt":"2015-11-03T23:00:00","guid":{"rendered":"http:\/\/semmelweis.hu\/symposium\/accommodation\/"},"modified":"2015-11-04T17:12:54","modified_gmt":"2015-11-04T16:12:54","slug":"accommodation","status":"publish","type":"page","link":"https:\/\/semmelweis.hu\/symposium\/szimpozium-archiv\/semmelweis-symposium-2010\/accommodation\/","title":{"rendered":"Accommodation"},"content":{"rendered":"<br \/>\n<tr>\n<td valign=\"top\" colspan=\"2\">\n<h2>Hotel IBIS Centrum ***  <br \/><\/h2>\n<h3><img loading=\"lazy\" decoding=\"async\" src=\"http:\/\/www.semmelweissymposium2010.hu\/images\/stories\/accomodation\/01_ibis.jpg\" width=\"230\" height=\"216\" style=\"float: right\" hspace=\"6\" alt=\"hotel Ibis Budapest\" title=\"hotel Ibis Budapest\" border=\"0\" \/>Location<\/h3>\n<h4>The hotel is situated on the Pest side, in the immediate vicinity of the National Museum; just 5 minutes walk from the famous shopping area &ldquo;V&aacute;ci utca&rdquo;, in the business and cultural centre of the city, most important sights within walking distance.<br \/><\/h4>\n<h3>Hotel services<\/h3>\n<h4>Drink bar, Cosy patio, paying indoor hotel garage, safe deposit box at the reception, WiFi internet access (surcharge), souvenir shop.<br \/><\/h4>\n<h3>Room services<\/h3>\n<h4>Air-conditioning and sound-proofing, colour-TV, direct-dial telephone, Pay-TV, electronic key card system, WiFi internet access (surcharge). 7 complete floors for non-smokers.<br \/><\/h4>\n<h3>Price:    <\/h3>\n<h4><strong>Single room: <\/strong>58 EUR \/ 15.700 HUF    <strong><br \/>Double room:<\/strong>  68 EUR \/ 18.400 HUF<\/h4>\n<h4><strong>Website:<\/strong> <a href=\"http:\/\/www.ibishotel.com\/gb\/hotel-2078-ibis-budapest-centrum\/index.shtml\" target=\"_blank\">www.ibishotel.com<\/a>  <br \/><\/h4>\n<h2>Hotel Corvin ***<\/h2>\n<h3><img loading=\"lazy\" decoding=\"async\" src=\"http:\/\/www.semmelweissymposium2010.hu\/images\/stories\/accomodation\/02_hotel_corvin.jpg\" width=\"230\" height=\"267\" style=\"float: right\" hspace=\"6\" alt=\"Hotel Corvin budapest\" title=\"Hotel Corvin budapest\" border=\"0\" \/>Location<\/h3>\n<h4>The Hotel is located in centre of Budapest, within walking distance from the pedestrian streets, restaurants, cafes and tourist attractions.<br \/><\/h4>\n<h3>Hotel services<\/h3>\n<h4>Restaurant, Drink bar, WiFi internet access (complimentary), laundry<br \/>Room services<br \/>Tv, telephone, safety deposit box, well-equipped kitchen, hairdryer, WiFi internet access (complimentary)<br \/><\/h4>\n<h3>Price:    <\/h3>\n<h4><strong>Single room:<\/strong> 48 EUR \/ 13.000 HUF    <strong><br \/>Double room:<\/strong>  58 EUR \/ 15.700 HUF<\/h4>\n<h4><strong>Website:<\/strong> <a href=\"http:\/\/www.corvinhotelbudapest.hu\/\" target=\"_blank\">www.hotelcorvinbudapest.com<\/a>  <br \/><\/h4>\n<h2>Hotel City Inn ****<\/h2>\n<h3><img loading=\"lazy\" decoding=\"async\" src=\"http:\/\/www.semmelweissymposium2010.hu\/images\/stories\/accomodation\/03_hotel_cityinn.jpg\" width=\"230\" height=\"270\" style=\"float: right\" hspace=\"6\" alt=\"Hotel City Inn Budapest\" title=\"Hotel City Inn Budapest\" border=\"0\" \/>Location<\/h3>\n<h4>The hotel is situated in a quiet street, in 3 minutes walk from two different metro stops, in 4 minutes walk from the Museum of Applied Arts and in 10 minutes walk from the famous National Museum. <\/h4>\n<h3>Hotel services<\/h3>\n<h4>Dining room, lobby bar, parking with surveillance, and a round-the-clock, WiFi internet access (complimentary)<\/h4>\n<h3>Room services<\/h3>\n<h4>Air-conditioning, Wi-Fi internet access (complimentary), safety deposit box, minibar, cable-TV, telephone <\/h4>\n<h3>Price:    <\/h3>\n<h4><strong>Single room:<\/strong> 46 EUR \/ 12.400 HUF    <br \/><strong>Double room:<\/strong>  54 EUR \/ 14.600 HUF<\/h4>\n<h4><strong>Website:<\/strong> <a href=\"http:\/\/www.cityinn.hu\/\" target=\"_blank\">www.cityinn.hu<\/a>  <\/h4>\n<h2>Ramada Budapest Hotel* * * *<\/h2>\n<h3><img loading=\"lazy\" decoding=\"async\" src=\"http:\/\/www.semmelweissymposium2010.hu\/images\/stories\/accomodation\/04_ramada.jpg\" width=\"230\" height=\"199\" style=\"float: right\" hspace=\"6\" alt=\"Ramada hotel budapest\" title=\"Ramada hotel budapest\" border=\"0\" \/>Location<\/h3>\n<h4>The Hotel is situated in downtown Pest, in a charming street in the Ferencv&aacute;ros district. This district is o&shy;ne of the fastest developing areas of Budapest and has become part of the financial and business centre of the city. <\/h4>\n<h4>The hotel is easily accessible from the Airport, two metro stops from the city centre and 200 meters from the Holocaust Museum.<\/h4>\n<h3>Hotel services<br \/><\/h3>\n<h4>24 hours reception, business center, central safe, change, elevator, hotel taxi, laundry, room service, caf&eacute;, drink bar,  night club, pub, restaurant, fitness room, sauna<\/h4>\n<h3>Room services<\/h3>\n<h4>In-room safety deposit boxes, 2 telephones, ISDN lines, SAT TV channels, In-room pay per view movies, Laundry and dry cleaning services, Fridge, Work desk, Hair dryer<\/h4>\n<h3>Price <br \/><\/h3>\n<h4><strong>Single room:<\/strong> 65 Euro<br \/><strong>Double room:<\/strong> 75 Euro <\/h4>\n<h4><strong>Website:<\/strong> <a href=\"http:\/\/www.ramadabudapest.com\/\" target=\"_blank\">www.ramadabudapest.com<\/a>  <br \/><\/h4>\n<h4><\/h4>\n<hr \/>\n<h4> <\/h4>\n<h3>Hotel booking deadline: 1 October 2010<\/h3>\n<h3>Contact: Alice Sipos<\/h3>\n<h3>e-mail:     &lt;!&#8211;  var prefix = &#039;&#109;a&#039; + &#039;i&#108;&#039; + &#039;&#116;o&#039;;  var path = &#039;hr&#039; + &#039;ef&#039; + &#039;=&#039;;  var addy13540 = &#039;s&#105;p&#111;s.&#097;l&#105;c&#101;&#039; + &#039;&#064;&#039;;  addy13540 = addy13540 + &#039;m&#111;t&#101;sz&#039; + &#039;&#046;&#039; + &#039;h&#117;&#039;;  document.write( &#039;<a>&#8216; );  document.write( addy13540 );  document.write( &#8216;<\/a>&#8216; );  \/\/&#8211;&gt;n   &lt;!&#8211;  document.write( &#039;<span>&#8216; );  \/\/&#8211;&gt;  Az email c\u00edm v\u00e9dve van a spam botokt\u00f3l, a megtekint\u00e9s\u00e9hez a JavaScript bekapcsol\u00e1sa sz\u00fcks\u00e9ges    &lt;!&#8211;  document.write( &#039;&#8217; );  \/\/&#8211;&gt;   <\/h3>\n<\/td>\n<\/tr>\n","protected":false},"excerpt":{"rendered":"<p>Hotel IBIS Centrum *** Location The hotel is situated on the Pest side, in the immediate vicinity of the National Museum; just 5 minutes walk from the famous shopping area &ldquo;V&aacute;ci utca&rdquo;, in the business and cultural centre of the city, most important sights within walking distance. Hotel services Drink bar, Cosy patio, paying indoor &hellip;<\/p>\n","protected":false},"author":101028,"featured_media":0,"parent":749,"menu_order":0,"comment_status":"closed","ping_status":"closed","template":"","meta":{"_acf_changed":false,"footnotes":""},"categories":[],"tags":[],"class_list":["post-754","page","type-page","status-publish","hentry"],"acf":[],"_links":{"self":[{"href":"https:\/\/semmelweis.hu\/symposium\/wp-json\/wp\/v2\/pages\/754","targetHints":{"allow":["GET"]}}],"collection":[{"href":"https:\/\/semmelweis.hu\/symposium\/wp-json\/wp\/v2\/pages"}],"about":[{"href":"https:\/\/semmelweis.hu\/symposium\/wp-json\/wp\/v2\/types\/page"}],"author":[{"embeddable":true,"href":"https:\/\/semmelweis.hu\/symposium\/wp-json\/wp\/v2\/users\/101028"}],"replies":[{"embeddable":true,"href":"https:\/\/semmelweis.hu\/symposium\/wp-json\/wp\/v2\/comments?post=754"}],"version-history":[{"count":1,"href":"https:\/\/semmelweis.hu\/symposium\/wp-json\/wp\/v2\/pages\/754\/revisions"}],"predecessor-version":[{"id":758,"href":"https:\/\/semmelweis.hu\/symposium\/wp-json\/wp\/v2\/pages\/754\/revisions\/758"}],"up":[{"embeddable":true,"href":"https:\/\/semmelweis.hu\/symposium\/wp-json\/wp\/v2\/pages\/749"}],"wp:attachment":[{"href":"https:\/\/semmelweis.hu\/symposium\/wp-json\/wp\/v2\/media?parent=754"}],"wp:term":[{"taxonomy":"category","embeddable":true,"href":"https:\/\/semmelweis.hu\/symposium\/wp-json\/wp\/v2\/categories?post=754"},{"taxonomy":"post_tag","embeddable":true,"href":"https:\/\/semmelweis.hu\/symposium\/wp-json\/wp\/v2\/tags?post=754"}],"curies":[{"name":"wp","href":"https:\/\/api.w.org\/{rel}","templated":true}]}}