{"id":753,"date":"2015-11-04T00:00:00","date_gmt":"2015-11-03T23:00:00","guid":{"rendered":"http:\/\/semmelweis.hu\/symposium\/ph-d\/"},"modified":"2015-11-04T17:12:54","modified_gmt":"2015-11-04T16:12:54","slug":"ph-d","status":"publish","type":"page","link":"https:\/\/semmelweis.hu\/symposium\/szimpozium-archiv\/semmelweis-symposium-2010\/ph-d\/","title":{"rendered":"Ph.D."},"content":{"rendered":"<br \/>\n<tr>\n<td valign=\"top\" colspan=\"2\">\n<h4>If you want to obtain Ph.D credits for participating at the Semmelweis Symposium 2010, please contact Prof. Laszlo Hunyady <br \/>(     &lt;!&#8211;  var prefix = &#039;&#109;a&#039; + &#039;i&#108;&#039; + &#039;&#116;o&#039;;  var path = &#039;hr&#039; + &#039;ef&#039; + &#039;=&#039;;  var addy23496 = &#039;H&#117;ny&#097;dy&#039; + &#039;&#064;&#039;;  addy23496 = addy23496 + &#039;&#101;&#111;k&#039; + &#039;&#046;&#039; + &#039;s&#111;t&#101;&#039; + &#039;&#046;&#039; + &#039;h&#117;&#039;;  var addy_text23496 = &#039;H&#117;ny&#097;dy&#039; + &#039;&#064;&#039; + &#039;&#101;&#111;k&#039; + &#039;&#046;&#039; + &#039;s&#111;t&#101;&#039; + &#039;&#046;&#039; + &#039;h&#117;&#039;;  document.write( &#039;<a>&#8216; );  document.write( addy_text23496 );  document.write( &#8216;<\/a>&#8216; );  \/\/&#8211;&gt;n   &lt;!&#8211;  document.write( &#039;<span>&#8216; );  \/\/&#8211;&gt;  Az email c\u00edm v\u00e9dve van a spam botokt\u00f3l, a megtekint\u00e9s\u00e9hez a JavaScript bekapcsol\u00e1sa sz\u00fcks\u00e9ges    &lt;!&#8211;  document.write( &#039;&#8217; );  \/\/&#8211;&gt;    )<\/h4>\n<\/td>\n<\/tr>\n","protected":false},"excerpt":{"rendered":"<p>If you want to obtain Ph.D credits for participating at the Semmelweis Symposium 2010, please contact Prof. Laszlo Hunyady ( &lt;!&#8211; var prefix = &#039;&#109;a&#039; + &#039;i&#108;&#039; + &#039;&#116;o&#039;; var path = &#039;hr&#039; + &#039;ef&#039; + &#039;=&#039;; var addy23496 = &#039;H&#117;ny&#097;dy&#039; + &#039;&#064;&#039;; addy23496 = addy23496 + &#039;&#101;&#111;k&#039; + &#039;&#046;&#039; + &#039;s&#111;t&#101;&#039; + &#039;&#046;&#039; + &hellip;<\/p>\n","protected":false},"author":101028,"featured_media":0,"parent":749,"menu_order":0,"comment_status":"closed","ping_status":"closed","template":"","meta":{"_acf_changed":false,"footnotes":""},"categories":[],"tags":[],"class_list":["post-753","page","type-page","status-publish","hentry"],"acf":[],"_links":{"self":[{"href":"https:\/\/semmelweis.hu\/symposium\/wp-json\/wp\/v2\/pages\/753","targetHints":{"allow":["GET"]}}],"collection":[{"href":"https:\/\/semmelweis.hu\/symposium\/wp-json\/wp\/v2\/pages"}],"about":[{"href":"https:\/\/semmelweis.hu\/symposium\/wp-json\/wp\/v2\/types\/page"}],"author":[{"embeddable":true,"href":"https:\/\/semmelweis.hu\/symposium\/wp-json\/wp\/v2\/users\/101028"}],"replies":[{"embeddable":true,"href":"https:\/\/semmelweis.hu\/symposium\/wp-json\/wp\/v2\/comments?post=753"}],"version-history":[{"count":1,"href":"https:\/\/semmelweis.hu\/symposium\/wp-json\/wp\/v2\/pages\/753\/revisions"}],"predecessor-version":[{"id":761,"href":"https:\/\/semmelweis.hu\/symposium\/wp-json\/wp\/v2\/pages\/753\/revisions\/761"}],"up":[{"embeddable":true,"href":"https:\/\/semmelweis.hu\/symposium\/wp-json\/wp\/v2\/pages\/749"}],"wp:attachment":[{"href":"https:\/\/semmelweis.hu\/symposium\/wp-json\/wp\/v2\/media?parent=753"}],"wp:term":[{"taxonomy":"category","embeddable":true,"href":"https:\/\/semmelweis.hu\/symposium\/wp-json\/wp\/v2\/categories?post=753"},{"taxonomy":"post_tag","embeddable":true,"href":"https:\/\/semmelweis.hu\/symposium\/wp-json\/wp\/v2\/tags?post=753"}],"curies":[{"name":"wp","href":"https:\/\/api.w.org\/{rel}","templated":true}]}}