{"id":752,"date":"2015-11-04T00:00:00","date_gmt":"2015-11-03T23:00:00","guid":{"rendered":"http:\/\/semmelweis.hu\/symposium\/poster-2\/"},"modified":"2015-11-04T17:12:54","modified_gmt":"2015-11-04T16:12:54","slug":"poster-2","status":"publish","type":"page","link":"https:\/\/semmelweis.hu\/symposium\/szimpozium-archiv\/semmelweis-symposium-2010\/poster-2\/","title":{"rendered":"Poster"},"content":{"rendered":"<br \/>\n<tr>\n<td valign=\"top\" colspan=\"2\">\n<h4>Poster titles submitted after October 20 will not appear in the program book. If you still want to present a late poster, please send your poster title including name and affiliation of the authors to the following address:<br \/>    &lt;!&#8211;  var prefix = &#039;&#109;a&#039; + &#039;i&#108;&#039; + &#039;&#116;o&#039;;  var path = &#039;hr&#039; + &#039;ef&#039; + &#039;=&#039;;  var addy40704 = &#039;p&#101;t&#101;r.&#101;ny&#101;d&#105;&#039; + &#039;&#064;&#039;;  addy40704 = addy40704 + &#039;&#101;&#111;k&#039; + &#039;&#046;&#039; + &#039;s&#111;t&#101;&#039; + &#039;&#046;&#039; + &#039;h&#117;&#039;;  document.write( &#039;<a>&#8216; );  document.write( addy40704 );  document.write( &#8216;<\/a>&#8216; );  \/\/&#8211;&gt;n   &lt;!&#8211;  document.write( &#039;<span>&#8216; );  \/\/&#8211;&gt;  Az email c\u00edm v\u00e9dve van a spam botokt\u00f3l, a megtekint\u00e9s\u00e9hez a JavaScript bekapcsol\u00e1sa sz\u00fcks\u00e9ges    &lt;!&#8211;  document.write( &#039;&#8217; );  \/\/&#8211;&gt;  <\/p>\n<p>Size of poster boards: 1 m (width) x 1.3 m (height) <br \/>Stickers will be provided for mounting the posters. <\/p>\n<p>Please display your poster on November 6, Sarurday before the morning session and leave it until the end of the last poster session on November 7, Sunday.<br \/><\/h4>\n<\/td>\n<\/tr>\n","protected":false},"excerpt":{"rendered":"<p>Poster titles submitted after October 20 will not appear in the program book. If you still want to present a late poster, please send your poster title including name and affiliation of the authors to the following address: &lt;!&#8211; var prefix = &#039;&#109;a&#039; + &#039;i&#108;&#039; + &#039;&#116;o&#039;; var path = &#039;hr&#039; + &#039;ef&#039; + &#039;=&#039;; &hellip;<\/p>\n","protected":false},"author":101028,"featured_media":0,"parent":749,"menu_order":0,"comment_status":"closed","ping_status":"closed","template":"","meta":{"_acf_changed":false,"footnotes":""},"categories":[],"tags":[],"class_list":["post-752","page","type-page","status-publish","hentry"],"acf":[],"_links":{"self":[{"href":"https:\/\/semmelweis.hu\/symposium\/wp-json\/wp\/v2\/pages\/752","targetHints":{"allow":["GET"]}}],"collection":[{"href":"https:\/\/semmelweis.hu\/symposium\/wp-json\/wp\/v2\/pages"}],"about":[{"href":"https:\/\/semmelweis.hu\/symposium\/wp-json\/wp\/v2\/types\/page"}],"author":[{"embeddable":true,"href":"https:\/\/semmelweis.hu\/symposium\/wp-json\/wp\/v2\/users\/101028"}],"replies":[{"embeddable":true,"href":"https:\/\/semmelweis.hu\/symposium\/wp-json\/wp\/v2\/comments?post=752"}],"version-history":[{"count":1,"href":"https:\/\/semmelweis.hu\/symposium\/wp-json\/wp\/v2\/pages\/752\/revisions"}],"predecessor-version":[{"id":762,"href":"https:\/\/semmelweis.hu\/symposium\/wp-json\/wp\/v2\/pages\/752\/revisions\/762"}],"up":[{"embeddable":true,"href":"https:\/\/semmelweis.hu\/symposium\/wp-json\/wp\/v2\/pages\/749"}],"wp:attachment":[{"href":"https:\/\/semmelweis.hu\/symposium\/wp-json\/wp\/v2\/media?parent=752"}],"wp:term":[{"taxonomy":"category","embeddable":true,"href":"https:\/\/semmelweis.hu\/symposium\/wp-json\/wp\/v2\/categories?post=752"},{"taxonomy":"post_tag","embeddable":true,"href":"https:\/\/semmelweis.hu\/symposium\/wp-json\/wp\/v2\/tags?post=752"}],"curies":[{"name":"wp","href":"https:\/\/api.w.org\/{rel}","templated":true}]}}