{"id":749,"date":"2015-11-04T17:12:13","date_gmt":"2015-11-04T16:12:13","guid":{"rendered":"http:\/\/semmelweis.hu\/symposium\/?page_id=749"},"modified":"2023-11-18T21:33:07","modified_gmt":"2023-11-18T20:33:07","slug":"semmelweis-symposium-2010","status":"publish","type":"page","link":"https:\/\/semmelweis.hu\/symposium\/szimpozium-archiv\/semmelweis-symposium-2010\/","title":{"rendered":"Semmelweis Symposium 2010"},"content":{"rendered":"<h3>Importan information!<\/h3>\n<h4>On-line registration (including scientific and social program) closes on<br \/>\nNovember 3, Wednesday.<br \/>\nOn-site registration for the scientific program will be provided at both<br \/>\nconference locations.<\/h4>\n<h3>Dear Colleagues,<\/h3>\n<h4>Together with Tam\u00e1s Balla and Gy\u00f6rgy Hajn\u00f3czky I organize the next Semmelweis Symposium. The symposium, dealing with signal transduction, will take place in Budapest, between the 5th and 7th November. We would be pleased to welcome you among the participants of the symposium. Poster presentations are welcome, and the symposium has no registration fee&#8230;<\/h4>\n<h4>Best regards,<\/h4>\n<p>L\u00e1szl\u00f3 Hunyady<br \/>\nConference Chair<\/p>\n<pre><img loading=\"lazy\" decoding=\"async\" title=\"Image\" src=\"http:\/\/www.semmelweissymposium2010.hu\/images\/stories\/index.jpg\" alt=\"Image\" width=\"515\" height=\"343\" border=\"0\" hspace=\"6\" \/><\/pre>\n<h4><a href=\"plakat.zip\">Poster download here<\/a><\/h4>\n","protected":false},"excerpt":{"rendered":"<p>Importan information! On-line registration (including scientific and social program) closes on November 3, Wednesday. On-site registration for the scientific program will be provided at both conference locations. Dear Colleagues, Together with Tam\u00e1s Balla and Gy\u00f6rgy Hajn\u00f3czky I organize the next Semmelweis Symposium. The symposium, dealing with signal transduction, will take place in Budapest, between the &hellip;<\/p>\n","protected":false},"author":101028,"featured_media":0,"parent":228,"menu_order":24,"comment_status":"closed","ping_status":"closed","template":"","meta":{"_acf_changed":false,"footnotes":""},"categories":[],"tags":[],"class_list":["post-749","page","type-page","status-publish","hentry"],"acf":[],"_links":{"self":[{"href":"https:\/\/semmelweis.hu\/symposium\/wp-json\/wp\/v2\/pages\/749","targetHints":{"allow":["GET"]}}],"collection":[{"href":"https:\/\/semmelweis.hu\/symposium\/wp-json\/wp\/v2\/pages"}],"about":[{"href":"https:\/\/semmelweis.hu\/symposium\/wp-json\/wp\/v2\/types\/page"}],"author":[{"embeddable":true,"href":"https:\/\/semmelweis.hu\/symposium\/wp-json\/wp\/v2\/users\/101028"}],"replies":[{"embeddable":true,"href":"https:\/\/semmelweis.hu\/symposium\/wp-json\/wp\/v2\/comments?post=749"}],"version-history":[{"count":3,"href":"https:\/\/semmelweis.hu\/symposium\/wp-json\/wp\/v2\/pages\/749\/revisions"}],"predecessor-version":[{"id":2578,"href":"https:\/\/semmelweis.hu\/symposium\/wp-json\/wp\/v2\/pages\/749\/revisions\/2578"}],"up":[{"embeddable":true,"href":"https:\/\/semmelweis.hu\/symposium\/wp-json\/wp\/v2\/pages\/228"}],"wp:attachment":[{"href":"https:\/\/semmelweis.hu\/symposium\/wp-json\/wp\/v2\/media?parent=749"}],"wp:term":[{"taxonomy":"category","embeddable":true,"href":"https:\/\/semmelweis.hu\/symposium\/wp-json\/wp\/v2\/categories?post=749"},{"taxonomy":"post_tag","embeddable":true,"href":"https:\/\/semmelweis.hu\/symposium\/wp-json\/wp\/v2\/tags?post=749"}],"curies":[{"name":"wp","href":"https:\/\/api.w.org\/{rel}","templated":true}]}}