{"id":69,"date":"2015-10-01T14:15:08","date_gmt":"2015-10-01T12:15:08","guid":{"rendered":"http:\/\/semmelweis.hu\/idegtudomany\/?page_id=69"},"modified":"2026-03-16T15:14:23","modified_gmt":"2026-03-16T14:14:23","slug":"altalanos-informaciok","status":"publish","type":"page","link":"https:\/\/semmelweis.hu\/symposium\/","title":{"rendered":"A Semmelweis Szimp\u00f3ziumr\u00f3l"},"content":{"rendered":"<h2>Semmelweis Szimp\u00f3zium: A glob\u00e1lis kutat\u00e1si egy\u00fcttm\u0171k\u00f6d\u00e9sek tal\u00e1lkoz\u00f3pontja<\/h2>\n<div class=\"keretes w-100\">\n<p style=\"text-align: justify\"><img loading=\"lazy\" decoding=\"async\" class=\"alignright  wp-image-2946\" src=\"https:\/\/semmelweis.hu\/symposium\/files\/2026\/03\/Semmelweis_logo_ENG_Vertical__PNG-400x267.png\" alt=\"\" width=\"241\" height=\"161\" srcset=\"https:\/\/semmelweis.hu\/symposium\/files\/2026\/03\/Semmelweis_logo_ENG_Vertical__PNG-400x267.png 400w, https:\/\/semmelweis.hu\/symposium\/files\/2026\/03\/Semmelweis_logo_ENG_Vertical__PNG-1024x683.png 1024w, https:\/\/semmelweis.hu\/symposium\/files\/2026\/03\/Semmelweis_logo_ENG_Vertical__PNG-768x512.png 768w, https:\/\/semmelweis.hu\/symposium\/files\/2026\/03\/Semmelweis_logo_ENG_Vertical__PNG-1536x1024.png 1536w, https:\/\/semmelweis.hu\/symposium\/files\/2026\/03\/Semmelweis_logo_ENG_Vertical__PNG-753x502.png 753w, https:\/\/semmelweis.hu\/symposium\/files\/2026\/03\/Semmelweis_logo_ENG_Vertical__PNG-203x135.png 203w, https:\/\/semmelweis.hu\/symposium\/files\/2026\/03\/Semmelweis_logo_ENG_Vertical__PNG.png 1920w\" sizes=\"auto, (max-width: 241px) 100vw, 241px\" \/>A <b>Semmelweis Szimp\u00f3sium<\/b> a Semmelweis Egyetem legjelent\u0151sebb \u00e9ves tudom\u00e1nyos rendezv\u00e9nye, amelynek c\u00e9lja, hogy hidat k\u00e9pezzen a vil\u00e1gsz\u00ednvonal\u00fa alapkutat\u00e1sok \u00e9s a klinikai gyakorlat k\u00f6z\u00f6tt. B\u00e1r a rendezv\u00e9ny f\u00e9ny\u00e9t minden \u00e9vben <b>nemzetk\u00f6zileg elismert tud\u00f3sok \u00e9s az orvostudom\u00e1ny \u00fatt\u00f6r\u0151i<\/b> emelik, az esem\u00e9ny val\u00f3di erej\u00e9t az akt\u00edv, nemzetk\u00f6zi kutat\u00f3i h\u00e1l\u00f3zat adja. A szimp\u00f3zium kiemelt tal\u00e1lkoz\u00e1si pontot biztos\u00edt glob\u00e1lis \u00e9s egy\u00fcttm\u0171k\u00f6d\u0151 partnereink sz\u00e1m\u00e1ra, hogy bemutass\u00e1k legfrissebb eredm\u00e9nyeiket, \u00f6sszehangolj\u00e1k kutat\u00e1si ir\u00e1nyaikat, \u00e9s elm\u00e9ly\u00edts\u00e9k a szakmai kapcsolatokat.<\/p>\n<\/div>\n<p style=\"text-align: justify\">A Semmelweis Szimp\u00f3zium kiv\u00e1l\u00f3 platformot k\u00edn\u00e1l az egyetemmel k\u00f6z\u00f6s projektekben dolgoz\u00f3 szakemberek sz\u00e1m\u00e1ra az eredm\u00e9nyeik prezent\u00e1l\u00e1s\u00e1ra \u00e9s az orvostudom\u00e1ny \u00faj horizontjainak felt\u00e9rk\u00e9pez\u00e9s\u00e9re. A vil\u00e1g minden t\u00e1j\u00e1r\u00f3l v\u00e1rjuk a r\u00e9sztvev\u0151ket, akik a rendezv\u00e9nyen egy akt\u00edv tudom\u00e1nyos k\u00f6z\u00f6ss\u00e9g tagj\u00e1v\u00e1 v\u00e1lhatnak. A <b>nemzetk\u00f6zi \u00f6sszefog\u00e1s, megosztott tud\u00e1s \u00e9s az innov\u00e1ci\u00f3 ir\u00e1nti elk\u00f6telezetts\u00e9g<\/b> r\u00e9v\u00e9n egy\u00fctt keress\u00fck a v\u00e1laszt a modern eg\u00e9szs\u00e9g\u00fcgy leg\u00e9get\u0151bb kih\u00edv\u00e1saira.<\/p>\n<h4 style=\"text-align: center\">A 2026-os tudom\u00e1nyos program f\u00f3kusz\u00e1ban:\u00a0<\/h4>\n<h4 style=\"text-align: center\"><strong>Integr\u00e1lt r\u00e1kkutat\u00e1s: Egy\u00fcttm\u0171k\u00f6d\u00e9s az eredm\u00e9nyes gy\u00f3gy\u00edt\u00e1s\u00e9rt<\/strong><\/h4>\n<h4 style=\"text-align: center\">2026 November 16-18. \u2013 Budapest\u00a0<\/h4>\n<p style=\"text-align: center\"><a href=\"https:\/\/semmelweis.hu\/symposium\/en\/semmelweis-symposium-2026\/\">B\u0151vebben angolul \u2192<\/a><\/p>\n<p>&nbsp;<\/p>\n<p><strong>Tudom\u00e1nyos Szervez\u0151 Bizotts\u00e1g eln\u00f6k\u00f6k:<\/strong><\/p>\n<ul>\n<li><strong>Dr. Merkely B\u00e9la<\/strong><\/li>\n<li><strong>Dr. Dank Magdolna<\/strong><\/li>\n<li><strong>Dr. Gy\u0151rffy Bal\u00e1zs<\/strong><\/li>\n<\/ul>\n<p><strong>Tudom\u00e1nyos Szervez\u0151 Bizotts\u00e1g tagjai:\u00a0<\/strong><\/p>\n<ul>\n<li><strong>Dr. B\u00f6d\u00f6r Csaba\u00a0<\/strong><\/li>\n<li><strong>Dr. Drobni Zs\u00f3fia\u00a0<\/strong><\/li>\n<li><strong>Dr. Er\u0151ss L\u00f3r\u00e1nd\u00a0<\/strong><\/li>\n<li><strong>Dr. Ferdinandy P\u00e9ter\u00a0<\/strong><\/li>\n<li><strong>Dr. Kem\u00e9ny Lajos\u00a0<\/strong><\/li>\n<li><strong>Dr. Kiss Andr\u00e1s\u00a0<\/strong><\/li>\n<li><strong>Dr. Lintner Bal\u00e1zs\u00a0<\/strong><\/li>\n<li><strong>Dr. Masszi Tam\u00e1s\u00a0<\/strong><\/li>\n<li><strong>Dr. Maurovich Horvath P\u00e1l<\/strong><\/li>\n<li><strong>Dr. Nagy P\u00e9ter<\/strong><\/li>\n<li><strong>Dr. Nyir\u00e1dy P\u00e9ter<\/strong><\/li>\n<li><strong>Dr. Pat\u00f3cs Attila<\/strong><\/li>\n<li><strong>Dr. Szab\u00f3 Attila\u00a0<\/strong><\/li>\n<li><strong>Dr. Varga Zolt\u00e1n\u00a0<\/strong><\/li>\n<\/ul>\n","protected":false},"excerpt":{"rendered":"<p>Semmelweis Szimp\u00f3zium: A glob\u00e1lis kutat\u00e1si egy\u00fcttm\u0171k\u00f6d\u00e9sek tal\u00e1lkoz\u00f3pontja A Semmelweis Szimp\u00f3sium a Semmelweis Egyetem legjelent\u0151sebb \u00e9ves tudom\u00e1nyos rendezv\u00e9nye, amelynek c\u00e9lja, hogy hidat k\u00e9pezzen a vil\u00e1gsz\u00ednvonal\u00fa alapkutat\u00e1sok \u00e9s a klinikai gyakorlat k\u00f6z\u00f6tt. B\u00e1r a rendezv\u00e9ny f\u00e9ny\u00e9t minden \u00e9vben nemzetk\u00f6zileg elismert tud\u00f3sok \u00e9s az orvostudom\u00e1ny \u00fatt\u00f6r\u0151i emelik, az esem\u00e9ny val\u00f3di erej\u00e9t az akt\u00edv, nemzetk\u00f6zi kutat\u00f3i h\u00e1l\u00f3zat adja. A &hellip;<\/p>\n","protected":false},"author":12,"featured_media":0,"parent":0,"menu_order":0,"comment_status":"closed","ping_status":"closed","template":"template-fullwidth.php","meta":{"_acf_changed":false,"footnotes":""},"categories":[],"tags":[],"class_list":["post-69","page","type-page","status-publish","hentry"],"acf":[],"_links":{"self":[{"href":"https:\/\/semmelweis.hu\/symposium\/wp-json\/wp\/v2\/pages\/69","targetHints":{"allow":["GET"]}}],"collection":[{"href":"https:\/\/semmelweis.hu\/symposium\/wp-json\/wp\/v2\/pages"}],"about":[{"href":"https:\/\/semmelweis.hu\/symposium\/wp-json\/wp\/v2\/types\/page"}],"author":[{"embeddable":true,"href":"https:\/\/semmelweis.hu\/symposium\/wp-json\/wp\/v2\/users\/12"}],"replies":[{"embeddable":true,"href":"https:\/\/semmelweis.hu\/symposium\/wp-json\/wp\/v2\/comments?post=69"}],"version-history":[{"count":13,"href":"https:\/\/semmelweis.hu\/symposium\/wp-json\/wp\/v2\/pages\/69\/revisions"}],"predecessor-version":[{"id":2965,"href":"https:\/\/semmelweis.hu\/symposium\/wp-json\/wp\/v2\/pages\/69\/revisions\/2965"}],"wp:attachment":[{"href":"https:\/\/semmelweis.hu\/symposium\/wp-json\/wp\/v2\/media?parent=69"}],"wp:term":[{"taxonomy":"category","embeddable":true,"href":"https:\/\/semmelweis.hu\/symposium\/wp-json\/wp\/v2\/categories?post=69"},{"taxonomy":"post_tag","embeddable":true,"href":"https:\/\/semmelweis.hu\/symposium\/wp-json\/wp\/v2\/tags?post=69"}],"curies":[{"name":"wp","href":"https:\/\/api.w.org\/{rel}","templated":true}]}}