{"id":378,"date":"2015-11-04T00:00:00","date_gmt":"2015-11-03T23:00:00","guid":{"rendered":"http:\/\/semmelweis.hu\/symposium\/developing-a-new-method-relying-on-doxorubicin-autofluorescence-to-measure-intracellular-localization\/"},"modified":"2015-11-06T13:31:18","modified_gmt":"2015-11-06T12:31:18","slug":"developing-a-new-method-relying-on-doxorubicin-autofluorescence-to-measure-intracellular-localization","status":"publish","type":"page","link":"https:\/\/semmelweis.hu\/symposium\/szimpozium-archiv\/symposium2009-semmelweis\/temak\/developing-a-new-method-relying-on-doxorubicin-autofluorescence-to-measure-intracellular-localization\/","title":{"rendered":"Developing a New Method Relying on Doxorubicin Autofluorescence to Measure Intracellular Localization"},"content":{"rendered":"\n<p>Zs\u00f3fia P\u00c9NZV\u00c1LT\u00d31,2, B\u00e1lint TEGZE1,2,<br \/> D\u00e1niel TEKN\u00d5S3, Bal\u00e1zs GY\u00d5RFFY1<\/p>\n<p>1Joint Research Laboratory of the Hungarian Academy of Sciences and the Semmelweis University, 1st Department of Pediatrics, Semmelweis University, Budapest, Hungary<br \/> 22nd Department of Pediatrics, Semmelweis University, Budapest, Hungary<br \/> 3Uzsoki Street Hospital, Budapest, Hungary<\/p>\n<p>Doxorubicin is an anthracycline antibiotic used in solid tumor&#8217;s<br \/> chemotherapy. It interacts with DNA by intercalation and inhibits<br \/> the nucleic acid synthesis; hence the doxorubicin resistance can be<br \/> related to decreased nuclear localization. Doxorubicin is autofluorescent,<br \/> hence the intracellular localization can be measured by fluorescent microscopy. We developed a protocol to measure doxorubicin&#8217;s<br \/> intracellular localization and investigate the correlation<br \/> between intracellular localization and the degree of resistance.<\/p>\n<p>Doxorubicin sensitive and resistant MCF7 and MDAMB231 cell lines<br \/> were used in the study. We used 5.000 cells\/well in Leibowitz-15<br \/> medium. We let them adhere for 24h, then used a doxorubicin treatment<br \/> (0.5 \u03bcM). After 24 hrs incubation we fixed the cells and made<br \/> photos with fluorescent microscope. Red fluorescent protein filter<br \/> (excitation filter: 535\u2013555 nm, emission filter: 570\u2013625 nm, dichromatic<br \/> mirror: 565 nm) was used. We assessed fluorescence with 100,<br \/> 200, and 500 ms exposition time, 20x\u201340x enlargements. Photoshop<br \/> was used to combine fluorescent images with light microscope pictures<br \/> of the same area. The drug resistance of the cells was measured<br \/> by MTT cell proliferation kit.<\/p>\n<p>Our results demonstrate the capability to measure doxorubicin<br \/> intracellular localization. The background fluorescence did not<br \/> influence the results. The doxorubicin localization usually is<br \/> intranuclear, but we unearth cell lines where it was outside of the<br \/> nucleus. There was not significant relationship between the intracellular<br \/> localization and the degree of the resistance.<br \/> Our method is suitable to measure the intracellular localization of<br \/> doxorubicin. A clinical study investigating a suitable sized cohort<br \/> of patients with documented doxorubicin resistance could be used<br \/> to assess the clinical applicability of our technology.<\/p>\n","protected":false},"excerpt":{"rendered":"<p>Zs\u00f3fia P\u00c9NZV\u00c1LT\u00d31,2, B\u00e1lint TEGZE1,2, D\u00e1niel TEKN\u00d5S3, Bal\u00e1zs GY\u00d5RFFY1 1Joint Research Laboratory of the Hungarian Academy of Sciences and the Semmelweis University, 1st Department of Pediatrics, Semmelweis University, Budapest, Hungary 22nd Department of Pediatrics, Semmelweis University, Budapest, Hungary 3Uzsoki Street Hospital, Budapest, Hungary Doxorubicin is an anthracycline antibiotic used in solid tumor&#8217;s chemotherapy. It interacts with &hellip;<\/p>\n","protected":false},"author":1,"featured_media":0,"parent":323,"menu_order":0,"comment_status":"closed","ping_status":"closed","template":"","meta":{"_acf_changed":false,"footnotes":""},"categories":[],"tags":[],"class_list":["post-378","page","type-page","status-publish","hentry"],"acf":[],"_links":{"self":[{"href":"https:\/\/semmelweis.hu\/symposium\/wp-json\/wp\/v2\/pages\/378","targetHints":{"allow":["GET"]}}],"collection":[{"href":"https:\/\/semmelweis.hu\/symposium\/wp-json\/wp\/v2\/pages"}],"about":[{"href":"https:\/\/semmelweis.hu\/symposium\/wp-json\/wp\/v2\/types\/page"}],"author":[{"embeddable":true,"href":"https:\/\/semmelweis.hu\/symposium\/wp-json\/wp\/v2\/users\/1"}],"replies":[{"embeddable":true,"href":"https:\/\/semmelweis.hu\/symposium\/wp-json\/wp\/v2\/comments?post=378"}],"version-history":[{"count":1,"href":"https:\/\/semmelweis.hu\/symposium\/wp-json\/wp\/v2\/pages\/378\/revisions"}],"predecessor-version":[{"id":402,"href":"https:\/\/semmelweis.hu\/symposium\/wp-json\/wp\/v2\/pages\/378\/revisions\/402"}],"up":[{"embeddable":true,"href":"https:\/\/semmelweis.hu\/symposium\/wp-json\/wp\/v2\/pages\/323"}],"wp:attachment":[{"href":"https:\/\/semmelweis.hu\/symposium\/wp-json\/wp\/v2\/media?parent=378"}],"wp:term":[{"taxonomy":"category","embeddable":true,"href":"https:\/\/semmelweis.hu\/symposium\/wp-json\/wp\/v2\/categories?post=378"},{"taxonomy":"post_tag","embeddable":true,"href":"https:\/\/semmelweis.hu\/symposium\/wp-json\/wp\/v2\/tags?post=378"}],"curies":[{"name":"wp","href":"https:\/\/api.w.org\/{rel}","templated":true}]}}