{"id":375,"date":"2015-11-04T00:00:00","date_gmt":"2015-11-03T23:00:00","guid":{"rendered":"http:\/\/semmelweis.hu\/symposium\/new-method-for-calculation-of-bladder-walls-distensibility-using-evaluation-software\/"},"modified":"2015-11-06T13:29:43","modified_gmt":"2015-11-06T12:29:43","slug":"new-method-for-calculation-of-bladder-walls-distensibility-using-evaluation-software","status":"publish","type":"page","link":"https:\/\/semmelweis.hu\/symposium\/szimpozium-archiv\/symposium2009-semmelweis\/temak\/new-method-for-calculation-of-bladder-walls-distensibility-using-evaluation-software\/","title":{"rendered":"New Method for Calculation of Bladder Wall\u2019s Distensibility Using Evaluation Software"},"content":{"rendered":"\n<p>S\u00e1ndor LOV\u00c1SZ1, P\u00e9ter TENKE1, L\u00e1szl\u00f3 LOV\u00c1SZ2<\/p>\n<p><em>1Urological Department, Jahn Ferenc Teaching Hospital, Budapest, Hungary<br \/> 2Department of Computer Science of the E\u00f6tv\u00f6s Lor\u00e1nd University, Budapest, Hungary<\/em><\/p>\n<p><em>Aim<\/em>: Precise measurement of volume-pressure dependence of the<br \/> bladder in a wider range of pressure indicates a nonlinear relation,<br \/> proving that conventional compliance calculation is inexact thus<br \/> inappropriate to define elastic properties of the bladder wall.<\/p>\n<p><em>Methods<\/em>: We measured intravesical pressure during continuous filling<br \/> in the wide range of 0\u201380 cmH2O pressure as a part of hydraulic<br \/> distension of the bladder in interstitial cystitis patients. In order to<br \/> rule out high pressure induced iatrogeny caused by vesico-renal reflux<br \/> and inexactness caused by leakage, we were filling a special balloon<br \/> catheter inside the bladder. Intravesical pressure was measured inside<br \/> this balloon indirectly, through balloon&#8217;s wall. Perivesical (intraabdominal)<br \/> pressure was observed as pressure of reference.<\/p>\n<p><em>Results<\/em>: Pressure-volume correlation can be best described by a<br \/> composition of two parabolic curves. This had been proven by<br \/> using our newly developed evaluation software. Based on this<br \/> finding an other software automatically evaluates measured data<br \/> and calculates best fitting parabolic curves. Volume at the breaking-<br \/> point of the two curves defines basic capacity of the bladder.<br \/> Distensibility can be defined as the coefficient of the second<br \/> parabolic curve divided by basic volume.<\/p>\n<p><em>Conclusion<\/em>: Basic volume and distensibility coefficient, the newly<br \/> defined quantitative parameter, objectively measure physical characteristics<br \/> of bladder wall, letting us improve diagnosis and follow<br \/> up of processes deteriorating bladder function.<\/p>\n","protected":false},"excerpt":{"rendered":"<p>S\u00e1ndor LOV\u00c1SZ1, P\u00e9ter TENKE1, L\u00e1szl\u00f3 LOV\u00c1SZ2 1Urological Department, Jahn Ferenc Teaching Hospital, Budapest, Hungary 2Department of Computer Science of the E\u00f6tv\u00f6s Lor\u00e1nd University, Budapest, Hungary Aim: Precise measurement of volume-pressure dependence of the bladder in a wider range of pressure indicates a nonlinear relation, proving that conventional compliance calculation is inexact thus inappropriate to define &hellip;<\/p>\n","protected":false},"author":1,"featured_media":0,"parent":323,"menu_order":0,"comment_status":"closed","ping_status":"closed","template":"","meta":{"_acf_changed":false,"footnotes":""},"categories":[],"tags":[],"class_list":["post-375","page","type-page","status-publish","hentry"],"acf":[],"_links":{"self":[{"href":"https:\/\/semmelweis.hu\/symposium\/wp-json\/wp\/v2\/pages\/375","targetHints":{"allow":["GET"]}}],"collection":[{"href":"https:\/\/semmelweis.hu\/symposium\/wp-json\/wp\/v2\/pages"}],"about":[{"href":"https:\/\/semmelweis.hu\/symposium\/wp-json\/wp\/v2\/types\/page"}],"author":[{"embeddable":true,"href":"https:\/\/semmelweis.hu\/symposium\/wp-json\/wp\/v2\/users\/1"}],"replies":[{"embeddable":true,"href":"https:\/\/semmelweis.hu\/symposium\/wp-json\/wp\/v2\/comments?post=375"}],"version-history":[{"count":1,"href":"https:\/\/semmelweis.hu\/symposium\/wp-json\/wp\/v2\/pages\/375\/revisions"}],"predecessor-version":[{"id":405,"href":"https:\/\/semmelweis.hu\/symposium\/wp-json\/wp\/v2\/pages\/375\/revisions\/405"}],"up":[{"embeddable":true,"href":"https:\/\/semmelweis.hu\/symposium\/wp-json\/wp\/v2\/pages\/323"}],"wp:attachment":[{"href":"https:\/\/semmelweis.hu\/symposium\/wp-json\/wp\/v2\/media?parent=375"}],"wp:term":[{"taxonomy":"category","embeddable":true,"href":"https:\/\/semmelweis.hu\/symposium\/wp-json\/wp\/v2\/categories?post=375"},{"taxonomy":"post_tag","embeddable":true,"href":"https:\/\/semmelweis.hu\/symposium\/wp-json\/wp\/v2\/tags?post=375"}],"curies":[{"name":"wp","href":"https:\/\/api.w.org\/{rel}","templated":true}]}}