{"id":370,"date":"2015-11-04T00:00:00","date_gmt":"2015-11-03T23:00:00","guid":{"rendered":"http:\/\/semmelweis.hu\/symposium\/biochip-cytokine-pattern-in-early-prostate-cancer\/"},"modified":"2015-11-06T13:25:42","modified_gmt":"2015-11-06T12:25:42","slug":"biochip-cytokine-pattern-in-early-prostate-cancer","status":"publish","type":"page","link":"https:\/\/semmelweis.hu\/symposium\/szimpozium-archiv\/symposium2009-semmelweis\/temak\/biochip-cytokine-pattern-in-early-prostate-cancer\/","title":{"rendered":"Biochip Cytokine Pattern in Early Prostate Cancer"},"content":{"rendered":"\n<p>Gabriella BEK\u00d51, A. BL\u00c1ZOVICS2, E. BIR\u00d31,<br \/> I. ROMICS3, P. NYIR\u00c1DY3<br \/> 1Central Laboratory, Semmelweis University, Budapest, Hungary<br \/> 2Department of Pharmacognosy, Semmelweis University, Budapest, Hungary<br \/> 3Department of Urology and Urooncological Centre, Semmelweis University, Budapest, Hungary<\/p>\n<p>Background: Laboratory diagnosis of prostate cancer (CaP) is difficult<br \/> in the early stage. It is well documented, serum levels of several<br \/> cytokines are increased and IL-2 is decreased in the presence of<br \/> metastasis in glands and bones. Our aim was to study the changes<br \/> of 9 cytokine and 3 growth factor levels in the early stage of CaP.<br \/> Patients and methods: Evidence Biochip Array Analyzer was applied<br \/> to quantify serum levels of IL (interleukin)-1 alpha and beta, IL-2, IL-<br \/> 4, IL-6, IL-8, IL-10, TNF-alpha, interferon-gamma (IFNG), vascular<br \/> endothelial growth factor (VEGF), monocyte chemoattractant protein-<br \/> 1 (MCP-1), and endothelial growth factor (EGF) concentrations in 42<br \/> patients with early-stages CaP and 31 healthy, age-matched volunteers.<br \/> Levels of the measured markers were correlated with serum<br \/> prostate-specific antigen (PSA) and CRP values. Concentrations of IL-<br \/> 6 and TNF-alpha were compared with traditional ELISA.<\/p>\n<p>Results: Serum levels of cytokines and growth factors were in low<br \/> range in early stage of CaP. No difference was found in serum markers<br \/> between patients and healthy controls. Serum PSA correlated<br \/> with serum IL-6 (r = 0.78) but not with other markers. CRP levels<br \/> did not correlate with any of the parameters measured. Results<br \/> obtained with the protein chip and ELISA correlated only weakly<br \/> (IL-6, r = 0.54, TNF-alpha, r = 0.47) range.<\/p>\n<p>Conclusions: Our results show that measurement of cytokines and<br \/> growth factors does not help in the early diagnosis of CaP.<br \/> Interestingly, concentrations of IL-4 (p &lt; 0.002), IL-8 (p &lt; 0.014),<br \/> IL-10 (p &lt; 0.002), TNF-alpha (p &lt; 0.001) and EGF (p &lt; 0.001)<br \/> were lower in older men compared to younger adults.<\/p>\n","protected":false},"excerpt":{"rendered":"<p>Gabriella BEK\u00d51, A. BL\u00c1ZOVICS2, E. BIR\u00d31, I. ROMICS3, P. NYIR\u00c1DY3 1Central Laboratory, Semmelweis University, Budapest, Hungary 2Department of Pharmacognosy, Semmelweis University, Budapest, Hungary 3Department of Urology and Urooncological Centre, Semmelweis University, Budapest, Hungary Background: Laboratory diagnosis of prostate cancer (CaP) is difficult in the early stage. It is well documented, serum levels of several cytokines &hellip;<\/p>\n","protected":false},"author":1,"featured_media":0,"parent":323,"menu_order":0,"comment_status":"closed","ping_status":"closed","template":"","meta":{"_acf_changed":false,"footnotes":""},"categories":[],"tags":[],"class_list":["post-370","page","type-page","status-publish","hentry"],"acf":[],"_links":{"self":[{"href":"https:\/\/semmelweis.hu\/symposium\/wp-json\/wp\/v2\/pages\/370","targetHints":{"allow":["GET"]}}],"collection":[{"href":"https:\/\/semmelweis.hu\/symposium\/wp-json\/wp\/v2\/pages"}],"about":[{"href":"https:\/\/semmelweis.hu\/symposium\/wp-json\/wp\/v2\/types\/page"}],"author":[{"embeddable":true,"href":"https:\/\/semmelweis.hu\/symposium\/wp-json\/wp\/v2\/users\/1"}],"replies":[{"embeddable":true,"href":"https:\/\/semmelweis.hu\/symposium\/wp-json\/wp\/v2\/comments?post=370"}],"version-history":[{"count":1,"href":"https:\/\/semmelweis.hu\/symposium\/wp-json\/wp\/v2\/pages\/370\/revisions"}],"predecessor-version":[{"id":410,"href":"https:\/\/semmelweis.hu\/symposium\/wp-json\/wp\/v2\/pages\/370\/revisions\/410"}],"up":[{"embeddable":true,"href":"https:\/\/semmelweis.hu\/symposium\/wp-json\/wp\/v2\/pages\/323"}],"wp:attachment":[{"href":"https:\/\/semmelweis.hu\/symposium\/wp-json\/wp\/v2\/media?parent=370"}],"wp:term":[{"taxonomy":"category","embeddable":true,"href":"https:\/\/semmelweis.hu\/symposium\/wp-json\/wp\/v2\/categories?post=370"},{"taxonomy":"post_tag","embeddable":true,"href":"https:\/\/semmelweis.hu\/symposium\/wp-json\/wp\/v2\/tags?post=370"}],"curies":[{"name":"wp","href":"https:\/\/api.w.org\/{rel}","templated":true}]}}