{"id":369,"date":"2015-11-04T00:00:00","date_gmt":"2015-11-03T23:00:00","guid":{"rendered":"http:\/\/semmelweis.hu\/symposium\/daily-beetroot-consumption-modifies-the-levels-of-cytokines-and-growth-factors-in-metastatic-prostate-cancer\/"},"modified":"2015-11-06T13:24:53","modified_gmt":"2015-11-06T12:24:53","slug":"daily-beetroot-consumption-modifies-the-levels-of-cytokines-and-growth-factors-in-metastatic-prostate-cancer","status":"publish","type":"page","link":"https:\/\/semmelweis.hu\/symposium\/szimpozium-archiv\/symposium2009-semmelweis\/temak\/daily-beetroot-consumption-modifies-the-levels-of-cytokines-and-growth-factors-in-metastatic-prostate-cancer\/","title":{"rendered":"Daily Beetroot Consumption Modifies the Levels of Cytokines and Growth Factors in Metastatic Prostate Cancer"},"content":{"rendered":"\n<p>Gabriella BEK\u00d51, A. BL\u00c1ZOVICS2, K. SZENTMIH\u00c1LYI3,<br \/> E. BIR\u00d31, A. S\u00c1TORI1, I. ROMICS4, P. NYIR\u00c1DY4<br \/> 1Central Laboratory, Semmelweis University, Budapest, Hungary<br \/> 2Department of Pharmacognosy, Semmelweis University, Budapest, Hungary<br \/> 3Chemical Research Center, Hungarian Academy of Sciences, Budapest, Hungary<br \/> 4Department of Urology and Urooncological Centre, Semmelweis University, Budapest, Hungary<\/p>\n<p>Background: Features of prostate cancer, such as high incidence<br \/> and long latency period, offer many occasions to work out strategies<br \/> of prevention and\/or treatment to suppress or revert this disease.<br \/> Preliminary tests suggest that beetroot ingestion can be one<br \/> of the useful means to prevent lung and skin cancer. Other studies<br \/> have shown that beet juice inhibits the formation of cancer causing<br \/> compounds called nitrosamines. It is well documented, that<br \/> serum levels of several cytokines and growth factors are increased<br \/> and IL-2 is decreased in the presence of metastasis in lymph nodes<br \/> and bones. Our aim was to test the impact of regular beetroot<br \/> (Beta vulgaris L. ssp. esculenta var. rubra) intake on cytokine pattern<br \/> in metastatic prostate cancer.<\/p>\n<p>Patients and methods: 18 (age range 68\u00b18) patients with<br \/> metastatic prostate cancer during chemotherapy started to consume<br \/> beetroot in the form of powder for one month. Serum levels<br \/> of 9 cytokines and 3 growth factors were assessed before initiation,<br \/> then after completion of the study .PSA and routine laboratory<br \/> investigations were also performed.<\/p>\n<p>Results: The levels of proinflammatory cytokines shown of a declining<br \/> tendency, but these changes were not significant (IL1a, p =<br \/> 0.084; IL6, p=0.154; IL8, p=0.578). It was a beneficial effect.<br \/> Measured parameters of anti-inflammatory cytokines also<br \/> decreased (IL2, p = 0.255; p=0.38; p=0.204), but the levels of<br \/> EGF increased significantly (p = 0.003) and PSA was weekly higher<br \/> (p = 0.441). These were disadvantageous results.<br \/> Conclusion: Consumption of beetroot decreased the proinflammatory<br \/> cytokines and in some of patients (44%) increased the level of<br \/> IL2. In other patients (52%) we measured lower level of PSA. These<br \/> were hopeful results. But increased EGF levels draw attention to<br \/> the fact, that further investigations and correlation analysis must<br \/> be performed, in which patient beneficial effect observed.<\/p>\n","protected":false},"excerpt":{"rendered":"<p>Gabriella BEK\u00d51, A. BL\u00c1ZOVICS2, K. SZENTMIH\u00c1LYI3, E. BIR\u00d31, A. S\u00c1TORI1, I. ROMICS4, P. NYIR\u00c1DY4 1Central Laboratory, Semmelweis University, Budapest, Hungary 2Department of Pharmacognosy, Semmelweis University, Budapest, Hungary 3Chemical Research Center, Hungarian Academy of Sciences, Budapest, Hungary 4Department of Urology and Urooncological Centre, Semmelweis University, Budapest, Hungary Background: Features of prostate cancer, such as high incidence &hellip;<\/p>\n","protected":false},"author":1,"featured_media":0,"parent":323,"menu_order":0,"comment_status":"closed","ping_status":"closed","template":"","meta":{"_acf_changed":false,"footnotes":""},"categories":[],"tags":[],"class_list":["post-369","page","type-page","status-publish","hentry"],"acf":[],"_links":{"self":[{"href":"https:\/\/semmelweis.hu\/symposium\/wp-json\/wp\/v2\/pages\/369","targetHints":{"allow":["GET"]}}],"collection":[{"href":"https:\/\/semmelweis.hu\/symposium\/wp-json\/wp\/v2\/pages"}],"about":[{"href":"https:\/\/semmelweis.hu\/symposium\/wp-json\/wp\/v2\/types\/page"}],"author":[{"embeddable":true,"href":"https:\/\/semmelweis.hu\/symposium\/wp-json\/wp\/v2\/users\/1"}],"replies":[{"embeddable":true,"href":"https:\/\/semmelweis.hu\/symposium\/wp-json\/wp\/v2\/comments?post=369"}],"version-history":[{"count":1,"href":"https:\/\/semmelweis.hu\/symposium\/wp-json\/wp\/v2\/pages\/369\/revisions"}],"predecessor-version":[{"id":411,"href":"https:\/\/semmelweis.hu\/symposium\/wp-json\/wp\/v2\/pages\/369\/revisions\/411"}],"up":[{"embeddable":true,"href":"https:\/\/semmelweis.hu\/symposium\/wp-json\/wp\/v2\/pages\/323"}],"wp:attachment":[{"href":"https:\/\/semmelweis.hu\/symposium\/wp-json\/wp\/v2\/media?parent=369"}],"wp:term":[{"taxonomy":"category","embeddable":true,"href":"https:\/\/semmelweis.hu\/symposium\/wp-json\/wp\/v2\/categories?post=369"},{"taxonomy":"post_tag","embeddable":true,"href":"https:\/\/semmelweis.hu\/symposium\/wp-json\/wp\/v2\/tags?post=369"}],"curies":[{"name":"wp","href":"https:\/\/api.w.org\/{rel}","templated":true}]}}