{"id":365,"date":"2015-11-04T00:00:00","date_gmt":"2015-11-03T23:00:00","guid":{"rendered":"http:\/\/semmelweis.hu\/symposium\/jozsef-timar-md-phd-dsc\/"},"modified":"2015-11-06T13:16:07","modified_gmt":"2015-11-06T12:16:07","slug":"jozsef-timar-md-phd-dsc","status":"publish","type":"page","link":"https:\/\/semmelweis.hu\/symposium\/szimpozium-archiv\/symposium2009-semmelweis\/eloadok\/jozsef-timar-md-phd-dsc\/","title":{"rendered":"J\u00f3zsef T\u00cdM\u00c1R, MD, PhD, DSc"},"content":{"rendered":"\n<p><strong>Education and Career<\/strong><br \/> 1995 DSC, Hungarian Academy of Sciences,<br \/> 1987 PhD (canc.biol) Hungarian Academy of Sciences,<br \/> 1980 Spec. pathol. Postgradual Med School, Budapest,<br \/> 1976 MD Semmelweis University, Budapest<br \/> 2008\u2013 chairman, 2nd Dep. Pathology, Semmelweis<br \/> University, Budapest,<br \/> 1999\u20132008 head, Dep. Tumor Progression, National Institute<br \/> of Oncology, Budapest,<br \/> 1995\u2013 full professor at the Semmelweis Medical<br \/> University, Budapest (1st Institute of Pathology),<br \/> 1990\u201391 research associate, Wayne State University,<br \/> Detroit; visiting scientist, Institute of Cancer<br \/> Research, London;<br \/> 1976\u20131998 pathologist, 1st Inst. Pathol. Exp.Canc.Res, Semmelweis University<\/p>\n<p><strong>Membership<\/strong><br \/> head National Oncology R&amp;D Consorcia;<br \/> secretary Department of Medical Sciences, Hungarian<br \/> Academy of Sciences; Oncology Advisory Board,<br \/> Hungarian Academy of Sciences<\/p>\n<p><strong>Professional Societies<\/strong><br \/> 2001\u20132004 member, Metastasis Research Society (Board member;<br \/> member, European Association for Cancer Research;<br \/> member, International Academy of Pathology;<br \/> member, American Association for Cancer Research;<br \/> member, American Society of Oncology<\/p>\n<p><strong>Scientific Journals<\/strong><br \/> Pathology Oncology Research (founding Editor);<br \/> Cancer &amp; Metastasis Reviews (member of the<br \/> Editorial Board);<br \/> Clinical Experimental Metastasis (member of the<br \/> Editorial Board);<br \/> Hungarian Oncology (editor-in-chief)<\/p>\n<p><strong>Honours and Awards<\/strong><br \/> 1983 recognition of excellence, Ministry of Welfare;<br \/> 1994 Huzella price of the Semmelweis University;<br \/> 1996 Recognition of excellence in university teaching, SU;<br \/> 1998 Academy Award, Hungarian Academy of Sciences;<br \/> 1997\u20132001 Sz\u00e9chenyi professorial fellowship, Ministry of Education;<br \/> 2002 Terry Fox award for cancer research;<br \/> 2003 Excellent PhD tutor, Semmelweis University;<br \/> 2003 Krompecher award, Hungarian Cancer Society;<br \/> 2003 Bio-Rad award;<br \/> 2005 Academy Award, Hungarian Academy of Sciences;<br \/> 2005 G. Weber prize, Hungarian Cancer Society<\/p>\n<p><strong>Publications<\/strong><br \/> 174 peer reviewed in English (citations: &gt; 2106,<br \/> cummulative IF: &gt;450)<\/p>\n","protected":false},"excerpt":{"rendered":"<p>Education and Career 1995 DSC, Hungarian Academy of Sciences, 1987 PhD (canc.biol) Hungarian Academy of Sciences, 1980 Spec. pathol. Postgradual Med School, Budapest, 1976 MD Semmelweis University, Budapest 2008\u2013 chairman, 2nd Dep. Pathology, Semmelweis University, Budapest, 1999\u20132008 head, Dep. Tumor Progression, National Institute of Oncology, Budapest, 1995\u2013 full professor at the Semmelweis Medical University, Budapest &hellip;<\/p>\n","protected":false},"author":1,"featured_media":0,"parent":321,"menu_order":0,"comment_status":"closed","ping_status":"closed","template":"","meta":{"_acf_changed":false,"footnotes":""},"categories":[],"tags":[],"class_list":["post-365","page","type-page","status-publish","hentry"],"acf":[],"_links":{"self":[{"href":"https:\/\/semmelweis.hu\/symposium\/wp-json\/wp\/v2\/pages\/365","targetHints":{"allow":["GET"]}}],"collection":[{"href":"https:\/\/semmelweis.hu\/symposium\/wp-json\/wp\/v2\/pages"}],"about":[{"href":"https:\/\/semmelweis.hu\/symposium\/wp-json\/wp\/v2\/types\/page"}],"author":[{"embeddable":true,"href":"https:\/\/semmelweis.hu\/symposium\/wp-json\/wp\/v2\/users\/1"}],"replies":[{"embeddable":true,"href":"https:\/\/semmelweis.hu\/symposium\/wp-json\/wp\/v2\/comments?post=365"}],"version-history":[{"count":1,"href":"https:\/\/semmelweis.hu\/symposium\/wp-json\/wp\/v2\/pages\/365\/revisions"}],"predecessor-version":[{"id":415,"href":"https:\/\/semmelweis.hu\/symposium\/wp-json\/wp\/v2\/pages\/365\/revisions\/415"}],"up":[{"embeddable":true,"href":"https:\/\/semmelweis.hu\/symposium\/wp-json\/wp\/v2\/pages\/321"}],"wp:attachment":[{"href":"https:\/\/semmelweis.hu\/symposium\/wp-json\/wp\/v2\/media?parent=365"}],"wp:term":[{"taxonomy":"category","embeddable":true,"href":"https:\/\/semmelweis.hu\/symposium\/wp-json\/wp\/v2\/categories?post=365"},{"taxonomy":"post_tag","embeddable":true,"href":"https:\/\/semmelweis.hu\/symposium\/wp-json\/wp\/v2\/tags?post=365"}],"curies":[{"name":"wp","href":"https:\/\/api.w.org\/{rel}","templated":true}]}}