{"id":359,"date":"2015-11-04T00:00:00","date_gmt":"2015-11-03T23:00:00","guid":{"rendered":"http:\/\/semmelweis.hu\/symposium\/fares-osman-md\/"},"modified":"2015-11-06T13:16:07","modified_gmt":"2015-11-06T12:16:07","slug":"fares-osman-md","status":"publish","type":"page","link":"https:\/\/semmelweis.hu\/symposium\/szimpozium-archiv\/symposium2009-semmelweis\/eloadok\/fares-osman-md\/","title":{"rendered":"Fares OSMAN, MD"},"content":{"rendered":"\n<p style=\"text-align: justify\"><strong>Education<\/strong><br \/> 1983\u20131984 The primary study certificate from the Rosary private school in the United Arab Emirates-Abu Dhabi<\/p>\n<p style=\"text-align: justify\">1989\u20131990 The preparatory and secondary school in the National Private Orthodox College in Syria- Latakia and graduated from the secondary school<\/p>\n<p style=\"text-align: justify\">2002\u20132003 Graduated from the Human Medical Faculty of Tishreen University Syria-Latakia in February<\/p>\n<p style=\"text-align: justify\">2005\u20132006 Joined the Ph.D. English program<\/p>\n<p style=\"text-align: justify\">2007\u20132008 Semmelweis University Hungary, Budapest in the year 2005\u20132006 and completed the program at the 31ist of August 2007\u20132008<\/p>\n<p style=\"text-align: justify\"><strong>Publications<\/strong><br \/> Fares Osman, Gy\u00f6rgy L N\u00e1dasy, Emil Monos, P\u00e9ter<br \/> Nyir\u00e1dy, Imre Romics: (2009) A novel videomicroscopic<br \/> technique for studying rat ureteral peristalsis.<br \/> World J Urol 27: 265-270.IF: 2.699<br \/> Fares Osman, Imre Romics, P\u00e9ter Nyir\u00e1dy, Emil<br \/> Monos, Gy\u00f6rgy L N\u00e1dasy: (2009) Ureteral motility.<br \/> Acta Physiologica Hungarica, Volume 96 (4):<br \/> 407-426. IF: 0.491<\/p>\n<p style=\"text-align: justify\"><strong>Abstracts of Congresses Participated in<\/strong><br \/> Osman F, N\u00e1dasy GL, Monos E, Nyir\u00e1dy P, Romics I:<br \/> (Szeged, Hungary, 2006. J\u00fanius 7\u20139).<br \/> A new videomicroscopic method to study in vivo ureter movements of anesthetized rats. A<br \/> Magyar \u00c9lettani T\u00e1rsas\u00e1g (M\u00c9T) LXX. Program.<br \/> El\u00f5ad\u00e1sok \u00e9s poszterek \u00f6sszefoglal\u00f3i P55<br \/> Osman F, N\u00e1dasy GL, Monos E, Nyir\u00e1dy P, Romics I:<br \/> (Si\u00f3fok, Hungary, 2\u20134 November 2006).<br \/> A new videomicroscopic method to study the<br \/> ureteral movements in vivo in anesthetized rats.<br \/> Poster delivered at the conference of the Hungarian Urological Society.<\/p>\n<p style=\"text-align: justify\">\n","protected":false},"excerpt":{"rendered":"<p>Education 1983\u20131984 The primary study certificate from the Rosary private school in the United Arab Emirates-Abu Dhabi 1989\u20131990 The preparatory and secondary school in the National Private Orthodox College in Syria- Latakia and graduated from the secondary school 2002\u20132003 Graduated from the Human Medical Faculty of Tishreen University Syria-Latakia in February 2005\u20132006 Joined the Ph.D. &hellip;<\/p>\n","protected":false},"author":1,"featured_media":0,"parent":321,"menu_order":0,"comment_status":"closed","ping_status":"closed","template":"","meta":{"_acf_changed":false,"footnotes":""},"categories":[],"tags":[],"class_list":["post-359","page","type-page","status-publish","hentry"],"acf":[],"_links":{"self":[{"href":"https:\/\/semmelweis.hu\/symposium\/wp-json\/wp\/v2\/pages\/359","targetHints":{"allow":["GET"]}}],"collection":[{"href":"https:\/\/semmelweis.hu\/symposium\/wp-json\/wp\/v2\/pages"}],"about":[{"href":"https:\/\/semmelweis.hu\/symposium\/wp-json\/wp\/v2\/types\/page"}],"author":[{"embeddable":true,"href":"https:\/\/semmelweis.hu\/symposium\/wp-json\/wp\/v2\/users\/1"}],"replies":[{"embeddable":true,"href":"https:\/\/semmelweis.hu\/symposium\/wp-json\/wp\/v2\/comments?post=359"}],"version-history":[{"count":1,"href":"https:\/\/semmelweis.hu\/symposium\/wp-json\/wp\/v2\/pages\/359\/revisions"}],"predecessor-version":[{"id":421,"href":"https:\/\/semmelweis.hu\/symposium\/wp-json\/wp\/v2\/pages\/359\/revisions\/421"}],"up":[{"embeddable":true,"href":"https:\/\/semmelweis.hu\/symposium\/wp-json\/wp\/v2\/pages\/321"}],"wp:attachment":[{"href":"https:\/\/semmelweis.hu\/symposium\/wp-json\/wp\/v2\/media?parent=359"}],"wp:term":[{"taxonomy":"category","embeddable":true,"href":"https:\/\/semmelweis.hu\/symposium\/wp-json\/wp\/v2\/categories?post=359"},{"taxonomy":"post_tag","embeddable":true,"href":"https:\/\/semmelweis.hu\/symposium\/wp-json\/wp\/v2\/tags?post=359"}],"curies":[{"name":"wp","href":"https:\/\/api.w.org\/{rel}","templated":true}]}}