{"id":354,"date":"2015-11-04T00:00:00","date_gmt":"2015-11-03T23:00:00","guid":{"rendered":"http:\/\/semmelweis.hu\/symposium\/orsolya-martha-md\/"},"modified":"2015-11-06T13:16:07","modified_gmt":"2015-11-06T12:16:07","slug":"orsolya-martha-md","status":"publish","type":"page","link":"https:\/\/semmelweis.hu\/symposium\/szimpozium-archiv\/symposium2009-semmelweis\/eloadok\/orsolya-martha-md\/","title":{"rendered":"Orsolya M\u00c1RTHA, MD"},"content":{"rendered":"\n<p><strong>Education and career<\/strong><br \/> 1979\u20131985 University of Medicine, Tg. Mures,<br \/> Romania \u2013 medical doctor<br \/> 1995 Expert in urology<br \/> 2002 PhD<br \/> 2008 Associate professor<br \/> Place of work Clinic of Urology, University of Medicine<br \/> Marosv\u00e1s\u00e1rhely, Romania<br \/> Employment record 1991-to date University of Medicine of Tg Mures, Clinic of Urology<\/p>\n<p><strong>Range of interest<\/strong><br \/> urodynamics, pediatric urology, overactive bladder, female urology<\/p>\n<p><strong>Membership<\/strong><br \/> 1992 Romanian Association of Urology,<br \/> 1996 European Association of Urology,<br \/> 1998 Central European Association of Urology,<br \/> Member of the board of Romanian Association of Urodynamics<\/p>\n<p><strong>Study visit<\/strong><br \/> 1993 General Ultrasonography \u2013 Oradea, Romania\u2013<br \/> course, 3 month<br \/> 1994 Course of Endourology \u2013 6 month<br \/> 1994 Urodynamics-Nijmegen Holland \u20131 month<br \/> 1996 Urooncology 2 weeks Clinic of Urology Debrecen<br \/> 1999 Flexible uretreroscopy course \u2013 Stockholm<br \/> 2008 Course of pathology of the prostate, bladder<\/p>\n<p><strong>Teaching<\/strong><br \/> 1991 to date courses of urology for medical students and nurses<\/p>\n<p>Grants<br \/> \u201eStudiul determinarilor urodinamice in stabilirea diagnosticului<br \/> si tratamentului tulburarilor de mictiune\u201d. Project participant(<br \/> 1998\u20132001) Univ.Med.Farm. Tg. Mures.<br \/> Project PC7: \u201eCentre for Patient Safety and Service Quality<br \/> of the Imperial College London1 project participant.<br \/> Project TET: Prosztatar\u00e1k kimutat\u00e1sa Magyarorsz\u00e1gon \u00e9s Rom\u00e1ni\u00e1ban, 2009, project participant<\/p>\n","protected":false},"excerpt":{"rendered":"<p>Education and career 1979\u20131985 University of Medicine, Tg. Mures, Romania \u2013 medical doctor 1995 Expert in urology 2002 PhD 2008 Associate professor Place of work Clinic of Urology, University of Medicine Marosv\u00e1s\u00e1rhely, Romania Employment record 1991-to date University of Medicine of Tg Mures, Clinic of Urology Range of interest urodynamics, pediatric urology, overactive bladder, female &hellip;<\/p>\n","protected":false},"author":1,"featured_media":0,"parent":321,"menu_order":0,"comment_status":"closed","ping_status":"closed","template":"","meta":{"_acf_changed":false,"footnotes":""},"categories":[],"tags":[],"class_list":["post-354","page","type-page","status-publish","hentry"],"acf":[],"_links":{"self":[{"href":"https:\/\/semmelweis.hu\/symposium\/wp-json\/wp\/v2\/pages\/354","targetHints":{"allow":["GET"]}}],"collection":[{"href":"https:\/\/semmelweis.hu\/symposium\/wp-json\/wp\/v2\/pages"}],"about":[{"href":"https:\/\/semmelweis.hu\/symposium\/wp-json\/wp\/v2\/types\/page"}],"author":[{"embeddable":true,"href":"https:\/\/semmelweis.hu\/symposium\/wp-json\/wp\/v2\/users\/1"}],"replies":[{"embeddable":true,"href":"https:\/\/semmelweis.hu\/symposium\/wp-json\/wp\/v2\/comments?post=354"}],"version-history":[{"count":1,"href":"https:\/\/semmelweis.hu\/symposium\/wp-json\/wp\/v2\/pages\/354\/revisions"}],"predecessor-version":[{"id":426,"href":"https:\/\/semmelweis.hu\/symposium\/wp-json\/wp\/v2\/pages\/354\/revisions\/426"}],"up":[{"embeddable":true,"href":"https:\/\/semmelweis.hu\/symposium\/wp-json\/wp\/v2\/pages\/321"}],"wp:attachment":[{"href":"https:\/\/semmelweis.hu\/symposium\/wp-json\/wp\/v2\/media?parent=354"}],"wp:term":[{"taxonomy":"category","embeddable":true,"href":"https:\/\/semmelweis.hu\/symposium\/wp-json\/wp\/v2\/categories?post=354"},{"taxonomy":"post_tag","embeddable":true,"href":"https:\/\/semmelweis.hu\/symposium\/wp-json\/wp\/v2\/tags?post=354"}],"curies":[{"name":"wp","href":"https:\/\/api.w.org\/{rel}","templated":true}]}}