{"id":321,"date":"2015-11-04T00:00:00","date_gmt":"2015-11-03T23:00:00","guid":{"rendered":"http:\/\/semmelweis.hu\/symposium\/eloadok\/"},"modified":"2015-11-04T12:51:03","modified_gmt":"2015-11-04T11:51:03","slug":"eloadok","status":"publish","type":"page","link":"https:\/\/semmelweis.hu\/symposium\/szimpozium-archiv\/symposium2009-semmelweis\/eloadok\/","title":{"rendered":"El\u0151ad\u00f3k"},"content":{"rendered":"\n<p><a href=\"http:\/\/symposium.sote.hu\/eloadok\/rolf-ackerman-md\">Rolf Ackerman, MD<\/a><\/p>\n<p><a href=\"http:\/\/symposium.sote.hu\/eloadok\/ali-erol-md\">Ali Erol, MD<\/a><\/p>\n<p><a href=\"http:\/\/symposium.sote.hu\/eloadok\/wolfgang-aulitzky-md\">Wolfgang AULITZKY, MD<\/a><\/p>\n<p><a href=\"http:\/\/symposium.sote.hu\/eloadok\/zoltan-bajory-md-phd\">Zolt\u00e1n BAJORY, MD, PhD<\/a><\/p>\n<p><a href=\"http:\/\/symposium.sote.hu\/eloadok\/pal-bata-md\">P\u00e1l BATA, MD<\/a><\/p>\n<p><a href=\"http:\/\/symposium.sote.hu\/eloadok\/patrick-j-bastian-md-phd-febu\">Patrick J. BASTIAN, MD, PhD FEBU<\/a><\/p>\n<p><a href=\"http:\/\/symposium.sote.hu\/eloadok\/viktor-berczi-md-phd\">Viktor B\u00c9RCZI, MD, PhD<\/a><\/p>\n<p><a href=\"http:\/\/symposium.sote.hu\/eloadok\/istvan-buzogany-md-phd\">Istv\u00e1n BUZOG\u00c1NY, MD, PhD<\/a><\/p>\n<p><a href=\"http:\/\/symposium.sote.hu\/eloadok\/francisco-tibor-denes-md\">Francisco Tibor D\u00c9NES, MD<\/a><\/p>\n<p><a href=\"http:\/\/symposium.sote.hu\/eloadok\/albert-dobi-md-phd\">Albert DOBI, MD, PhD<\/a><\/p>\n<p><a href=\"http:\/\/symposium.sote.hu\/eloadok\/tibor-flasko-md-phd\">Tibor FLASK\u00d3, MD, PhD<\/a><\/p>\n<p><a href=\"http:\/\/symposium.sote.hu\/eloadok\/andras-falus-md-phd-dsc\">Andras FALUS, MD, PhD, DSc<\/a><\/p>\n<p><a href=\"http:\/\/symposium.sote.hu\/eloadok\/christopher-henry-fry-md-bsc-ba-phd-dsc\">Christopher Henry FRY, MD, BSc, BA, PhD, DSc<\/a><\/p>\n<p><a href=\"http:\/\/symposium.sote.hu\/eloadok\/john-fritzpatrik-md\">John FRITZPATRIK, MD<\/a><\/p>\n<p><a href=\"http:\/\/symposium.sote.hu\/eloadok\/andreas-johannes-gross-prof-dr-med\">Andreas Johannes GROSS, Prof. Dr. med.<\/a><\/p>\n<p><a href=\"http:\/\/symposium.sote.hu\/eloadok\/gabriel-p-haas-md\">Gabriel P. HAAS, MD<\/a><\/p>\n<p><a href=\"http:\/\/symposium.sote.hu\/eloadok\/gu\u0308nter-janetschek-md\">Gu\u0308nter JANETSCHEK, MD<\/a><\/p>\n<p><a href=\"http:\/\/symposium.sote.hu\/eloadok\/kerstin-junker-md-phd\">Kerstin JUNKER, MD, PhD<\/a><\/p>\n<p><a href=\"http:\/\/symposium.sote.hu\/eloadok\/andras-kiss-md-phd\">Andr\u00e1s KISS, MD, PhD<\/a><\/p>\n<p><a href=\"http:\/\/symposium.sote.hu\/eloadok\/andras-kiss-md-phd-2\">Andr\u00e1s KISS, MD, PhD<\/a><\/p>\n<p><a href=\"http:\/\/symposium.sote.hu\/eloadok\/zsolt-kopa-md-phd\">Zsolt KOPA, MD, PhD<\/a><\/p>\n<p><a href=\"http:\/\/symposium.sote.hu\/eloadok\/gabor-istvan-lotz-md\">G\u00e1bor Istv\u00e1n LOTZ, MD<\/a><\/p>\n<p><a href=\"http:\/\/symposium.sote.hu\/eloadok\/peter-lakatos-md-phd-dsc\">P\u00e9ter LAKATOS, MD, PhD, DSc<\/a><\/p>\n<p><a href=\"http:\/\/symposium.sote.hu\/eloadok\/peter-lukovich-md\">P\u00e9ter LUKOVICH, MD<\/a><\/p>\n<p><a href=\"http:\/\/symposium.sote.hu\/eloadok\/orsolya-martha-md\">Orsolya M\u00c1RTHA, MD<\/a><\/p>\n<p><a href=\"http:\/\/symposium.sote.hu\/eloadok\/michael-marberger-md\">Michael MARBERGER, MD<\/a><\/p>\n<p><a href=\"http:\/\/symposium.sote.hu\/eloadok\/hugh-mostafid-md-mbbs-frcs-msc-frcs-febu\">Hugh MOSTAFID, MD, MBBS, FRCS, MSc, FRCS, FEBU<\/a><\/p>\n<p><a href=\"http:\/\/symposium.sote.hu\/eloadok\/miklos-merksz-md-phd\">Mikl\u00f3s MERKSZ, MD, PhD<\/a><\/p>\n<p><a href=\"http:\/\/symposium.sote.hu\/eloadok\/peter-nyirady-md-phd-febu\">P\u00e9ter NYIR\u00c1DY, MD, PhD, FEBU<\/a><\/p>\n<p><a href=\"http:\/\/symposium.sote.hu\/eloadok\/fares-osman-md\">Fares OSMAN, MD<\/a><\/p>\n<p><a href=\"http:\/\/symposium.sote.hu\/eloadok\/akos-pytel-md-phd\">\u00c1kos PYTEL, MD, PhD<\/a><\/p>\n<p><a href=\"http:\/\/symposium.sote.hu\/eloadok\/prof-imre-romics-md-phd-dsc\">Prof. Imre ROMICS, MD, PhD, DSc<\/a><\/p>\n<p><a href=\"http:\/\/symposium.sote.hu\/eloadok\/marcell-a-szasz-md\">Marcell A. SZ\u00c1SZ, MD<\/a><\/p>\n<p><a href=\"http:\/\/symposium.sote.hu\/eloadok\/attila-szendroi-md-febu\">Attila SZENDR\u00d5I, MD, FEBU<\/a><\/p>\n<p><a href=\"http:\/\/symposium.sote.hu\/eloadok\/bela-tallai-md-phd\">B\u00e9la T\u00c1LLAI, MD, PhD<\/a><\/p>\n<p><a href=\"http:\/\/symposium.sote.hu\/eloadok\/jozsef-timar-md-phd-dsc\">J\u00f3zsef T\u00cdM\u00c1R, MD, PhD, DSc<\/a><\/p>\n<p><a href=\"http:\/\/symposium.sote.hu\/eloadok\/winfried-k-g-vahlensieck-md\">Winfried K.G. VAHLENSIECK, MD<\/a><\/p>\n<p><a href=\"http:\/\/symposium.sote.hu\/eloadok\/wolfgang-weidner-md-phd\">Wolfgang WEIDNER, MD, PhD<\/a><\/p>\n","protected":false},"excerpt":{"rendered":"<p><a href=\"http:\/\/symposium.sote.hu\/eloadok\/rolf-ackerman-md\">Rolf Ackerman, MD<\/a><br \/>\n<a href=\"http:\/\/symposium.sote.hu\/eloadok\/ali-erol-md\">Ali Erol, MD<\/a><br \/>\n<a href=\"http:\/\/symposium.sote.hu\/eloadok\/wolfgang-aulitzky-md\">Wolfgang AULITZKY, MD<\/a><br \/>\n<a href=\"http:\/\/symposium.sote.hu\/eloadok\/zoltan-bajory-md-phd\">Zolt\u00e1n BAJORY, MD, PhD<\/a><br \/>\n<a href=\"http:\/\/symposium.sote.hu\/eloadok\/pal-bata-md\">P\u00e1l BATA, MD<\/a><br \/>\n<a href=\"http:\/\/symposium.sote.hu\/eloadok\/patrick-j-bastian-md-phd-febu\">Patrick J. BASTIAN, MD, PhD FEBU<\/a><br \/>\n<a href=\"http:\/\/symposium.sote.hu\/eloadok\/viktor-berczi-md-phd\">Viktor B\u00c9RCZI, MD, PhD<\/a><br \/>\n<a href=\"http:\/\/symposium.sote.hu\/eloadok\/istvan-buzogany-md-phd\">Istv\u00e1n BUZOG\u00c1NY, MD, PhD<\/a><br \/>\n<a href=\"http:\/\/symposium.sote.hu\/eloadok\/francisco-tibor-denes-md\">Francisco Tibor D\u00c9NES, MD<\/a><br \/>\n<a href=\"http:\/\/symposium.sote.hu\/eloadok\/albert-dobi-md-phd\">Albert DOBI, MD, PhD<\/a><br \/>\n<a href=\"http:\/\/symposium.sote.hu\/eloadok\/tibor-flasko-md-phd\">Tibor FLASK\u00d3, MD, PhD<\/a><br \/>\n<a href=\"http:\/\/symposium.sote.hu\/eloadok\/andras-falus-md-phd-dsc\">Andras FALUS, MD, PhD, DSc<\/a><br \/>\n<a href=\"http:\/\/symposium.sote.hu\/eloadok\/christopher-henry-fry-md-bsc-ba-phd-dsc\">Christopher Henry FRY, MD, BSc, BA, PhD, DSc<\/a><br \/>\n<a href=\"http:\/\/symposium.sote.hu\/eloadok\/john-fritzpatrik-md\">John FRITZPATRIK, MD<\/a><br \/>\n<a href=\"http:\/\/symposium.sote.hu\/eloadok\/andreas-johannes-gross-prof-dr-med\">Andreas Johannes GROSS, Prof. Dr. med.<\/a><br \/>\n<a href=\"http:\/\/symposium.sote.hu\/eloadok\/gabriel-p-haas-md\">Gabriel P. HAAS, MD<\/a><br \/>\n<a href=\"http:\/\/symposium.sote.hu\/eloadok\/gu\u0308nter-janetschek-md\">Gu\u0308nter JANETSCHEK, MD<\/a><br \/>\n<a href=\"http:\/\/symposium.sote.hu\/eloadok\/kerstin-junker-md-phd\">Kerstin JUNKER, MD, PhD<\/a><br \/>\n<a href=\"http:\/\/symposium.sote.hu\/eloadok\/andras-kiss-md-phd\">Andr\u00e1s KISS, MD, PhD<\/a><br \/>\n<a href=\"http:\/\/symposium.sote.hu\/eloadok\/andras-kiss-md-phd-2\">Andr\u00e1s KISS, MD, PhD<\/a><br \/>\n<a href=\"http:\/\/symposium.sote.hu\/eloadok\/zsolt-kopa-md-phd\">Zsolt KOPA, MD, PhD<\/a><br \/>\n<a href=\"http:\/\/symposium.sote.hu\/eloadok\/gabor-istvan-lotz-md\">G\u00e1bor Istv\u00e1n LOTZ, MD<\/a><br \/>\n<a href=\"http:\/\/symposium.sote.hu\/eloadok\/peter-lakatos-md-phd-dsc\">P\u00e9ter LAKATOS, MD, PhD, DSc<\/a><br \/>\n<a href=\"http:\/\/symposium.sote.hu\/eloadok\/peter-lukovich-md\">P\u00e9ter LUKOVICH, MD<\/a><br \/>\n<a href=\"http:\/\/symposium.sote.hu\/eloadok\/orsolya-martha-md\">Orsolya M\u00c1RTHA, MD<\/a><br \/>\n<a href=\"http:\/\/symposium.sote.hu\/eloadok\/michael-marberger-md\">Michael MARBERGER, MD<\/a><br \/>\n<a href=\"http:\/\/symposium.sote.hu\/eloadok\/hugh-mostafid-md-mbbs-frcs-msc-frcs-febu\">Hugh MOSTAFID, MD, MBBS, FRCS, MSc, FRCS, FEBU<\/a><br \/>\n<a href=\"http:\/\/symposium.sote.hu\/eloadok\/miklos-merksz-md-phd\">Mikl\u00f3s MERKSZ, MD, PhD<\/a><br \/>\n<a href=\"http:\/\/symposium.sote.hu\/eloadok\/peter-nyirady-md-phd-febu\">P\u00e9ter NYIR\u00c1DY, MD, PhD, FEBU<\/a><br \/>\n<a href=\"http:\/\/symposium.sote.hu\/eloadok\/fares-osman-md\">Fares OSMAN, MD<\/a><br \/>\n<a href=\"http:\/\/symposium.sote.hu\/eloadok\/akos-pytel-md-phd\">\u00c1kos PYTEL, MD, PhD<\/a><br \/>\n<a href=\"http:\/\/symposium.sote.hu\/eloadok\/prof-imre-romics-md-phd-dsc\">Prof. Imre ROMICS, MD, PhD, DSc<\/a><br \/>\n<a href=\"http:\/\/symposium.sote.hu\/eloadok\/marcell-a-szasz-md\">Marcell A. SZ\u00c1SZ, MD<\/a><br \/>\n<a href=\"http:\/\/symposium.sote.hu\/eloadok\/attila-szendroi-md-febu\">Attila SZENDR\u00d5I, MD, FEBU<\/a><br \/>\n<a href=\"http:\/\/symposium.sote.hu\/eloadok\/bela-tallai-md-phd\">B\u00e9la T\u00c1LLAI, MD, PhD<\/a><br \/>\n<a href=\"http:\/\/symposium.sote.hu\/eloadok\/jozsef-timar-md-phd-dsc\">J\u00f3zsef T\u00cdM\u00c1R, MD, PhD, DSc<\/a><br \/>\n<a href=\"http:\/\/symposium.sote.hu\/eloadok\/winfried-k-g-vahlensieck-md\">Winfried K.G. VAHLENSIECK, MD<\/a><br \/>\n<a href=\"http:\/\/symposium.sote.hu\/eloadok\/wolfgang-weidner-md-phd\">Wolfgang WEIDNER, MD, PhD<\/a><\/p>\n","protected":false},"author":1,"featured_media":0,"parent":318,"menu_order":0,"comment_status":"closed","ping_status":"closed","template":"","meta":{"_acf_changed":false,"footnotes":""},"categories":[],"tags":[],"class_list":["post-321","page","type-page","status-publish","hentry"],"acf":[],"_links":{"self":[{"href":"https:\/\/semmelweis.hu\/symposium\/wp-json\/wp\/v2\/pages\/321","targetHints":{"allow":["GET"]}}],"collection":[{"href":"https:\/\/semmelweis.hu\/symposium\/wp-json\/wp\/v2\/pages"}],"about":[{"href":"https:\/\/semmelweis.hu\/symposium\/wp-json\/wp\/v2\/types\/page"}],"author":[{"embeddable":true,"href":"https:\/\/semmelweis.hu\/symposium\/wp-json\/wp\/v2\/users\/1"}],"replies":[{"embeddable":true,"href":"https:\/\/semmelweis.hu\/symposium\/wp-json\/wp\/v2\/comments?post=321"}],"version-history":[{"count":1,"href":"https:\/\/semmelweis.hu\/symposium\/wp-json\/wp\/v2\/pages\/321\/revisions"}],"predecessor-version":[{"id":457,"href":"https:\/\/semmelweis.hu\/symposium\/wp-json\/wp\/v2\/pages\/321\/revisions\/457"}],"up":[{"embeddable":true,"href":"https:\/\/semmelweis.hu\/symposium\/wp-json\/wp\/v2\/pages\/318"}],"wp:attachment":[{"href":"https:\/\/semmelweis.hu\/symposium\/wp-json\/wp\/v2\/media?parent=321"}],"wp:term":[{"taxonomy":"category","embeddable":true,"href":"https:\/\/semmelweis.hu\/symposium\/wp-json\/wp\/v2\/categories?post=321"},{"taxonomy":"post_tag","embeddable":true,"href":"https:\/\/semmelweis.hu\/symposium\/wp-json\/wp\/v2\/tags?post=321"}],"curies":[{"name":"wp","href":"https:\/\/api.w.org\/{rel}","templated":true}]}}