{"id":319,"date":"2015-11-04T00:00:00","date_gmt":"2015-11-03T23:00:00","guid":{"rendered":"http:\/\/semmelweis.hu\/symposium\/agenda\/"},"modified":"2015-11-04T12:51:03","modified_gmt":"2015-11-04T11:51:03","slug":"agenda","status":"publish","type":"page","link":"https:\/\/semmelweis.hu\/symposium\/szimpozium-archiv\/symposium2009-semmelweis\/agenda\/","title":{"rendered":"Agenda"},"content":{"rendered":"\n<p><strong>WEDNESDAY, 18 NOVEMBER<\/strong><\/p>\n<p>16.00\u201320.00 Registration<\/p>\n<p><strong>THURSDAY, 19 NOVEMBER<\/strong><\/p>\n<p>8.00\u20139.30 Registration<\/p>\n<p>8.30\u20139.30 Poster installation<\/p>\n<p>10.00\u201310.15 Opening of Semmelweis Symposium 2009<\/p>\n<p><strong>10.15\u201313.00<\/strong><\/p>\n<p><em>Chairpersons:<\/em><\/p>\n<p>J. Fitzpatrick (Dublin, Ireland),<\/p>\n<p>A. Falus (Budapest, Hungary)<\/p>\n<p>10.15\u201310.30 Current trend in prostate cancer <em>J. Fitzpatrick (Dublin, Ireland)<\/em><\/p>\n<p>10.30\u201310.45 Genomics influences diagnostics and therapy in urology <em>A. Falus (Budapest, Hungary)<\/em><\/p>\n<p>10.45\u201311.00 Genetics of bone metastases in kidney cancer<em> J. T\u00edm\u00e1r (Budapest, Hungary)<\/em><\/p>\n<p>11.00\u201311. 15 Vitamin D and calcium metabolism in prostate cancer <em>P. Lakatos (Budapest, Hungary)<\/em><\/p>\n<p>11.15\u201311.45 Coffee break<\/p>\n<p>Chairpersons:<br \/> <em>M. Marberger (Vienna, Austria),<\/em><br \/> <em>I. Romics (Budapest, Hungary)<\/em><\/p>\n<p>11.45\u201312.00 Prevalent alterations of the ETS related gene (ERG) in prostate cancer: a promising biomarker and therapeutic target <em>A. Dobi (Rockville, USA)<\/em><\/p>\n<p>12.00\u201312.15 Streamlining the diagnosis of bladder carcinoma in situ <em>M. Marberger (Vienna, Austria)<\/em><\/p>\n<p>12.15\u201312.30 Update in penile cancer <em>P. Nyir\u00e1dy (Budapest, Hungary)<\/em><\/p>\n<p>12.30\u201313.30 Lunch<\/p>\n<p><strong>13.30\u201315.15<\/strong><\/p>\n<p>Chairpersons:<br \/> <em>G. Haas (Syracuse, USA),<br \/> P. Nyir\u00e1dy (Budapest, Hungary)<\/em><\/p>\n<p>13.30\u201313.45 Robotic assisted surgery in urology <em>G. Haas (Syracuse, USA)<\/em><\/p>\n<p>13.45\u201314.00 Lasers in urology <em>A. Gross (Hamburg, Germany)<\/em><\/p>\n<p>14.00\u201314.15 Advantages and disadvantages of laparoscopic urology <em>T. Flask\u00f3 (Debrecen, Hungary)<\/em><\/p>\n<p>14.15\u201314.30 NOTES in urology <em>P. Lukovich (Budapest, Hungary)<\/em><\/p>\n<p>14.30\u201314.45 Lymph node dissection for prostate cancer is it necessary? <em>G. Janetschek (Salzburg, Austria)<\/em><\/p>\n<p>14.45\u201315.00 New perspectives in stone surgery <em>H. Mostafid (Surrey, UK)<\/em><\/p>\n<p>15.00\u201315.15 The value of HI-RTE (Hitachi Real-time Tissue Elastography) in the diagnosis of prostate cancer <em>G. Salomon (Hamburg, Germany)<\/em><\/p>\n<p>15.15\u201315.30 Coffee break<\/p>\n<p><strong>15.30\u201317.00<\/strong><\/p>\n<p>Chairperson:<br \/> <em>J. T\u00edm\u00e1r (Budapest, Hungary)<\/em><\/p>\n<p>15.30\u201315.45 Molecular markers in uropathology\u20132009 <em>A. Kiss (Budapest, Hungary)<\/em><\/p>\n<p>15.45\u201316.00 Plevic lymphadenectomy <em>\u00c1. Pytel (P\u00e9cs, Hungary)<\/em><\/p>\n<p>16.00\u201316.15 New molecular methods: FISH in the detection of bladder cancer <em>G. Lotz (Budapest, Hungary)<\/em><\/p>\n<p>16.15\u201316.30 The treatment of bladder cancer: is it time to change? <em>Z. Bajory (Szeged, Hungary)<\/em><\/p>\n<p>16.30\u201316.45 Hypoxia regulated genes in hypernephroma and consecutive distant metastases\u2013what is hyperactive? <em>M. Sz\u00e1sz (Budapest, Hungary)<\/em><\/p>\n<p>16.45\u201317.00 Prognostic factors and survival of renal clear cell carcinoma patients with bone metastases <em>A. Szendr\u00f5i (Budapest, Hungary)<\/em><\/p>\n<p><strong>FRIDAY, 20 NOVEMBER<\/strong><\/p>\n<p>9.00\u201310.00<br \/> Chairpersons:<br \/> <em>T. D\u00e9nes (Sao Paolo, Brasil),<br \/> M. Merksz (Budapest, Hungary)<\/em><\/p>\n<p>9.00\u20139.15 Challenges and results of laparoscopic urologic surgery in children <em>T. D\u00e9nes (Sao Paolo, Brasil)<\/em><\/p>\n<p>9.15\u20139.30 The management of vesicoureteral reflux<em> M. Merksz (Budapest, Hungary)<\/em><\/p>\n<p>9.30\u20139.45 Voiding dysfunctions of the hildhood <em>O. M\u00e1rtha (Marosv\u00e1s\u00e1rhely, Romania)<\/em><\/p>\n<p>9.45\u201310.00 Stone management in children <em>B. T\u00e1llai (Debrecen, Hungary)<\/em><\/p>\n<p>10.00\u201310.15 Penile and urethral reconstruction in paediatric urology <em>A. Kiss (Budapest, Hungary)<\/em><\/p>\n<p>10.15\u201311.00 Coffee break<\/p>\n<p><strong>11.00\u201311.45<\/strong><br \/> Chairpersons:<br \/> <em>W. Weidner (Giessen, Germany),<br \/> W. Aulitzky (Vienna, Austria)<\/em><\/p>\n<p>11.00\u201311.15 TESE and M-TESE <em>W. Weidner (Giessen, Germany)<\/em><\/p>\n<p>11.15\u201311.30 New trends in the evaluation of sexual disfunction <em>Zs. Kopa (Budapest, Hungary)<\/em><\/p>\n<p>11.30\u201311.45 Ageing male and its treatment<em> W. Aulitzky (Vienna, Austria)<\/em><\/p>\n<p><strong>11.45\u201313.00<\/strong><br \/> Chairpersons:<br \/> R. Ackermann (Du\u0308sseldorf, Germany),<br \/> C. Fry (Surrey, UK)<\/p>\n<p>11.45\u201312.00 The cancer stem cell concept: reality or fiction in kidney cancer? <em>R. Ackermann (Du\u0308sseldorf, Germany)<\/em><\/p>\n<p>12.00\u201312.15 Electrophysiological and electromechanical properties of the urological smooth muscles <em>C. Fry (Surrey, UK)<\/em><\/p>\n<p>12.15\u201312.30 Biomarkers in kidney cancers: which impact for clinicians? <em>K. Junker (Jena, Germany)<\/em><\/p>\n<p>12.30\u201312.45 Survival in prostate cancer patients with positive lymph nodes during radical prostatectomy\u2013the advantage of completed<br \/> radical prostatectomy <em>P. Bastian (Munich, Germany)<\/em><\/p>\n<p>12.45\u201313.00 What is new in urologic infectology <em>W. Vahlensieck (Bad Wildungen,Germany)<\/em><\/p>\n<p>13.00\u201313.15 Experience in laser-therapy of prostate since 2003 <em>A. Erol (Istambul, Turkey)<\/em><\/p>\n<p>13.15\u201314.15 Lunch<\/p>\n<p><strong>14.15\u201315.15<\/strong><br \/> Chairperson:<br \/> <em>V. B\u00e9rczy (Budapest, Hungary)<\/em><\/p>\n<p>14.15\u201314.30 Resident urologists&#8217; education programme in Hungary <em>I. Buzog\u00e1ny (Budapest, Hungary)<\/em><\/p>\n<p>14.30\u201314.45 New developments in interventional uro-radiology <em>V. B\u00e9rczy (Budapest, Hungary)<\/em><\/p>\n<p>14.45\u201315.00 CT-based virtual methods in uro-radiology <em>P. Bata (Budapest, Hungary)<\/em><\/p>\n<p>15.00\u201315.15 Physiology of the ureter <em>O. Fares (Budapest, Hungary)<\/em><\/p>\n<p>15.15\u201315.45 Coffee break<\/p>\n<p><strong>15.45\u201316.15<\/strong><\/p>\n<p><strong>Poster presentation<\/strong><br \/> Chairpersons:<br \/> <em>A. Hamvas (Budapest, Hungary),<br \/> I. Buzog\u00e1ny (Budapest, Hungary)<\/em><\/p>\n<p>16.15\u201316.45 Test exam<\/p>\n<p>16.45\u2013 Closing ceremony<\/p>\n<p>19.00\u2013 Gala dinner<\/p>\n<p>Magyaroknak r\u00e9szv\u00e9teli d\u00edj nincs. Kreditpont: 46<\/p>\n","protected":false},"excerpt":{"rendered":"<p>WEDNESDAY, 18 NOVEMBER 16.00\u201320.00 Registration THURSDAY, 19 NOVEMBER 8.00\u20139.30 Registration 8.30\u20139.30 Poster installation 10.00\u201310.15 Opening of Semmelweis Symposium 2009 10.15\u201313.00 Chairpersons: J. Fitzpatrick (Dublin, Ireland), A. Falus (Budapest, Hungary) 10.15\u201310.30 Current trend in prostate cancer J. Fitzpatrick (Dublin, Ireland) 10.30\u201310.45 Genomics influences diagnostics and therapy in urology A. Falus (Budapest, Hungary) 10.45\u201311.00 Genetics of bone &hellip;<\/p>\n","protected":false},"author":1,"featured_media":0,"parent":318,"menu_order":0,"comment_status":"closed","ping_status":"closed","template":"","meta":{"_acf_changed":false,"footnotes":""},"categories":[],"tags":[],"class_list":["post-319","page","type-page","status-publish","hentry"],"acf":[],"_links":{"self":[{"href":"https:\/\/semmelweis.hu\/symposium\/wp-json\/wp\/v2\/pages\/319","targetHints":{"allow":["GET"]}}],"collection":[{"href":"https:\/\/semmelweis.hu\/symposium\/wp-json\/wp\/v2\/pages"}],"about":[{"href":"https:\/\/semmelweis.hu\/symposium\/wp-json\/wp\/v2\/types\/page"}],"author":[{"embeddable":true,"href":"https:\/\/semmelweis.hu\/symposium\/wp-json\/wp\/v2\/users\/1"}],"replies":[{"embeddable":true,"href":"https:\/\/semmelweis.hu\/symposium\/wp-json\/wp\/v2\/comments?post=319"}],"version-history":[{"count":1,"href":"https:\/\/semmelweis.hu\/symposium\/wp-json\/wp\/v2\/pages\/319\/revisions"}],"predecessor-version":[{"id":459,"href":"https:\/\/semmelweis.hu\/symposium\/wp-json\/wp\/v2\/pages\/319\/revisions\/459"}],"up":[{"embeddable":true,"href":"https:\/\/semmelweis.hu\/symposium\/wp-json\/wp\/v2\/pages\/318"}],"wp:attachment":[{"href":"https:\/\/semmelweis.hu\/symposium\/wp-json\/wp\/v2\/media?parent=319"}],"wp:term":[{"taxonomy":"category","embeddable":true,"href":"https:\/\/semmelweis.hu\/symposium\/wp-json\/wp\/v2\/categories?post=319"},{"taxonomy":"post_tag","embeddable":true,"href":"https:\/\/semmelweis.hu\/symposium\/wp-json\/wp\/v2\/tags?post=319"}],"curies":[{"name":"wp","href":"https:\/\/api.w.org\/{rel}","templated":true}]}}