{"id":318,"date":"2015-11-04T00:00:00","date_gmt":"2015-11-03T23:00:00","guid":{"rendered":"http:\/\/semmelweis.hu\/symposium\/symposium2009-semmelweis\/"},"modified":"2018-01-17T14:07:46","modified_gmt":"2018-01-17T13:07:46","slug":"symposium2009-semmelweis","status":"publish","type":"page","link":"https:\/\/semmelweis.hu\/symposium\/szimpozium-archiv\/symposium2009-semmelweis\/","title":{"rendered":"Semmelweis Symposium 2009"},"content":{"rendered":"<p><img loading=\"lazy\" decoding=\"async\" class=\"aligncenter size-full wp-image-745\" src=\"https:\/\/semmelweis.hu\/symposium\/files\/2015\/11\/urlogo.png\" alt=\"urlogo\" width=\"296\" height=\"100\" \/>A Semmelweis Symposium egy h\u00e1romnapos konferencia, amely a Semmelweis Egyetem legmagasabb szint\u0171 tudom\u00e1nyos f\u00f3ruma.<\/p>\n<p>Hossz\u00fa m\u00faltra tekint vissza \u00e9s az Egyetem \u00f6sszes klinik\u00e1ja versenyez a megrendez\u00e9s jog\u00e1\u00e9rt. Nagy megtiszteltet\u00e9s sz\u00e1munkra, hogy a tudom\u00e1nyos \u00fcl\u00e9st p\u00e1ly\u00e1zat \u00fatj\u00e1n ebben az \u00e9vben november 19 \u00e9s 21 k\u00f6z\u00f6tt Klinik\u00e1nk rendezheti meg.<\/p>\n<p>A rendezv\u00e9ny c\u00edme: <strong>\u00daj trendek, \u00fajdons\u00e1gok \u00e9s elj\u00e1r\u00e1sok az urol\u00f3gi\u00e1ban.<\/strong><\/p>\n<p>A rendezv\u00e9nyre sz\u00e1mos kiv\u00e1l\u00f3 hazai \u00e9s 15-20 nemzetk\u00f6zileg elismert k\u00fclf\u00f6ldi el\u0151ad\u00f3t h\u00edvunk meg Eur\u00f3p\u00e1b\u00f3l, \u00c9szak- \u00e9s D\u00e9l-Amerik\u00e1b\u00f3l k\u00fcl\u00f6nb\u00f6z\u0151 tudom\u00e1nyter\u00fcletekr\u0151l. Nemcsak urol\u00f3gusokat, hanem patol\u00f3gusokat, molekul\u00e1ris biol\u00f3gusokat, genetikusokat, epidemiol\u00f3gusokat, radiol\u00f3gusokat, uro-onkol\u00f3gusokat egyar\u00e1nt. Szeretn\u00e9nk az urol\u00f3gia t\u00e1rgyk\u00f6r\u00e9ben az \u00f6sszes t\u00e9m\u00e1t feldolgozni.<\/p>\n<p>A megh\u00edvott el\u0151ad\u00f3k nagyr\u00e9szt professzorok \u00e9s szakter\u00fclet\u00fck\u00f6n j\u00f3l ismertek. Ugyanakkor teret k\u00edv\u00e1nunk adni fiatal klinikusoknak, kutat\u00f3knak \u00e9s rezidenseknek is a bemutatkoz\u00e1sra.<\/p>\n<p>A fiatal orvosok sz\u00e1m\u00e1ra poszter-szekci\u00f3t szervez\u00fcnk. Mindezek alapj\u00e1n tisztelettel megh\u00edvom \u00d6nt, vegyen r\u00e9szt a Semmelweis Symposiumon.<\/p>\n<p><strong>Semmelweis Egyetem \u00c1ltal\u00e1nos Orvostudom\u00e1nyi Kar Urol\u00f3giai Klinika Uroonkol\u00f3giai Centrum<br \/>\nigazgat\u00f3: dr. Romics Imre<br \/>\negyetemi tan\u00e1r<\/strong><\/p>\n<p>1082 Budapest \u00dcll\u0151i \u00fat 78\/b. Tel.: 210-0796, Fax: 210-0305<br \/>\n<a href=\"mailto:romimre@urol.sote.hu\">romimre@urol.sote.hu<\/a><br \/>\nEur\u00f3pai Urol\u00f3gus Int\u00e9zet k\u00e9pz\u0151helye<br \/>\nEuropean Board of Urology certified department<\/p>\n<p><a href=\"https:\/\/semmelweis.hu\/symposium\/archiv\/symposium2009-semmelweis\/galeria\/\">Fot\u00f3gal\u00e9ria<\/a><\/p>\n<p><a href=\"https:\/\/semmelweis.hu\/symposium\/archiv\/symposium2009-semmelweis\/agenda\/\">Tov\u00e1bbi inform\u00e1ci\u00f3k<\/a><\/p>\n","protected":false},"excerpt":{"rendered":"<p>A Semmelweis Symposium egy h\u00e1romnapos konferencia, amely a Semmelweis Egyetem legmagasabb szint\u0171 tudom\u00e1nyos f\u00f3ruma. Hossz\u00fa m\u00faltra tekint vissza \u00e9s az Egyetem \u00f6sszes klinik\u00e1ja versenyez a megrendez\u00e9s jog\u00e1\u00e9rt. Nagy megtiszteltet\u00e9s sz\u00e1munkra, hogy a tudom\u00e1nyos \u00fcl\u00e9st p\u00e1ly\u00e1zat \u00fatj\u00e1n ebben az \u00e9vben november 19 \u00e9s 21 k\u00f6z\u00f6tt Klinik\u00e1nk rendezheti meg. A rendezv\u00e9ny c\u00edme: \u00daj trendek, \u00fajdons\u00e1gok \u00e9s elj\u00e1r\u00e1sok &hellip;<\/p>\n","protected":false},"author":1,"featured_media":0,"parent":228,"menu_order":25,"comment_status":"closed","ping_status":"closed","template":"","meta":{"_acf_changed":false,"footnotes":""},"categories":[],"tags":[],"class_list":["post-318","page","type-page","status-publish","hentry"],"acf":[],"_links":{"self":[{"href":"https:\/\/semmelweis.hu\/symposium\/wp-json\/wp\/v2\/pages\/318","targetHints":{"allow":["GET"]}}],"collection":[{"href":"https:\/\/semmelweis.hu\/symposium\/wp-json\/wp\/v2\/pages"}],"about":[{"href":"https:\/\/semmelweis.hu\/symposium\/wp-json\/wp\/v2\/types\/page"}],"author":[{"embeddable":true,"href":"https:\/\/semmelweis.hu\/symposium\/wp-json\/wp\/v2\/users\/1"}],"replies":[{"embeddable":true,"href":"https:\/\/semmelweis.hu\/symposium\/wp-json\/wp\/v2\/comments?post=318"}],"version-history":[{"count":4,"href":"https:\/\/semmelweis.hu\/symposium\/wp-json\/wp\/v2\/pages\/318\/revisions"}],"predecessor-version":[{"id":746,"href":"https:\/\/semmelweis.hu\/symposium\/wp-json\/wp\/v2\/pages\/318\/revisions\/746"}],"up":[{"embeddable":true,"href":"https:\/\/semmelweis.hu\/symposium\/wp-json\/wp\/v2\/pages\/228"}],"wp:attachment":[{"href":"https:\/\/semmelweis.hu\/symposium\/wp-json\/wp\/v2\/media?parent=318"}],"wp:term":[{"taxonomy":"category","embeddable":true,"href":"https:\/\/semmelweis.hu\/symposium\/wp-json\/wp\/v2\/categories?post=318"},{"taxonomy":"post_tag","embeddable":true,"href":"https:\/\/semmelweis.hu\/symposium\/wp-json\/wp\/v2\/tags?post=318"}],"curies":[{"name":"wp","href":"https:\/\/api.w.org\/{rel}","templated":true}]}}