{"id":2938,"date":"2026-03-16T09:48:48","date_gmt":"2026-03-16T08:48:48","guid":{"rendered":"https:\/\/semmelweis.hu\/symposium\/?page_id=2938"},"modified":"2026-03-25T13:07:54","modified_gmt":"2026-03-25T12:07:54","slug":"semmelweis-symposium-2026","status":"publish","type":"page","link":"https:\/\/semmelweis.hu\/symposium\/en\/semmelweis-symposium-2026\/","title":{"rendered":"Semmelweis Symposium 2026"},"content":{"rendered":"<h1 style=\"text-align: center;\">SEMMELWEIS SYMPOSIUM 2026<\/h1>\n<h2 style=\"text-align: center;\">November 16-18, 2026 &#8211; Budapest Hungary<\/h2>\n<h4 style=\"text-align: center;\"><strong><a href=\"https:\/\/maps.app.goo.gl\/r73k3vFbyB5Xc9vy5\" target=\"_blank\" rel=\"noopener\">Semmelweis University&#8217;s Basic Medical Science Center<\/a><\/strong><\/h4>\n<div class=\"keretes w-100\" style=\"text-align: center;\">\n<h6>On behalf of Semmelweis University, we are pleased to invite you to the 2026 Semmelweis Symposium, to be held between 16-18 November, 2026 in Budapest. As the university\u2019s most prestigious annual scientific event, the Symposium highlights the latest scientific advancements and innovations, fostering valuable opportunities for international collaboration, networking, and education.<\/h6>\n<h4 style=\"text-align: center;\">This year\u2019s scientific program will focus on\u00a0<\/h4>\n<h4 style=\"text-align: center;\"><strong>Integrated Cancer Research: Collaboration for Impact<\/strong><\/h4>\n<p><span style=\"font-family: Montserrat;\">Scienitific program will be available soon.<\/span><\/p>\n<\/div>\n<h4><strong>Join us for an inspiring scientific experience with:<\/strong><\/h4>\n<ul>\n<li>\n<h6>Plenary sessions by international experts<\/h6>\n<\/li>\n<li>\n<h6>High-quality educational programs and workshops<\/h6>\n<\/li>\n<\/ul>\n<h6>Keynote lectures will be delivered by internationally renowned experts, distinguished alumni, and esteemed collaborators of Semmelweis University. Sessions and poster presentations will explore emerging trends in medicine, dentistry, pharmaceutical, and health sciences, ensuring a comprehensive and inspiring scientific experience.<\/h6>\n<h5>Scientific Organizing Comittee:<\/h5>\n<ul>\n<li><strong>Dr B\u00e9la Merkely,<\/strong> Chair<\/li>\n<li><strong>Dr. Magdolna Dank,<\/strong>\u00a0Chair<\/li>\n<li><strong>Dr. Bal\u00e1zs Gy\u0151rffy,<\/strong> Chair<\/li>\n<\/ul>\n<h5>Scientific Program Committee Members:<\/h5>\n<ul>\n<li><strong>Dr. Csaba B\u00f6d\u00f6r<\/strong><\/li>\n<li><strong>Dr. Zs\u00f3fia Drobni<\/strong><\/li>\n<li><strong>Dr. L\u00f3r\u00e1nd Er\u0151ss<\/strong><\/li>\n<li><strong>Dr.\u00a0P\u00e9ter Ferdinandy<\/strong><\/li>\n<li><strong>Dr. Lajos Kem\u00e9ny<\/strong><\/li>\n<li><strong>Dr. Andr\u00e1s Kiss<\/strong><\/li>\n<li><strong>Dr. Bal\u00e1zs Lintner<\/strong><\/li>\n<li><strong>Dr. Tam\u00e1s Masszi<\/strong><\/li>\n<li><strong>Dr. P\u00e1l Maurovich Horvath<\/strong><\/li>\n<li><strong>Dr. P\u00e9ter Nagy<\/strong><\/li>\n<li><strong>Dr. P\u00e9ter Nyir\u00e1dy<\/strong><\/li>\n<li><strong>Dr. Attila Pat\u00f3cs<\/strong><\/li>\n<li><strong>Dr. Attila Szab\u00f3<\/strong><\/li>\n<li><strong>Dr. Zolt\u00e1n Varga<\/strong><\/li>\n<\/ul>\n","protected":false},"excerpt":{"rendered":"<p>SEMMELWEIS SYMPOSIUM 2026 November 16-18, 2026 &#8211; Budapest Hungary <a href=\"https:\/\/maps.app.goo.gl\/r73k3vFbyB5Xc9vy5\" target=\"_blank\" rel=\"noopener\">Semmelweis University&#8217;s Basic Medical Science Center<\/a> On behalf of Semmelweis University, we are pleased to invite you to the 2026 Semmelweis Symposium, to be held between 16-18 November, 2026 in Budapest. As the university\u2019s most prestigious annual scientific event, the Symposium highlights the latest scientific advancements and innovations, fostering valuable opportunities for &hellip;<\/p>\n","protected":false},"author":12,"featured_media":0,"parent":0,"menu_order":0,"comment_status":"closed","ping_status":"closed","template":"","meta":{"_acf_changed":false,"footnotes":""},"categories":[],"tags":[],"class_list":["post-2938","page","type-page","status-publish","hentry"],"acf":[],"_links":{"self":[{"href":"https:\/\/semmelweis.hu\/symposium\/wp-json\/wp\/v2\/pages\/2938","targetHints":{"allow":["GET"]}}],"collection":[{"href":"https:\/\/semmelweis.hu\/symposium\/wp-json\/wp\/v2\/pages"}],"about":[{"href":"https:\/\/semmelweis.hu\/symposium\/wp-json\/wp\/v2\/types\/page"}],"author":[{"embeddable":true,"href":"https:\/\/semmelweis.hu\/symposium\/wp-json\/wp\/v2\/users\/12"}],"replies":[{"embeddable":true,"href":"https:\/\/semmelweis.hu\/symposium\/wp-json\/wp\/v2\/comments?post=2938"}],"version-history":[{"count":7,"href":"https:\/\/semmelweis.hu\/symposium\/wp-json\/wp\/v2\/pages\/2938\/revisions"}],"predecessor-version":[{"id":2966,"href":"https:\/\/semmelweis.hu\/symposium\/wp-json\/wp\/v2\/pages\/2938\/revisions\/2966"}],"wp:attachment":[{"href":"https:\/\/semmelweis.hu\/symposium\/wp-json\/wp\/v2\/media?parent=2938"}],"wp:term":[{"taxonomy":"category","embeddable":true,"href":"https:\/\/semmelweis.hu\/symposium\/wp-json\/wp\/v2\/categories?post=2938"},{"taxonomy":"post_tag","embeddable":true,"href":"https:\/\/semmelweis.hu\/symposium\/wp-json\/wp\/v2\/tags?post=2938"}],"curies":[{"name":"wp","href":"https:\/\/api.w.org\/{rel}","templated":true}]}}