{"id":285,"date":"2015-11-03T12:37:59","date_gmt":"2015-11-03T11:37:59","guid":{"rendered":"http:\/\/semmelweis.hu\/symposium\/program\/"},"modified":"2015-11-03T12:43:17","modified_gmt":"2015-11-03T11:43:17","slug":"program","status":"publish","type":"page","link":"https:\/\/semmelweis.hu\/symposium\/szimpozium-archiv\/semmelweis-symposium-2011\/program\/","title":{"rendered":"Program"},"content":{"rendered":"<td valign=\"top\">\n<h3>03. November 2011<\/h3>\n<h4>Special meeting Eurotransplant-Hungarian Transplant Association.<\/h4>\n<table style=\"width: 100%;\" border=\"0\" cellpadding=\"5\" cellspacing=\"0\">\n<tbody>\n<tr>\n<td colspan=\"2\">\n<h3>4. November 2011, Friday<\/h3>\n<\/td>\n<\/tr>\n<tr class=\"tablazat\">\n<td class=\"tablazatdatum\">\n<h4>08.30\u201309.00<\/h4>\n<\/td>\n<td>\n<h4>Posters<\/h4>\n<\/td>\n<\/tr>\n<tr class=\"tablazatprogram\">\n<td class=\"tablazatdatum\">\n<h4>09.00\u201309.30<\/h4>\n<\/td>\n<td>\n<h4>Opening ceremony (Tivadar Tulassay &#8211; R\u00f3bert Langer &#8211; Attila Szab\u00f3)<\/h4>\n<\/td>\n<\/tr>\n<tr class=\"tablazat\">\n<td class=\"tablazatdatum\">\n<h4>09.30\u201310.50 <\/h4>\n<\/td>\n<td>\n<h4><strong>Chair: R\u00f3bert Langer<\/strong> &#8211; Semmelweis University, Budapest<\/p>\n<p>David  \t\t\t\t\t\t\t\t\t\t\t\t\t\t\t\tSutherland &#8211; University of Minnesota, Minneapolis: &amp;#8220;Past,  \t\t\t\t\t\t\t\t\t\t\t\t\t\t\t\tpresent and future of beta cell replacement therapy to treat diabetes  \t\t\t\t\t\t\t\t\t\t\t\t\t\t\t\tmellitus.&amp;#8221; (40 minutes)<\/p>\n<p>Bruno Meiser &#8211; Grosshadern University Hospital, Munich: Organ donation and<br \/>allocation in the Eurotransplant area and beyond (30 minutes)<\/p>\n<p>Discussion (10 minutes)<\/h4>\n<\/td>\n<\/tr>\n<tr class=\"tablazatprogram\">\n<td class=\"tablazatdatum\">\n<h4>10.40\u201311.10<\/h4>\n<\/td>\n<td>\n<h4>Coffee break<\/h4>\n<\/td>\n<\/tr>\n<tr class=\"tablazat\">\n<td class=\"tablazatdatum\">\n<h4>11.10\u201312.40<\/h4>\n<\/td>\n<td>\n<h4><strong>Chair: Tivadar Tulassay<\/strong> &#8211; Semmelweis University, Budapest<\/p>\n<p>Francis Delmonico &#8211; Harvard Medical School and Massachusetts General<br \/>Hospital, Boston: The Contribution of Boston to a Century of Organ<br \/>Transplantation<br \/>(40 minutes)<\/p>\n<p>Barry D. Kahan &#8211; The University of Texas, Houston: Fifty Years in the<br \/>Vineyard of Immunosuppression for Transplantation: A View on Fifty Years<br \/>Forward (40 minutes)<\/p>\n<p>Discussion (10 minutes)<\/h4>\n<\/td>\n<\/tr>\n<tr class=\"tablazatprogram\">\n<td class=\"tablazatdatum\">\n<h4>12.40\u201313.40<\/h4>\n<\/td>\n<td>\n<h4>Immunological paradigms before and after transplantation<\/h4>\n<\/td>\n<\/tr>\n<tr class=\"tablazat\">\n<td class=\"tablazatdatum\">\n<h4>13.40\u201315.20<\/h4>\n<\/td>\n<td>\n<h4><strong>Chair: Ferenc Perner<\/strong> &#8211; Semmelweis University, Budapest<br \/>Ronald Kerman &#8211; The University of Texas, Houston: Immunological paradigms<br \/>before and after transplantation (30 minutes)<\/p>\n<p>Ilias I.N. Doxiadis &#8211; Leiden University Medical Center, Leiden: Allocation in<br \/>the second decade of the new century: learning from the past (30 minutes)<\/p>\n<\/h4>\n<h4>Rutger J Ploeg- University of Oxford, Oxford: The effect of brain death on long term graft survival (30 minutes)<\/h4>\n<h4>\n<p>Discussion (10 minutes)<\/h4>\n<\/td>\n<\/tr>\n<tr class=\"tablazatprogram\">\n<td class=\"tablazatdatum\">\n<h4>15.20\u201315.50<\/h4>\n<\/td>\n<td>\n<h4>Coffee break<\/h4>\n<\/td>\n<\/tr>\n<tr class=\"tablazat\">\n<td class=\"tablazatdatum\">\n<h4>15.50\u201317.00<\/h4>\n<\/td>\n<td>\n<h4><strong>Chair: Attila Szab\u00f3<\/strong> &#8211; Semmelweis University, Budapest<br \/>Phill Halloran &#8211; University of Alberta, Edmondton: Allograft rejection: New<br \/>insights from the molecular microscope project (40 minutes)<\/p>\n<p>B\u00e9la Iv\u00e1nyi &#8211; University of Szeged, Faculty of Medicine, Szeged: Capillary<br \/>lesions of renal allograft rejection (20 minutes)<\/p>\n<p>Discussion (10 minutes)<\/h4>\n<\/td>\n<\/tr>\n<tr class=\"tablazatketto\">\n<td class=\"tablazatdatum\">\n<h4>17.00\u201318.10<\/h4>\n<\/td>\n<td>\n<h4><strong>Chair: Gy\u00f6rgy Lang<\/strong> &#8211; Semmelweis University, Budapest<br \/>Walter Klepetko &#8211; Medical University of Vienna: Clinical Lung<br \/>Transplantation. (20 minutes)<\/p>\n<p>Gy\u00f6rgy Lang &#8211; Medical University of Vienna: Experimental Lung<br \/>Transplantation &#8211; Reconditioning of marginal donor lungs (20 minutes)<\/p>\n<p>Gy\u00f6rgy Losonczy &#8211; Semmelweis University, Budapest: Immunotolerance and<br \/>opportunistic lung infections in solid organ transplant recipients (20 minutes)<\/p>\n<p>Discussion (10 minutes)<\/h4>\n<\/td>\n<\/tr>\n<tr class=\"tablazat\">\n<td class=\"tablazatdatum\">\n<h4>19.00<\/h4>\n<\/td>\n<td>\n<h4>Organ concert (Norbert L\u00e1z\u00e1r)  University Church, <br \/>Papn\u00f6velde 5-7<\/h4>\n<\/td>\n<\/tr>\n<tr class=\"tablazatprogram\">\n<td class=\"tablazatdatum\">\n<h4>20.30 <\/h4>\n<\/td>\n<td>\n<h4>Banquet dinner &#8211; Festetics Palace, Pollack Mih\u00e1ly t\u00e9r 3.<\/h4>\n<\/td>\n<\/tr>\n<tr>\n<td colspan=\"2\">\n<h3>5. November 2011, Saturday<\/h3>\n<\/td>\n<\/tr>\n<tr class=\"tablazat\">\n<td class=\"tablazatdatum\">\n<h4>09.00\u201310.00<\/h4>\n<\/td>\n<td>\n<h4><strong>Chair: Uwe Heemann<\/strong> &#8211; Department of Nephrology of the Technical<br \/>University, Munich<br \/>Ondrej Viklicky- Institute for Clinical and Experimental Medicine, Prague:<br \/>Molecular phenotypes of rejection (25 minutes)<\/p>\n<p>Lutz Weber-Ludwig-Maximilians University, Munich: Therapeutic drugmonitoring<br \/>in pediatric renal transplantation (25 minutes)<\/p>\n<p>Discussion (10 minutes)<\/h4>\n<\/td>\n<\/tr>\n<tr class=\"tablazatprogram\">\n<td class=\"tablazatdatum\">\n<h4>10.00\u201310.30<\/h4>\n<\/td>\n<td>\n<h4>Coffee break<\/h4>\n<\/td>\n<\/tr>\n<tr class=\"tablazat\">\n<td class=\"tablazatdatum\">\n<h4>10.30\u201312.00<\/h4>\n<\/td>\n<td>\n<h4><strong>Chair: Barry D. Kahan<\/strong> &#8211; The University of Texas, Houston<\/p>\n<p>Ferenc Perner &#8211; Semmelweis University, Budapest: History of the Hungarian<br \/>organ transplantation (40 minutes)<\/p>\n<p>Uwe Heemann &#8211; Department of Nephrology of the Technical University, Munich:<br \/>Strategies to allocate the right kidney to the right recipient (40 minutes)<\/p>\n<p>Discussion (10 minutes)<\/h4>\n<\/td>\n<\/tr>\n<tr class=\"tablazatketto\">\n<td class=\"tablazatdatum\">\n<h4>12.00\u201313.10<\/h4>\n<\/td>\n<td>\n<h4><strong>Chair: L\u00e1szl\u00f3 K\u00f3bori<\/strong> &#8211; Semmelweis University, Budapest<br \/>Ferdinand Mu\u0308hlbacher &#8211; University of Vienna, Vienna: Liver transplantation<br \/>today (30 minutes)<\/p>\n<p>L\u00e1szl\u00f3 K\u00f3bori- Semmelweis University, Budapest: Immunocyp, individualized<br \/>drug tharapy after liver transplantation (15 minutes)<\/p>\n<p>M\u00e1ty\u00e1s Kiss &#8211; Semmelweis University, Budapest: New findings in the<br \/>human surgical anatomy of the liver (15 minutes)<\/p>\n<p>Discussion (10 minutes)<\/h4>\n<\/td>\n<\/tr>\n<tr class=\"tablazatprogram\">\n<td class=\"tablazatdatum\">\n<h4>13.10\u201314.20<\/h4>\n<\/td>\n<td>\n<h4>Lunch<\/h4>\n<\/td>\n<\/tr>\n<tr class=\"tablazatketto\">\n<td class=\"tablazatdatum\">\n<h4>14.20\u201315.30<\/h4>\n<\/td>\n<td>\n<h4><strong>Chair: Ferenc Horkay<\/strong> &#8211; Semmelweis University, Budapest<br \/>G\u00e1bor Szab\u00f3 &#8211; University of Heidelberg, Heidelberg: Surgical therapy of heart<br \/>failure \u2013 heart transplantation in focus (20 minutes)<\/p>\n<p>Stefan Janssens &#8211; Catholic University Leuven: Current aspect of diagnosis and<br \/>therapy on terminal heart failure (20 minutes)<\/p>\n<p>B\u00e9la Merkely &#8211; Semmelweis University, Budapest: Heart failure patient<br \/>management \u2013 the role of resynchronization therapy (20 minutes)<\/p>\n<p>Discussion (10 minutes)<\/h4>\n<\/td>\n<\/tr>\n<tr class=\"tablazat\">\n<td class=\"tablazatdatum\">\n<h4>15.30\u201316.40<\/h4>\n<\/td>\n<td>\n<h4><strong>Chair: Gy\u00f6rgy Reusz <\/strong>&#8211; Semmelweis University, Budapest<br \/>Richard Fine &#8211; State University of New York at Stony Brook, Stony Brook:<br \/>Growth following Solid Organ Transplantation (30 minutes)<\/p>\n<p>Felix Aigner &#8211; Universit\u00e4tsklinik Innsbruck, Innsbruck: Composite, small<br \/>bowel and multivisceral transplantation (30 minutes)<\/p>\n<p>Discussion (10 minutes)<\/h4>\n<\/td>\n<\/tr>\n<tr class=\"tablazatprogram\">\n<td class=\"tablazatdatum\">\n<h4>16.40\u201317.10<\/h4>\n<\/td>\n<td>\n<h4>Coffee break<\/h4>\n<\/td>\n<\/tr>\n<tr class=\"tablazat\">\n<td class=\"tablazatdatum\">\n<h4>17.10\u201318.10<\/h4>\n<\/td>\n<td>\n<h4><strong>Chair: Ondrej Viklicky <\/strong>&#8211; Institute for Clinical and Experimental Medicine,<br \/>Prague<br \/>Gy\u00f6rgy Reusz &#8211; Semmelweis University, Budapest: Cardiovascular<br \/>complications following organ transplantation. (30 minutes)<\/p>\n<p>Marina Varga- Semmelweis University, Budapest: CMV and other infections<br \/>following solid organ transplantation (20 minutes)<\/p>\n<p>Discussion (10 minutes)<\/h4>\n<\/td>\n<\/tr>\n<tr class=\"tablazatketto\">\n<td class=\"tablazatdatum\">\n<h4>18.10\u201318.40<\/h4>\n<\/td>\n<td>\n<h4>Test.<\/p>\n<p>Closing ceremony<\/h4>\n<\/td>\n<\/tr>\n<\/tbody>\n<\/table>\n<\/td>\n<\/tr>\n<\/tbody>\n","protected":false},"excerpt":{"rendered":"<p>03. November 2011 Special meeting Eurotransplant-Hungarian Transplant Association. 4. November 2011, Friday 08.30\u201309.00 Posters 09.00\u201309.30 Opening ceremony (Tivadar Tulassay &#8211; R\u00f3bert Langer &#8211; Attila Szab\u00f3) 09.30\u201310.50 Chair: R\u00f3bert Langer &#8211; Semmelweis University, Budapest David Sutherland &#8211; University of Minnesota, Minneapolis: &amp;#8220;Past, present and future of beta cell replacement therapy to treat diabetes mellitus.&amp;#8221; (40 minutes) &hellip;<\/p>\n","protected":false},"author":1,"featured_media":0,"parent":283,"menu_order":0,"comment_status":"open","ping_status":"open","template":"","meta":{"_acf_changed":false,"footnotes":""},"categories":[],"tags":[],"class_list":["post-285","page","type-page","status-publish","hentry"],"acf":[],"_links":{"self":[{"href":"https:\/\/semmelweis.hu\/symposium\/wp-json\/wp\/v2\/pages\/285","targetHints":{"allow":["GET"]}}],"collection":[{"href":"https:\/\/semmelweis.hu\/symposium\/wp-json\/wp\/v2\/pages"}],"about":[{"href":"https:\/\/semmelweis.hu\/symposium\/wp-json\/wp\/v2\/types\/page"}],"author":[{"embeddable":true,"href":"https:\/\/semmelweis.hu\/symposium\/wp-json\/wp\/v2\/users\/1"}],"replies":[{"embeddable":true,"href":"https:\/\/semmelweis.hu\/symposium\/wp-json\/wp\/v2\/comments?post=285"}],"version-history":[{"count":1,"href":"https:\/\/semmelweis.hu\/symposium\/wp-json\/wp\/v2\/pages\/285\/revisions"}],"predecessor-version":[{"id":298,"href":"https:\/\/semmelweis.hu\/symposium\/wp-json\/wp\/v2\/pages\/285\/revisions\/298"}],"up":[{"embeddable":true,"href":"https:\/\/semmelweis.hu\/symposium\/wp-json\/wp\/v2\/pages\/283"}],"wp:attachment":[{"href":"https:\/\/semmelweis.hu\/symposium\/wp-json\/wp\/v2\/media?parent=285"}],"wp:term":[{"taxonomy":"category","embeddable":true,"href":"https:\/\/semmelweis.hu\/symposium\/wp-json\/wp\/v2\/categories?post=285"},{"taxonomy":"post_tag","embeddable":true,"href":"https:\/\/semmelweis.hu\/symposium\/wp-json\/wp\/v2\/tags?post=285"}],"curies":[{"name":"wp","href":"https:\/\/api.w.org\/{rel}","templated":true}]}}