{"id":284,"date":"2015-11-03T12:37:59","date_gmt":"2015-11-03T11:37:59","guid":{"rendered":"http:\/\/semmelweis.hu\/symposium\/speakers\/"},"modified":"2015-11-03T12:43:17","modified_gmt":"2015-11-03T11:43:17","slug":"speakers","status":"publish","type":"page","link":"https:\/\/semmelweis.hu\/symposium\/szimpozium-archiv\/semmelweis-symposium-2011\/speakers\/","title":{"rendered":"Speakers"},"content":{"rendered":"<td valign=\"top\">\n<h4><strong>Felix Aigner<\/strong> &#8211; Universit\u00e4tsklinik Innsbruck, Innsbruck<br \/><strong>Francis Delmonico<\/strong> &#8211; Harvard Medical School and Massachusetts General Hospital,<br \/>Boston<br \/><strong>Ilias I.N. Doxiadis<\/strong> &#8211; Leiden University Medical Center, Leiden<br \/><strong>Richard Fine<\/strong> &#8211; State University of New York at Stony Brook, Stony Brook<br \/><strong>Phill Halloran<\/strong> &#8211; University of Alberta, Edmonton<br \/><strong>Uwe Heemann<\/strong> &#8211; Department of Nephrology of the Technical University, Munich<br \/><strong>B\u00e9la Iv\u00e1nyi<\/strong> &#8211; University of Szeged, Faculty of Medicine, Szeged<br \/><strong>Stefan Janssens<\/strong> &#8211; Catholic University Leuven<br \/><strong>Barry D. Kahan<\/strong> &#8211; The University of Texas, Houston<br \/><strong>Ronald Kerman<\/strong> &#8211; The University of Texas, Houston<br \/><strong>M\u00e1ty\u00e1s Kiss<\/strong> &#8211; Semmelweis University, Budapest<br \/><strong>Walter Klepetko<\/strong> &#8211; Medical University of Vienna, Vienna<br \/><strong>L\u00e1szl\u00f3 K\u00f3bori<\/strong> &#8211; Semmelweis University, Budapest<br \/><strong>Gy\u00f6rgy Lang<\/strong> &#8211; Medical University of Vienna, Vienna<br \/><strong>Gy\u00f6rgy Losonczy<\/strong> &#8211; Semmelweis University, Budapest<br \/><strong>Bruno Meiser<\/strong> &#8211; Grosshadern University Hospital, Munich<br \/><strong>B\u00e9la Merkely<\/strong> &#8211; Semmelweis University, Budapest<br \/><strong>Ferdinand M\u00fchlbacher<\/strong> &#8211; University of Vienna, Vienna<br \/><strong>Ferenc Perner<\/strong> &#8211; Semmelweis University, Budapest<br \/><strong>Rutger J Ploeg<\/strong> &#8211; University of Oxford, Oxford<br \/><strong>Gy\u00f6rgy Reusz<\/strong> &#8211; Semmelweis University, Budapest<br \/><strong>David Sutherland<\/strong> &#8211; University of Minnesota, Minneapolis<br \/><strong>G\u00e1bor Szab\u00f3<\/strong> &#8211; University of Heidelberg, Heidelberg<br \/><strong>Marina Varga<\/strong> &#8211; Semmelweis University, Budapest<br \/><strong>Ondrej Viklicky<\/strong> &#8211; Institute for Clinical and Experimental Medicine, Prague<br \/><strong>Lutz Weber<\/strong> -Ludwig-Maximilians University, Munich<\/h4>\n<h2>Invited speakers at the Semmelweis Symposium<\/h2>\n<h3><b>Ao. Univ.-Prof. Dr. med. Felix Aigner<\/b><\/h3>\n<h4><img loading=\"lazy\" decoding=\"async\" style=\"float: right;\" alt=\"felix_aigner\" src=\"Speakers_files\/felix_aigner.htm\" height=\"273\" width=\"200\">He   is Professor of Surgery at the Department of Abdominal, Transplantation   and Thoracic Surgery at the Medical University of Innsbruck. He is   involved in several new research approaches. His main interest is the   coloproctology and as a basic scientist the role of lipocalin-2 in   ischemia\/reperfusion injury and acute rejection. He is a founder of the   Eurasian Colorectal Technologies Association.<\/p>\n<\/h4>\n<h3>Francis L. Delmonico, MD<\/h3>\n<h4><img loading=\"lazy\" decoding=\"async\" style=\"float: right;\" alt=\"Francis_L\" src=\"Speakers_files\/Francis_L.htm\" height=\"163\" width=\"250\">He   is Professor of Surgery at the Harvard Medical School and Medical   Director of the New England Organ Bank (NEOB). Since 2012 he is   President-elect of the International Transplantation Society. He is in   the Editorial Board of several international journals. He is the   Co-Editor in Chief of the American Journal of Transplantation. He is   Board Member of several national and international associations. He is   the past President of OPTN (Organ Procurement and Transplant   Network)\/UNOS (United Network for Organ Sharing). He is a consultant of   WHO. He has authored numerous publications. He works also as mentor for   young medical doctors and investigators from all over the world.<\/h4>\n<h3>Ilias I.N. Doxiadis MD<\/h3>\n<h4><img loading=\"lazy\" decoding=\"async\" style=\"float: right;\" alt=\"Ilias_I.N\" src=\"Speakers_files\/Ilias_I.htm\" height=\"181\" width=\"250\">He   is Professor of Immunology, University Hospital of Essen, Essen   Germany. He is the Managing Director of the Eurotransplant Reference   Laboratory. He is the principal organizer of the Eurotransplant External   Proficiency Testing Exercises for transplantation related immunological   work He authored several international publications.<br \/>Richard Nisan Fine, MD<\/h4>\n<h3>Richard Fine<\/h3>\n<h4><img loading=\"lazy\" decoding=\"async\" style=\"float: right;\" alt=\"Richard_Nisan\" src=\"Speakers_files\/Richard_Nisan.htm\" height=\"271\" width=\"180\">He   is a Professor of Pediatrics at the State University of New York Stony   Brook, and since 2005 he is the Dean of the School of Medicine. He is   the Vice President of the North American Pediatric Renal Transplant   Cooperative Study. Until 2011 he was the President of the International   Pediatric Transplant Association. He received several international   awards. He is the Editor-in-Chief of the Pediatric Transplantation   Journal and member of the Editorial Board of 13 international journals.<\/h4>\n<h3>\n<p>Philip F. Halloran, MD, PhD, FRCP (C), OC, FRSC<\/h3>\n<h4><img loading=\"lazy\" decoding=\"async\" style=\"float: right;\" alt=\"Philip_F\" src=\"Speakers_files\/Philip_F.htm\" height=\"166\" width=\"250\">He   is a Professor, a principal investigator and coordinator in the   Department of Medicine and Medical Microbiology &amp; Immunology at the   University of Alberta. He is a Visiting Professor at the Hammersmith   teaching Hospital of the Imperial College Healthcare NHS Trust. He is   Board Member of more than 20 national and international, governmental   and scientific societies. He received several scientific awards. He   serves the Editorial Board of the most important journals in   Transplantation and Surgery. He is the mentor of nearly hundred medical   doctors and researchers from several countries all over the world.<\/h4>\n<h3>Uwe Heemann MD, Dr.HC<\/h3>\n<h4><img loading=\"lazy\" decoding=\"async\" style=\"float: right;\" alt=\"Uwe_Heemann\" src=\"Speakers_files\/Uwe_Heemann.htm\" height=\"271\" width=\"180\">He   is the Head Professor of the Nephrology Department at the Technical   University Munich. He is a Past President of the German Transplantation   Society. He is a Board Member of Eurotransplant and the President of the   Renal Transplantation Advisory Board. He is a Honoris Causa Professor   of the Semmelweis University. He is the mentor of numerous young   Hungarian researchers.<\/h4>\n<h3>\n<p>Ferenc Horkay MD, DSc<\/h3>\n<h4><img loading=\"lazy\" decoding=\"async\" style=\"float: right;\" alt=\"Ferenc_Horkay\" src=\"Speakers_files\/Ferenc_Horkay.htm\" height=\"229\" width=\"250\">He   is director of the Department of Heart Surgery at Semmelweis   University. He is one of the leader and founder of the Hungarian heart   transplant program. His areas of clinical and scientific interest are   heart transplantation and the role of vasoactive peptides in different   heart diseases. He is member of several national and international   scientific associations. He published several scientific papers from the   field of heart transplantation.<\/h4>\n<h3>\n<p>B\u00e9la Iv\u00e1nyi MD, DSc<\/h3>\n<h4><img loading=\"lazy\" decoding=\"async\" style=\"float: right;\" alt=\"bela_iva\" src=\"Speakers_files\/bela_iva.htm\" height=\"237\" width=\"250\">He   is Professor of Pathology at the University of Szeged, Szent-Gy\u00f6rgyi   Albert Clinical Centre. He is the director of the Department of   Pathology. He is member of several scientific committees. He published   and wrote several scientific publication and book chapters. He is an   international expert of renal and transplant pathology and histology.<\/h4>\n<h3>\n<p>Stefan Janssens MD, PhD<\/h3>\n<h4><img loading=\"lazy\" decoding=\"async\" style=\"float: right;\" alt=\"Stefan_Janssens\" src=\"Speakers_files\/Stefan_Janssens.htm\" height=\"357\" width=\"200\">He   is Professor at the Department of Cardiology at the University of   Leuven and head of the Flemish Interuniversity Institute for   Biotechnology research laboratory. He is member of numerous Journals\u2019   Editorial Board. Ha was the Editor of the European Heart Journal between   2002 and 2008. He is a Member of Board in International Societies.<\/h4>\n<h3>\n<p>Barry D. Kahan, MD, PhD, FACS<\/h3>\n<h4><img loading=\"lazy\" decoding=\"async\" style=\"float: right;\" alt=\"Barry\" src=\"Speakers_files\/Barry.htm\" height=\"179\" width=\"250\">He   is Professor of Surgery at the Houston Texas Medical School and former   Director of the Department for Immunology and Transplantation. He is a   past President of the American Society of Transplant Surgeons. He serves   as Editor-in-Chief of Transplantation Proceedings and he is in the   Editorial Board of several international journals. He is the Head of the   Department of Immunological Research at the N.I.H. According to medical   sciences, he belongs to the 100 mostly cited authors. The main topic of   his interest and research is the investigation of immunosuppressive   agents.<\/h4>\n<h3>Ronald H. Kerman MD<\/h3>\n<h4><img loading=\"lazy\" decoding=\"async\" style=\"float: right;\" alt=\"Ronald\" src=\"Speakers_files\/Ronald.htm\" height=\"166\" width=\"250\">He   is Professor of Surgery at the Baylor College of Medicine in Houston.   He is the Head of the Immunlaboratory of the Abdominal Transplantation   Center. He is a prominent and leader scientist on field of   transplantation  immunology.<\/h4>\n<h3>\n<p>Walter Klepetko MD<\/h3>\n<h4><img loading=\"lazy\" decoding=\"async\" style=\"float: right;\" alt=\"Walter_Klepetko\" src=\"Speakers_files\/Walter_Klepetko.htm\" height=\"269\" width=\"180\">He   is the Head Professor of the Department of Lung Surgery at the medical   University of Vienna. He is the leader of the Lung Transplantation   program in Vienna. He is Member of the Board in several national and   international societies. He is in the Editorial Board of international   journals. He is the head of the Department and the coordinator of the   lung transplantation of Hungarian patients.<\/p>\n<p><\/h4>\n<h3>M\u00e1ty\u00e1s Kiss MD<\/h3>\n<h4 align=\"JUSTIFY\"><img loading=\"lazy\" decoding=\"async\" style=\"float: right;\" alt=\"matyas_kiss\" src=\"Speakers_files\/matyas_kiss.htm\" height=\"205\" width=\"250\">He   is a resident of surgery and PhD student at Semmelweis University. He   is a visiting researcher in United Kingdom. He is one of the founders of   Clinical Anatomy Research Laboratory. His main scientific interest is   to investigate the human liver anatomy and the blood supply of the upper   part of the human gastrointestinal system.<\/h4>\n<h3>\n<p>L\u00e1szl\u00f3 K\u00f3bori MD, PhD<\/h3>\n<h4><img loading=\"lazy\" decoding=\"async\" style=\"float: right;\" alt=\"kobori\" src=\"Speakers_files\/kobori.htm\" height=\"167\" width=\"180\">He   is Vice-Director of the Department of Transplantation and Surgery at   the Semmelweis University. He is president of the Hungarian Transplant   Society. He is the leader of the Hungarian liver transplant program. He   has several scientific papers. He is member of several national and   international societies.<\/h4>\n<h3>\n<p>Gy\u00f6rgy Lang MD, PhD<\/h3>\n<h4><img loading=\"lazy\" decoding=\"async\" style=\"float: right;\" alt=\"gyorgy_lang\" src=\"Speakers_files\/gyorgy_lang.htm\" height=\"248\" width=\"180\">He   is associate professor of the Department of Lung Surgery at the medical   University of Vienna. He organized the collaboration for lung   transplantation between Hungary and Vienna. He is leader of the   Hungarian lung transplant program. He is member of several international   scientific associations. He published several national and   international papers from the field of lung transplantation.<\/h4>\n<h3>\n<p>Gy\u00f6rgy Losonczy MD, DSc<\/h3>\n<h4><img loading=\"lazy\" decoding=\"async\" style=\"float: right;\" alt=\"gyorgy_Losonczy\" src=\"Speakers_files\/gyorgy_Losonczy.htm\" height=\"270\" width=\"180\">He   is currently Director of the Department of Pulmonology at Semmelweis   University. He is the program director of the PhD School for lung   disease and pulmonology research. His areas of clinical and scientific   interest are transplant and tumor-immunology, asthma and non-invasive   ventilation. He is committee member of several national and   international scientific organizations. He published several scientific   papers and book chapters.<\/h4>\n<h3>\n<p>Bruno Meiser MD<\/h3>\n<h4><img loading=\"lazy\" decoding=\"async\" style=\"float: right;\" alt=\"bruno_meiser\" src=\"Speakers_files\/bruno_meiser.htm\" height=\"196\" width=\"250\">He   is the President of Eurotransplant. He is Professor at the Department   of Cardiac Transplantation\/Experimental Cardiac Surgery at the Center of   Cardiac Surgery at the University of Munich. He is the leader of the   Cardiac Transplantation Program.<\/h4>\n<h3>\n<p>B\u00e9la Merkely MD, DSc<\/h3>\n<h4><img loading=\"lazy\" decoding=\"async\" style=\"float: right;\" alt=\"bela_mer\" src=\"Speakers_files\/bela_mer.htm\" height=\"320\" width=\"180\">He   is currently Director and Professor of the Heart Center of Semmelweis   University, chairman of the Cardiology Graduate Education. His areas of   clinical expertise are cardiac electrophysiology, device therapy and   interventional cardiology. In addition to his chairmanship and active   participation in graduate and postgraduate cardiology education, he is   the program director of the PhD School for cardiovascular research. He   is the chief editor of the Hungarian Journal of Physician Education and   an editorial board member of several international journals.<\/h4>\n<h3>\n<p>Ferdinand M\u00fchlbacher MD, PhD<\/h3>\n<h4><img loading=\"lazy\" decoding=\"async\" style=\"float: right;\" alt=\"Ferdinand_Mahlbacher_PhD\" src=\"Speakers_files\/Ferdinand_Mahlbacher_PhD.htm\" height=\"270\" width=\"180\">He   is the Head Professor at the Department of Surgery and Transplantation   at the University of Vienna. He is a Past President of the European   Society of Organ Transplantation. He is a Board Member of several   international professional societies. He received national and   international awards. He is a honorary member of the Hungarian Society   of Surgery. He is a past Vice-President of Eurotransplant. He is the   Editor-in-Chief of the Transplantation International Journal. He is an   advocate of the Hungarian transplant surgery.<\/h4>\n<h3>\n<p>Ferenc Perner MD, DSc<\/h3>\n<h4><img loading=\"lazy\" decoding=\"async\" style=\"float: right;\" alt=\"Ferenc_Perner\" src=\"Speakers_files\/Ferenc_Perner.htm\" height=\"187\" width=\"250\">He   is Professor Emeritus and former Director of the Department of   Transplantation and Surgery at Semmelweis University. He is a founder of   the organ transplant program in Hungary. He performed the first liver   transplantation in Hungary. He is member of several national and   international scientific committees and advisory boards.<\/h4>\n<h3>\n<p>Rutger J. Ploeg, MD, PhD, FRCS<\/h3>\n<h4><img loading=\"lazy\" decoding=\"async\" style=\"float: right;\" alt=\"Rutger\" src=\"Speakers_files\/Rutger.htm\" height=\"270\" width=\"180\">He   is Professor of Transplant Biology and Director of Clinical &amp;   Translational Research Nuffield Department of Surgical Sciences   University of Oxford. Moreover he is consultant surgeon at the Oxford   Transplant Centre &amp; NHS Trust. Until 2011 he was the President of   the European Society of Organ Transplantation (ESOT). He is the Head   Professor of the Department of Abdominal and Transplant Surgery at the   medical University of Groningen.<\/h4>\n<h3>\n<\/h3>\n<h3>David E.R. Sutherland, MD, PhD<\/h3>\n<h4><img loading=\"lazy\" decoding=\"async\" style=\"float: right;\" alt=\"david_er\" src=\"Speakers_files\/david_er.htm\" height=\"269\" width=\"180\">He   is Professor of Surgery at the University of Minnesota, until 2009 he   was the Head of the Transplantation Department. He is the Director of   the Schulze Diabetes Institute.<br \/>He has been awarded and prized more   than 40 times. He is a leading figure of pancreas and beta cell   transplantation. He serves the Editorial Board of eleven international   journals. He is the Editor-in-Chief of the Clinical Transplantation   Journal.<\/h4>\n<h3>\n<p>G\u00e1bor Szab\u00f3 MD, PhD<\/h3>\n<h4><img loading=\"lazy\" decoding=\"async\" style=\"float: right;\" alt=\"gabor_szabo\" src=\"Speakers_files\/gabor_szabo.htm\" height=\"283\" width=\"180\">He   received a Doctor of Medicine degree at the Semmelweis University. He   is the head of the Department of Experimental Cardiac Surgery and   Professor at the Department of Cardiac Surgery. He received several   international awards.<\/h4>\n<h3>\n<p>Marina Varga MD, PhD<\/h3>\n<h4><img loading=\"lazy\" decoding=\"async\" style=\"float: right;\" alt=\"Marina_Varga\" src=\"Speakers_files\/Marina_Varga.htm\" height=\"287\" width=\"250\">She   is head and founder of the Microbiological Laboratory at the Depatment   of Transplantation and Surgery, Semmelweis University. She is a national   and international expert on the field of posttransplant viral   infections. She is member of several scientific societies. She has   several national and international scientific publications.<\/h4>\n<h3>\n<p>Ondrej Viklicky MD, PhD<\/h3>\n<h4><img loading=\"lazy\" decoding=\"async\" style=\"float: right;\" alt=\"Ondrej\" src=\"Speakers_files\/Ondrej.htm\" height=\"270\" width=\"180\">He   is Professor of Internal Medicine at the Charles University in Prague.   He is the Head of the Department of Nephrology, Institute for Clinical   and Experimental Medicine in Prague and of the Transplant Laboratory. He   is in the Control Committee of the Czech Transplant Society. He   received several national and international awards.<\/h4>\n<h3>\n<p>Lutz Thorsten Weber MD<\/h3>\n<h4><img loading=\"lazy\" decoding=\"async\" style=\"float: right;\" alt=\"Lutz_Thorsten_Weber\" src=\"Speakers_files\/Lutz_Thorsten_Weber.htm\" height=\"179\" width=\"250\">He   is the Head of the Department of Pediatric Nephrology and   Transplantation at the University of Munich. He is the Editor of   \u201cMonatsschrift Kinderheilkunde\u201d and the Journal of Pediatric   Biochemistry. He serves in the Editorial Board of several international   journals. He received numerous scientific awards.<\/h4>\n<\/td>\n<\/tr>\n<\/tbody>\n","protected":false},"excerpt":{"rendered":"<p>Felix Aigner &#8211; Universit\u00e4tsklinik Innsbruck, InnsbruckFrancis Delmonico &#8211; Harvard Medical School and Massachusetts General Hospital,BostonIlias I.N. Doxiadis &#8211; Leiden University Medical Center, LeidenRichard Fine &#8211; State University of New York at Stony Brook, Stony BrookPhill Halloran &#8211; University of Alberta, EdmontonUwe Heemann &#8211; Department of Nephrology of the Technical University, MunichB\u00e9la Iv\u00e1nyi &#8211; University of &hellip;<\/p>\n","protected":false},"author":1,"featured_media":0,"parent":283,"menu_order":0,"comment_status":"open","ping_status":"open","template":"","meta":{"_acf_changed":false,"footnotes":""},"categories":[],"tags":[],"class_list":["post-284","page","type-page","status-publish","hentry"],"acf":[],"_links":{"self":[{"href":"https:\/\/semmelweis.hu\/symposium\/wp-json\/wp\/v2\/pages\/284","targetHints":{"allow":["GET"]}}],"collection":[{"href":"https:\/\/semmelweis.hu\/symposium\/wp-json\/wp\/v2\/pages"}],"about":[{"href":"https:\/\/semmelweis.hu\/symposium\/wp-json\/wp\/v2\/types\/page"}],"author":[{"embeddable":true,"href":"https:\/\/semmelweis.hu\/symposium\/wp-json\/wp\/v2\/users\/1"}],"replies":[{"embeddable":true,"href":"https:\/\/semmelweis.hu\/symposium\/wp-json\/wp\/v2\/comments?post=284"}],"version-history":[{"count":1,"href":"https:\/\/semmelweis.hu\/symposium\/wp-json\/wp\/v2\/pages\/284\/revisions"}],"predecessor-version":[{"id":297,"href":"https:\/\/semmelweis.hu\/symposium\/wp-json\/wp\/v2\/pages\/284\/revisions\/297"}],"up":[{"embeddable":true,"href":"https:\/\/semmelweis.hu\/symposium\/wp-json\/wp\/v2\/pages\/283"}],"wp:attachment":[{"href":"https:\/\/semmelweis.hu\/symposium\/wp-json\/wp\/v2\/media?parent=284"}],"wp:term":[{"taxonomy":"category","embeddable":true,"href":"https:\/\/semmelweis.hu\/symposium\/wp-json\/wp\/v2\/categories?post=284"},{"taxonomy":"post_tag","embeddable":true,"href":"https:\/\/semmelweis.hu\/symposium\/wp-json\/wp\/v2\/tags?post=284"}],"curies":[{"name":"wp","href":"https:\/\/api.w.org\/{rel}","templated":true}]}}