{"id":282,"date":"2015-11-03T12:37:59","date_gmt":"2015-11-03T11:37:59","guid":{"rendered":"http:\/\/semmelweis.hu\/symposium\/poster-2\/"},"modified":"2015-11-03T12:43:17","modified_gmt":"2015-11-03T11:43:17","slug":"poster-2","status":"publish","type":"page","link":"https:\/\/semmelweis.hu\/symposium\/szimpozium-archiv\/semmelweis-symposium-2011\/poster-2\/","title":{"rendered":"Poster"},"content":{"rendered":"<td valign=\"top\">\n<h4>Abstracts for poster presentation should be sent to the Congress Secretary,<br \/><strong><br \/>Attila J. Szab\u00f3<\/strong> (  \t\t\t\t\t\t\t\t\t\t\t\t\t <script language=\"JavaScript\" type=\"text\/javascript\">  <!--  \t\t\t\t\t\t\t\t\t\t\t\t\t var prefix = 'm&amp;#97;&amp;#105;lt&amp;#111;:';  var suffix = '';  var attribs = '';  var path = 'hr' + 'ef' + '=';  var addy27257 = 'sz&amp;#97;b&amp;#97;t' + '&amp;#64;';  addy27257 = addy27257 + 'gy&amp;#101;r1' + '&amp;#46;' + 's&amp;#111;t&amp;#101;' + '&amp;#46;' + 'h&amp;#117;';  document.write('<a ' + path + ''' + prefix + addy27257 + suffix + ''' + attribs + '>');  document.write(addy27257);  document.write('<\/a>');  \/\/-->  \t\t\t\t\t\t\t\t\t\t\t\t\t <\/script><a href=\"mailto:szabat@gyer1.sote.hu\">szabat@gyer1.sote.hu<\/a><script language=\"JavaScript\" type=\"text\/javascript\">  <!--  \t\t\t\t\t\t\t\t\t\t\t\t\t document.write('<span style='display: none;'>');  \/\/-->  \t\t\t\t\t\t\t\t\t\t\t\t\t <\/script><span style=\"display: none;\">Ezt a c\u00edmet a spamrobotok ellen v\u00e9dj\u00fck. Enged\u00e9lyezze a Javascript haszn\u00e1lat\u00e1t, hogy megtekinthesse.  \t\t\t\t\t\t\t\t\t\t\t\t\t\t<script language=\"JavaScript\" type=\"text\/javascript\">  <!--  \t\t\t\t\t\t\t\t\t\t\t\t\t\tdocument.write('<\/');  document.write('span>');  \/\/-->  \t\t\t\t\t\t\t\t\t\t\t\t\t\t<\/script><\/span>).<br \/><strong>Deadline for abstract submission:<\/strong> 30 September, 2011<br \/><strong>Further scientific information:<\/strong>  \t\t\t\t\t\t\t\t\t\t\t\t\t\t <script language=\"JavaScript\" type=\"text\/javascript\">  <!--  \t\t\t\t\t\t\t\t\t\t\t\t\t\t var prefix = 'm&amp;#97;&amp;#105;lt&amp;#111;:';  var suffix = '';  var attribs = '';  var path = 'hr' + 'ef' + '=';  var addy39330 = 'sz&amp;#97;b&amp;#97;t' + '&amp;#64;';  addy39330 = addy39330 + 'gy&amp;#101;r1' + '&amp;#46;' + 's&amp;#111;t&amp;#101;' + '&amp;#46;' + 'h&amp;#117;';  document.write('<a ' + path + ''' + prefix + addy39330 + suffix + ''' + attribs + '>');  document.write(addy39330);  document.write('<\/a>');  \/\/-->  \t\t\t\t\t\t\t\t\t\t\t\t\t\t <\/script><a href=\"mailto:szabat@gyer1.sote.hu\">szabat@gyer1.sote.hu<\/a><script language=\"JavaScript\" type=\"text\/javascript\">  <!--  \t\t\t\t\t\t\t\t\t\t\t\t\t\t document.write('<span style='display: none;'>');  \/\/-->  \t\t\t\t\t\t\t\t\t\t\t\t\t\t <\/script><span style=\"display: none;\">Ezt a c\u00edmet a spamrobotok ellen v\u00e9dj\u00fck. Enged\u00e9lyezze a Javascript haszn\u00e1lat\u00e1t, hogy megtekinthesse.  \t\t\t\t\t\t\t\t\t\t\t\t\t\t\t<script language=\"JavaScript\" type=\"text\/javascript\">  <!--  \t\t\t\t\t\t\t\t\t\t\t\t\t\t\tdocument.write('<\/');  document.write('span>');  \/\/-->  \t\t\t\t\t\t\t\t\t\t\t\t\t\t\t<\/script><\/span><\/h4>\n<p>  \t\t\t\t\t\t\t\t\t\t\t\t\t\t <a href=\"mailto:%20%3Cscript%20language=%27JavaScript%27%20type=%27text\/javascript%27%3E%20%3C%21--%20var%20prefix%20=%20%27mailto:%27;%20var%20suffix%20=%20%27%27;%20var%20attribs%20=%20%27%27;%20var%20path%20=%20%27hr%27%20+%20%27ef%27%20+%20%27=%27;%20var%20addy45307%20=%20%27szabat%27%20+%20%27@%27;%20addy45307%20=%20addy45307%20+%20%27gyer1%27%20+%20%27.%27%20+%20%27sote%27%20+%20%27.%27%20+%20%27hu%27;%20document.write%28%20%27%3Ca%20%27%20+%20path%20+%20%27%5C%27%27%20+%20prefix%20+%20addy45307%20+%20suffix%20+%20%27%5C%27%27%20+%20attribs%20+%20%27%3E%27%20%29;%20document.write%28%20addy45307%20%29;%20document.write%28%20%27%3C%5C\/a%3E%27%20%29;%20\/\/--%3E%20%3C\/script%3E%3Cscript%20language=%27JavaScript%27%20type=%27text\/javascript%27%3E%20%3C%21--%20document.write%28%20%27%3Cspan%20style=%5C%27display:%20none;%5C%27%3E%27%20%29;%20\/\/--%3E%20%3C\/script%3EEzt%20a%20c%C3%ADmet%20a%20spamrobotok%20ellen%20v%C3%A9dj%C3%BCk.%20Enged%C3%A9lyezze%20a%20Javascript%20haszn%C3%A1lat%C3%A1t,%20hogy%20megtekinthesse.%20%3Cscript%20language=%27JavaScript%27%20type=%27text\/javascript%27%3E%20%3C%21--%20document.write%28%20%27%3C\/%27%20%29;%20document.write%28%20%27span%3E%27%20%29;%20\/\/--%3E%20%3C\/script%3E\"><\/a>    \t\t\t\t\t\t\t\t\t\t\t\t\t\t <\/td>\n<\/tr>\n<\/tbody>\n","protected":false},"excerpt":{"rendered":"<p>Abstracts for poster presentation should be sent to the Congress Secretary,Attila J. Szab\u00f3 (  \t\t\t\t\t\t\t\t\t\t\t\t\t     \t\t\t\t\t\t\t\t\t\t\t\t\t <a href=\"mailto:szabat@gyer1.sote.hu\">szabat@gyer1.sote.hu<\/a>    \t\t\t\t\t\t\t\t\t\t\t\t\t Ezt a c\u00edmet a spamrobotok ellen v\u00e9dj\u00fck. Enged\u00e9lyezze a Javascript haszn\u00e1lat\u00e1t, hogy megtekinthesse.  \t\t\t\t\t\t\t\t\t\t\t\t\t\t    \t\t\t\t\t\t\t\t\t\t\t\t\t\t).Deadline for abstract submission: 30 September, 2011Further scientific information:  \t\t\t\t\t\t\t\t\t\t\t\t\t\t     \t\t\t\t\t\t\t\t\t\t\t\t\t\t <a href=\"mailto:szabat@gyer1.sote.hu\">szabat@gyer1.sote.hu<\/a>    \t\t\t\t\t\t\t\t\t\t\t\t\t\t Ezt a c\u00edmet a spamrobotok ellen v\u00e9dj\u00fck. Enged\u00e9lyezze a Javascript haszn\u00e1lat\u00e1t, hogy megtekinthesse.<br \/>\n  \t\t\t\t\t\t\t\t\t\t\t\t\t\t <a href=\"mailto:%20%3Cscript%20language=%27JavaScript%27%20type=%27text\/javascript%27%3E%20%3C%21--%20var%20prefix%20=%20%27mailto:%27;%20var%20suffix%20=%20%27%27;%20var%20attribs%20=%20%27%27;%20var%20path%20=%20%27hr%27%20+%20%27ef%27%20+%20%27=%27;%20var%20addy45307%20=%20%27szabat%27%20+%20%27@%27;%20addy45307%20=%20addy45307%20+%20%27gyer1%27%20+%20%27.%27%20+%20%27sote%27%20+%20%27.%27%20+%20%27hu%27;%20document.write%28%20%27%3Ca%20%27%20+%20path%20+%20%27%5C%27%27%20+%20prefix%20+%20addy45307%20+%20suffix%20+%20%27%5C%27%27%20+%20attribs%20+%20%27%3E%27%20%29;%20document.write%28%20addy45307%20%29;%20document.write%28%20%27%3C%5C\/a%3E%27%20%29;%20\/\/--%3E%20%3C\/script%3E%3Cscript%20language=%27JavaScript%27%20type=%27text\/javascript%27%3E%20%3C%21--%20document.write%28%20%27%3Cspan%20style=%5C%27display:%20none;%5C%27%3E%27%20%29;%20\/\/--%3E%20%3C\/script%3EEzt%20a%20c%C3%ADmet%20a%20spamrobotok%20ellen%20v%C3%A9dj%C3%BCk.%20Enged%C3%A9lyezze%20a%20Javascript%20haszn%C3%A1lat%C3%A1t,%20hogy%20megtekinthesse.%20%3Cscript%20language=%27JavaScript%27%20type=%27text\/javascript%27%3E%20%3C%21--%20document.write%28%20%27%3C\/%27%20%29;%20document.write%28%20%27span%3E%27%20%29;%20\/\/--%3E%20%3C\/script%3E\"><\/a>    \t\t\t\t\t\t\t\t\t\t\t\t\t\t <\/p>\n","protected":false},"author":1,"featured_media":0,"parent":283,"menu_order":0,"comment_status":"open","ping_status":"open","template":"","meta":{"_acf_changed":false,"footnotes":""},"categories":[],"tags":[],"class_list":["post-282","page","type-page","status-publish","hentry"],"acf":[],"_links":{"self":[{"href":"https:\/\/semmelweis.hu\/symposium\/wp-json\/wp\/v2\/pages\/282","targetHints":{"allow":["GET"]}}],"collection":[{"href":"https:\/\/semmelweis.hu\/symposium\/wp-json\/wp\/v2\/pages"}],"about":[{"href":"https:\/\/semmelweis.hu\/symposium\/wp-json\/wp\/v2\/types\/page"}],"author":[{"embeddable":true,"href":"https:\/\/semmelweis.hu\/symposium\/wp-json\/wp\/v2\/users\/1"}],"replies":[{"embeddable":true,"href":"https:\/\/semmelweis.hu\/symposium\/wp-json\/wp\/v2\/comments?post=282"}],"version-history":[{"count":1,"href":"https:\/\/semmelweis.hu\/symposium\/wp-json\/wp\/v2\/pages\/282\/revisions"}],"predecessor-version":[{"id":296,"href":"https:\/\/semmelweis.hu\/symposium\/wp-json\/wp\/v2\/pages\/282\/revisions\/296"}],"up":[{"embeddable":true,"href":"https:\/\/semmelweis.hu\/symposium\/wp-json\/wp\/v2\/pages\/283"}],"wp:attachment":[{"href":"https:\/\/semmelweis.hu\/symposium\/wp-json\/wp\/v2\/media?parent=282"}],"wp:term":[{"taxonomy":"category","embeddable":true,"href":"https:\/\/semmelweis.hu\/symposium\/wp-json\/wp\/v2\/categories?post=282"},{"taxonomy":"post_tag","embeddable":true,"href":"https:\/\/semmelweis.hu\/symposium\/wp-json\/wp\/v2\/tags?post=282"}],"curies":[{"name":"wp","href":"https:\/\/api.w.org\/{rel}","templated":true}]}}