{"id":279,"date":"2015-11-03T12:37:59","date_gmt":"2015-11-03T11:37:59","guid":{"rendered":"http:\/\/semmelweis.hu\/symposium\/contact-2\/"},"modified":"2015-11-03T12:43:17","modified_gmt":"2015-11-03T11:43:17","slug":"contact-2","status":"publish","type":"page","link":"https:\/\/semmelweis.hu\/symposium\/szimpozium-archiv\/semmelweis-symposium-2011\/contact-2\/","title":{"rendered":"Contact"},"content":{"rendered":"<td valign=\"top\">\n<h2>Location<\/h2>\n<h4><strong>Scientific Program:<\/strong><br \/>Semmelweis University, Dental Training Center, Szentkir\u00e1lyi u. 47.<br \/><strong><br \/>Social Program:<\/strong><br \/>Organ concert (Norbert L\u00e1z\u00e1r) University Church, Papn\u00f6velde 5-7<\/p>\n<p><strong>Banquet dinner:<\/strong><br \/>Festetics Palace, Pollack Mih\u00e1ly t\u00e9r 3.<\/h4>\n<h4><\/h4>\n<\/td>\n<\/tr>\n<\/tbody>\n","protected":false},"excerpt":{"rendered":"<p>Location<br \/>\nScientific Program:Semmelweis University, Dental Training Center, Szentkir\u00e1lyi u. 47.Social Program:Organ concert (Norbert L\u00e1z\u00e1r) University Church, Papn\u00f6velde 5-7<br \/>\nBanquet dinner:Festetics Palace, Pollack Mih\u00e1ly t\u00e9r 3.<\/p>\n","protected":false},"author":1,"featured_media":0,"parent":283,"menu_order":0,"comment_status":"open","ping_status":"open","template":"","meta":{"_acf_changed":false,"footnotes":""},"categories":[],"tags":[],"class_list":["post-279","page","type-page","status-publish","hentry"],"acf":[],"_links":{"self":[{"href":"https:\/\/semmelweis.hu\/symposium\/wp-json\/wp\/v2\/pages\/279","targetHints":{"allow":["GET"]}}],"collection":[{"href":"https:\/\/semmelweis.hu\/symposium\/wp-json\/wp\/v2\/pages"}],"about":[{"href":"https:\/\/semmelweis.hu\/symposium\/wp-json\/wp\/v2\/types\/page"}],"author":[{"embeddable":true,"href":"https:\/\/semmelweis.hu\/symposium\/wp-json\/wp\/v2\/users\/1"}],"replies":[{"embeddable":true,"href":"https:\/\/semmelweis.hu\/symposium\/wp-json\/wp\/v2\/comments?post=279"}],"version-history":[{"count":1,"href":"https:\/\/semmelweis.hu\/symposium\/wp-json\/wp\/v2\/pages\/279\/revisions"}],"predecessor-version":[{"id":293,"href":"https:\/\/semmelweis.hu\/symposium\/wp-json\/wp\/v2\/pages\/279\/revisions\/293"}],"up":[{"embeddable":true,"href":"https:\/\/semmelweis.hu\/symposium\/wp-json\/wp\/v2\/pages\/283"}],"wp:attachment":[{"href":"https:\/\/semmelweis.hu\/symposium\/wp-json\/wp\/v2\/media?parent=279"}],"wp:term":[{"taxonomy":"category","embeddable":true,"href":"https:\/\/semmelweis.hu\/symposium\/wp-json\/wp\/v2\/categories?post=279"},{"taxonomy":"post_tag","embeddable":true,"href":"https:\/\/semmelweis.hu\/symposium\/wp-json\/wp\/v2\/tags?post=279"}],"curies":[{"name":"wp","href":"https:\/\/api.w.org\/{rel}","templated":true}]}}