{"id":276,"date":"2015-11-03T12:37:59","date_gmt":"2015-11-03T11:37:59","guid":{"rendered":"http:\/\/semmelweis.hu\/symposium\/social-program\/"},"modified":"2015-11-03T12:43:17","modified_gmt":"2015-11-03T11:43:17","slug":"social-program","status":"publish","type":"page","link":"https:\/\/semmelweis.hu\/symposium\/szimpozium-archiv\/semmelweis-symposium-2011\/social-program\/","title":{"rendered":"Social Program"},"content":{"rendered":"<td valign=\"top\">\n<h3>4. November 2011, Friday<\/h3>\n<table style=\"width: 100%;\" border=\"0\" cellpadding=\"5\" cellspacing=\"0\">\n<tbody>\n<tr class=\"tablazat\">\n<td class=\"tablazatdatum\">\n<h4>19.00<\/h4>\n<\/td>\n<td>\n<h4>Organ concert (Norbert L\u00e1z\u00e1r)  University Church, <br \/>Papn\u00f6velde 5-7<\/h4>\n<\/td>\n<\/tr>\n<tr class=\"tablazatprogram\">\n<td class=\"tablazatdatum\">\n<h4>20.30<\/h4>\n<\/td>\n<td>\n<h4>Banquet dinner &#8211; Festetics Palace, Pollack Mih\u00e1ly t\u00e9r 3.<\/h4>\n<\/td>\n<\/tr>\n<\/tbody>\n<\/table>\n<table style=\"width: 100%;\" align=\"center\" border=\"0\" cellpadding=\"5\" cellspacing=\"5\">\n<tbody>\n<tr>\n<td><img loading=\"lazy\" decoding=\"async\" alt=\"marvany\" src=\"Social%20Program_files\/marvany.htm\" height=\"200\" width=\"200\"><\/td>\n<td><img loading=\"lazy\" decoding=\"async\" alt=\"marvany3\" src=\"Social%20Program_files\/marvany3.htm\" height=\"200\" width=\"200\"><\/td>\n<\/tr>\n<tr>\n<td colspan=\"2\"><img loading=\"lazy\" decoding=\"async\" style=\"display: block; margin-left: auto; margin-right: auto;\" alt=\"tukor_korasztalos\" src=\"Social%20Program_files\/tukor_korasztalos.htm\" height=\"200\" width=\"150\"><\/td>\n<\/tr>\n<\/tbody>\n<\/table>\n<\/td>\n<\/tr>\n<\/tbody>\n","protected":false},"excerpt":{"rendered":"<p>4. November 2011, Friday<\/p>\n<p>19.00<\/p>\n<p>Organ concert (Norbert L\u00e1z\u00e1r)  University Church, Papn\u00f6velde 5-7<\/p>\n<p>20.30<\/p>\n<p>Banquet dinner &#8211; Festetics Palace, Pollack Mih\u00e1ly t\u00e9r 3.<\/p>\n","protected":false},"author":1,"featured_media":0,"parent":283,"menu_order":0,"comment_status":"open","ping_status":"open","template":"","meta":{"_acf_changed":false,"footnotes":""},"categories":[],"tags":[],"class_list":["post-276","page","type-page","status-publish","hentry"],"acf":[],"_links":{"self":[{"href":"https:\/\/semmelweis.hu\/symposium\/wp-json\/wp\/v2\/pages\/276","targetHints":{"allow":["GET"]}}],"collection":[{"href":"https:\/\/semmelweis.hu\/symposium\/wp-json\/wp\/v2\/pages"}],"about":[{"href":"https:\/\/semmelweis.hu\/symposium\/wp-json\/wp\/v2\/types\/page"}],"author":[{"embeddable":true,"href":"https:\/\/semmelweis.hu\/symposium\/wp-json\/wp\/v2\/users\/1"}],"replies":[{"embeddable":true,"href":"https:\/\/semmelweis.hu\/symposium\/wp-json\/wp\/v2\/comments?post=276"}],"version-history":[{"count":1,"href":"https:\/\/semmelweis.hu\/symposium\/wp-json\/wp\/v2\/pages\/276\/revisions"}],"predecessor-version":[{"id":290,"href":"https:\/\/semmelweis.hu\/symposium\/wp-json\/wp\/v2\/pages\/276\/revisions\/290"}],"up":[{"embeddable":true,"href":"https:\/\/semmelweis.hu\/symposium\/wp-json\/wp\/v2\/pages\/283"}],"wp:attachment":[{"href":"https:\/\/semmelweis.hu\/symposium\/wp-json\/wp\/v2\/media?parent=276"}],"wp:term":[{"taxonomy":"category","embeddable":true,"href":"https:\/\/semmelweis.hu\/symposium\/wp-json\/wp\/v2\/categories?post=276"},{"taxonomy":"post_tag","embeddable":true,"href":"https:\/\/semmelweis.hu\/symposium\/wp-json\/wp\/v2\/tags?post=276"}],"curies":[{"name":"wp","href":"https:\/\/api.w.org\/{rel}","templated":true}]}}