{"id":2678,"date":"2025-04-28T13:05:49","date_gmt":"2025-04-28T11:05:49","guid":{"rendered":"https:\/\/semmelweis.hu\/symposium\/?page_id=2678"},"modified":"2026-03-16T09:56:23","modified_gmt":"2026-03-16T08:56:23","slug":"semmelweis-symposium-2025","status":"publish","type":"page","link":"https:\/\/semmelweis.hu\/symposium\/en\/archive\/semmelweis-symposium-2025\/","title":{"rendered":"Semmelweis Symposium 2025"},"content":{"rendered":"<h1 style=\"text-align: center;\">SEMMELWEIS SYMPOSIUM 2025<\/h1>\n<h2 style=\"text-align: center;\">November 17-19, 2025 &#8211; Budapest Hungary<\/h2>\n<div class=\"keretes w-100\" style=\"text-align: center;\">\n<h6>On behalf of Semmelweis University, we are pleased to invite you to the 2025 Semmelweis Symposium, taking place from November 17 to 19, 2025. As the university\u2019s most prestigious annual scientific event, the Symposium highlights the latest scientific advancements and innovations, fostering valuable opportunities for international collaboration, networking, and education.<\/h6>\n<h4 style=\"text-align: center;\">This year\u2019s scientific program will focus on\u00a0<\/h4>\n<h4 style=\"text-align: center;\"><strong>INNOVATIONS IN Cardiovascular Medicine<\/strong><\/h4>\n<p><a class=\"btn btn-secondary\" href=\"https:\/\/semmelweis.hu\/symposium\/en\/program-2025\/\" target=\"_self\">Scientific program<\/a><\/p>\n<\/div>\n<p style=\"text-align: center;\"><a class=\"button\" href=\"https:\/\/symposium.semmelweis.hu\/en\/semmelweis\/registration\" target=\"_blank\" rel=\"noopener\">Registration<\/a>\u00a0 \u00a0\u00a0 <a class=\"btn\" href=\"https:\/\/symposium.semmelweis.hu\/en\/posterabstract\" target=\"_blank\" rel=\"noopener\">Abstract upload<\/a><\/p>\n<h4><strong>It will be uniquely held at two locations :<\/strong><\/h4>\n<ul>\n<li>\n<h6><a href=\"https:\/\/maps.app.goo.gl\/r73k3vFbyB5Xc9vy5\" target=\"_blank\" rel=\"noopener\">Basic Medical Science Center<\/a><\/h6>\n<\/li>\n<li>\n<h6><a href=\"https:\/\/maps.app.goo.gl\/zn4YePsv73ncqDt5A\" target=\"_blank\" rel=\"noopener\">Heart and Vascular Center of Semmelweis University<\/a><\/h6>\n<\/li>\n<\/ul>\n<h4><strong>Join us for an inspiring scientific experience with:<\/strong><\/h4>\n<ul>\n<li>\n<h6>Plenary sessions by international experts<\/h6>\n<\/li>\n<li>\n<h6>High-quality educational programs and workshops<\/h6>\n<\/li>\n<\/ul>\n<h6>Keynote lectures will be delivered by internationally renowned experts, distinguished alumni, and esteemed collaborators of Semmelweis University. Sessions and poster presentations will explore emerging trends in medicine, dentistry, pharmaceutical, and health sciences, ensuring a comprehensive and inspiring scientific experience.<\/h6>\n<div class=\"keretes w-100\" style=\"background-color: #e3d496 !important; border-left: 0px !important;\">\n<h6 style=\"margin-top: 15px !important; text-align: center;\"><strong>We look forward to welcoming you to Budapest for an engaging and memorable Symposium in November 2025<\/strong><\/h6>\n<h6 style=\"text-align: center;\"><em>Dr. B\u00e9la Merkely<br \/>\n<\/em><em>Rector of Semmelweis University<\/em><\/h6>\n<\/div>\n<h4><strong>Scientific \/ Organizing Comittee of Semmelweis University:<\/strong><\/h4>\n<ul>\n<li>\n<h6><strong>Dr. B\u00e9la Merkely,<\/strong> Scientific Program Committee Chair<\/h6>\n<\/li>\n<li>\n<h6><strong>Dr. Hajnalka V\u00e1g\u00f3<\/strong>, Scientific Program Committee Co-Chair<\/h6>\n<\/li>\n<li>\n<h6><strong>Dr. Judit Cs\u0151re<\/strong>, Scientific Program Committee Secretary<\/h6>\n<\/li>\n<\/ul>\n<h4><strong>Scientific Program Committee Members:<\/strong><\/h4>\n<ul>\n<li>\n<h6>Dr. P\u00e9ter Banga<\/h6>\n<\/li>\n<li>\n<h6>Dr. K\u00e1lm\u00e1n Benke<\/h6>\n<\/li>\n<li>\n<h6>Dr. Csaba Csobay-Nov\u00e1k<\/h6>\n<\/li>\n<li>\n<h6>T\u00fcnde Cz\u00e9t\u00e9nyi<\/h6>\n<\/li>\n<li>\n<h6>Dr. Zs\u00f3fia Drobni<\/h6>\n<\/li>\n<li>\n<h6>Dr. P\u00e9ter Ferdinandy<\/h6>\n<\/li>\n<li>\n<h6>Dr. G\u00e1bor F\u00f6ldes<\/h6>\n<\/li>\n<li>\n<h6>Dr. P\u00e9ter Gloviczki<\/h6>\n<\/li>\n<li>\n<h6>Dr. Annam\u00e1ria Kosztin<\/h6>\n<\/li>\n<li>\n<h6>Dr. P\u00e1l Maurovich-Horvat<\/h6>\n<\/li>\n<li>\n<h6>Dr. Klaudia Vivien Nagy<\/h6>\n<\/li>\n<li>\n<h6>Dr. Tam\u00e1s Radovits<\/h6>\n<\/li>\n<li>\n<h6>Dr. \u00c1gnes Szappanos<\/h6>\n<\/li>\n<li>\n<h6>Dr. N\u00e1ndor Szegedi<\/h6>\n<\/li>\n<\/ul>\n<p><a href=\"https:\/\/www.medtronic.com\/hu-hu\/index.html\"><img loading=\"lazy\" decoding=\"async\" class=\"alignleft wp-image-2916\" src=\"https:\/\/semmelweis.hu\/symposium\/files\/2025\/11\/medtronic.png\" alt=\"\" width=\"198\" height=\"190\" \/><\/a><a href=\"https:\/\/www.novonordisk.hu\/\"><img loading=\"lazy\" decoding=\"async\" class=\"wp-image-2882 alignleft\" src=\"https:\/\/semmelweis.hu\/symposium\/files\/2025\/11\/NovoNordisk.png\" alt=\"\" width=\"216\" height=\"154\" \/><\/a><a href=\"https:\/\/www.lilly.com\/hu\/\"><img loading=\"lazy\" decoding=\"async\" class=\"wp-image-2883 alignleft\" src=\"https:\/\/semmelweis.hu\/symposium\/files\/2025\/11\/Lilly-AMC-Lockup-V-Red-RGB.png\" alt=\"\" width=\"269\" height=\"165\" srcset=\"https:\/\/semmelweis.hu\/symposium\/files\/2025\/11\/Lilly-AMC-Lockup-V-Red-RGB.png 2560w, https:\/\/semmelweis.hu\/symposium\/files\/2025\/11\/Lilly-AMC-Lockup-V-Red-RGB-400x246.png 400w, https:\/\/semmelweis.hu\/symposium\/files\/2025\/11\/Lilly-AMC-Lockup-V-Red-RGB-1024x630.png 1024w, https:\/\/semmelweis.hu\/symposium\/files\/2025\/11\/Lilly-AMC-Lockup-V-Red-RGB-768x472.png 768w, https:\/\/semmelweis.hu\/symposium\/files\/2025\/11\/Lilly-AMC-Lockup-V-Red-RGB-1536x944.png 1536w, https:\/\/semmelweis.hu\/symposium\/files\/2025\/11\/Lilly-AMC-Lockup-V-Red-RGB-2048x1259.png 2048w, https:\/\/semmelweis.hu\/symposium\/files\/2025\/11\/Lilly-AMC-Lockup-V-Red-RGB-753x463.png 753w, https:\/\/semmelweis.hu\/symposium\/files\/2025\/11\/Lilly-AMC-Lockup-V-Red-RGB-620x380.png 620w\" sizes=\"auto, (max-width: 269px) 100vw, 269px\" \/><\/a><a href=\"https:\/\/www.bostonscientific.com\/en-US\/home.html\"><img loading=\"lazy\" decoding=\"async\" class=\"wp-image-2881 alignleft\" src=\"https:\/\/semmelweis.hu\/symposium\/files\/2025\/11\/BSC-541blue_w_brand-line.png\" alt=\"\" width=\"300\" height=\"131\" srcset=\"https:\/\/semmelweis.hu\/symposium\/files\/2025\/11\/BSC-541blue_w_brand-line.png 2560w, https:\/\/semmelweis.hu\/symposium\/files\/2025\/11\/BSC-541blue_w_brand-line-400x174.png 400w, https:\/\/semmelweis.hu\/symposium\/files\/2025\/11\/BSC-541blue_w_brand-line-1024x446.png 1024w, https:\/\/semmelweis.hu\/symposium\/files\/2025\/11\/BSC-541blue_w_brand-line-768x335.png 768w, https:\/\/semmelweis.hu\/symposium\/files\/2025\/11\/BSC-541blue_w_brand-line-1536x669.png 1536w, https:\/\/semmelweis.hu\/symposium\/files\/2025\/11\/BSC-541blue_w_brand-line-2048x892.png 2048w, https:\/\/semmelweis.hu\/symposium\/files\/2025\/11\/BSC-541blue_w_brand-line-753x328.png 753w\" sizes=\"auto, (max-width: 300px) 100vw, 300px\" \/><\/a><img loading=\"lazy\" decoding=\"async\" class=\"wp-image-2880 alignleft\" src=\"https:\/\/semmelweis.hu\/symposium\/files\/2025\/11\/Richter_Gedeon_600px-002.jpg\" alt=\"\" width=\"172\" height=\"202\" \/><\/p>\n<p>&nbsp;<\/p>\n<p>&nbsp;<\/p>\n<p>&nbsp;<\/p>\n<p>&nbsp;<\/p>\n<p><a href=\"https:\/\/semmelweis.hu\/symposium\/files\/2025\/11\/Biotronik.png\"><img loading=\"lazy\" decoding=\"async\" class=\"wp-image-2876 alignleft\" src=\"https:\/\/semmelweis.hu\/symposium\/files\/2025\/11\/Biotronik.png\" alt=\"\" width=\"318\" height=\"66\" \/><\/a> <a href=\"https:\/\/semmelweis.hu\/symposium\/files\/2025\/11\/bms_logo_150_rgb_pos.png\"><img loading=\"lazy\" decoding=\"async\" class=\"wp-image-2877 alignleft\" src=\"https:\/\/semmelweis.hu\/symposium\/files\/2025\/11\/bms_logo_150_rgb_pos.png\" alt=\"\" width=\"333\" height=\"28\" \/><\/a> <a href=\"https:\/\/semmelweis.hu\/symposium\/files\/2025\/11\/MEDEN.png\"><img loading=\"lazy\" decoding=\"async\" class=\"wp-image-2878 alignleft\" src=\"https:\/\/semmelweis.hu\/symposium\/files\/2025\/11\/MEDEN.png\" alt=\"\" width=\"145\" height=\"207\" \/><\/a> <a href=\"https:\/\/semmelweis.hu\/symposium\/files\/2025\/11\/OBIO-Logo-Color49.png\"><img loading=\"lazy\" decoding=\"async\" class=\"wp-image-2879 alignleft\" src=\"https:\/\/semmelweis.hu\/symposium\/files\/2025\/11\/OBIO-Logo-Color49.png\" alt=\"\" width=\"211\" height=\"141\" \/><img loading=\"lazy\" decoding=\"async\" class=\"wp-image-2875 alignleft\" src=\"https:\/\/semmelweis.hu\/symposium\/files\/2025\/11\/77-elektronika.jpg\" alt=\"\" width=\"162\" height=\"200\" \/><\/a><\/p>\n","protected":false},"excerpt":{"rendered":"<p>SEMMELWEIS SYMPOSIUM 2025 November 17-19, 2025 &#8211; Budapest Hungary On behalf of Semmelweis University, we are pleased to invite you to the 2025 Semmelweis Symposium, taking place from November 17 to 19, 2025. As the university\u2019s most prestigious annual scientific event, the Symposium highlights the latest scientific advancements and innovations, fostering valuable opportunities for international &hellip;<\/p>\n","protected":false},"author":12,"featured_media":0,"parent":1846,"menu_order":83,"comment_status":"closed","ping_status":"closed","template":"template-fullwidth.php","meta":{"_acf_changed":false,"footnotes":""},"categories":[],"tags":[],"class_list":["post-2678","page","type-page","status-publish","hentry"],"acf":[],"_links":{"self":[{"href":"https:\/\/semmelweis.hu\/symposium\/wp-json\/wp\/v2\/pages\/2678","targetHints":{"allow":["GET"]}}],"collection":[{"href":"https:\/\/semmelweis.hu\/symposium\/wp-json\/wp\/v2\/pages"}],"about":[{"href":"https:\/\/semmelweis.hu\/symposium\/wp-json\/wp\/v2\/types\/page"}],"author":[{"embeddable":true,"href":"https:\/\/semmelweis.hu\/symposium\/wp-json\/wp\/v2\/users\/12"}],"replies":[{"embeddable":true,"href":"https:\/\/semmelweis.hu\/symposium\/wp-json\/wp\/v2\/comments?post=2678"}],"version-history":[{"count":11,"href":"https:\/\/semmelweis.hu\/symposium\/wp-json\/wp\/v2\/pages\/2678\/revisions"}],"predecessor-version":[{"id":2944,"href":"https:\/\/semmelweis.hu\/symposium\/wp-json\/wp\/v2\/pages\/2678\/revisions\/2944"}],"up":[{"embeddable":true,"href":"https:\/\/semmelweis.hu\/symposium\/wp-json\/wp\/v2\/pages\/1846"}],"wp:attachment":[{"href":"https:\/\/semmelweis.hu\/symposium\/wp-json\/wp\/v2\/media?parent=2678"}],"wp:term":[{"taxonomy":"category","embeddable":true,"href":"https:\/\/semmelweis.hu\/symposium\/wp-json\/wp\/v2\/categories?post=2678"},{"taxonomy":"post_tag","embeddable":true,"href":"https:\/\/semmelweis.hu\/symposium\/wp-json\/wp\/v2\/tags?post=2678"}],"curies":[{"name":"wp","href":"https:\/\/api.w.org\/{rel}","templated":true}]}}