{"id":2608,"date":"2024-05-03T12:40:10","date_gmt":"2024-05-03T10:40:10","guid":{"rendered":"https:\/\/semmelweis.hu\/symposium\/?page_id=2608"},"modified":"2026-03-16T09:56:30","modified_gmt":"2026-03-16T08:56:30","slug":"semmelweis-symposium-2024","status":"publish","type":"page","link":"https:\/\/semmelweis.hu\/symposium\/en\/archive\/semmelweis-symposium-2024\/","title":{"rendered":"Semmelweis Symposium 2024"},"content":{"rendered":"<figure id=\"attachment_2648\" aria-describedby=\"caption-attachment-2648\" style=\"width: 283px\" class=\"wp-caption alignright\"><a href=\"https:\/\/semmelweis.hu\/symposium\/files\/2025\/05\/Semmelweis_Symposium_leaflet_20240910.pdf\" target=\"_blank\" rel=\"noopener\"><img loading=\"lazy\" decoding=\"async\" class=\"wp-image-2648 size-medium\" src=\"https:\/\/semmelweis.hu\/symposium\/files\/2024\/11\/Semmelweis_Symposium_leaflet_20240910_Oldal_1-283x400.jpg\" alt=\"\" width=\"283\" height=\"400\" srcset=\"https:\/\/semmelweis.hu\/symposium\/files\/2024\/11\/Semmelweis_Symposium_leaflet_20240910_Oldal_1-283x400.jpg 283w, https:\/\/semmelweis.hu\/symposium\/files\/2024\/11\/Semmelweis_Symposium_leaflet_20240910_Oldal_1-724x1024.jpg 724w, https:\/\/semmelweis.hu\/symposium\/files\/2024\/11\/Semmelweis_Symposium_leaflet_20240910_Oldal_1-768x1086.jpg 768w, https:\/\/semmelweis.hu\/symposium\/files\/2024\/11\/Semmelweis_Symposium_leaflet_20240910_Oldal_1-1086x1536.jpg 1086w, https:\/\/semmelweis.hu\/symposium\/files\/2024\/11\/Semmelweis_Symposium_leaflet_20240910_Oldal_1-1448x2048.jpg 1448w, https:\/\/semmelweis.hu\/symposium\/files\/2024\/11\/Semmelweis_Symposium_leaflet_20240910_Oldal_1-753x1065.jpg 753w, https:\/\/semmelweis.hu\/symposium\/files\/2024\/11\/Semmelweis_Symposium_leaflet_20240910_Oldal_1.jpg 1655w\" sizes=\"auto, (max-width: 283px) 100vw, 283px\" \/><\/a><figcaption id=\"caption-attachment-2648\" class=\"wp-caption-text\">The Leaflet is available in PDF file. Click on the cover picture.<\/figcaption><\/figure>\n<h1 style=\"text-align: center;\">Network Medicine for Future Healthcare<\/h1>\n<h6 style=\"text-align: center;\">The 32<sup>nd<\/sup> Semmelweis Symposium<br \/>\nthe most prestigious scientific event of Semmelweis University<br \/>\nwas held in <strong>11-13 November 2024 in Budapest<\/strong>.<\/h6>\n<h6 style=\"text-align: center;\">Thank you for registering Semmelweis Symposium 2024!<br \/>\nThe registration is closed for this year!\u00a0<\/h6>\n<p>&nbsp;<\/p>\n<p>The 32nd Symposium, held from November 11-13, 2024, in Budapest, was a resounding success, bringing together over 800 participants from around the globe.<\/p>\n<p>The event, themed &#8222;<strong>Network Medicine for Future Healthcare,<\/strong>&#8221; featured 35 distinguished speakers, including renowned experts such as <strong>Dr. Albert-L\u00e1szl\u00f3 Barab\u00e1si and Dr. Joseph Loscalzo<\/strong>. Hosted by Semmelweis University in partnership with the Network Medicine Alliance.<\/p>\n<p>The Symposium highlighted groundbreaking research in network science, systems biology, and artificial intelligence. Keynote sessions delved into topics like drug repurposing, diseasome and comorbidities, and bioinformatics. <strong>Rector Dr. B\u00e9la Merkely<\/strong> emphasized the transformative potential of interdisciplinary collaboration in addressing complex diseases like cancer and cardiovascular disorders. <strong>Vice-Rector Dr. P\u00e9ter Ferdinandy<\/strong> outlined the university&#8217;s strategic initiatives to boost innovation and international cooperation, including flexible doctoral programs and the development of a Science Park. The Symposium successfully fostered knowledge exchange and collaboration, reinforcing Semmelweis University&#8217;s position as a leader in advancing network medicine for global healthcare.<\/p>\n<h1 style=\"text-align: center;\">Mood video of the Event:\u00a0<\/h1>\n<p style=\"text-align: center;\"><iframe loading=\"lazy\" title=\"Semmelweis Symposium | 2024\" width=\"753\" height=\"424\" src=\"https:\/\/www.youtube.com\/embed\/tEzftcLUJ38?feature=oembed\" frameborder=\"0\" allow=\"accelerometer; autoplay; clipboard-write; encrypted-media; gyroscope; picture-in-picture; web-share\" referrerpolicy=\"strict-origin-when-cross-origin\" allowfullscreen><\/iframe><\/p>\n<h1 style=\"text-align: center;\">Interviews<\/h1>\n<p style=\"text-align: center;\"><iframe loading=\"lazy\" title=\"Interview with Dr. B\u00e9la Merkely \u2013 Semmelweis Symposium 2024\" width=\"753\" height=\"424\" src=\"https:\/\/www.youtube.com\/embed\/y8zgMOZdFH8?feature=oembed\" frameborder=\"0\" allow=\"accelerometer; autoplay; clipboard-write; encrypted-media; gyroscope; picture-in-picture; web-share\" referrerpolicy=\"strict-origin-when-cross-origin\" allowfullscreen><\/iframe><\/p>\n<p style=\"text-align: center;\"><iframe loading=\"lazy\" title=\"Interview with Dr. P\u00e9ter Ferdinandy \u2013 Semmelweis Symposium 2024\" width=\"753\" height=\"424\" src=\"https:\/\/www.youtube.com\/embed\/KpAbYAryMvs?feature=oembed\" frameborder=\"0\" allow=\"accelerometer; autoplay; clipboard-write; encrypted-media; gyroscope; picture-in-picture; web-share\" referrerpolicy=\"strict-origin-when-cross-origin\" allowfullscreen><\/iframe><\/p>\n<p style=\"text-align: center;\"><iframe loading=\"lazy\" title=\"Interview with Dr. Joseph Loscalzo \u2013 Semmelweis Symposium 2024\" width=\"753\" height=\"424\" src=\"https:\/\/www.youtube.com\/embed\/sDiq-lP98Ek?feature=oembed\" frameborder=\"0\" allow=\"accelerometer; autoplay; clipboard-write; encrypted-media; gyroscope; picture-in-picture; web-share\" referrerpolicy=\"strict-origin-when-cross-origin\" allowfullscreen><\/iframe><\/p>\n<p style=\"text-align: center;\"><iframe loading=\"lazy\" title=\"Interview with Dr. Albert-L\u00e1szl\u00f3 Barab\u00e1si \u2013 Semmelweis Symposium 2024\" width=\"753\" height=\"424\" src=\"https:\/\/www.youtube.com\/embed\/I_uaTpkTO4s?feature=oembed\" frameborder=\"0\" allow=\"accelerometer; autoplay; clipboard-write; encrypted-media; gyroscope; picture-in-picture; web-share\" referrerpolicy=\"strict-origin-when-cross-origin\" allowfullscreen><\/iframe><\/p>\n<h1 style=\"text-align: center;\">Program:<\/h1>\n<h3><a href=\"https:\/\/semmelweis.hu\/symposium\/files\/2025\/02\/SE_Symposium24_Fobejaratnal-nagy-kijelzo_LCD_Bejarat_1080x1920_1029-1.jpg\"><img loading=\"lazy\" decoding=\"async\" class=\"aligncenter wp-image-2670 size-full\" src=\"https:\/\/semmelweis.hu\/symposium\/files\/2025\/02\/SE_Symposium24_Fobejaratnal-nagy-kijelzo_LCD_Bejarat_1080x1920_1029-1.jpg\" alt=\"\" width=\"1080\" height=\"1920\" srcset=\"https:\/\/semmelweis.hu\/symposium\/files\/2025\/02\/SE_Symposium24_Fobejaratnal-nagy-kijelzo_LCD_Bejarat_1080x1920_1029-1.jpg 1080w, https:\/\/semmelweis.hu\/symposium\/files\/2025\/02\/SE_Symposium24_Fobejaratnal-nagy-kijelzo_LCD_Bejarat_1080x1920_1029-1-225x400.jpg 225w, https:\/\/semmelweis.hu\/symposium\/files\/2025\/02\/SE_Symposium24_Fobejaratnal-nagy-kijelzo_LCD_Bejarat_1080x1920_1029-1-576x1024.jpg 576w, https:\/\/semmelweis.hu\/symposium\/files\/2025\/02\/SE_Symposium24_Fobejaratnal-nagy-kijelzo_LCD_Bejarat_1080x1920_1029-1-768x1365.jpg 768w, https:\/\/semmelweis.hu\/symposium\/files\/2025\/02\/SE_Symposium24_Fobejaratnal-nagy-kijelzo_LCD_Bejarat_1080x1920_1029-1-864x1536.jpg 864w, https:\/\/semmelweis.hu\/symposium\/files\/2025\/02\/SE_Symposium24_Fobejaratnal-nagy-kijelzo_LCD_Bejarat_1080x1920_1029-1-753x1339.jpg 753w\" sizes=\"auto, (max-width: 1080px) 100vw, 1080px\" \/><\/a><\/h3>\n<p style=\"text-align: center;\"><a class=\"btn btn-secondary\" href=\"https:\/\/semmelweis.hu\/symposium\/files\/2024\/05\/Symp24_FIRST_ANNOUNCEMENT_A4_FINAL_20240503-1.pdf\" target=\"_blank\" rel=\"noopener noreferrer\">DOWNLOAD the first announcement of the event<\/a><\/p>\n<hr \/>\n<p><img loading=\"lazy\" decoding=\"async\" class=\"alignright wp-image-2707\" src=\"https:\/\/semmelweis.hu\/symposium\/files\/2025\/05\/NKFIA_infoblokk_kerettel_program_fekvo_2019_EN-1024x360.png\" alt=\"\" width=\"554\" height=\"195\" srcset=\"https:\/\/semmelweis.hu\/symposium\/files\/2025\/05\/NKFIA_infoblokk_kerettel_program_fekvo_2019_EN-1024x360.png 1024w, https:\/\/semmelweis.hu\/symposium\/files\/2025\/05\/NKFIA_infoblokk_kerettel_program_fekvo_2019_EN-400x141.png 400w, https:\/\/semmelweis.hu\/symposium\/files\/2025\/05\/NKFIA_infoblokk_kerettel_program_fekvo_2019_EN-768x270.png 768w, https:\/\/semmelweis.hu\/symposium\/files\/2025\/05\/NKFIA_infoblokk_kerettel_program_fekvo_2019_EN-1536x541.png 1536w, https:\/\/semmelweis.hu\/symposium\/files\/2025\/05\/NKFIA_infoblokk_kerettel_program_fekvo_2019_EN-2048x721.png 2048w, https:\/\/semmelweis.hu\/symposium\/files\/2025\/05\/NKFIA_infoblokk_kerettel_program_fekvo_2019_EN-753x265.png 753w\" sizes=\"auto, (max-width: 554px) 100vw, 554px\" \/><\/p>\n","protected":false},"excerpt":{"rendered":"<p>Network Medicine for Future Healthcare The 32nd Semmelweis Symposium the most prestigious scientific event of Semmelweis University was held in 11-13 November 2024 in Budapest. Thank you for registering Semmelweis Symposium 2024! The registration is closed for this year!\u00a0 &nbsp; The 32nd Symposium, held from November 11-13, 2024, in Budapest, was a resounding success, bringing &hellip;<\/p>\n","protected":false},"author":102297,"featured_media":0,"parent":1846,"menu_order":84,"comment_status":"closed","ping_status":"closed","template":"template-fullwidth.php","meta":{"_acf_changed":false,"footnotes":""},"categories":[],"tags":[],"class_list":["post-2608","page","type-page","status-publish","hentry"],"acf":[],"_links":{"self":[{"href":"https:\/\/semmelweis.hu\/symposium\/wp-json\/wp\/v2\/pages\/2608","targetHints":{"allow":["GET"]}}],"collection":[{"href":"https:\/\/semmelweis.hu\/symposium\/wp-json\/wp\/v2\/pages"}],"about":[{"href":"https:\/\/semmelweis.hu\/symposium\/wp-json\/wp\/v2\/types\/page"}],"author":[{"embeddable":true,"href":"https:\/\/semmelweis.hu\/symposium\/wp-json\/wp\/v2\/users\/102297"}],"replies":[{"embeddable":true,"href":"https:\/\/semmelweis.hu\/symposium\/wp-json\/wp\/v2\/comments?post=2608"}],"version-history":[{"count":10,"href":"https:\/\/semmelweis.hu\/symposium\/wp-json\/wp\/v2\/pages\/2608\/revisions"}],"predecessor-version":[{"id":2714,"href":"https:\/\/semmelweis.hu\/symposium\/wp-json\/wp\/v2\/pages\/2608\/revisions\/2714"}],"up":[{"embeddable":true,"href":"https:\/\/semmelweis.hu\/symposium\/wp-json\/wp\/v2\/pages\/1846"}],"wp:attachment":[{"href":"https:\/\/semmelweis.hu\/symposium\/wp-json\/wp\/v2\/media?parent=2608"}],"wp:term":[{"taxonomy":"category","embeddable":true,"href":"https:\/\/semmelweis.hu\/symposium\/wp-json\/wp\/v2\/categories?post=2608"},{"taxonomy":"post_tag","embeddable":true,"href":"https:\/\/semmelweis.hu\/symposium\/wp-json\/wp\/v2\/tags?post=2608"}],"curies":[{"name":"wp","href":"https:\/\/api.w.org\/{rel}","templated":true}]}}