{"id":2534,"date":"2023-04-21T13:08:44","date_gmt":"2023-04-21T11:08:44","guid":{"rendered":"https:\/\/semmelweis.hu\/symposium\/?page_id=2534"},"modified":"2023-04-21T13:17:23","modified_gmt":"2023-04-21T11:17:23","slug":"adatvedelem","status":"publish","type":"page","link":"https:\/\/semmelweis.hu\/symposium\/adatvedelem\/","title":{"rendered":"Adatv\u00e9delem"},"content":{"rendered":"<p>A SEMMELWEIS SZIMP\u00d3ZIUM ADATKEZEL\u00c9SSEL KAPCSOLATOS T\u00c1J\u00c9KOZTAT\u00d3JA<\/p>\n<p><a href=\"https:\/\/semmelweis.hu\/symposium\/files\/2023\/04\/Privacy-Notice-20230421.pdf\">ADATKEZEL\u00c9SI T\u00c1J\u00c9KOZTAT\u00d3<\/a><\/p>\n<p>&nbsp;<\/p>\n","protected":false},"excerpt":{"rendered":"<p>A SEMMELWEIS SZIMP\u00d3ZIUM ADATKEZEL\u00c9SSEL KAPCSOLATOS T\u00c1J\u00c9KOZTAT\u00d3JA<br \/>\n<a href=\"https:\/\/semmelweis.hu\/symposium\/files\/2023\/04\/Privacy-Notice-20230421.pdf\">ADATKEZEL\u00c9SI T\u00c1J\u00c9KOZTAT\u00d3<\/a><br \/>\n&nbsp;<\/p>\n","protected":false},"author":101892,"featured_media":0,"parent":0,"menu_order":0,"comment_status":"closed","ping_status":"closed","template":"","meta":{"_acf_changed":false,"footnotes":""},"categories":[],"tags":[],"class_list":["post-2534","page","type-page","status-publish","hentry"],"acf":[],"_links":{"self":[{"href":"https:\/\/semmelweis.hu\/symposium\/wp-json\/wp\/v2\/pages\/2534","targetHints":{"allow":["GET"]}}],"collection":[{"href":"https:\/\/semmelweis.hu\/symposium\/wp-json\/wp\/v2\/pages"}],"about":[{"href":"https:\/\/semmelweis.hu\/symposium\/wp-json\/wp\/v2\/types\/page"}],"author":[{"embeddable":true,"href":"https:\/\/semmelweis.hu\/symposium\/wp-json\/wp\/v2\/users\/101892"}],"replies":[{"embeddable":true,"href":"https:\/\/semmelweis.hu\/symposium\/wp-json\/wp\/v2\/comments?post=2534"}],"version-history":[{"count":3,"href":"https:\/\/semmelweis.hu\/symposium\/wp-json\/wp\/v2\/pages\/2534\/revisions"}],"predecessor-version":[{"id":2539,"href":"https:\/\/semmelweis.hu\/symposium\/wp-json\/wp\/v2\/pages\/2534\/revisions\/2539"}],"wp:attachment":[{"href":"https:\/\/semmelweis.hu\/symposium\/wp-json\/wp\/v2\/media?parent=2534"}],"wp:term":[{"taxonomy":"category","embeddable":true,"href":"https:\/\/semmelweis.hu\/symposium\/wp-json\/wp\/v2\/categories?post=2534"},{"taxonomy":"post_tag","embeddable":true,"href":"https:\/\/semmelweis.hu\/symposium\/wp-json\/wp\/v2\/tags?post=2534"}],"curies":[{"name":"wp","href":"https:\/\/api.w.org\/{rel}","templated":true}]}}