{"id":2504,"date":"2023-06-14T12:22:05","date_gmt":"2023-06-14T10:22:05","guid":{"rendered":"https:\/\/semmelweis.hu\/symposium\/?page_id=2504"},"modified":"2026-03-16T09:56:14","modified_gmt":"2026-03-16T08:56:14","slug":"semmelweis-symposium-2023","status":"publish","type":"page","link":"https:\/\/semmelweis.hu\/symposium\/en\/archive\/semmelweis-symposium-2023\/","title":{"rendered":"Semmelweis Symposium 2023"},"content":{"rendered":"<h1 style=\"text-align: center;\">Semmelweis Symposium 2023<\/h1>\n<h2 style=\"text-align: center;\">December 11-13, 2023<\/h2>\n<h5 style=\"text-align: center;\">Semmelweis University, Basic Medical Science Center, Budapest, Hungary<\/h5>\n<p>Semmelweis Symposium is the most prestigious annual scientific event of Semmelweis University, which presents the latest scientific results and innovations and is an excellent forum for international knowledge transfer and networking.<\/p>\n<p style=\"text-align: center;\"><a class=\"btn btn-secondary\" href=\"https:\/\/semmelweis.hu\/symposium\/files\/2023\/12\/SES23_PROGRAM_FEKVO_1209.pdf\" target=\"_blank\" rel=\"noopener noreferrer\">DOWNLOAD the full program<\/a><\/p>\n<p style=\"text-align: center;\"><a class=\"btn btn-secondary\" href=\"https:\/\/semmelweis.hu\/symposium\/files\/2023\/12\/Poster-Presenters-2023-Semmelweis-Symposium.pdf\" target=\"_blank\" rel=\"noopener noreferrer\">download poster program<\/a><\/p>\n<p class=\"xxxxmsonormal\"><span style=\"font-size: 14pt;\"><b><span style=\"color: black;\">The scientific program of the 2023 Semmelweis Symposium is organized around the topic of pancreatology.<\/span><\/b><\/span><\/p>\n<p class=\"xxxxmsonormal\"><span style=\"font-size: 14pt; color: black;\">Keynote lectures are to be held by internationally recognised experts, alumni and esteemed collaborators of Semmelweis University.\u00a0<b>Distinguished experts such as Ole Petersen, Thomas C. S\u00fcdhof, Randy Schekman and Mikl\u00f3s Sahin-T\u00f3th will be present at the Symposium.<\/b><\/span><\/p>\n<p class=\"xxxxmsonormal\"><span style=\"font-size: 14pt; color: black;\">We are looking forward to welcoming you and sharing with you an excellent time in Budapest.<\/span><\/p>\n<p class=\"xxxxmsonormal\"><span style=\"font-size: 14pt;\"><b><span style=\"color: black;\">Language of the Symposium is English<\/span><\/b><\/span><\/p>\n<p>Like in previous years, this year we are also inviting participants to take part in a poster competition.<\/p>\n<p class=\"xxxxmsonormal\"><strong style=\"font-size: 1rem;\">Poster abstract upload deadline:<\/strong><span style=\"font-size: 1rem;\">\u00a0<\/span><span style=\"font-size: 1rem;\">November 30, 2023.<br \/>\n<\/span><strong>Poster size: <\/strong>A0, 841 \u00d7 1189 mm<br \/>\n<strong>Poster type:<\/strong> printed on paper, standing form<\/p>\n<p><span style=\"font-size: 14pt;\">For Hungarian doctors, pharmacists and dentists: 48 CME credits (Continuing Medical Education Credits)<\/span><\/p>\n<ul style=\"list-style-type: square;\">\n<li><span style=\"font-size: 14pt;\">OFTEX: <b>SE-SZTOK\/2023.II\/00402<\/b><\/span><\/li>\n<li><span style=\"font-size: 14pt;\">GYOFTEX: <strong>SE-GYTK\/2023.II\/00026<\/strong><\/span><\/li>\n<\/ul>\n<p class=\"xxxxmsonormal\"><span style=\"font-size: 14pt;\"><b><span style=\"color: black;\">For PhD Students of Semmelweis University:<\/span><\/b><\/span><\/p>\n<ul style=\"list-style-type: square;\">\n<li><span style=\"font-size: 14pt; color: black;\">1 credit for participation<\/span><\/li>\n<li><span style=\"font-size: 14pt; color: black;\">2 credits for accepted poster abstracts<\/span><\/li>\n<li><span style=\"font-size: 14pt; color: black;\">3 credits for Semmelweis Best Poster Award Winners<\/span><\/li>\n<\/ul>\n<p><strong>Registration deadline:<\/strong> December 8, 2023.<\/p>\n","protected":false},"excerpt":{"rendered":"<p>Semmelweis Symposium 2023 December 11-13, 2023 Semmelweis University, Basic Medical Science Center, Budapest, Hungary Semmelweis Symposium is the most prestigious annual scientific event of Semmelweis University, which presents the latest scientific results and innovations and is an excellent forum for international knowledge transfer and networking. <a class=\"btn btn-secondary\" href=\"https:\/\/semmelweis.hu\/symposium\/files\/2023\/12\/SES23_PROGRAM_FEKVO_1209.pdf\" target=\"_blank\" rel=\"noopener noreferrer\">DOWNLOAD the full program<\/a> <a class=\"btn btn-secondary\" href=\"https:\/\/semmelweis.hu\/symposium\/files\/2023\/12\/Poster-Presenters-2023-Semmelweis-Symposium.pdf\" target=\"_blank\" rel=\"noopener noreferrer\">download poster program<\/a> The scientific program of the 2023 Semmelweis Symposium is organized &hellip;<\/p>\n","protected":false},"author":12,"featured_media":0,"parent":1846,"menu_order":86,"comment_status":"closed","ping_status":"closed","template":"template-fullwidth.php","meta":{"_acf_changed":false,"footnotes":""},"categories":[],"tags":[],"class_list":["post-2504","page","type-page","status-publish","hentry"],"acf":[],"_links":{"self":[{"href":"https:\/\/semmelweis.hu\/symposium\/wp-json\/wp\/v2\/pages\/2504","targetHints":{"allow":["GET"]}}],"collection":[{"href":"https:\/\/semmelweis.hu\/symposium\/wp-json\/wp\/v2\/pages"}],"about":[{"href":"https:\/\/semmelweis.hu\/symposium\/wp-json\/wp\/v2\/types\/page"}],"author":[{"embeddable":true,"href":"https:\/\/semmelweis.hu\/symposium\/wp-json\/wp\/v2\/users\/12"}],"replies":[{"embeddable":true,"href":"https:\/\/semmelweis.hu\/symposium\/wp-json\/wp\/v2\/comments?post=2504"}],"version-history":[{"count":11,"href":"https:\/\/semmelweis.hu\/symposium\/wp-json\/wp\/v2\/pages\/2504\/revisions"}],"predecessor-version":[{"id":2717,"href":"https:\/\/semmelweis.hu\/symposium\/wp-json\/wp\/v2\/pages\/2504\/revisions\/2717"}],"up":[{"embeddable":true,"href":"https:\/\/semmelweis.hu\/symposium\/wp-json\/wp\/v2\/pages\/1846"}],"wp:attachment":[{"href":"https:\/\/semmelweis.hu\/symposium\/wp-json\/wp\/v2\/media?parent=2504"}],"wp:term":[{"taxonomy":"category","embeddable":true,"href":"https:\/\/semmelweis.hu\/symposium\/wp-json\/wp\/v2\/categories?post=2504"},{"taxonomy":"post_tag","embeddable":true,"href":"https:\/\/semmelweis.hu\/symposium\/wp-json\/wp\/v2\/tags?post=2504"}],"curies":[{"name":"wp","href":"https:\/\/api.w.org\/{rel}","templated":true}]}}