{"id":245,"date":"2015-11-02T00:00:00","date_gmt":"2015-11-01T23:00:00","guid":{"rendered":"http:\/\/semmelweis.hu\/symposium\/program\/"},"modified":"2015-11-02T13:21:40","modified_gmt":"2015-11-02T12:21:40","slug":"program","status":"publish","type":"page","link":"https:\/\/semmelweis.hu\/symposium\/szimpozium-archiv\/semmelweis_symposium_2012\/program\/","title":{"rendered":"Program"},"content":{"rendered":"<br \/>\n<tbody>\n<tr>\n<td valign=\"top\">\n<h2><b>PRINCIPAL <\/b><b>QUESTIONS OF THE GENOMIC MEDICINE:<\/b><b> PREDICTION, PREVENTION AND PERSONALIZED TREATMENT<\/p>\n<p><\/b><b> <\/b><\/h2>\n<h2><b>SEMMELWEIS <\/b><b>SYMPOSIUM <\/p>\n<p><\/b><\/h2>\n<h2><b>2012 &#8211; PROGRAM PLAN<\/p>\n<p><\/b><\/h2>\n<h2><b>2012. <\/b><b>NOVEMBER 09. <\/b><\/h2>\n<h3>09.00  &#8211; 09.25 <br \/>OPENING CEREMONY<\/h3>\n<h4>\u00c1goston  Sz\u00e9l and M\u00e1ria  Judit Moln\u00e1r<\/h4>\n<h4>Welcome<br \/><em>Sz\u00e9l, \u00c1goston<\/em> (Rector of the Semmelweis University)<\/h4>\n<h4>Semmelweis University facing the new era of medicine: Personalized Healthcare<br \/><em>Moln\u00e1r, M\u00e1ria Judit<\/em> (Chair of the Symposium)<\/h4>\n<h3>09.25  &#8211; 11.15<br \/>IMPLEMENTING A PERSONALIZED MEDICINE STRATEGY  \u2013 IS THERE LIGHT AT THE END OF THE TUNNEL?<\/h3>\n<h4>Chairpersons: L\u00e1szl\u00f3  Hunyady  and Gy\u00f6rgy  N\u00e9meth<\/h4>\n<h4>Predictive diagnostics, targeted preventive measures and personalized treatment:new philosophy in health care. <br \/><em>Golubnitschaja, Olga<\/em> (General Secretary of the European Personalized Medicine Association, Brusssels, Belgium)<\/h4>\n<h4>Personalized medicine: from theory to the clinical practice <br \/><em>N\u00e9meth, Gy\u00f6rgy<\/em> (President  of the Hungarian Society of Personalized Medicine, Budapest, Hungary)<\/h4>\n<h4>The triad of success in personalized medicine: pharmacogenomics,  \t\t\t\t\t\t\t\t\t\t\t\t\t\t\t\t\t\t\t\t\t\t\t\t\t\t\t\t\tbiotechnology and regulatory issues from a Central European perspective<br \/><em>Nagy, L\u00e1szl\u00f3<\/em> (University of Debrecen, Institute of Personalized Medicine, Debrecen, Hungary)<\/h4>\n<h4>Key dehydrogenases in the mitochondrial generation of reactive oxygen species<br \/><em>\u00c1d\u00e1m, Veronika<\/em> (Semmelweis University, Budapest, Hungary)<\/h4>\n<h4>Discussion<\/h4>\n<h3>11.15 &#8211; 11.40    <br \/>COFFE BREAK<\/h3>\n<h3>11.40 &#8211; 13.00 <br \/>IMMUNOMICS<\/h3>\n<h4>Chairpersons: Andr\u00e1s  Falus and Edit B\u00faz\u00e1s<\/h4>\n<h4>High-throughput Immunomics: data mining of vaccine targets in viral pathogens<br \/><em>Brusic, Vladimir<\/em> (Harvard Medical School, Boston, USA)<\/h4>\n<h4>Genomic investigations in asthma<br \/><em>Szalai, Csaba<\/em> (Hungarian Academy of Sciences, Semmelweis<br \/>University, Budapest, Hungary)<\/h4>\n<h4>Systems biology approach in tumor genomics and epigenetics<br \/><em>Falus, Andr\u00e1s<\/em> (Semmelweis University, Budapest, Hungary)<\/h4>\n<h4>Discussion<\/h4>\n<h3>13.00 \u2013 13.45 <br \/>LUNCH BREAK<\/h3>\n<h3>13.45 \u2013 15.45<br \/>METABOLOMICS<\/h3>\n<h4>Chairpersons: Zolt\u00e1n Tak\u00e1ts  and L\u00e1szl\u00f3  Sz\u00f5nyi<\/h4>\n<h4>The modern methods of metabolomics and proteomics<br \/><em>Kert\u00e9sz, Vilmos<\/em> (Oak Ridge National Laboratories, USA)<\/h4>\n<h4>Population level newborn screening for inherited metabolic disorders and other genetic risk factors<br \/><em>Sz\u00f5nyi, L\u00e1szl\u00f3<\/em> (Semmelweis University,  Pediatric Clinics 1Budapest, Hungary).<\/h4>\n<h4>Imaging mass spectrometry in predictive tumor diagnostics<br \/><em>R\u00f6mpp, Andreas<\/em> (Justus Liebig University,  Giessen, Germany)<\/h4>\n<h4>Mass spectrometry methods as confirmation analyses in the diagnosis of inherited metabolic disorders<br \/><em>Szatm\u00e1ri, Ildik\u00f3<\/em> (Semmelweis University, Cell Screen ResearchCenter, Budapest, Hungary)<\/h4>\n<h4>Mass spectrometric profiling of biological tissues \u2013 a comprehensive tool for personalized medicine<br \/><em>Tak\u00e1ts, Zolt\u00e1n<\/em>  \t\t\t\t\t\t\t\t\t\t\t\t\t\t\t\t\t\t\t\t\t\t\t\t\t\t\t\t\t\t\t\t\t\t\t\t\t\t\t\t\t\t\t (Semmelweis University, Cell Screen Research Center, Budapest,  \t\t\t\t\t\t\t\t\t\t\t\t\t\t\t\t\t\t\t\t\t\t\t\t\t\t\t\t\t\t\t\t\t\t\t\t\t\t\t\t\t\t\t Hungary\/Imperial College Department of Surgery and Cancer, London, UK)<\/h4>\n<h4>Discussion<\/h4>\n<h3>15.45. &#8211; 16.00    COFFE BREAK<\/h3>\n<h3>16.00 \u2013 17.40   <br \/>PERSONALIZED CARDIOLOGY  THE WAY TO THE OPTIMAL PREVENTION AND THERAPY<\/h3>\n<h4>Chairpersons: B\u00e9la Merkely and Zolt\u00e1n Nagy<\/h4>\n<h4>Reduction of salt intake in the general population:recommendations to be taken cum grano salis<br \/><em>Staessen, Jan A.<\/em> (University of Leuven, Leuven, Belgium)<\/h4>\n<h4>Pilot results of the Budakalasz Epidemiology Study, a prospective Central-European population-based survey <br \/><em>Szelid, Zsolt<\/em> (Semmelweis University, Budapest, Hungary)<\/h4>\n<h4>Heart failure epidemiology in Hungary<br \/><em>So\u00f3s, P\u00e1l<\/em> (Semmelweis University, Budapest, Hungary)<\/h4>\n<h4>Cardiac-CT in population screening<br \/><em>Maurovich-Horv\u00e1th, P\u00e1l<\/em> (Semmelweis University, Budapest, Hungary)<\/h4>\n<h4>Discussion<\/h4>\n<h3>17.40 &#8211; 18.45<br \/>   POSTER  SESSION<\/h3>\n<h4>PREDICTION  OF TREATMENT  EFFECTIVITY  AND SIDE EFFECTS<br \/>Chairpersons: G\u00e1bor Kov\u00e1cs  and Csaba Szalai<\/h4>\n<h4>PREDICTION  AND PREVENTION OF CARDIOVASCULAR  AND CEREBROVASCULAR DISORDERS<br \/>Chairpersons: P\u00e1l So\u00f3s and Ildik\u00f3  Vastagh<\/h4>\n<h4>THE GENETIC BACKGROUND  OF RARE DISEASES <br \/>Chairpersons: Gy\u00f6rgy  Fekete  and K\u00e1lm\u00e1n  Tory<\/h4>\n<h4>BIOMARKER RESEARCH<br \/>Chairpersons: Christos  Chinopoulos  and P\u00e9ter  Igaz<\/h4>\n<h4>GENETIC AND SOCIOBEHAVIORAL FACTORS PREDISPOSING TO PSYCHIATRIC  DISORDERS<br \/>Chairpersons: Istv\u00e1n  Bitter  and Gy\u00f6rgy  Purebl<\/h4>\n<h2><strong><\/p>\n<p>2 0 1 2    N O V E M B E R    1 0 .<\/strong><\/h2>\n<h3>08.30  \u2013 10.00    NEUROPSYCHOPHARMACOLOGY<\/h3>\n<h4>Chairpersons: Gy\u00f6rgy  Bagdy  and K\u00e1roly Mirnics<\/h4>\n<h4>GABA-ergic dysfunction in schizophrenia: from postmortem studies to animal models<br \/><em>Mirnics, K\u00e1roly<\/em> (Vanderbilt Kennedy Center, Nashville, USA)<\/h4>\n<h4>Monoamine-endocannabinoid interactions in anxiety and depression: relevance to personalized medicine<br \/><em>Bagdy, Gy\u00f6rgy<\/em> (Semmelweis University, Budapest, Hungary)<\/h4>\n<h4>Exploring serotonin function in the human brain using phMRI <br \/><em>McKie, Shanke<\/em> (Neuroscience and Psychiatry Unit, University of Manchester, UK)<\/h4>\n<h4>Discussion<\/h4>\n<h3>10.00 \u2013 10.20    COFFE BREAK<\/h3>\n<h3>10.20 \u2013 12.15   GENOMIC NEUROLOGY: PREDICTION  AND TREATMENT  OF NEUROLOGICAL  DISORDERS<\/h3>\n<h4>Chairpersons: Andr\u00e1s  Spat and G\u00e1bor Kov\u00e1cs<\/h4>\n<h4>The expanding field of the mitochondrial medicine<br \/><em>Wartiovara, Anu<\/em> (University of Helsinki, Helsinki, Finland)<\/h4>\n<h4>Lessons from GWAS in cognitive decline<br \/><em>Kov\u00e1cs, G\u00e1bor<\/em> (Medical University of  Vienna, Vienna, Austria \/ Semmelweis University, Budapest, Hungary)<\/h4>\n<h4>Translational molecular neuroimaging<br \/><em>Guly\u00e1s, Bal\u00e1zs<\/em> (Karolinska University, Stockholm, Sweden)<\/h4>\n<h4>Medical and biological insights from genetic studies of rare inherited neurological disorders<br \/><em>Weis, Joachim<\/em> (RWTH University Hospital, Aachen, Germany)<\/h4>\n<h4>Discussion<\/h4>\n<h3>12.15 \u2013 12.35<br \/>   COFFE BREAK<\/h3>\n<h3>12.35 \u2013 14.05<br \/>   PERSONALIZED DECISION MAKING  IN THE ERA OF EVIDENCE-BASED NEUROLOGY<\/h3>\n<h4>Chairpersons: Daniel Bereczki and Peter  Langhorne<\/h4>\n<h4>Personalized medicine and evidence based medicine: enemies or brothers-in-arms?<br \/><em>Bereczki, D\u00e1niel<\/em> (Semmelweis University, Budapest, Hungary)<\/h4>\n<h4>Systematic reviews in stroke care: have they changed clinical practice?<br \/><em>Langhorne, Peter<\/em> (University Glasgow, Glasgow, UK)<\/h4>\n<h4>Coma and disorders of consciousness<br \/><em>Charland-Verville,  Vanessa,<\/em> (University Liege, Liege, Belgium)<\/h4>\n<h4>Discussion<\/h4>\n<h3>14.05.    TEST<\/h3>\n<h3>14.20-  <br \/>CLOSING CEREMONY<\/h3>\n<\/td>\n<\/tr>\n<\/tbody>\n","protected":false},"excerpt":{"rendered":"<p>PRINCIPAL QUESTIONS OF THE GENOMIC MEDICINE: PREDICTION, PREVENTION AND PERSONALIZED TREATMENT SEMMELWEIS SYMPOSIUM 2012 &#8211; PROGRAM PLAN 2012. NOVEMBER 09. 09.00 &#8211; 09.25 OPENING CEREMONY \u00c1goston Sz\u00e9l and M\u00e1ria Judit Moln\u00e1r WelcomeSz\u00e9l, \u00c1goston (Rector of the Semmelweis University) Semmelweis University facing the new era of medicine: Personalized HealthcareMoln\u00e1r, M\u00e1ria Judit (Chair of the Symposium) 09.25 &hellip;<\/p>\n","protected":false},"author":12,"featured_media":0,"parent":242,"menu_order":0,"comment_status":"closed","ping_status":"closed","template":"","meta":{"_acf_changed":false,"footnotes":""},"categories":[],"tags":[],"class_list":["post-245","page","type-page","status-publish","hentry"],"acf":[],"_links":{"self":[{"href":"https:\/\/semmelweis.hu\/symposium\/wp-json\/wp\/v2\/pages\/245","targetHints":{"allow":["GET"]}}],"collection":[{"href":"https:\/\/semmelweis.hu\/symposium\/wp-json\/wp\/v2\/pages"}],"about":[{"href":"https:\/\/semmelweis.hu\/symposium\/wp-json\/wp\/v2\/types\/page"}],"author":[{"embeddable":true,"href":"https:\/\/semmelweis.hu\/symposium\/wp-json\/wp\/v2\/users\/12"}],"replies":[{"embeddable":true,"href":"https:\/\/semmelweis.hu\/symposium\/wp-json\/wp\/v2\/comments?post=245"}],"version-history":[{"count":1,"href":"https:\/\/semmelweis.hu\/symposium\/wp-json\/wp\/v2\/pages\/245\/revisions"}],"predecessor-version":[{"id":248,"href":"https:\/\/semmelweis.hu\/symposium\/wp-json\/wp\/v2\/pages\/245\/revisions\/248"}],"up":[{"embeddable":true,"href":"https:\/\/semmelweis.hu\/symposium\/wp-json\/wp\/v2\/pages\/242"}],"wp:attachment":[{"href":"https:\/\/semmelweis.hu\/symposium\/wp-json\/wp\/v2\/media?parent=245"}],"wp:term":[{"taxonomy":"category","embeddable":true,"href":"https:\/\/semmelweis.hu\/symposium\/wp-json\/wp\/v2\/categories?post=245"},{"taxonomy":"post_tag","embeddable":true,"href":"https:\/\/semmelweis.hu\/symposium\/wp-json\/wp\/v2\/tags?post=245"}],"curies":[{"name":"wp","href":"https:\/\/api.w.org\/{rel}","templated":true}]}}