{"id":240,"date":"2015-11-02T00:00:00","date_gmt":"2015-11-01T23:00:00","guid":{"rendered":"http:\/\/semmelweis.hu\/symposium\/social_program\/"},"modified":"2015-11-02T13:21:40","modified_gmt":"2015-11-02T12:21:40","slug":"social_program","status":"publish","type":"page","link":"https:\/\/semmelweis.hu\/symposium\/szimpozium-archiv\/semmelweis_symposium_2012\/social_program\/","title":{"rendered":"Social program"},"content":{"rendered":"<br \/>\n<tbody>\n<tr>\n<td valign=\"top\">\n<h4>Semmelweis University, Basic Medical Science Center<br \/>T\u0171zolt\u00f3 u. 37-47.<br \/>1094 Budapest, Hungary<\/h4>\n<h2>Exibition<\/h2>\n<h4> PANNONHALMI, Zsuzsa (Ferenczy-No\u00e9mi prize holder, ceramic artist)<\/p>\n<\/h4>\n<h2>Concert<\/h2>\n<h4><strong>19:00-19:40 09.11. 2012 Friday<\/strong><\/h4>\n<h4>The pearls of chamber music from Bach to Bart\u00f3k.<br \/>GEIGER, Gy\u00f6rgy (Liszt and Kossuth prize holder, trumpeth artist) and MAROS, \u00c9va (harp artist)<\/h4>\n<h2>Banquet dinner<\/h2>\n<h4><strong>19:40 09.11. 2012 Friday<\/strong><\/h4>\n<\/td>\n<\/tr>\n<\/tbody>\n","protected":false},"excerpt":{"rendered":"<p>Semmelweis University, Basic Medical Science CenterT\u0171zolt\u00f3 u. 37-47.1094 Budapest, Hungary<br \/>\nExibition<br \/>\n PANNONHALMI, Zsuzsa (Ferenczy-No\u00e9mi prize holder, ceramic artist)<\/p>\n<p>Concert<br \/>\n19:00-19:40 09.11. 2012 Friday<br \/>\nThe pearls of chamber music from Bach to Bart\u00f3k.GEIGER, Gy\u00f6rgy (Liszt and Kossuth prize holder, trumpeth artist) and MAROS, \u00c9va (harp artist)<br \/>\nBanquet dinner<br \/>\n19:40 09.11. 2012 Friday<\/p>\n","protected":false},"author":12,"featured_media":0,"parent":242,"menu_order":0,"comment_status":"closed","ping_status":"closed","template":"","meta":{"_acf_changed":false,"footnotes":""},"categories":[],"tags":[],"class_list":["post-240","page","type-page","status-publish","hentry"],"acf":[],"_links":{"self":[{"href":"https:\/\/semmelweis.hu\/symposium\/wp-json\/wp\/v2\/pages\/240","targetHints":{"allow":["GET"]}}],"collection":[{"href":"https:\/\/semmelweis.hu\/symposium\/wp-json\/wp\/v2\/pages"}],"about":[{"href":"https:\/\/semmelweis.hu\/symposium\/wp-json\/wp\/v2\/types\/page"}],"author":[{"embeddable":true,"href":"https:\/\/semmelweis.hu\/symposium\/wp-json\/wp\/v2\/users\/12"}],"replies":[{"embeddable":true,"href":"https:\/\/semmelweis.hu\/symposium\/wp-json\/wp\/v2\/comments?post=240"}],"version-history":[{"count":1,"href":"https:\/\/semmelweis.hu\/symposium\/wp-json\/wp\/v2\/pages\/240\/revisions"}],"predecessor-version":[{"id":253,"href":"https:\/\/semmelweis.hu\/symposium\/wp-json\/wp\/v2\/pages\/240\/revisions\/253"}],"up":[{"embeddable":true,"href":"https:\/\/semmelweis.hu\/symposium\/wp-json\/wp\/v2\/pages\/242"}],"wp:attachment":[{"href":"https:\/\/semmelweis.hu\/symposium\/wp-json\/wp\/v2\/media?parent=240"}],"wp:term":[{"taxonomy":"category","embeddable":true,"href":"https:\/\/semmelweis.hu\/symposium\/wp-json\/wp\/v2\/categories?post=240"},{"taxonomy":"post_tag","embeddable":true,"href":"https:\/\/semmelweis.hu\/symposium\/wp-json\/wp\/v2\/tags?post=240"}],"curies":[{"name":"wp","href":"https:\/\/api.w.org\/{rel}","templated":true}]}}