{"id":228,"date":"2015-10-22T14:51:04","date_gmt":"2015-10-22T12:51:04","guid":{"rendered":"http:\/\/semmelweis.hu\/symposium\/?page_id=228"},"modified":"2026-03-16T10:32:23","modified_gmt":"2026-03-16T09:32:23","slug":"szimpozium-archiv","status":"publish","type":"page","link":"https:\/\/semmelweis.hu\/symposium\/szimpozium-archiv\/","title":{"rendered":"Szimp\u00f3zium arch\u00edvum"},"content":{"rendered":"<h2>Az elm\u00falt \u00e9vek Semmelweis Szimp\u00f3ziumainak t\u00e9m\u00e1ja \u00e9s szervez\u0151i:<\/h2>\n<table style=\"width: 100%; height: 1712px;\">\n<thead>\n<tr>\n<td style=\"width: 15%;\"><span style=\"font-family: Calibri;\">\u00a0<\/span><\/td>\n<td style=\"width: 55%;\"><b><span style=\"font-family: Calibri;\">T\u00e9ma<\/span><\/b><\/td>\n<td style=\"width: 30%;\"><b><span style=\"font-family: Calibri;\">Szervez\u0151k<\/span><\/b><\/td>\n<\/tr>\n<\/thead>\n<tbody>\n<tr>\n<td style=\"text-align: center; width: 15%;\">2025.\/XXXIII.<\/td>\n<td style=\"width: 55%;\">\n<p><a href=\"https:\/\/semmelweis.hu\/symposium\/en\/archive\/semmelweis-symposium-2025\/\">Innovations in Cardiovascular Medicine<\/a><\/p>\n<\/td>\n<td style=\"width: 30%;\">Dr. Ferdinandy P\u00e9ter<br \/>\nDr. Merkely B\u00e9la<\/td>\n<\/tr>\n<tr>\n<td style=\"text-align: center; width: 15%;\">2024.\/XXXII<\/td>\n<td style=\"width: 55%;\">\n<p><a href=\"https:\/\/semmelweis.hu\/symposium\/en\/archive\/semmelweis-symposium-2024\/\" target=\"_blank\" rel=\"noopener\">Network Medicine for Future Healthcare<\/a><\/p>\n<\/td>\n<td style=\"width: 30%;\">Dr. Ferdinandy P\u00e9ter<\/td>\n<\/tr>\n<tr>\n<td style=\"text-align: center; width: 15%;\">2023.\/XXXI.<\/td>\n<td style=\"width: 55%;\">\n<p><a href=\"https:\/\/semmelweis.hu\/symposium\/en\/semmelweis-symposium-2023\/\" target=\"_blank\" rel=\"noopener\">Celebrating Excellence\u00a0<\/a><\/p>\n<\/td>\n<td style=\"width: 30%;\">Dr. Ferdinandy P\u00e9ter<br \/>\nDr. Hegyi P\u00e9ter<\/td>\n<\/tr>\n<tr>\n<td style=\"text-align: center; width: 15%;\">2022.\/XXX.<\/td>\n<td style=\"width: 55%;\">\n<p>40 \u00e9ves nemzetk\u00f6zi orvosk\u00e9pz\u00e9s a Semmelweis Egyetemen<br \/>\n<a href=\"https:\/\/semmelweis.hu\/symposium\/en\/archive\/semmelweis-symposium-2022\/\">tov\u00e1bb a konferencia weblapj\u00e1ra\u2026<\/a><\/p>\n<\/td>\n<td style=\"width: 30%;\">Dr. Ferdinandy P\u00e9ter<\/td>\n<\/tr>\n<tr>\n<td style=\"text-align: center; width: 15%;\">2021.\/XXIX.<\/td>\n<td style=\"width: 55%;\">\n<p>Excellence in Clinical Research and Innovation<br \/>\n<a href=\"https:\/\/semmelweis.hu\/symposium\/en\/archive\/semmelweis-symposium-2021\/\">tov\u00e1bb a konferencia weblapj\u00e1ra\u2026<\/a><\/p>\n<\/td>\n<td style=\"width: 30%;\">Dr. Ferdinandy P\u00e9ter<\/td>\n<\/tr>\n<tr>\n<td style=\"text-align: center; height: 82px; width: 15%;\">2019.\/XXVIII.<\/td>\n<td style=\"width: 55%;\">\n<p>Transzl\u00e1ci\u00f3s orvosl\u00e1s a molekul\u00e1kt\u00f3l a kardiovaszkul\u00e1ris rendszerig<br \/>\n<a href=\"https:\/\/semmelweis.hu\/symposium\/szimpozium-archiv\/semmelweis-szimpozium-2019\/\">tov\u00e1bb a konferencia weblapj\u00e1ra\u2026<\/a><\/p>\n<\/td>\n<td style=\"width: 30%;\">Dr. Ferdinandy P\u00e9ter<\/td>\n<\/tr>\n<tr style=\"border-bottom-color: white; border-bottom-style: solid; border-bottom-width: 2px;\" valign=\"top\">\n<td style=\"height: 93px; width: 15%;\" align=\"center\">2018.\/XXVII.<\/td>\n<td style=\"height: 93px; width: 55%;\">New approaches in personalized medicine: From prenatal testing to targeted tumor therapy<br \/>\n<a href=\"https:\/\/semmelweis.hu\/symposium\/szimpozium-archiv\/semmelweis-szimpozium-2018\/\" target=\"_blank\" rel=\"noopener noreferrer\">tov\u00e1bb a konferencia weblapj\u00e1ra&#8230;<\/a><\/td>\n<td style=\"height: 93px; width: 30%;\">Dr. Lakatos P\u00e9ter<\/td>\n<\/tr>\n<tr style=\"border-bottom-color: white; border-bottom-style: solid; border-bottom-width: 2px;\" valign=\"top\">\n<td style=\"height: 63px; width: 15%;\" align=\"center\">2017.\/XXVI.<\/td>\n<td style=\"height: 63px; width: 55%;\">Mikrobiol\u00f3gia \u00faj kih\u00edv\u00e1sai \/ New Challenges in Microbiology<br \/>\n<a href=\"https:\/\/semmelweis.hu\/symposium\/semmelweis-szimpozium-2017\/\" target=\"_blank\" rel=\"noopener noreferrer\">tov\u00e1bb a konferencia weblapj\u00e1ra&#8230;<\/a><\/td>\n<td style=\"height: 63px; width: 30%;\">Dr. Szab\u00f3 D\u00f3ra<\/td>\n<\/tr>\n<tr style=\"border-bottom-color: white; border-bottom-style: solid; border-bottom-width: 2px;\" valign=\"top\">\n<td style=\"height: 123px; width: 15%;\" align=\"center\">2016.\/XXV.<\/td>\n<td style=\"height: 123px; width: 55%;\">Transzl\u00e1ci\u00f3s Onkohematol\u00f3gia \/ Translational Oncohematology<br \/>\n<a href=\"https:\/\/semmelweis.hu\/symposium\/semmelweis-szimpozium-2016\/\" target=\"_blank\" rel=\"noopener noreferrer\">tov\u00e1bb a konferencia weblapj\u00e1ra&#8230;<\/a><\/td>\n<td style=\"height: 123px; width: 30%;\">Dr. Matolcsy Andr\u00e1s<br \/>\nDr. B\u00f6d\u00f6r Csaba<br \/>\nDr. Demeter Judit<br \/>\nDr. Masszi Tam\u00e1s<\/td>\n<\/tr>\n<tr style=\"border-bottom-color: white; border-bottom-style: solid; border-bottom-width: 2px;\" valign=\"top\">\n<td style=\"height: 63px; width: 15%;\" align=\"center\">2015.\/XXIV.<\/td>\n<td style=\"height: 63px; width: 55%;\">Molecular Oncology<br \/>\n<a href=\"https:\/\/semmelweis.hu\/symposium\/semmelweis-szimpozium-2015\/\" target=\"_blank\" rel=\"noopener noreferrer\">tov\u00e1bb a konferencia weblapj\u00e1ra&#8230;<\/a><\/td>\n<td style=\"height: 63px; width: 30%;\">Dr.\u00a0T\u00edm\u00e1r J\u00f3zsef<\/td>\n<\/tr>\n<tr style=\"border-bottom-color: white; border-bottom-style: solid; border-bottom-width: 2px;\" valign=\"top\">\n<td style=\"height: 63px; width: 15%;\" align=\"center\">2014.\/XXIII.<\/td>\n<td style=\"height: 63px; width: 55%;\">Trends in Pulmonology 2014.<br \/>\n<a href=\"https:\/\/semmelweis.hu\/symposium\/files\/symposium2014\/index.html\" target=\"_blank\" rel=\"noopener noreferrer\">tov\u00e1bb a konferencia honlapj\u00e1ra&#8230;<\/a><\/td>\n<td style=\"height: 63px; width: 30%;\">Dr. Losonczy Gy\u00f6rgy<\/td>\n<\/tr>\n<tr style=\"border-bottom-color: white; border-bottom-style: solid; border-bottom-width: 2px;\" valign=\"top\">\n<td style=\"height: 143px; width: 15%;\" align=\"center\">2013.\/XXII.<\/td>\n<td style=\"height: 143px; width: 55%;\">Molekul\u00e1ris mechanizmusok \u00e9s t\u00e1mad\u00e1spontok autoimmun \u00e9s gyullad\u00e1sos betegs\u00e9gekben \/\u00a0Molecular mechanisms and therapeutic targets in inflammatory diseases<br \/>\n<a href=\"https:\/\/semmelweis.hu\/symposium\/files\/symposium2013\/index.html\" target=\"_blank\" rel=\"noopener noreferrer\">tov\u00e1bb a konferencia honlapj\u00e1ra&#8230;<\/a><\/td>\n<td style=\"height: 143px; width: 30%;\">\n<p>Dr. M\u00f3csai Attila,<br \/>\nDr. Buz\u00e1s Edit,<br \/>\nDr. Falus Andr\u00e1s,<br \/>\nDr. Nagy Gy\u00f6rgy<\/p>\n<\/td>\n<\/tr>\n<tr style=\"border-bottom-color: white; border-bottom-style: solid; border-bottom-width: 2px;\" valign=\"top\">\n<td style=\"height: 213px; width: 15%;\" align=\"center\">2012.\/XXI.<\/td>\n<td style=\"height: 213px; width: 55%;\">A genom-szint\u0171 orvosl\u00e1s k\u00e9rd\u00e9sei: predikci\u00f3, prevenci\u00f3 \u00e9s egy\u00e9ni kezel\u00e9sek \u00a0\/\u00a0Principal Questions of Genomic Medicine: Prediction, Prevention and Personalized Treatment<br \/>\n<a href=\"https:\/\/semmelweis.hu\/symposium\/files\/symposium2012\/index.html\" target=\"_blank\" rel=\"noopener noreferrer\">tov\u00e1bb a konferencia honlapj\u00e1ra&#8230;<\/a><\/td>\n<td style=\"height: 213px; width: 30%;\">Dr. Moln\u00e1r M\u00e1ria Judit,<br \/>\nDr. Bagdy Gy\u00f6rgy,<br \/>\nDr. Bereczki D\u00e1niel,<br \/>\nDr. Falus Andr\u00e1s,<br \/>\nDr. Merkely B\u00e9la,<br \/>\nDr. So\u00f3s P\u00e1l,<br \/>\nDr. Tak\u00e1ts Zolt\u00e1n<\/td>\n<\/tr>\n<tr style=\"border-bottom-color: white; border-bottom-style: solid; border-bottom-width: 2px;\" valign=\"top\">\n<td style=\"height: 93px; width: 15%;\" align=\"center\">2011.\/XX.<\/td>\n<td style=\"height: 93px; width: 55%;\">Szervtranszplant\u00e1ci\u00f3 gyermek- \u00e9s feln\u0151ttkorban (Kih\u00edv\u00e1sok a szervtranszplant\u00e1ci\u00f3ban a XXI. sz\u00e1zadban) \/\u00a0Organ Transplantation<\/td>\n<td style=\"height: 93px; width: 30%;\">Dr. Tulassay Tivadar,<br \/>\nDr. Langer R\u00f3bert,<br \/>\nDr. Szab\u00f3 Attila<\/td>\n<\/tr>\n<tr style=\"border-bottom-color: white; border-bottom-style: solid; border-bottom-width: 2px;\" valign=\"top\">\n<td style=\"height: 123px; width: 15%;\" align=\"center\">2010.\/XIX.<\/p>\n<p align=\"right\">\u00a0<\/p>\n<\/td>\n<td style=\"height: 123px; width: 55%;\">Jel\u00e1tviteli folyamatok \u00e9lettana \u00e9s k\u00f3r\u00e9lettana \u2013 2010 Sp\u00e4t Andr\u00e1s professzor 70. sz\u00fclet\u00e9snapja alkalm\u00e1b\u00f3l \/\u00a0Cellular Signaling in Physiology and Pathology \u2013 2010 In honor of the 70th birthday of Professor Andr\u00e1s Sp\u00e4t<br \/>\n<a href=\"https:\/\/semmelweis.hu\/symposium\/files\/symposium2010\/index.html\" target=\"_blank\" rel=\"noopener noreferrer\">tov\u00e1bb a konferencia honlapj\u00e1ra&#8230;<\/a><\/td>\n<td style=\"height: 123px; width: 30%;\">Dr. Hunyady L\u00e1szl\u00f3, <br \/>\nDr. Balla Tam\u00e1s,<br \/>\nDr. Hajn\u00f3czky Gy\u00f6rgy<\/td>\n<\/tr>\n<tr style=\"border-bottom-color: white; border-bottom-style: solid; border-bottom-width: 2px;\" valign=\"top\">\n<td style=\"height: 93px; width: 15%;\" align=\"center\">2009.\/XVIII.<\/td>\n<td style=\"height: 93px; width: 55%;\">\u00daj ir\u00e1nyzatok, \u00faj\u00edt\u00e1sok \u00e9s technikai fejl\u0151d\u00e9s az urol\u00f3gi\u00e1ban \/\u00a0New Trends, Innovations and Technology in Urology<br \/>\n<a href=\"https:\/\/semmelweis.hu\/symposium\/files\/symposium2009\/index.html\" target=\"_blank\" rel=\"noopener noreferrer\">tov\u00e1bb a konferencia honlapj\u00e1ra&#8230;<\/a><\/td>\n<td style=\"height: 93px; width: 30%;\">Dr. Romics Imre<\/td>\n<\/tr>\n<tr style=\"border-bottom-color: white; border-bottom-style: solid; border-bottom-width: 2px;\" valign=\"top\">\n<td style=\"height: 33px; width: 15%;\" align=\"center\">2008.\/XVII.<\/td>\n<td style=\"height: 33px; width: 55%;\">Building bridges from basics to invasive cardiology<\/td>\n<td style=\"height: 33px; width: 30%;\">Dr. Merkely B\u00e9la<\/td>\n<\/tr>\n<tr style=\"border-bottom-color: white; border-bottom-style: solid; border-bottom-width: 2px;\" valign=\"top\">\n<td style=\"height: 63px; width: 15%;\" align=\"center\">2007.\/XVI.<\/td>\n<td style=\"height: 63px; width: 55%;\">Molecular Gastroenterology, Cell Analysis, Array Technology<\/td>\n<td style=\"height: 63px; width: 30%;\">Dr. Tulassay Zsolt, <br \/>\nDr. Moln\u00e1r B\u00e9la<\/td>\n<\/tr>\n<tr style=\"border-bottom-color: white; border-bottom-style: solid; border-bottom-width: 2px;\" valign=\"top\">\n<td style=\"height: 33px; width: 15%;\" align=\"center\">2006.\/XV.<\/td>\n<td style=\"height: 33px; width: 55%;\">A nitrog\u00e9n-oxid \u00e9s nitrozat\u00edv stressz a kardiovaszkul\u00e1ris rendszerben<\/td>\n<td style=\"height: 33px; width: 30%;\">Dr. Szab\u00f3 Csaba<\/td>\n<\/tr>\n<tr style=\"border-bottom-color: white; border-bottom-style: solid; border-bottom-width: 2px;\" valign=\"top\">\n<td style=\"height: 33px; width: 15%;\" align=\"center\">2005.\/XIV.<\/td>\n<td style=\"height: 33px; width: 55%;\">Inflammatory mechanism in atherosclerosis : A critical appraisal<\/td>\n<td style=\"height: 33px; width: 30%;\">\u00a0<\/td>\n<\/tr>\n<tr style=\"border-bottom-color: white; border-bottom-style: solid; border-bottom-width: 2px;\" valign=\"top\">\n<td style=\"height: 33px; width: 15%;\" align=\"center\">2004.\/XIII.<\/td>\n<td style=\"height: 33px; width: 55%;\">Az agyt\u00f3l \u2013 az elm\u00e9n \u00e1t \u2013 a t\u00e1rsadalomig<\/td>\n<td style=\"height: 33px; width: 30%;\">Dr. Rajna P\u00e9ter<\/td>\n<\/tr>\n<tr style=\"border-bottom-color: white; border-bottom-style: solid; border-bottom-width: 2px;\" valign=\"top\">\n<td style=\"height: 63px; width: 15%;\" align=\"center\">2003.\/XII.<\/td>\n<td style=\"height: 63px; width: 55%;\">Orvosi genomika \u00faj eredm\u00e9nyei, perspekt\u00edv\u00e1i<\/td>\n<td style=\"height: 63px; width: 30%;\">Dr. Kopper L\u00e1szl\u00f3,<br \/>\nDr. Falus Andr\u00e1s<\/td>\n<\/tr>\n<tr style=\"border-bottom-color: white; border-bottom-style: solid; border-bottom-width: 2px;\" valign=\"top\">\n<td style=\"height: 33px; width: 15%;\" align=\"center\">2002.\/XI.<\/td>\n<td style=\"height: 33px; width: 55%;\">Recent advances in osteoarthritis research<\/td>\n<td style=\"height: 33px; width: 30%;\">Ortop\u00e9diai Klinika<\/td>\n<\/tr>\n<tr style=\"height: 33px;\" valign=\"top\">\n<td style=\"height: 33px; width: 15%;\" align=\"center\">2001.\/X.<\/td>\n<td style=\"height: 33px; width: 55%;\">Ter\u00edt\u00e9ken a neurodegener\u00e1ci\u00f3<\/td>\n<td style=\"height: 33px; width: 30%;\">Dr. \u00c1d\u00e1m Veronika<\/td>\n<\/tr>\n<\/tbody>\n<\/table>\n<p>&nbsp;<\/p>\n","protected":false},"excerpt":{"rendered":"<p>Az elm\u00falt \u00e9vek Semmelweis Szimp\u00f3ziumainak t\u00e9m\u00e1ja \u00e9s szervez\u0151i: \u00a0 T\u00e9ma Szervez\u0151k 2025.\/XXXIII. <a href=\"https:\/\/semmelweis.hu\/symposium\/en\/archive\/semmelweis-symposium-2025\/\">Innovations in Cardiovascular Medicine<\/a> Dr. Ferdinandy P\u00e9ter Dr. Merkely B\u00e9la 2024.\/XXXII <a href=\"https:\/\/semmelweis.hu\/symposium\/en\/archive\/semmelweis-symposium-2024\/\" target=\"_blank\" rel=\"noopener\">Network Medicine for Future Healthcare<\/a> Dr. Ferdinandy P\u00e9ter 2023.\/XXXI. <a href=\"https:\/\/semmelweis.hu\/symposium\/en\/semmelweis-symposium-2023\/\" target=\"_blank\" rel=\"noopener\">Celebrating Excellence\u00a0<\/a> Dr. Ferdinandy P\u00e9ter Dr. Hegyi P\u00e9ter 2022.\/XXX. 40 \u00e9ves nemzetk\u00f6zi orvosk\u00e9pz\u00e9s a Semmelweis Egyetemen <a href=\"https:\/\/semmelweis.hu\/symposium\/en\/archive\/semmelweis-symposium-2022\/\">tov\u00e1bb a konferencia weblapj\u00e1ra\u2026<\/a> Dr. Ferdinandy P\u00e9ter 2021.\/XXIX. Excellence in Clinical Research and Innovation <a href=\"https:\/\/semmelweis.hu\/symposium\/en\/archive\/semmelweis-symposium-2021\/\">tov\u00e1bb a konferencia weblapj\u00e1ra\u2026<\/a> Dr. Ferdinandy P\u00e9ter 2019.\/XXVIII. Transzl\u00e1ci\u00f3s orvosl\u00e1s a molekul\u00e1kt\u00f3l &hellip;<\/p>\n","protected":false},"author":158,"featured_media":0,"parent":0,"menu_order":10,"comment_status":"closed","ping_status":"closed","template":"","meta":{"_acf_changed":false,"footnotes":""},"categories":[],"tags":[],"class_list":["post-228","page","type-page","status-publish","hentry"],"acf":[],"_links":{"self":[{"href":"https:\/\/semmelweis.hu\/symposium\/wp-json\/wp\/v2\/pages\/228","targetHints":{"allow":["GET"]}}],"collection":[{"href":"https:\/\/semmelweis.hu\/symposium\/wp-json\/wp\/v2\/pages"}],"about":[{"href":"https:\/\/semmelweis.hu\/symposium\/wp-json\/wp\/v2\/types\/page"}],"author":[{"embeddable":true,"href":"https:\/\/semmelweis.hu\/symposium\/wp-json\/wp\/v2\/users\/158"}],"replies":[{"embeddable":true,"href":"https:\/\/semmelweis.hu\/symposium\/wp-json\/wp\/v2\/comments?post=228"}],"version-history":[{"count":10,"href":"https:\/\/semmelweis.hu\/symposium\/wp-json\/wp\/v2\/pages\/228\/revisions"}],"predecessor-version":[{"id":2954,"href":"https:\/\/semmelweis.hu\/symposium\/wp-json\/wp\/v2\/pages\/228\/revisions\/2954"}],"wp:attachment":[{"href":"https:\/\/semmelweis.hu\/symposium\/wp-json\/wp\/v2\/media?parent=228"}],"wp:term":[{"taxonomy":"category","embeddable":true,"href":"https:\/\/semmelweis.hu\/symposium\/wp-json\/wp\/v2\/categories?post=228"},{"taxonomy":"post_tag","embeddable":true,"href":"https:\/\/semmelweis.hu\/symposium\/wp-json\/wp\/v2\/tags?post=228"}],"curies":[{"name":"wp","href":"https:\/\/api.w.org\/{rel}","templated":true}]}}