{"id":1846,"date":"2019-08-01T14:00:50","date_gmt":"2019-08-01T12:00:50","guid":{"rendered":"http:\/\/semmelweis.hu\/symposium\/?page_id=1846"},"modified":"2026-03-16T10:31:22","modified_gmt":"2026-03-16T09:31:22","slug":"archive","status":"publish","type":"page","link":"https:\/\/semmelweis.hu\/symposium\/en\/archive\/","title":{"rendered":"Archive"},"content":{"rendered":"<h2>Recent Semmelweis Symposia:<\/h2>\n<table style=\"width: 100%; height: 749px;\">\n<thead>\n<tr style=\"height: 32px;\">\n<td style=\"height: 32px;\" valign=\"bottom\" nowrap=\"nowrap\" width=\"18%\">\u00a0<\/td>\n<td style=\"height: 32px;\" valign=\"bottom\" nowrap=\"nowrap\" width=\"50%\"><b><span style=\"font-family: Calibri;\">Topic<\/span><\/b><\/td>\n<td style=\"height: 32px;\" valign=\"bottom\" nowrap=\"nowrap\" width=\"32%\"><b><span style=\"font-family: Calibri;\">Organisers<\/span><\/b><\/td>\n<\/tr>\n<\/thead>\n<tbody>\n<tr>\n<td style=\"text-align: left;\">\n<p><strong>2025 (33rd)<\/strong><\/p>\n<\/td>\n<td><a href=\"https:\/\/semmelweis.hu\/symposium\/en\/archive\/semmelweis-symposium-2025\/\">Innovations in Cardiovascular Medicine<\/a><\/td>\n<td>Dr. P\u00e9ter Ferdinandy<br \/>\nDr. B\u00e9la Merkely<\/td>\n<\/tr>\n<tr>\n<td style=\"text-align: left;\">\n<p><strong>2024 (32nd)<\/strong><\/p>\n<\/td>\n<td><a href=\"https:\/\/semmelweis.hu\/symposium\/en\/archive\/semmelweis-symposium-2024\/\" target=\"_blank\" rel=\"noopener\">Network Medicine for Future Healthcare<\/a><\/td>\n<td>Dr. P\u00e9ter Ferdinandy<\/td>\n<\/tr>\n<tr>\n<td style=\"text-align: left;\">\n<p><strong>2023 (31st)<\/strong><\/p>\n<\/td>\n<td><a href=\"https:\/\/semmelweis.hu\/symposium\/en\/archive\/semmelweis-symposium-2023\/\" target=\"_blank\" rel=\"noopener\">Celebrating Excellence\u00a0<\/a><\/td>\n<td>Dr. P\u00e9ter Ferdinandy, <br \/>\nDr. P\u00e9ter Hegyi<\/td>\n<\/tr>\n<tr>\n<td style=\"text-align: left;\">\n<p><strong>2022 (30th)<\/strong><\/p>\n<\/td>\n<td><a href=\"https:\/\/semmelweis.hu\/symposium\/en\/archive\/semmelweis-symposium-2022\/\">40th anniversary of International Medical Education at Semmelweis University<\/a><\/td>\n<td>Dr. P\u00e9ter Ferdinandy<\/td>\n<\/tr>\n<tr style=\"height: 52px;\">\n<td style=\"text-align: left; height: 52px;\">\n<p><strong>2021 (29th)<\/strong><\/p>\n<\/td>\n<td style=\"height: 52px;\"><a href=\"https:\/\/semmelweis.hu\/symposium\/en\/archive\/semmelweis-symposium-2021\/\">Excellence in Clinical Research and Innovation<\/a><\/td>\n<td style=\"height: 52px;\">Dr. P\u00e9ter Ferdinandy<\/td>\n<\/tr>\n<tr>\n<td style=\"text-align: left;\">\n<p><strong>2019 (28th)<\/strong><\/p>\n<\/td>\n<td><a href=\"https:\/\/semmelweis.hu\/symposium\/en\/archive\/semmelweis-symposium-2019\/\">Translational Medicine from Single Molecules to the Cardiovascular System<\/a><\/td>\n<td>Dr. P\u00e9ter Ferdinandy<\/td>\n<\/tr>\n<tr style=\"height: 62px;\">\n<td style=\"text-align: left; height: 62px;\" scope=\"col\">\n<p><strong>2018 (27th)<\/strong><\/p>\n<\/td>\n<td style=\"height: 62px;\"><a href=\"https:\/\/semmelweis.hu\/symposium\/en\/semmelweis-symposium-2018\/\">New approaches in personalized medicine: From prenatal testing to targeted tumor therapy<\/a><\/td>\n<td style=\"height: 62px;\">Dr. P\u00e9ter Lakatos<\/td>\n<\/tr>\n<tr style=\"border-bottom-color: white; border-bottom-style: solid; border-bottom-width: 2px;\" valign=\"top\">\n<td style=\"text-align: left; height: 33px;\" scope=\"col\" align=\"center\">\n<p><strong>2017 (26th)<\/strong><\/p>\n<\/td>\n<td style=\"height: 33px;\"><a href=\"https:\/\/semmelweis.hu\/symposium\/en\/semmelweis-symposium-2017\/\" target=\"_blank\" rel=\"noopener noreferrer\">Challenges in Microbiology<\/a><\/td>\n<td style=\"height: 33px;\">Dr. D\u00f3ra Szab\u00f3<\/td>\n<\/tr>\n<tr style=\"border-bottom-color: white; border-bottom-style: solid; border-bottom-width: 2px;\" valign=\"top\">\n<td style=\"text-align: left; height: 123px;\" scope=\"col\" align=\"center\">\n<p><strong>2016 (25th)<\/strong><\/p>\n<\/td>\n<td style=\"height: 123px;\"><a href=\"https:\/\/semmelweis.hu\/symposium\/en\/semmelweis-symposium-2016\/\" target=\"_blank\" rel=\"noopener noreferrer\">Translational Oncohematology <\/a><\/td>\n<td style=\"height: 123px;\">Dr. Andr\u00e1s Matolcsy\u00a0<br \/>\nDr. Csaba B\u00f6d\u00f6r<br \/>\nDr. Judit\u00a0Demeter<br \/>\nDr. Tam\u00e1s\u00a0Masszi<\/td>\n<\/tr>\n<tr style=\"border-bottom-color: white; border-bottom-style: solid; border-bottom-width: 2px;\" valign=\"top\">\n<td style=\"text-align: left; height: 33px;\" scope=\"col\" align=\"center\">\n<p><strong>2015 (24th)<\/strong><\/p>\n<\/td>\n<td style=\"height: 33px;\"><a href=\"https:\/\/semmelweis.hu\/symposium\/en\/semmelweis-symposium-2015\/\" target=\"_blank\" rel=\"noopener noreferrer\">Molecular Oncology<\/a><\/td>\n<td style=\"height: 33px;\">Dr. J\u00f3zsef T\u00edm\u00e1r<\/td>\n<\/tr>\n<tr style=\"border-bottom-color: white; border-bottom-style: solid; border-bottom-width: 2px;\" valign=\"top\">\n<td style=\"text-align: left; height: 33px;\" scope=\"col\" align=\"center\">\n<p><strong>2014 (23rd)<\/strong><\/p>\n<\/td>\n<td style=\"height: 33px;\"><a href=\"https:\/\/semmelweis.hu\/symposium\/files\/symposium2014\/index.html\" target=\"_blank\" rel=\"noopener noreferrer\">Trends in Pulmonology 2014.<\/a><\/td>\n<td style=\"height: 33px;\">Dr. Gy\u00f6rgy Losonczy<\/td>\n<\/tr>\n<tr style=\"border-bottom-color: white; border-bottom-style: solid; border-bottom-width: 2px;\" valign=\"top\">\n<td style=\"text-align: left; height: 63px;\" scope=\"col\" align=\"center\">\n<p><strong>2013 (22nd)<\/strong><\/p>\n<\/td>\n<td style=\"height: 63px;\"><a href=\"http:\/\/www.semmelweis-symp2013.hu\/\" target=\"_blank\" rel=\"noopener noreferrer\">Molecular mechanisms and therapeutic targets in inflammatory diseases<\/a><\/td>\n<td style=\"height: 63px;\">Dr. Attila M\u00f3csai, Dr. Edit Buz\u00e1s, Dr. Andr\u00e1s Falus, Dr. Gy\u00f6rgy Nagy<\/td>\n<\/tr>\n<tr style=\"border-bottom-color: white; border-bottom-style: solid; border-bottom-width: 2px;\" valign=\"top\">\n<td style=\"text-align: left; height: 93px;\" scope=\"col\" align=\"center\">\n<p><strong>2012 (21st)<\/strong><\/p>\n<\/td>\n<td style=\"height: 93px;\"><a href=\"https:\/\/semmelweis.hu\/symposium\/files\/symposium2012\/index.html\" target=\"_blank\" rel=\"noopener noreferrer\">Principal Questions of Genomic Medicine: Prediction, Prevention and Personalized Treatment<\/a><\/td>\n<td style=\"height: 93px;\">Dr. M\u00e1ria Judit Moln\u00e1r, Dr. Gy\u00f6rgy Bagdy, Dr. D\u00e1niel Bereczki, Dr. Andr\u00e1s Falus, Dr. B\u00e9la Merkely, Dr. P\u00e1l So\u00f3s, Dr. Zolt\u00e1n Tak\u00e1ts<\/td>\n<\/tr>\n<tr style=\"border-bottom-color: white; border-bottom-style: solid; border-bottom-width: 2px;\" valign=\"top\">\n<td style=\"text-align: left; height: 63px;\" scope=\"col\" align=\"center\">\n<p><strong>2011 (20th)<\/strong><\/p>\n<\/td>\n<td style=\"height: 63px;\">Organ Transplantation<\/td>\n<td style=\"height: 63px;\">Dr. Tivadar Tulassay, Dr. R\u00f3bert Langer, Dr. Attila Szab\u00f3<\/td>\n<\/tr>\n<tr style=\"border-bottom-color: white; border-bottom-style: solid; border-bottom-width: 2px;\" valign=\"top\">\n<td style=\"text-align: left; height: 63px;\" scope=\"col\" align=\"center\">\n<p><strong>2010 (19th)<\/strong><\/p>\n<\/td>\n<td style=\"height: 63px;\"><a href=\"https:\/\/semmelweis.hu\/symposium\/files\/symposium2010\/index.html\" target=\"_blank\" rel=\"noopener noreferrer\">Cellular Signaling in Physiology and Pathology \u2013 2010 In honor of the 70th birthday of Professor Andr\u00e1s Sp\u00e4t<\/a><\/td>\n<td style=\"height: 63px;\">Dr. L\u00e1szl\u00f3 Hunyady, Dr. Tam\u00e1s Balla, Dr. Gy\u00f6rgy Hajn\u00f3czky<\/td>\n<\/tr>\n<tr style=\"border-bottom-color: white; border-bottom-style: solid; border-bottom-width: 2px;\" valign=\"top\">\n<td style=\"text-align: left; height: 33px;\" scope=\"col\" align=\"center\">\n<p><strong>2009 (18th)<\/strong><\/p>\n<\/td>\n<td style=\"height: 33px;\"><a href=\"https:\/\/semmelweis.hu\/symposium\/files\/symposium2009\/index.html\" target=\"_blank\" rel=\"noopener noreferrer\">New Trends, Innovations and Technology in Urology<\/a><\/td>\n<td style=\"height: 33px;\">Dr. Imre Romics<\/td>\n<\/tr>\n<tr style=\"border-bottom-color: white; border-bottom-style: solid; border-bottom-width: 2px;\" valign=\"top\">\n<td style=\"text-align: left; height: 33px;\" scope=\"col\" align=\"center\">\n<p><strong>2008 (17th)<\/strong><\/p>\n<\/td>\n<td style=\"height: 33px;\"><a href=\"http:\/\/www.kardiologia.hu\/2010\/symposium\/\" target=\"_blank\" rel=\"noopener noreferrer\">Building bridges from basics to invasive cardiology<\/a><\/td>\n<td style=\"height: 33px;\">Dr. B\u00e9la Merkely<\/td>\n<\/tr>\n<tr style=\"height: 33px;\" valign=\"top\">\n<td style=\"text-align: left; height: 33px;\" scope=\"col\">\n<p><strong>2007 (16th)<\/strong><\/p>\n<\/td>\n<td style=\"height: 33px;\">Molecular Gastroenterology, Cell Analysis, Array Technology<\/td>\n<td style=\"height: 33px;\">Dr. Zsolt Tulassay, Dr. B\u00e9la Moln\u00e1r<\/td>\n<\/tr>\n<\/tbody>\n<\/table>\n","protected":false},"excerpt":{"rendered":"<p>Recent Semmelweis Symposia: \u00a0 Topic Organisers 2025 (33rd) <a href=\"https:\/\/semmelweis.hu\/symposium\/en\/archive\/semmelweis-symposium-2025\/\">Innovations in Cardiovascular Medicine<\/a> Dr. P\u00e9ter Ferdinandy Dr. B\u00e9la Merkely 2024 (32nd) <a href=\"https:\/\/semmelweis.hu\/symposium\/en\/archive\/semmelweis-symposium-2024\/\" target=\"_blank\" rel=\"noopener\">Network Medicine for Future Healthcare<\/a> Dr. P\u00e9ter Ferdinandy 2023 (31st) <a href=\"https:\/\/semmelweis.hu\/symposium\/en\/archive\/semmelweis-symposium-2023\/\" target=\"_blank\" rel=\"noopener\">Celebrating Excellence\u00a0<\/a> Dr. P\u00e9ter Ferdinandy, Dr. P\u00e9ter Hegyi 2022 (30th) <a href=\"https:\/\/semmelweis.hu\/symposium\/en\/archive\/semmelweis-symposium-2022\/\">40th anniversary of International Medical Education at Semmelweis University<\/a> Dr. P\u00e9ter Ferdinandy 2021 (29th) <a href=\"https:\/\/semmelweis.hu\/symposium\/en\/archive\/semmelweis-symposium-2021\/\">Excellence in Clinical Research and Innovation<\/a> Dr. P\u00e9ter Ferdinandy 2019 (28th) <a href=\"https:\/\/semmelweis.hu\/symposium\/en\/archive\/semmelweis-symposium-2019\/\">Translational Medicine from Single Molecules to the Cardiovascular System<\/a> Dr. P\u00e9ter Ferdinandy 2018 (27th) <a href=\"https:\/\/semmelweis.hu\/symposium\/en\/semmelweis-symposium-2018\/\">New approaches in personalized medicine: From prenatal testing to targeted tumor therapy<\/a> Dr. P\u00e9ter Lakatos 2017 (26th) <a href=\"https:\/\/semmelweis.hu\/symposium\/en\/semmelweis-symposium-2017\/\" target=\"_blank\" rel=\"noopener noreferrer\">Challenges in Microbiology<\/a> Dr. D\u00f3ra Szab\u00f3 2016 (25th) <a href=\"https:\/\/semmelweis.hu\/symposium\/en\/semmelweis-symposium-2016\/\" target=\"_blank\" rel=\"noopener noreferrer\">Translational Oncohematology <\/a> Dr. &hellip;<\/p>\n","protected":false},"author":12,"featured_media":0,"parent":0,"menu_order":4,"comment_status":"closed","ping_status":"closed","template":"","meta":{"_acf_changed":false,"footnotes":""},"categories":[],"tags":[],"class_list":["post-1846","page","type-page","status-publish","hentry"],"acf":[],"_links":{"self":[{"href":"https:\/\/semmelweis.hu\/symposium\/wp-json\/wp\/v2\/pages\/1846","targetHints":{"allow":["GET"]}}],"collection":[{"href":"https:\/\/semmelweis.hu\/symposium\/wp-json\/wp\/v2\/pages"}],"about":[{"href":"https:\/\/semmelweis.hu\/symposium\/wp-json\/wp\/v2\/types\/page"}],"author":[{"embeddable":true,"href":"https:\/\/semmelweis.hu\/symposium\/wp-json\/wp\/v2\/users\/12"}],"replies":[{"embeddable":true,"href":"https:\/\/semmelweis.hu\/symposium\/wp-json\/wp\/v2\/comments?post=1846"}],"version-history":[{"count":10,"href":"https:\/\/semmelweis.hu\/symposium\/wp-json\/wp\/v2\/pages\/1846\/revisions"}],"predecessor-version":[{"id":2953,"href":"https:\/\/semmelweis.hu\/symposium\/wp-json\/wp\/v2\/pages\/1846\/revisions\/2953"}],"wp:attachment":[{"href":"https:\/\/semmelweis.hu\/symposium\/wp-json\/wp\/v2\/media?parent=1846"}],"wp:term":[{"taxonomy":"category","embeddable":true,"href":"https:\/\/semmelweis.hu\/symposium\/wp-json\/wp\/v2\/categories?post=1846"},{"taxonomy":"post_tag","embeddable":true,"href":"https:\/\/semmelweis.hu\/symposium\/wp-json\/wp\/v2\/tags?post=1846"}],"curies":[{"name":"wp","href":"https:\/\/api.w.org\/{rel}","templated":true}]}}