{"id":1838,"date":"2019-08-01T13:51:09","date_gmt":"2019-08-01T11:51:09","guid":{"rendered":"http:\/\/semmelweis.hu\/symposium\/?page_id=1838"},"modified":"2021-09-23T14:05:28","modified_gmt":"2021-09-23T12:05:28","slug":"semmelweis-szimpozium-2019","status":"publish","type":"page","link":"https:\/\/semmelweis.hu\/symposium\/szimpozium-archiv\/semmelweis-szimpozium-2019\/","title":{"rendered":"Semmelweis Szimp\u00f3zium 2019"},"content":{"rendered":"<p><strong>Transzl\u00e1ci\u00f3s orvosl\u00e1s a molekul\u00e1kt\u00f3l a kardiovaszkul\u00e1ris rendszerig<\/strong><\/p>\n<p><a href=\"https:\/\/semmelweis.hu\/symposium\/en\/semmelweis-symposium-2019\/program-schedule\/\"><strong>Tov\u00e1bb a r\u00e9szletes angol nyelv\u0171 programhoz \u2192 <\/strong><\/a><\/p>\n<p><strong>Id\u0151pont:<span style=\"font-size: 1rem\"> 2019. november 5-7.<\/span><\/strong><\/p>\n<p><strong>Helysz\u00edn:<\/strong> <a href=\"https:\/\/goo.gl\/maps\/LUd6ZC3chTWKu73v7\" target=\"_blank\" rel=\"noopener noreferrer\">Elm\u00e9leti \u00e9s Orvostudom\u00e1nyi K\u00f6zpont, Semmelweis Egyetem, Budapest<\/a><br \/>\n<strong>F\u0151szervez\u0151:<\/strong> Semmelweis Egyetem &#8211; Tudom\u00e1nyos \u00e9s Innov\u00e1ci\u00f3s Rektorhelyettesi Iroda<br \/>\n<strong>Program Bizotts\u00e1g:<\/strong> Dr. Merkely B\u00e9la, Dr. Ferdinandy P\u00e9ter, Dr. Kellermayer Mikl\u00f3s<\/p>\n<p><strong>Szervez\u0151 Bizotts\u00e1g:<\/strong><\/p>\n<table style=\"height: 361px;width: 89.3673%\" width=\"659\">\n<tbody>\n<tr>\n<td style=\"width: 47.6712%\">Cardioprotection &amp; Cell Death Session<\/td>\n<td style=\"width: 52.1918%\">Ferdinandy P\u00e9ter, Giricz Zolt\u00e1n<\/td>\n<\/tr>\n<tr>\n<td style=\"width: 47.6712%\">Cardiotoxicity &amp; Drug Safety Session<\/td>\n<td style=\"width: 52.1918%\">Ferdinandy P\u00e9ter<\/td>\n<\/tr>\n<tr>\n<td style=\"width: 47.6712%\">Comorbidity Session<\/td>\n<td style=\"width: 52.1918%\">Fekete Andrea, Ifj. S\u00f3tonyi P\u00e9ter<\/td>\n<\/tr>\n<tr>\n<td style=\"width: 47.6712%\">Extracellular Vesicles Session<\/td>\n<td style=\"width: 52.1918%\">Buz\u00e1s Edit, Giricz Zolt\u00e1n<\/td>\n<\/tr>\n<tr>\n<td style=\"width: 47.6712%\">Heart Failure Session<\/td>\n<td style=\"width: 52.1918%\">Radovits Tam\u00e1s<\/td>\n<\/tr>\n<tr>\n<td style=\"width: 47.6712%\">Imaging Session<\/td>\n<td style=\"width: 52.1918%\">Maurovich-Horvat P\u00e1l<\/td>\n<\/tr>\n<tr>\n<td style=\"width: 47.6712%\">Inflammation Session<\/td>\n<td style=\"width: 52.1918%\">Varga Zolt\u00e1n. Ferdinandy P\u00e9ter,\u00a0<\/td>\n<\/tr>\n<tr>\n<td style=\"width: 47.6712%\">Regenerative Medicine Session<\/td>\n<td style=\"width: 52.1918%\">Ifj. S\u00f3tonyi P\u00e9ter, F\u00f6ldes G\u00e1bor<\/td>\n<\/tr>\n<tr>\n<td style=\"width: 47.6712%\">Single Molecules Session<\/td>\n<td style=\"width: 52.1918%\">Kellermayer Mikl\u00f3s<\/td>\n<\/tr>\n<tr>\n<td style=\"width: 47.6712%\">Translational Medicine Session<\/td>\n<td style=\"width: 52.1918%\">Beny\u00f3 Zolt\u00e1n, Koller \u00c1kos<\/td>\n<\/tr>\n<\/tbody>\n<\/table>\n<p>&nbsp;<\/p>\n<p><iframe loading=\"lazy\" title=\"Semmelweis Symposium 2019\" width=\"753\" height=\"424\" src=\"https:\/\/www.youtube.com\/embed\/NSOwP_iOCKc?feature=oembed\" frameborder=\"0\" allow=\"accelerometer; autoplay; clipboard-write; encrypted-media; gyroscope; picture-in-picture\" allowfullscreen><\/iframe><\/p>\n<p><img loading=\"lazy\" decoding=\"async\" class=\"alignnone size-full wp-image-2089\" src=\"https:\/\/semmelweis.hu\/symposium\/files\/2019\/10\/Flyer_Semmelweis_Symposium_20191002-3.png\" alt=\"\" width=\"1300\" height=\"1839\" srcset=\"https:\/\/semmelweis.hu\/symposium\/files\/2019\/10\/Flyer_Semmelweis_Symposium_20191002-3.png 1300w, https:\/\/semmelweis.hu\/symposium\/files\/2019\/10\/Flyer_Semmelweis_Symposium_20191002-3-212x300.png 212w, https:\/\/semmelweis.hu\/symposium\/files\/2019\/10\/Flyer_Semmelweis_Symposium_20191002-3-768x1086.png 768w, https:\/\/semmelweis.hu\/symposium\/files\/2019\/10\/Flyer_Semmelweis_Symposium_20191002-3-724x1024.png 724w, https:\/\/semmelweis.hu\/symposium\/files\/2019\/10\/Flyer_Semmelweis_Symposium_20191002-3-753x1065.png 753w\" sizes=\"auto, (max-width: 1300px) 100vw, 1300px\" \/><\/p>\n<p>&nbsp;<\/p>\n","protected":false},"excerpt":{"rendered":"<p>Transzl\u00e1ci\u00f3s orvosl\u00e1s a molekul\u00e1kt\u00f3l a kardiovaszkul\u00e1ris rendszerig <a href=\"https:\/\/semmelweis.hu\/symposium\/en\/semmelweis-symposium-2019\/program-schedule\/\">Tov\u00e1bb a r\u00e9szletes angol nyelv\u0171 programhoz \u2192 <\/a> Id\u0151pont: 2019. november 5-7. Helysz\u00edn: <a href=\"https:\/\/goo.gl\/maps\/LUd6ZC3chTWKu73v7\" target=\"_blank\" rel=\"noopener noreferrer\">Elm\u00e9leti \u00e9s Orvostudom\u00e1nyi K\u00f6zpont, Semmelweis Egyetem, Budapest<\/a> F\u0151szervez\u0151: Semmelweis Egyetem &#8211; Tudom\u00e1nyos \u00e9s Innov\u00e1ci\u00f3s Rektorhelyettesi Iroda Program Bizotts\u00e1g: Dr. Merkely B\u00e9la, Dr. Ferdinandy P\u00e9ter, Dr. Kellermayer Mikl\u00f3s Szervez\u0151 Bizotts\u00e1g: Cardioprotection &amp; Cell Death Session Ferdinandy P\u00e9ter, Giricz Zolt\u00e1n Cardiotoxicity &amp; Drug Safety Session Ferdinandy P\u00e9ter Comorbidity Session Fekete Andrea, Ifj. &hellip;<\/p>\n","protected":false},"author":12,"featured_media":0,"parent":228,"menu_order":1,"comment_status":"closed","ping_status":"closed","template":"","meta":{"_acf_changed":false,"footnotes":""},"categories":[],"tags":[],"class_list":["post-1838","page","type-page","status-publish","hentry"],"acf":[],"_links":{"self":[{"href":"https:\/\/semmelweis.hu\/symposium\/wp-json\/wp\/v2\/pages\/1838","targetHints":{"allow":["GET"]}}],"collection":[{"href":"https:\/\/semmelweis.hu\/symposium\/wp-json\/wp\/v2\/pages"}],"about":[{"href":"https:\/\/semmelweis.hu\/symposium\/wp-json\/wp\/v2\/types\/page"}],"author":[{"embeddable":true,"href":"https:\/\/semmelweis.hu\/symposium\/wp-json\/wp\/v2\/users\/12"}],"replies":[{"embeddable":true,"href":"https:\/\/semmelweis.hu\/symposium\/wp-json\/wp\/v2\/comments?post=1838"}],"version-history":[{"count":10,"href":"https:\/\/semmelweis.hu\/symposium\/wp-json\/wp\/v2\/pages\/1838\/revisions"}],"predecessor-version":[{"id":2216,"href":"https:\/\/semmelweis.hu\/symposium\/wp-json\/wp\/v2\/pages\/1838\/revisions\/2216"}],"up":[{"embeddable":true,"href":"https:\/\/semmelweis.hu\/symposium\/wp-json\/wp\/v2\/pages\/228"}],"wp:attachment":[{"href":"https:\/\/semmelweis.hu\/symposium\/wp-json\/wp\/v2\/media?parent=1838"}],"wp:term":[{"taxonomy":"category","embeddable":true,"href":"https:\/\/semmelweis.hu\/symposium\/wp-json\/wp\/v2\/categories?post=1838"},{"taxonomy":"post_tag","embeddable":true,"href":"https:\/\/semmelweis.hu\/symposium\/wp-json\/wp\/v2\/tags?post=1838"}],"curies":[{"name":"wp","href":"https:\/\/api.w.org\/{rel}","templated":true}]}}