{"id":1731,"date":"2018-06-03T09:08:41","date_gmt":"2018-06-03T07:08:41","guid":{"rendered":"http:\/\/semmelweis.hu\/symposium\/?page_id=1731"},"modified":"2018-09-20T09:09:50","modified_gmt":"2018-09-20T07:09:50","slug":"sponsors-2018-eng","status":"publish","type":"page","link":"https:\/\/semmelweis.hu\/symposium\/en\/archive\/semmelweis-symposium-2018\/sponsors-2018-eng\/","title":{"rendered":"Sponsors &#8211; 2018 ENG"},"content":{"rendered":"<p>The Semmelweis Symposia 2018 is an official event of Semmelweis University, Budapest.<\/p>\n<p>The Semmelweis University and our sponsors\u2019 support is making it possible for us to organize this Symposia.<\/p>\n<p><strong>A 2018. \u00e9vi Semmelweis Szimp\u00f3zium F\u0151 T\u00e1mogat\u00f3ja a PentaCore Laborat\u00f3rium.<\/strong><\/p>\n<p><a href=\"http:\/\/www.pentacorelab.hu\" target=\"_blank\" rel=\"noopener\">www.pentacorelab.hu<\/a><\/p>\n<p><img loading=\"lazy\" decoding=\"async\" class=\"alignnone  wp-image-1802\" src=\"https:\/\/semmelweis.hu\/symposium\/files\/2018\/09\/PentaCore_logo-300x100.jpg\" alt=\"\" width=\"336\" height=\"112\" srcset=\"https:\/\/semmelweis.hu\/symposium\/files\/2018\/09\/PentaCore_logo-300x100.jpg 300w, https:\/\/semmelweis.hu\/symposium\/files\/2018\/09\/PentaCore_logo-768x256.jpg 768w, https:\/\/semmelweis.hu\/symposium\/files\/2018\/09\/PentaCore_logo-1024x342.jpg 1024w, https:\/\/semmelweis.hu\/symposium\/files\/2018\/09\/PentaCore_logo-580x193.jpg 580w, https:\/\/semmelweis.hu\/symposium\/files\/2018\/09\/PentaCore_logo.jpg 2048w\" sizes=\"auto, (max-width: 336px) 100vw, 336px\" \/><\/p>\n<p>A 2018. \u00e9vi Semmelweis Szimp\u00f3zium nem j\u00f6hetett volna l\u00e9tre <strong>Kiemelt T\u00e1mogat\u00f3ink<\/strong> seg\u00edts\u00e9ge n\u00e9lk\u00fcl. T\u00e1mogat\u00e1sukat k\u00f6sz\u00f6nj\u00fck!<\/p>\n<p><strong>Osseus Alap\u00edtv\u00e1ny<\/strong><\/p>\n<p><img loading=\"lazy\" decoding=\"async\" class=\"alignnone  wp-image-1807\" src=\"https:\/\/semmelweis.hu\/symposium\/files\/2018\/09\/logo_Osseus.jpg\" alt=\"\" width=\"157\" height=\"101\" \/><\/p>\n<p><strong>Bio-Science Kft<\/strong><br \/>\n<a href=\"http:\/\/www.bio-science.hu\" target=\"_blank\" rel=\"noopener\">www.bio-science.hu<\/a><\/p>\n<p><img loading=\"lazy\" decoding=\"async\" class=\"alignnone  wp-image-1809\" src=\"https:\/\/semmelweis.hu\/symposium\/files\/2018\/09\/logo_BioScience-300x200.jpg\" alt=\"\" width=\"233\" height=\"155\" srcset=\"https:\/\/semmelweis.hu\/symposium\/files\/2018\/09\/logo_BioScience-300x200.jpg 300w, https:\/\/semmelweis.hu\/symposium\/files\/2018\/09\/logo_BioScience-768x511.jpg 768w, https:\/\/semmelweis.hu\/symposium\/files\/2018\/09\/logo_BioScience-451x300.jpg 451w, https:\/\/semmelweis.hu\/symposium\/files\/2018\/09\/logo_BioScience.jpg 900w\" sizes=\"auto, (max-width: 233px) 100vw, 233px\" \/><\/p>\n<p><strong>Lipomed<\/strong><br \/>\n<a href=\"http:\/\/www.lipomed.com\">www.lipomed.com<\/a><\/p>\n<p><img loading=\"lazy\" decoding=\"async\" class=\"alignnone  wp-image-1812\" src=\"https:\/\/semmelweis.hu\/symposium\/files\/2018\/09\/logo_Lipomed-300x122.jpg\" alt=\"\" width=\"243\" height=\"99\" srcset=\"https:\/\/semmelweis.hu\/symposium\/files\/2018\/09\/logo_Lipomed-300x122.jpg 300w, https:\/\/semmelweis.hu\/symposium\/files\/2018\/09\/logo_Lipomed-768x312.jpg 768w, https:\/\/semmelweis.hu\/symposium\/files\/2018\/09\/logo_Lipomed-580x235.jpg 580w, https:\/\/semmelweis.hu\/symposium\/files\/2018\/09\/logo_Lipomed.jpg 912w\" sizes=\"auto, (max-width: 243px) 100vw, 243px\" \/><\/p>\n<p><strong>Lilly<\/strong><br \/>\n<a href=\"http:\/\/www.lilly.hu\">www.lilly.hu<\/a><\/p>\n<p><img loading=\"lazy\" decoding=\"async\" class=\"alignnone  wp-image-1811\" src=\"https:\/\/semmelweis.hu\/symposium\/files\/2018\/09\/logo_Lilly-300x183.jpg\" alt=\"\" width=\"197\" height=\"120\" srcset=\"https:\/\/semmelweis.hu\/symposium\/files\/2018\/09\/logo_Lilly-300x183.jpg 300w, https:\/\/semmelweis.hu\/symposium\/files\/2018\/09\/logo_Lilly-492x300.jpg 492w, https:\/\/semmelweis.hu\/symposium\/files\/2018\/09\/logo_Lilly.jpg 664w\" sizes=\"auto, (max-width: 197px) 100vw, 197px\" \/><\/p>\n<p><strong>Sanofi-Genzyme<\/strong><br \/>\n<a href=\"http:\/\/www.sanofigenzyme.com\">www.sanofigenzyme.com<\/a><\/p>\n<p><img loading=\"lazy\" decoding=\"async\" class=\"alignnone size-medium wp-image-1808\" src=\"https:\/\/semmelweis.hu\/symposium\/files\/2018\/09\/logo_SanofiGenzyme-300x58.jpg\" alt=\"\" width=\"300\" height=\"58\" srcset=\"https:\/\/semmelweis.hu\/symposium\/files\/2018\/09\/logo_SanofiGenzyme-300x58.jpg 300w, https:\/\/semmelweis.hu\/symposium\/files\/2018\/09\/logo_SanofiGenzyme-580x111.jpg 580w, https:\/\/semmelweis.hu\/symposium\/files\/2018\/09\/logo_SanofiGenzyme.jpg 709w\" sizes=\"auto, (max-width: 300px) 100vw, 300px\" \/><\/p>\n<p><strong>Celgene<\/strong><br \/>\n<a href=\"http:\/\/www.celgene.com\">www.celgene.com<\/a><\/p>\n<p><img loading=\"lazy\" decoding=\"async\" class=\"alignnone  wp-image-1810\" src=\"https:\/\/semmelweis.hu\/symposium\/files\/2018\/09\/logo_Celgene-300x262.jpg\" alt=\"\" width=\"158\" height=\"138\" srcset=\"https:\/\/semmelweis.hu\/symposium\/files\/2018\/09\/logo_Celgene-300x262.jpg 300w, https:\/\/semmelweis.hu\/symposium\/files\/2018\/09\/logo_Celgene-768x672.jpg 768w, https:\/\/semmelweis.hu\/symposium\/files\/2018\/09\/logo_Celgene-343x300.jpg 343w, https:\/\/semmelweis.hu\/symposium\/files\/2018\/09\/logo_Celgene.jpg 982w\" sizes=\"auto, (max-width: 158px) 100vw, 158px\" \/><\/p>\n<p><strong>NanoString &#8211; Biomedica Hungaria Kft.<\/strong><br \/>\n<a href=\"http:\/\/www.nanostring.com\">www.nanostring.com<\/a><\/p>\n<p><strong>BioCartis &#8211; CPP Hungaria Kft.<\/strong><br \/>\n<a href=\"http:\/\/biocartis.com\">biocartis.com<\/a><\/p>\n<p><strong>Amgen<\/strong><br \/>\n<a href=\"http:\/\/www.amgen.co.hu\">www.amgen.co.hu<\/a><\/p>\n<p><img loading=\"lazy\" decoding=\"async\" class=\"alignnone  wp-image-1821\" src=\"https:\/\/semmelweis.hu\/symposium\/files\/2018\/09\/logo_Amgen-300x72.jpg\" alt=\"\" width=\"267\" height=\"64\" srcset=\"https:\/\/semmelweis.hu\/symposium\/files\/2018\/09\/logo_Amgen-300x72.jpg 300w, https:\/\/semmelweis.hu\/symposium\/files\/2018\/09\/logo_Amgen-768x183.jpg 768w, https:\/\/semmelweis.hu\/symposium\/files\/2018\/09\/logo_Amgen-1024x245.jpg 1024w, https:\/\/semmelweis.hu\/symposium\/files\/2018\/09\/logo_Amgen-580x139.jpg 580w, https:\/\/semmelweis.hu\/symposium\/files\/2018\/09\/logo_Amgen.jpg 1645w\" sizes=\"auto, (max-width: 267px) 100vw, 267px\" \/><\/p>\n<p><strong>Thermo Fisher Scientific <\/strong><br \/>\n<a href=\"http:\/\/www.thermofisher.com\">www.thermofisher.com<\/a><\/p>\n<p><img loading=\"lazy\" decoding=\"async\" class=\"alignnone size-full wp-image-1444\" src=\"https:\/\/semmelweis.hu\/symposium\/files\/2016\/08\/ThermoFisher.png\" alt=\"\" width=\"182\" height=\"39\" srcset=\"https:\/\/semmelweis.hu\/symposium\/files\/2016\/08\/ThermoFisher.png 182w, https:\/\/semmelweis.hu\/symposium\/files\/2016\/08\/ThermoFisher-175x39.png 175w\" sizes=\"auto, (max-width: 182px) 100vw, 182px\" \/><\/p>\n<p><strong>Agilent Seahorse Bioscience &#8211; Kromat Kft.<\/strong><br \/>\n<a href=\"http:\/\/www.agilent.com\">www.agilent.com<\/a><\/p>\n<p>&nbsp;<\/p>\n<p>Companies, interested in getting additional exposure on this page by purchasing a logo\/link, or through sponsorship in general, are requested to contact Ms. Judit Nagy (Meetings &amp; More Rendezve\u0301nyszervezo\u030b e\u0301s Szolga\u0301ltato\u0301 Kft. m: +36 30 210 9670 email: <a href=\"mailto:judit@meetingsandmore.hu\">judit@meetingsandmore.hu<\/a>).<\/p>\n<p>We appreciate\u00a0<a href=\"http:\/\/www.pentacorelab.hu\/\" target=\"_blank\" rel=\"noopener\">PentaCore Laboratories <\/a>\u00a0generosity for supporting this Symposia.<\/p>\n","protected":false},"excerpt":{"rendered":"<p>The Semmelweis Symposia 2018 is an official event of Semmelweis University, Budapest. The Semmelweis University and our sponsors\u2019 support is making it possible for us to organize this Symposia. A 2018. \u00e9vi Semmelweis Szimp\u00f3zium F\u0151 T\u00e1mogat\u00f3ja a PentaCore Laborat\u00f3rium. <a href=\"http:\/\/www.pentacorelab.hu\" target=\"_blank\" rel=\"noopener\">www.pentacorelab.hu<\/a> A 2018. \u00e9vi Semmelweis Szimp\u00f3zium nem j\u00f6hetett volna l\u00e9tre Kiemelt T\u00e1mogat\u00f3ink seg\u00edts\u00e9ge n\u00e9lk\u00fcl. T\u00e1mogat\u00e1sukat k\u00f6sz\u00f6nj\u00fck! Osseus &hellip;<\/p>\n","protected":false},"author":101412,"featured_media":0,"parent":1601,"menu_order":8,"comment_status":"closed","ping_status":"closed","template":"","meta":{"_acf_changed":false,"footnotes":""},"categories":[],"tags":[],"class_list":["post-1731","page","type-page","status-publish","hentry"],"acf":[],"_links":{"self":[{"href":"https:\/\/semmelweis.hu\/symposium\/wp-json\/wp\/v2\/pages\/1731","targetHints":{"allow":["GET"]}}],"collection":[{"href":"https:\/\/semmelweis.hu\/symposium\/wp-json\/wp\/v2\/pages"}],"about":[{"href":"https:\/\/semmelweis.hu\/symposium\/wp-json\/wp\/v2\/types\/page"}],"author":[{"embeddable":true,"href":"https:\/\/semmelweis.hu\/symposium\/wp-json\/wp\/v2\/users\/101412"}],"replies":[{"embeddable":true,"href":"https:\/\/semmelweis.hu\/symposium\/wp-json\/wp\/v2\/comments?post=1731"}],"version-history":[{"count":6,"href":"https:\/\/semmelweis.hu\/symposium\/wp-json\/wp\/v2\/pages\/1731\/revisions"}],"predecessor-version":[{"id":1823,"href":"https:\/\/semmelweis.hu\/symposium\/wp-json\/wp\/v2\/pages\/1731\/revisions\/1823"}],"up":[{"embeddable":true,"href":"https:\/\/semmelweis.hu\/symposium\/wp-json\/wp\/v2\/pages\/1601"}],"wp:attachment":[{"href":"https:\/\/semmelweis.hu\/symposium\/wp-json\/wp\/v2\/media?parent=1731"}],"wp:term":[{"taxonomy":"category","embeddable":true,"href":"https:\/\/semmelweis.hu\/symposium\/wp-json\/wp\/v2\/categories?post=1731"},{"taxonomy":"post_tag","embeddable":true,"href":"https:\/\/semmelweis.hu\/symposium\/wp-json\/wp\/v2\/tags?post=1731"}],"curies":[{"name":"wp","href":"https:\/\/api.w.org\/{rel}","templated":true}]}}