{"id":173,"date":"2015-10-09T14:18:11","date_gmt":"2015-10-09T12:18:11","guid":{"rendered":"http:\/\/semmelweis.hu\/symposium\/?page_id=173"},"modified":"2023-03-07T08:52:35","modified_gmt":"2023-03-07T07:52:35","slug":"elerhetoseg","status":"publish","type":"page","link":"https:\/\/semmelweis.hu\/symposium\/elerhetoseg\/","title":{"rendered":"Kapcsolat"},"content":{"rendered":"<p><span style=\"color: #000080\"><strong>F\u0151szervez\u0151<\/strong>:<\/span><\/p>\n<p><span style=\"color: #000080\">Semmelweis Egyetem<\/span><br \/>\n<span style=\"color: #000080\">Tudom\u00e1nyos \u00e9s Innov\u00e1ci\u00f3s Rektorhelyettesi \u00e9s \u00dczletfejleszt\u00e9si K\u00f6zpont<\/span><br \/>\n<span style=\"color: #000080\"><strong><br \/>\nemail<\/strong>: sci.vicerector@semmelweis.hu<\/span><\/p>\n<p>&nbsp;<\/p>\n","protected":false},"excerpt":{"rendered":"<p>F\u0151szervez\u0151:<br \/>\nSemmelweis Egyetem<br \/>\nTudom\u00e1nyos \u00e9s Innov\u00e1ci\u00f3s Rektorhelyettesi \u00e9s \u00dczletfejleszt\u00e9si K\u00f6zpont<\/p>\n<p>email: sci.vicerector@semmelweis.hu<br \/>\n&nbsp;<\/p>\n","protected":false},"author":12,"featured_media":0,"parent":0,"menu_order":9,"comment_status":"closed","ping_status":"closed","template":"","meta":{"_acf_changed":false,"footnotes":""},"categories":[],"tags":[],"class_list":["post-173","page","type-page","status-publish","hentry"],"acf":[],"_links":{"self":[{"href":"https:\/\/semmelweis.hu\/symposium\/wp-json\/wp\/v2\/pages\/173","targetHints":{"allow":["GET"]}}],"collection":[{"href":"https:\/\/semmelweis.hu\/symposium\/wp-json\/wp\/v2\/pages"}],"about":[{"href":"https:\/\/semmelweis.hu\/symposium\/wp-json\/wp\/v2\/types\/page"}],"author":[{"embeddable":true,"href":"https:\/\/semmelweis.hu\/symposium\/wp-json\/wp\/v2\/users\/12"}],"replies":[{"embeddable":true,"href":"https:\/\/semmelweis.hu\/symposium\/wp-json\/wp\/v2\/comments?post=173"}],"version-history":[{"count":11,"href":"https:\/\/semmelweis.hu\/symposium\/wp-json\/wp\/v2\/pages\/173\/revisions"}],"predecessor-version":[{"id":2528,"href":"https:\/\/semmelweis.hu\/symposium\/wp-json\/wp\/v2\/pages\/173\/revisions\/2528"}],"wp:attachment":[{"href":"https:\/\/semmelweis.hu\/symposium\/wp-json\/wp\/v2\/media?parent=173"}],"wp:term":[{"taxonomy":"category","embeddable":true,"href":"https:\/\/semmelweis.hu\/symposium\/wp-json\/wp\/v2\/categories?post=173"},{"taxonomy":"post_tag","embeddable":true,"href":"https:\/\/semmelweis.hu\/symposium\/wp-json\/wp\/v2\/tags?post=173"}],"curies":[{"name":"wp","href":"https:\/\/api.w.org\/{rel}","templated":true}]}}