{"id":1712,"date":"2018-06-03T07:45:09","date_gmt":"2018-06-03T05:45:09","guid":{"rendered":"http:\/\/semmelweis.hu\/symposium\/?page_id=1712"},"modified":"2018-09-20T07:59:50","modified_gmt":"2018-09-20T05:59:50","slug":"registration-2018-eng","status":"publish","type":"page","link":"https:\/\/semmelweis.hu\/symposium\/en\/archive\/semmelweis-symposium-2018\/registration-2018-eng\/","title":{"rendered":"Registration &#8211; 2018 ENG"},"content":{"rendered":"<p>Participation at the\u00a0 Semmelweis Symposium 2018 is free of charge for all participants, however an online registration is required.<\/p>\n<p>Approved 12 credits for Continuing Medical Education (Hungary) credits for medical doctors.<\/p>\n<p>Please send an email about your\u00a0willingness to participate to\u00a0Edit M\u00e1t\u00e9 (<a href=\"mailto:mate.edit@med.semmelweis-univ.hu\">mate.edit@med.semmelweis-univ.hu<\/a>) and in cc. to Judit Nagy (<a href=\"mailto:judit@meetingsandmore.hu\">judit@meetingsandmore.hu<\/a>).<\/p>\n<p>Subject: &#8222;<strong>Semmelweis Symposia participation request<\/strong>&#8222;<\/p>\n<p>including Your name, workplace and address, <strong>before 31. October 2018<\/strong>.<\/p>\n<p>A 2018-as Semmelweis Szimp\u00f3ziumon a r\u00e9szv\u00e9tel minden \u00e9rdekl\u0151d\u0151 \u00e9s el\u0151zetesen regisztr\u00e1lt r\u00e9sztvev\u0151 sz\u00e1m\u00e1ra ingyenes. Az el\u0151ad\u00e1sok angol nyelven hangzanak el.<\/p>\n<p>A Szimp\u00f3zium OFTEX regisztr\u00e1ci\u00f3ja alapj\u00e1n a orvos koll\u00e9g\u00e1k 12 kreditpontot kapnak a r\u00e9szv\u00e9tel ut\u00e1n.<\/p>\n<p>A Szimp\u00f3zium anyaga az orvosi \u00e9s \u00e9lettudom\u00e1nyi PhD k\u00e9pz\u00e9sben r\u00e9sztvev\u0151 hallgat\u00f3k sz\u00e1m\u00e1ra kimondottan aj\u00e1nlott, lehet\u0151s\u00e9g ny\u00edlik sz\u00e1mukra a n\u00edv\u00f3s k\u00fclf\u00f6ldi \u00e9s hazai el\u0151ad\u00e1sok seg\u00edts\u00e9g\u00e9vel bepillantani a state-of-the-art kutat\u00e1si eredm\u00e9nyek \u00e9s gyakorlati felhaszn\u00e1l\u00e1sok sor\u00e1ba.<\/p>\n<p><strong>Az el\u0151zetes regisztr\u00e1ci\u00f3 fontos \u00e9s elengedhetetlen a szimp\u00f3ziumhoz kapcsol\u00f3d\u00f3 rendezv\u00e9nyek illetve b\u00e1rminem\u0171 ell\u00e1t\u00e1ssal (eb\u00e9d, vacsora, cs\u00fct\u00fcrt\u00f6k esti szoci\u00e1lis program) kapcsolatban,<\/strong> k\u00e9rj\u00fck amennyiben r\u00e9szt k\u00edv\u00e1n venni rendezv\u00e9ny\u00fcnk\u00f6n, r\u00e9szv\u00e9teli sz\u00e1nd\u00e9k\u00e1t k\u00e9rj\u00fck k\u00fcldje meg email-ben a SE. I. Belgy\u00f3gy\u00e1szati Klinik\u00e1ra M\u00e1t\u00e9 Edit (<a href=\"mailto:mate.edit@med.semmelweis-univ.hu\">mate.edit@med.semmelweis-univ.hu<\/a>) \u00e9s m\u00e1solatban a szimp\u00f3zium lebonyol\u00edt\u00f3ja, Nagy Judit (<a href=\"mailto:judit@meetingsandmore.hu\">judit@meetingsandmore.hu<\/a>)r\u00e9sz\u00e9re<\/p>\n<p>&#8222;<strong>Semmelweis Szimp\u00f3zium r\u00e9szv\u00e9teli sz\u00e1nd\u00e9k<\/strong>&#8221;\u00a0 t\u00e1rgy-mez\u0151vel, a k\u00f6vetkez\u0151 adatok megad\u00e1s\u00e1val:<\/p>\n<p><em>A r\u00e9sztvev\u0151 neve:<\/em><\/p>\n<p><em>A r\u00e9sztvev\u0151 munkahelye \u00e9s beoszt\u00e1sa:<\/em><\/p>\n<p><em>Munkahely c\u00edme:<\/em><\/p>\n<p><em>Email \u00e9s telefonos el\u00e9rhet\u0151s\u00e9ge:<\/em><\/p>\n<p><em>Orvosi pecs\u00e9tsz\u00e1ma (amennyiben rendelkezik vele):<\/em><\/p>\n<p><strong>Jelentkez\u00e9si hat\u00e1rid\u0151: 2018. okt\u00f3ber 31.<\/strong><\/p>\n<p>Absztakt bead\u00e1si hat\u00e1rid\u0151: 2018. szeptember 16. (r\u00e9szleteket l\u00e1sd ott)\u00a0<\/p>\n<p>V\u00e1rjuk idei rendezv\u00e9ny\u00fcnk\u00f6n!<\/p>\n<p>Prof. Lakatos P\u00e9ter<\/p>\n<p>&nbsp;<\/p>\n","protected":false},"excerpt":{"rendered":"<p>Participation at the\u00a0 Semmelweis Symposium 2018 is free of charge for all participants, however an online registration is required. Approved 12 credits for Continuing Medical Education (Hungary) credits for medical doctors. Please send an email about your\u00a0willingness to participate to\u00a0Edit M\u00e1t\u00e9 ( <a href=\"mailto:mate.edit@med.semmelweis-univ.hu\">mate.edit@med.semmelweis-univ.hu<\/a> ) and in cc. to Judit Nagy ( <a href=\"mailto:judit@meetingsandmore.hu\">judit@meetingsandmore.hu<\/a> ). Subject: &#8222;Semmelweis Symposia participation &hellip;<\/p>\n","protected":false},"author":101412,"featured_media":0,"parent":1601,"menu_order":2,"comment_status":"closed","ping_status":"closed","template":"","meta":{"_acf_changed":false,"footnotes":""},"categories":[],"tags":[],"class_list":["post-1712","page","type-page","status-publish","hentry"],"acf":[],"_links":{"self":[{"href":"https:\/\/semmelweis.hu\/symposium\/wp-json\/wp\/v2\/pages\/1712","targetHints":{"allow":["GET"]}}],"collection":[{"href":"https:\/\/semmelweis.hu\/symposium\/wp-json\/wp\/v2\/pages"}],"about":[{"href":"https:\/\/semmelweis.hu\/symposium\/wp-json\/wp\/v2\/types\/page"}],"author":[{"embeddable":true,"href":"https:\/\/semmelweis.hu\/symposium\/wp-json\/wp\/v2\/users\/101412"}],"replies":[{"embeddable":true,"href":"https:\/\/semmelweis.hu\/symposium\/wp-json\/wp\/v2\/comments?post=1712"}],"version-history":[{"count":5,"href":"https:\/\/semmelweis.hu\/symposium\/wp-json\/wp\/v2\/pages\/1712\/revisions"}],"predecessor-version":[{"id":1795,"href":"https:\/\/semmelweis.hu\/symposium\/wp-json\/wp\/v2\/pages\/1712\/revisions\/1795"}],"up":[{"embeddable":true,"href":"https:\/\/semmelweis.hu\/symposium\/wp-json\/wp\/v2\/pages\/1601"}],"wp:attachment":[{"href":"https:\/\/semmelweis.hu\/symposium\/wp-json\/wp\/v2\/media?parent=1712"}],"wp:term":[{"taxonomy":"category","embeddable":true,"href":"https:\/\/semmelweis.hu\/symposium\/wp-json\/wp\/v2\/categories?post=1712"},{"taxonomy":"post_tag","embeddable":true,"href":"https:\/\/semmelweis.hu\/symposium\/wp-json\/wp\/v2\/tags?post=1712"}],"curies":[{"name":"wp","href":"https:\/\/api.w.org\/{rel}","templated":true}]}}