{"id":1565,"date":"2017-11-07T13:07:35","date_gmt":"2017-11-07T12:07:35","guid":{"rendered":"http:\/\/semmelweis.hu\/symposium\/?page_id=1565"},"modified":"2018-01-17T13:51:19","modified_gmt":"2018-01-17T12:51:19","slug":"letoltheto-absztraktok","status":"publish","type":"page","link":"https:\/\/semmelweis.hu\/symposium\/szimpozium-archiv\/semmelweis-szimpozium-2017\/letoltheto-absztraktok\/","title":{"rendered":"Let\u00f6lthet\u0151 absztraktok 2017."},"content":{"rendered":"<p><a href=\"http:\/\/akademiai.com\/doi\/abs\/10.1556\/030.64.2017.036\" target=\"_blank\" rel=\"noopener\"><img loading=\"lazy\" decoding=\"async\" class=\"alignleft wp-image-1566\" src=\"https:\/\/semmelweis.hu\/symposium\/files\/2017\/11\/030.64.2017.036.fp_.png_v03-198x300.png\" alt=\"\" width=\"222\" height=\"336\" srcset=\"https:\/\/semmelweis.hu\/symposium\/files\/2017\/11\/030.64.2017.036.fp_.png_v03-198x300.png 198w, https:\/\/semmelweis.hu\/symposium\/files\/2017\/11\/030.64.2017.036.fp_.png_v03.png 650w\" sizes=\"auto, (max-width: 222px) 100vw, 222px\" \/><\/a><\/p>\n<p>&nbsp;<\/p>\n<p style=\"text-align: justify\">A 26. Semmelweis Symposium absztraktjait az <strong>Acta Microbiologia et Immunologica Hungarica<\/strong> foly\u00f3irat Supplementum\u00e1ban k\u00f6zli, amely el\u00e9rhet\u0151 a foly\u00f3irat honlapj\u00e1n:<br \/>\n <a href=\"http:\/\/akademiai.com\/doi\/abs\/10.1556\/030.64.2017.036\" target=\"_blank\" rel=\"noopener\">http:\/\/akademiai.com\/doi\/abs\/10.1556\/030.64.2017.036<\/a><\/p>\n","protected":false},"excerpt":{"rendered":"<p><a href=\"http:\/\/akademiai.com\/doi\/abs\/10.1556\/030.64.2017.036\" target=\"_blank\" rel=\"noopener\"><\/a><br \/>\n&nbsp;<br \/>\nA 26. Semmelweis Symposium absztraktjait az Acta Microbiologia et Immunologica Hungarica foly\u00f3irat Supplementum\u00e1ban k\u00f6zli, amely el\u00e9rhet\u0151 a foly\u00f3irat honlapj\u00e1n:<br \/>\n <a href=\"http:\/\/akademiai.com\/doi\/abs\/10.1556\/030.64.2017.036\" target=\"_blank\" rel=\"noopener\">http:\/\/akademiai.com\/doi\/abs\/10.1556\/030.64.2017.036<\/a><\/p>\n","protected":false},"author":182,"featured_media":0,"parent":1450,"menu_order":4,"comment_status":"closed","ping_status":"closed","template":"","meta":{"_acf_changed":false,"footnotes":""},"categories":[],"tags":[],"class_list":["post-1565","page","type-page","status-publish","hentry"],"acf":[],"_links":{"self":[{"href":"https:\/\/semmelweis.hu\/symposium\/wp-json\/wp\/v2\/pages\/1565","targetHints":{"allow":["GET"]}}],"collection":[{"href":"https:\/\/semmelweis.hu\/symposium\/wp-json\/wp\/v2\/pages"}],"about":[{"href":"https:\/\/semmelweis.hu\/symposium\/wp-json\/wp\/v2\/types\/page"}],"author":[{"embeddable":true,"href":"https:\/\/semmelweis.hu\/symposium\/wp-json\/wp\/v2\/users\/182"}],"replies":[{"embeddable":true,"href":"https:\/\/semmelweis.hu\/symposium\/wp-json\/wp\/v2\/comments?post=1565"}],"version-history":[{"count":4,"href":"https:\/\/semmelweis.hu\/symposium\/wp-json\/wp\/v2\/pages\/1565\/revisions"}],"predecessor-version":[{"id":1611,"href":"https:\/\/semmelweis.hu\/symposium\/wp-json\/wp\/v2\/pages\/1565\/revisions\/1611"}],"up":[{"embeddable":true,"href":"https:\/\/semmelweis.hu\/symposium\/wp-json\/wp\/v2\/pages\/1450"}],"wp:attachment":[{"href":"https:\/\/semmelweis.hu\/symposium\/wp-json\/wp\/v2\/media?parent=1565"}],"wp:term":[{"taxonomy":"category","embeddable":true,"href":"https:\/\/semmelweis.hu\/symposium\/wp-json\/wp\/v2\/categories?post=1565"},{"taxonomy":"post_tag","embeddable":true,"href":"https:\/\/semmelweis.hu\/symposium\/wp-json\/wp\/v2\/tags?post=1565"}],"curies":[{"name":"wp","href":"https:\/\/api.w.org\/{rel}","templated":true}]}}