{"id":1512,"date":"2017-05-24T14:49:57","date_gmt":"2017-05-24T12:49:57","guid":{"rendered":"http:\/\/semmelweis.hu\/symposium\/?page_id=1512"},"modified":"2018-01-17T13:50:02","modified_gmt":"2018-01-17T12:50:02","slug":"scientific-program-2017","status":"publish","type":"page","link":"https:\/\/semmelweis.hu\/symposium\/en\/archive\/semmelweis-symposium-2017\/scientific-program-2017\/","title":{"rendered":"Scientific Program 2017."},"content":{"rendered":"<p style=\"text-align: center\"><strong>Scientific Program<br \/>\n <\/strong>(<a href=\"https:\/\/semmelweis.hu\/symposium\/files\/2017\/11\/SeSy2017_sciprog_01.pdf\" target=\"_blank\" rel=\"noopener\">download here in .PDF<\/a>)<strong><br \/>\n <\/strong><\/p>\n<p style=\"text-align: center\"><span style=\"color: #1f4287\"><strong>9th November 2017.<\/strong><\/span><\/p>\n<p style=\"padding-left: 30px\"><span style=\"color: #000000\"><strong>09.00 Opening Ceremony<\/strong><br \/>\n <strong>\u00c1goston Sz\u00e9l<\/strong><br \/>\n rector, Semmelweis University<\/span><\/p>\n<p><span style=\"color: #1f4287\"><strong>09.15-13.00 Section I.<br \/>\n Emerging viral infections<\/strong><\/span><\/p>\n<p style=\"padding-left: 30px\"><strong>D\u00f3ra Szab\u00f3<\/strong><br \/>\n <em>Institute of Medical Microbiology, Semmelweis University, Hungary<\/em><br \/>\n <span style=\"color: #1f4287\">History of the Medical Microbiology Institute<br \/>\n <span style=\"color: #000000\"><strong>J\u00f3zsef Ongr\u00e1di<\/strong><\/span><br \/>\n <em>Institute of Medical Microbiology, Semmelweis University, Hungary<\/em><br \/>\n Studies on adenoviruses at the Institute of Microbiology<br \/>\n <span style=\"color: #000000\"><strong>Orsolya Dobay<\/strong><\/span><br \/>\n <em>Institute of Medical Microbiology, Semmelweis University, Hungary<\/em><br \/>\n The Adenovirus Research Group of the Hungarian Academy of Sciences, 1995-1998<br \/>\n <strong><span style=\"color: #000000\">Dario Di Luca<\/span><\/strong><br \/>\n <em><span style=\"color: #000000\">University of Ferrara, Italy<\/span><\/em><br \/>\n HHV-6 and inhibitory KIR2DL2 NK cell receptor<br \/>\n <span style=\"color: #000000\"><strong>J\u00f3zsef Ongr\u00e1di<\/strong><br \/>\n <em>Institute of Medical Microbiology, Semmelweis University, Hungary<\/em><br \/>\n <span style=\"color: #1f4287\">In vitro studies on the immunomodulatory aspects of HHV-6 and HHV-7 \u2013 associated encephalitis<\/span><\/span><\/span><\/p>\n<p><span style=\"color: #1f4287\"><span style=\"color: #000000\">11.00-11.20 Coffee Break<br \/>\n <\/span><\/span><\/p>\n<p style=\"padding-left: 30px\"><span style=\"color: #1f4287\"><span style=\"color: #000000\"><strong>Davide Abate<\/strong><br \/>\n <em>Unverstiy of Padova, Italy<\/em><br \/>\n <span style=\"color: #1f4287\">New challenges in CMV infections<\/span><br \/>\n <strong>Erwin Tschachler<\/strong><br \/>\n <em>Vienna, Austria<\/em><br \/>\n <span style=\"color: #1f4287\">The 35 years of HIV\/AIDS \u2013What next?<\/span><br \/>\n <strong>K\u00e1roly Nagy<\/strong><br \/>\n <em>Institute of Medical Microbiology, Semmelweis University, Hungary<\/em><br \/>\n <span style=\"color: #1f4287\">Contribution of advanced molecular biology to the HIV surveillance in Hungary<\/span><\/span><br \/>\n <\/span><\/p>\n<p>13.00-14.00 Lunch<\/p>\n<p><span style=\"color: #1f4287\"><strong>14.00-17.00 Section I.<br \/>\n Emerging viral infections pt. 2<\/strong><\/span><\/p>\n<p style=\"padding-left: 30px\"><strong>Anna-Bella Failloux<\/strong><br \/>\n <em>Institut Pasteur, Paris, France<\/em><br \/>\n <span style=\"color: #1f4287\">Vector-borne diseases threatening europe: dengue, chikungunya, zika<\/span><br \/>\n <strong>Zolt\u00e1n Kis<\/strong><br \/>\n <em>National Center for Epidemiology, Hungary<\/em><br \/>\n <span style=\"color: #1f4287\">The Ebola outbreak \u2013 is it over?<\/span><br \/>\n <strong>Orsolya Nagy<\/strong><br \/>\n <em>National Center for Epidemiology, Hungary<\/em><br \/>\n <span style=\"color: #1f4287\">Laboratory diagnosis of Zika virus<\/span><\/p>\n<p>11.00-11.20 Coffee Break<\/p>\n<p style=\"padding-left: 30px\"><strong>M\u00e1ria Tak\u00e1cs<\/strong><br \/>\n <em>National Center for Epidmeiology, Hungary<\/em><br \/>\n <span style=\"color: #1f4287\">Hepatitis B and C genotypes in Hungary<\/span><br \/>\n <strong>L\u00e1szl\u00f3 R\u00f3kusz<\/strong><br \/>\n <em>National Healthcare Services Center, Hungary<\/em><br \/>\n <span style=\"color: #1f4287\">The experience with the treatment of hepatitis C infection<\/span><br \/>\n <strong>Csaba Jeney<\/strong><br \/>\n <em>Institute of Medical Microbiology, Semmelweis University, Hungary<\/em><br \/>\n <span style=\"color: #1f4287\">The evolution of molecular diagnostic in HPV<\/span><\/p>\n<p><span style=\"color: #000000\">18.00 Offical Dinner<\/span><\/p>\n<p style=\"text-align: center\"><span style=\"color: #1f4287\"><strong>10th November 2017.<\/strong><\/span><\/p>\n<p><span style=\"color: #1f4287\"><strong>8.00-10.40 Section II.<br \/>\n The challenges of the multidrug resistant bacteria and new therapeutic approaches<\/strong><\/span><\/p>\n<p style=\"padding-left: 30px\"><strong>Christian Giske<\/strong><br \/>\n <em>Karolinska Institute, Stockholm, Sweden<\/em><br \/>\n <span style=\"color: #1f4287\">Global trends in the antimicrobial resistance<\/span><br \/>\n <strong>B\u00e9la Kocsis<\/strong><br \/>\n <em>Institute of Medical Microbiology, Semmelweis University, Hungary<\/em><br \/>\n <span style=\"color: #1f4287\">Multidrug resistant Gram-negative bacteria in Hungary<\/span><br \/>\n <strong>\u00c1kos T\u00f3th<\/strong><br \/>\n <em>National Center for Epidemiology, Hungary<\/em><br \/>\n <span style=\"color: #1f4287\">Multi-drug resistant Gram-positive bacteria in Hungary<\/span><br \/>\n <strong>Mark van der Linden<\/strong><br \/>\n <em>Germany<\/em><br \/>\n <span style=\"color: #1f4287\">Global trends in the seroprevalence in Streptococus pneumoniae<\/span><\/p>\n<p>09.40-09.50 Coffee break<\/p>\n<p style=\"padding-left: 30px\"><strong>Orsolya Dobay<\/strong><br \/>\n <em>Institute of Medical Microbiology, Semmelweis University, Hungary<\/em><br \/>\n <span style=\"color: #1f4287\">Pneumococci carried by healthy children in Hungary, 2009-2015<\/span><br \/>\n <strong>Endre Ludwig<\/strong><br \/>\n <em>Joined Saint Stephan and Saint Ladislaus Hospital-Clinic, Budapest, Hungary<\/em><br \/>\n <span style=\"color: #1f4287\">Antibiotic therapy in the age of multiresistant bugs \u2013 a clinician\u2019s approach<\/span><br \/>\n <strong>Mikl\u00f3s F\u00fczi<\/strong><br \/>\n <em>Institute of Medical Microbiology, Semmelweis University, Hungary<\/em><br \/>\n <span style=\"color: #1f4287\">Dissimilar fitness associated with resistance to fluoroquinolones influences clonal dynamics of various multiresistant bacteria<\/span><\/p>\n<p><span style=\"color: #000000\">10.40-11.00 Coffee break<br \/>\n <\/span><\/p>\n<p><span style=\"color: #1f4287\"><strong>11.00-13.00 Section II.<br \/>\n The challenges of the multidrug resistant bacteria and new therapeutic approaches pt. 2<br \/>\n <\/strong><\/span><\/p>\n<p style=\"padding-left: 30px\"><strong>Carl Kraus<\/strong><br \/>\n <em>Raleigh-Durham, USA<\/em><br \/>\n <span style=\"color: #1f4287\">FDA Pathways to Antibiotic Approval<\/span><br \/>\n <strong>Ralf Hoffmann<\/strong><br \/>\n <em>Leipzig, Germany<\/em><br \/>\n <span style=\"color: #1f4287\">Mechanistic studies on short proline-rich antimicrobial peptides<\/span><br \/>\n <strong>L\u00e1szl\u00f3 \u00d6tv\u00f6s<\/strong><br \/>\n <em>Temple University, Philadelphia, USA<\/em><br \/>\n <span style=\"color: #1f4287\">Are the peptid antibiotics the future?<\/span><br \/>\n <strong>Eszter Ostorh\u00e1zi<\/strong><br \/>\n <em>Institute of Medical Microbiology, Semmelweis University, Hungary<\/em><br \/>\n <span style=\"color: #1f4287\">Experiences with the A3-APO<\/span><\/p>\n<p><span style=\"color: #000000\">13.00-14.00 Lunch<\/span><\/p>\n<p><span style=\"color: #1f4287\"><strong>14.00-17.00 Section III.<br \/>\n The importance of the human microbiome<\/strong><\/span><\/p>\n<p style=\"padding-left: 30px\"><strong>Sean Kennedy<\/strong><br \/>\n <em>Institut Pasteur, Paris, France<\/em><br \/>\n <span style=\"color: #1f4287\">The bioinformatical analysis of the microbiome<\/span><br \/>\n <strong>D\u00f3ra Szab\u00f3<\/strong><br \/>\n <em>Institute of Medical Microbiology, Semmelweis University, Hungary<\/em><br \/>\n <span style=\"color: #1f4287\">The effect of the antibiotics on the microbiome<\/span><br \/>\n <strong>Zsolt Rad\u00e1k<\/strong><br \/>\n <em>University of Physical Education, Hungary<\/em><br \/>\n <span style=\"color: #1f4287\">The sport and the microbiome<\/span><\/p>\n<p>15.30-15.40 Coffee break<\/p>\n<p style=\"padding-left: 30px\"><strong>Krisztina Mad\u00e1ch<\/strong><br \/>\n <em>Semmelweis University, Hungary<\/em><br \/>\n <span style=\"color: #1f4287\">The role of the microbiome in the intensive care<\/span><br \/>\n <strong>G\u00e1bor Veres<\/strong><br \/>\n <em>Semmelweis University, Hungary<\/em><br \/>\n <span style=\"color: #1f4287\">The Characteristics of microbiome in pediatric- and adult patients Chron\u2019s disease<\/span><br \/>\n <strong>S\u00e1ndor Pongor, J\u00e1nos Juh\u00e1sz, Bal\u00e1zs Ligeti, Attila J\u00e1dy<\/strong><br \/>\n <em>P\u00e9ter P\u00e1zm\u00e1ny Catholic University, Hungary<\/em><br \/>\n <span style=\"color: #1f4287\">Molecular signaling mechanisms underlying the stability of microbial communities<br \/>\n <span style=\"color: #000000\"><strong>D\u00f3ra Szab\u00f3<\/strong><\/span><br \/>\n <em>Institute of Medical Microbiology, Semmelweis University, Hungary<\/em><br \/>\n Closing remarks<\/p>\n<p> <\/span><\/p>\n<p><strong>Test<\/strong><\/p>\n<p><strong>Section IV.<br \/>\n Poster Section<\/strong><\/p>\n<p style=\"padding-left: 30px\"><strong>P. 1. Balint Gergely Szabo <sup>1,2,3,<\/sup> Tamas Tirczka <sup>4,<\/sup> Eszter Ostorhazi <sup>5<\/sup> <br \/>\n <\/strong><em>1 Joined Saint Stephan and Saint Ladislaus Hospital\u2013Clinic, Department of Infectology (Budapest, Hungary)<br \/>\n 2 Semmelweis University, Faculty of Medicine, Infectious Disease Specialist Training (Budapest, Hungary) <br \/>\n 3 Semmelweis University, Doctoral School of Clinical Medicine (Budapest, Hungary) <br \/>\n 4 National Center for Epidemiology (Budapest, Hungary) <br \/>\n 5 Semmelweis University, Institute of Medical Microbiology (Budapest, Hungary)<br \/>\n <\/em><span style=\"color: #1f4287\">Clinical and microbiological characteristics of adult invasive Haemophilus influenzae infections: results of a 12-year single center experience<\/span><\/p>\n<p style=\"padding-left: 30px\"><strong>P.2. Balint Gergely Szabo <sup>1,2,3,<\/sup> Rebeka Kiss <sup>4<\/sup>, Katalin Szidonia Lenart <sup>1,2,<\/sup> Botond Lakatos <sup>1,<\/sup> Eszter Ostorhazi <\/strong><strong><sup>5,<\/sup><\/strong><strong> Janos Szlavik <sup>1<\/sup> <br \/>\n <\/strong><em>1 Joined Saint Stephan and Saint Ladislaus Hospital\u2013Clinic, Department of Infectology (Budapest, Hungary) <br \/>\n 2 Semmelweis University, Faculty of Medicine, Infectious Disease Specialist Training (Budapest, Hungary) <br \/>\n 3 Semmelweis University, Doctoral School of Clinical Medicine (Budapest, Hungary) <br \/>\n 4 Semmelweis University, Faculty of Medicine, Students&#8217; Scientific Association (Budapest, Hungary)<br \/>\n <\/em><span style=\"color: #1f4287\">Clinical and microbiological characteristics and outcomes of community acquired sepsis: results of a single center, 1-year retrospective observational cohort study<\/span><\/p>\n<p style=\"padding-left: 30px\"><strong>P.3.Katalin Szidonia Lenart <sup>1,2,<\/sup> Balint Gergely Szabo <sup>1,2,3,<\/sup> Bela Kadar <sup>1,2,4,<\/sup> Radka Nikolova <sup>5,<\/sup> Gyula Prinz <sup>1,<\/sup> Janos Szlavik <sup>1<br \/>\n <\/sup><\/strong><em>1 Joined Saint Stephan and Saint Ladislaus Hospital\u2013Clinic, Department of Infectology (Budapest, Hungary) <br \/>\n <\/em><em>2 Semmelweis University, Faculty of Medicine, Infectious Disease Specialist Training (Budapest, Hungary)<br \/>\n <\/em><em>3 Semmelweis University, Doctoral School of Clinical Medicine (Budapest, Hungary)<br \/>\n <\/em><em>4 Semmelweis University, Institute of Medical Microbiology (Budapest, Hungary)<br \/>\n <\/em><em>5Joined Saint Stephan and Saint Ladislaus Hospital\u2013Clinic, Core Microbiology Laboratory (Budapest, Hungary)<br \/>\n <\/em><span style=\"color: #1f4287\">Species\/serotype distribution and antibiotic susceptibility of <em>Salmonella <\/em>and <em>Campylobacter <\/em>sp. isolated from human disease: results of a 1-year observational, microbiological study from Hungary<\/span><\/p>\n<p style=\"padding-left: 30px\">\u00a0<\/p>\n","protected":false},"excerpt":{"rendered":"<p>Scientific Program ( <a href=\"https:\/\/semmelweis.hu\/symposium\/files\/2017\/11\/SeSy2017_sciprog_01.pdf\" target=\"_blank\" rel=\"noopener\">download here in .PDF<\/a> ) 9th November 2017. 09.00 Opening Ceremony \u00c1goston Sz\u00e9l rector, Semmelweis University 09.15-13.00 Section I. Emerging viral infections D\u00f3ra Szab\u00f3 Institute of Medical Microbiology, Semmelweis University, Hungary History of the Medical Microbiology Institute J\u00f3zsef Ongr\u00e1di Institute of Medical Microbiology, Semmelweis University, Hungary Studies on adenoviruses at the Institute of Microbiology Orsolya Dobay &hellip;<\/p>\n","protected":false},"author":182,"featured_media":0,"parent":1452,"menu_order":1,"comment_status":"closed","ping_status":"closed","template":"","meta":{"_acf_changed":false,"footnotes":""},"categories":[],"tags":[],"class_list":["post-1512","page","type-page","status-publish","hentry"],"acf":[],"_links":{"self":[{"href":"https:\/\/semmelweis.hu\/symposium\/wp-json\/wp\/v2\/pages\/1512","targetHints":{"allow":["GET"]}}],"collection":[{"href":"https:\/\/semmelweis.hu\/symposium\/wp-json\/wp\/v2\/pages"}],"about":[{"href":"https:\/\/semmelweis.hu\/symposium\/wp-json\/wp\/v2\/types\/page"}],"author":[{"embeddable":true,"href":"https:\/\/semmelweis.hu\/symposium\/wp-json\/wp\/v2\/users\/182"}],"replies":[{"embeddable":true,"href":"https:\/\/semmelweis.hu\/symposium\/wp-json\/wp\/v2\/comments?post=1512"}],"version-history":[{"count":12,"href":"https:\/\/semmelweis.hu\/symposium\/wp-json\/wp\/v2\/pages\/1512\/revisions"}],"predecessor-version":[{"id":1663,"href":"https:\/\/semmelweis.hu\/symposium\/wp-json\/wp\/v2\/pages\/1512\/revisions\/1663"}],"up":[{"embeddable":true,"href":"https:\/\/semmelweis.hu\/symposium\/wp-json\/wp\/v2\/pages\/1452"}],"wp:attachment":[{"href":"https:\/\/semmelweis.hu\/symposium\/wp-json\/wp\/v2\/media?parent=1512"}],"wp:term":[{"taxonomy":"category","embeddable":true,"href":"https:\/\/semmelweis.hu\/symposium\/wp-json\/wp\/v2\/categories?post=1512"},{"taxonomy":"post_tag","embeddable":true,"href":"https:\/\/semmelweis.hu\/symposium\/wp-json\/wp\/v2\/tags?post=1512"}],"curies":[{"name":"wp","href":"https:\/\/api.w.org\/{rel}","templated":true}]}}