{"id":1487,"date":"2017-04-18T12:56:52","date_gmt":"2017-04-18T10:56:52","guid":{"rendered":"http:\/\/semmelweis.hu\/symposium\/?page_id=1487"},"modified":"2018-01-17T13:50:47","modified_gmt":"2018-01-17T12:50:47","slug":"regisztracio","status":"publish","type":"page","link":"https:\/\/semmelweis.hu\/symposium\/szimpozium-archiv\/semmelweis-szimpozium-2017\/regisztracio\/","title":{"rendered":"Regisztr\u00e1ci\u00f3 2017."},"content":{"rendered":"<p>A rendezv\u00e9nyre 2017. okt\u00f3ber 31-ig fogadtuk a jelentkez\u00e9seket.<\/p>\n<p>Amennyiben orvosk\u00e9nt, gy\u00f3gyszer\u00e9szk\u00e9nt ig\u00e9nyli a tov\u00e1bbk\u00e9pz\u00e9si pontokat, \u00fagy regisztr\u00e1ljon az <a href=\"http:\/\/www.oftex.hu\/project_o\/system\/launch.php?pg=.\/oftex\/TANF_Adatlap.php?msgid=65587&amp;tableid=0&amp;retcode=tanflist\">OFTEX <\/a>illetve a <a href=\"http:\/\/www.gyoftex.hu\/project_o\/system\/launch.php?pg=.\/oftex\/TANF_Adatlap.php?msgid=65632&amp;tableid=0&amp;retcode=tanflist\">GYOFTEX <\/a>port\u00e1lon!<\/p>\n","protected":false},"excerpt":{"rendered":"<p>A rendezv\u00e9nyre 2017. okt\u00f3ber 31-ig fogadtuk a jelentkez\u00e9seket.<br \/>\nAmennyiben orvosk\u00e9nt, gy\u00f3gyszer\u00e9szk\u00e9nt ig\u00e9nyli a tov\u00e1bbk\u00e9pz\u00e9si pontokat, \u00fagy regisztr\u00e1ljon az <a href=\"http:\/\/www.oftex.hu\/project_o\/system\/launch.php?pg=.\/oftex\/TANF_Adatlap.php?msgid=65587&amp;tableid=0&amp;retcode=tanflist\">OFTEX <\/a>illetve a <a href=\"http:\/\/www.gyoftex.hu\/project_o\/system\/launch.php?pg=.\/oftex\/TANF_Adatlap.php?msgid=65632&amp;tableid=0&amp;retcode=tanflist\">GYOFTEX <\/a>port\u00e1lon!<\/p>\n","protected":false},"author":182,"featured_media":0,"parent":1450,"menu_order":0,"comment_status":"closed","ping_status":"closed","template":"","meta":{"_acf_changed":false,"footnotes":""},"categories":[],"tags":[],"class_list":["post-1487","page","type-page","status-publish","hentry"],"acf":[],"_links":{"self":[{"href":"https:\/\/semmelweis.hu\/symposium\/wp-json\/wp\/v2\/pages\/1487","targetHints":{"allow":["GET"]}}],"collection":[{"href":"https:\/\/semmelweis.hu\/symposium\/wp-json\/wp\/v2\/pages"}],"about":[{"href":"https:\/\/semmelweis.hu\/symposium\/wp-json\/wp\/v2\/types\/page"}],"author":[{"embeddable":true,"href":"https:\/\/semmelweis.hu\/symposium\/wp-json\/wp\/v2\/users\/182"}],"replies":[{"embeddable":true,"href":"https:\/\/semmelweis.hu\/symposium\/wp-json\/wp\/v2\/comments?post=1487"}],"version-history":[{"count":8,"href":"https:\/\/semmelweis.hu\/symposium\/wp-json\/wp\/v2\/pages\/1487\/revisions"}],"predecessor-version":[{"id":1610,"href":"https:\/\/semmelweis.hu\/symposium\/wp-json\/wp\/v2\/pages\/1487\/revisions\/1610"}],"up":[{"embeddable":true,"href":"https:\/\/semmelweis.hu\/symposium\/wp-json\/wp\/v2\/pages\/1450"}],"wp:attachment":[{"href":"https:\/\/semmelweis.hu\/symposium\/wp-json\/wp\/v2\/media?parent=1487"}],"wp:term":[{"taxonomy":"category","embeddable":true,"href":"https:\/\/semmelweis.hu\/symposium\/wp-json\/wp\/v2\/categories?post=1487"},{"taxonomy":"post_tag","embeddable":true,"href":"https:\/\/semmelweis.hu\/symposium\/wp-json\/wp\/v2\/tags?post=1487"}],"curies":[{"name":"wp","href":"https:\/\/api.w.org\/{rel}","templated":true}]}}